{"id":3088,"date":"2024-04-05T12:28:15","date_gmt":"2024-04-05T12:28:15","guid":{"rendered":"https:\/\/sentury-tyres.com\/bandenlabel\/"},"modified":"2026-03-26T15:57:13","modified_gmt":"2026-03-26T15:57:13","slug":"dackmarkning","status":"publish","type":"page","link":"https:\/\/sentury-tyres.com\/sv\/dackmarkning\/","title":{"rendered":"D\u00e4ckm\u00e4rkning"},"content":{"rendered":"<p>[et_pb_section fb_built=&#8221;1&#8243; _builder_version=&#8221;4.24.3&#8243; _module_preset=&#8221;default&#8221; global_colors_info=&#8221;{}&#8221;][et_pb_row _builder_version=&#8221;4.24.3&#8243; _module_preset=&#8221;default&#8221; global_colors_info=&#8221;{}&#8221;][et_pb_column type=&#8221;4_4&#8243; _builder_version=&#8221;4.24.3&#8243; _module_preset=&#8221;default&#8221; global_colors_info=&#8221;{}&#8221;][et_pb_text _builder_version=&#8221;4.27.4&#8243; _module_preset=&#8221;default&#8221; global_colors_info=&#8221;{}&#8221;]<\/p>\n<h2>Vad \u00e4r en d\u00e4cketikett?<\/h2>\n<p>Fr\u00e5n och med den 01-05-2021 har den europeiska d\u00e4cketiketten \u00e4ndrats. Den nya europeiska d\u00e4ckm\u00e4rkningen g\u00e4ller f\u00f6r d\u00e4ck till personbilar (C1), d\u00e4ck till l\u00e4tta nyttofordon (C2) och d\u00e4ck till tunga nyttofordon (C3).<\/p>\n<p>[\/et_pb_text][\/et_pb_column][\/et_pb_row][et_pb_row column_structure=&#8221;1_4,3_4&#8243; _builder_version=&#8221;4.24.3&#8243; _module_preset=&#8221;default&#8221; global_colors_info=&#8221;{}&#8221;][et_pb_column type=&#8221;1_4&#8243; _builder_version=&#8221;4.24.3&#8243; _module_preset=&#8221;default&#8221; global_colors_info=&#8221;{}&#8221;][et_pb_image src=&#8221;https:\/\/sentury-tyres.com\/wp-content\/uploads\/2024\/08\/Label_Qirin990.png&#8221; alt=&#8221;Sentury Tyres staan bekend om hun goede labelwaardes&#8221; title_text=&#8221;Sentury Tyres staan bekend om hun goede labelwaardes&#8221; _builder_version=&#8221;4.27.0&#8243; _module_preset=&#8221;default&#8221; global_colors_info=&#8221;{}&#8221;][\/et_pb_image][\/et_pb_column][et_pb_column type=&#8221;3_4&#8243; _builder_version=&#8221;4.24.3&#8243; _module_preset=&#8221;default&#8221; global_colors_info=&#8221;{}&#8221;][et_pb_text _builder_version=&#8221;4.27.4&#8243; _module_preset=&#8221;default&#8221; global_colors_info=&#8221;{}&#8221;]<\/p>\n<p>Den nya obligatoriska europeiska d\u00e4ckm\u00e4rkningen m\u00e5ste finnas p\u00e5 d\u00e4cket eller p\u00e5 f\u00f6rs\u00e4ljningsst\u00e4llen f\u00f6r alla C1-, C2- och C3-d\u00e4ck som tillverkas fr\u00e5n och med den 1 maj 2021. Etiketten (etiketten) visar i vilken utstr\u00e4ckning d\u00e4cket \u00e4r ekonomiskt, milj\u00f6v\u00e4nligt och s\u00e4kert. Den visar ocks\u00e5 prestandan hos d\u00e4ck som \u00e4r s\u00e4rskilt utformade f\u00f6r anv\u00e4ndning i sv\u00e5ra sn\u00f6- och isf\u00f6rh\u00e5llanden. D\u00e4ckm\u00e4rkningen g\u00f6r det m\u00f6jligt att j\u00e4mf\u00f6ra olika d\u00e4ck i syfte att uppmuntra till anv\u00e4ndning av s\u00e4krare, mer br\u00e4nsleeffektiva och tystare d\u00e4ck.<\/p>\n<p>Det finns 50 prestandakriterier f\u00f6r att bed\u00f6ma ett d\u00e4cks kvalitet, men etiketten visar bara fem av dem. N\u00e5gra exempel p\u00e5 alla prestandakriterier \u00e4r: slitstyrka (kilometereffektivitet), bromsning p\u00e5 torrt underlag, v\u00e4ggrepp p\u00e5 sn\u00f6, sidogrepp p\u00e5 is, fordonsbuller, v\u00e4gh\u00e5llning och vattenplaning.<\/p>\n<p>[\/et_pb_text][\/et_pb_column][\/et_pb_row][et_pb_row _builder_version=&#8221;4.24.3&#8243; _module_preset=&#8221;default&#8221; global_colors_info=&#8221;{}&#8221;][et_pb_column type=&#8221;4_4&#8243; _builder_version=&#8221;4.24.3&#8243; _module_preset=&#8221;default&#8221; global_colors_info=&#8221;{}&#8221;][et_pb_text _builder_version=&#8221;4.27.4&#8243; _module_preset=&#8221;default&#8221; global_colors_info=&#8221;{}&#8221;]<\/p>\n<h3>Information om d\u00e4cketiketten f\u00f6r de fem prestandakriterierna<\/h3>\n<p>P\u00e5 d\u00e4cketiketten anges ett v\u00e4rde (klass) f\u00f6r f\u00f6ljande fem kriterier:<\/p>\n<p>[\/et_pb_text][et_pb_tabs active_tab_background_color=&#8221;#E09900&#8243; inactive_tab_background_color=&#8221;#004472&#8243; active_tab_text_color=&#8221;#FFFFFF&#8221; disabled_on=&#8221;off|on|on&#8221; _builder_version=&#8221;4.27.4&#8243; _module_preset=&#8221;default&#8221; tab_text_color=&#8221;#FFFFFF&#8221; global_colors_info=&#8221;{}&#8221;][et_pb_tab title=&#8221;Br\u00e4nsleeffektivitet&#8221; _builder_version=&#8221;4.27.4&#8243; _module_preset=&#8221;default&#8221; global_colors_info=&#8221;{}&#8221;]<\/p>\n<p style=\"text-align: center;\"><em><img loading=\"lazy\" decoding=\"async\" src=\"https:\/\/sentury-tyres.com\/wp-content\/uploads\/2024\/04\/fuel-efficiency.png\" width=\"142\" height=\"142\" alt=\"\" class=\"wp-image-199 alignnone size-full\" \/><\/em><\/p>\n<p><em>5 klasser fr\u00e5n A (mest ekonomisk) till E (minst ekonomisk).<\/em><\/p>\n<p>Ett fordons br\u00e4nslef\u00f6rbrukning beror p\u00e5 faktorer som motortyp, hastighet, typ av v\u00e4gbel\u00e4ggning, v\u00e4derf\u00f6rh\u00e5llanden etc. D\u00e4ckens rullmotst\u00e5nd st\u00e5r f\u00f6r ca 20% av br\u00e4nslef\u00f6rbrukningen. L\u00e4gre br\u00e4nslef\u00f6rbrukning inneb\u00e4r l\u00e4gre br\u00e4nslekostnader och mindre CO2-utsl\u00e4pp. Skillnaden mellan klass A och klass G kan vara upp till 7,5% f\u00f6r personbilsd\u00e4ck (C1) och upp till 15% f\u00f6r d\u00e4ck till kommersiella fordon (C3).<\/p>\n<p>[\/et_pb_tab][et_pb_tab title=&#8221;V\u00e5tt grepp&#8221; _builder_version=&#8221;4.27.4&#8243; _module_preset=&#8221;default&#8221; global_colors_info=&#8221;{}&#8221;]<\/p>\n<p style=\"text-align: center;\"><em><img loading=\"lazy\" decoding=\"async\" src=\"https:\/\/sentury-tyres.com\/wp-content\/uploads\/2024\/04\/wet-grip.png\" width=\"142\" height=\"142\" alt=\"\" class=\"wp-image-206 alignnone size-full\" \/><\/em><\/p>\n<p><em>5 klasser fr\u00e5n A (kortaste bromsstr\u00e4ckan) till E (l\u00e4ngsta bromsstr\u00e4ckan).<\/em><\/p>\n<p>Ett d\u00e4cks v\u00e4ggrepp p\u00e5 v\u00e5ta v\u00e4gar kan variera beroende p\u00e5 bland annat fordonstyp, v\u00e4derf\u00f6rh\u00e5llanden och slitbana. Ett bra v\u00e4ggrepp \u00e4r viktigt f\u00f6r s\u00e4kerheten. I praktiken \u00e4r bromsstr\u00e4ckan f\u00f6r ett d\u00e4ck i klass A cirka 18 meter (30%) kortare \u00e4n f\u00f6r ett d\u00e4ck i klass E vid en maximal inbromsning.<\/p>\n<p>[\/et_pb_tab][et_pb_tab title=&#8221;Utsl\u00e4pp av rullningsbuller&#8221; _builder_version=&#8221;4.27.4&#8243; _module_preset=&#8221;default&#8221; global_colors_info=&#8221;{}&#8221;]<\/p>\n<p style=\"text-align: center;\"><em><img loading=\"lazy\" decoding=\"async\" src=\"https:\/\/sentury-tyres.com\/wp-content\/uploads\/2024\/04\/rolling-noise.png\" width=\"142\" height=\"142\" alt=\"\" class=\"wp-image-207 alignnone size-full\" \/><\/em><\/p>\n<p><em>3 klasser av externt d\u00e4ck- och v\u00e4gbanebuller, det uppm\u00e4tta v\u00e4rdet i dB.<\/em><\/p>\n<p>Med externt d\u00e4ck- och v\u00e4gbanebuller avses det trafikbuller som orsakas av d\u00e4cket. F\u00f6rutom bullerniv\u00e5n i decibel (dB) anger piktogrammet \u00e4ven bullerniv\u00e5n A, B eller C.<\/p>\n<p>Obs: Det finns ingen direkt korrelation mellan externt (utanf\u00f6r bilen) och internt (inuti bilen) rullningsbuller fr\u00e5n d\u00e4cken.<\/p>\n<p>[\/et_pb_tab][et_pb_tab title=&#8221;Grepp p\u00e5 sn\u00f6&#8221; _builder_version=&#8221;4.27.4&#8243; _module_preset=&#8221;default&#8221; global_colors_info=&#8221;{}&#8221;]<\/p>\n<p style=\"text-align: center;\"><span><img loading=\"lazy\" decoding=\"async\" src=\"https:\/\/sentury-tyres.com\/wp-content\/uploads\/2024\/04\/snow-grip.png\" width=\"142\" height=\"142\" alt=\"\" class=\"wp-image-209 alignnone size-full\" \/><\/span><\/p>\n<p>D\u00e4ck med sn\u00f6symbol uppfyller de minimiv\u00e4rden f\u00f6r index f\u00f6r v\u00e4ggrepp p\u00e5 sn\u00f6 som anges i FN\/ECE:s f\u00f6reskrifter nr 117 och \u00e4r l\u00e4mpliga f\u00f6r anv\u00e4ndning i kraftiga sn\u00f6f\u00f6rh\u00e5llanden. Sn\u00f6symbolen finns p\u00e5 vinterd\u00e4ck och m\u00e5nga hel\u00e5rsd\u00e4ck.<\/p>\n<p>[\/et_pb_tab][et_pb_tab title=&#8221;Grepp p\u00e5 is&#8221; _builder_version=&#8221;4.27.4&#8243; _module_preset=&#8221;default&#8221; global_colors_info=&#8221;{}&#8221;]<\/p>\n<p style=\"text-align: center;\"><img loading=\"lazy\" decoding=\"async\" src=\"https:\/\/sentury-tyres.com\/wp-content\/uploads\/2024\/04\/ice-grip.png\" width=\"142\" height=\"142\" alt=\"\" class=\"wp-image-208 alignnone size-full\" \/><\/p>\n<p>D\u00e4ck med issymbolen uppfyller minimiv\u00e4rdena f\u00f6r greppindex och \u00e4r l\u00e4mpliga f\u00f6r anv\u00e4ndning i mycket sv\u00e5ra sn\u00f6- och isf\u00f6rh\u00e5llanden.<\/p>\n<p>Tills vidare f\u00e5r issymbolen endast f\u00f6rekomma p\u00e5 etiketter f\u00f6r personbilsd\u00e4ck.<\/p>\n<p>[\/et_pb_tab][\/et_pb_tabs][et_pb_tabs active_tab_background_color=&#8221;#E09900&#8243; inactive_tab_background_color=&#8221;#004472&#8243; active_tab_text_color=&#8221;#FFFFFF&#8221; disabled_on=&#8221;on|off|off&#8221; _builder_version=&#8221;4.27.4&#8243; _module_preset=&#8221;default&#8221; tab_text_color=&#8221;#FFFFFF&#8221; global_colors_info=&#8221;{}&#8221;][et_pb_tab title=&#8221;Br\u00e4nsleeffektivitet&#8221; _builder_version=&#8221;4.27.4&#8243; _module_preset=&#8221;default&#8221; global_colors_info=&#8221;{}&#8221;]<\/p>\n<table border=\"0\" style=\"border-collapse: collapse; width: 100%; border: transparent!important;\">\n<tbody>\n<tr>\n<td style=\"width: 15%; border: transparent !important;\"><img loading=\"lazy\" decoding=\"async\" src=\"https:\/\/sentury-tyres.com\/wp-content\/uploads\/2024\/04\/fuel-efficiency.png\" width=\"142\" height=\"142\" alt=\"\" class=\"wp-image-199 alignnone size-full\" \/><\/td>\n<td style=\"width: 85%; border: transparent !important;\">\n<p><em>5 klasser fr\u00e5n A (mest ekonomisk) till E (minst ekonomisk).<\/em><\/p>\n<p>Ett fordons br\u00e4nslef\u00f6rbrukning beror p\u00e5 faktorer som motortyp, hastighet, typ av v\u00e4gbel\u00e4ggning, v\u00e4derf\u00f6rh\u00e5llanden etc. D\u00e4ckens rullmotst\u00e5nd st\u00e5r f\u00f6r ca 20% av br\u00e4nslef\u00f6rbrukningen. L\u00e4gre br\u00e4nslef\u00f6rbrukning inneb\u00e4r l\u00e4gre br\u00e4nslekostnader och mindre CO2-utsl\u00e4pp. Skillnaden mellan klass A och klass G kan vara upp till 7,5% f\u00f6r personbilsd\u00e4ck (C1) och upp till 15% f\u00f6r d\u00e4ck till kommersiella fordon (C3).<\/p>\n<\/td>\n<\/tr>\n<\/tbody>\n<\/table>\n<p>[\/et_pb_tab][et_pb_tab title=&#8221;V\u00e5tt grepp&#8221; _builder_version=&#8221;4.27.4&#8243; _module_preset=&#8221;default&#8221; global_colors_info=&#8221;{}&#8221;]<\/p>\n<table border=\"0\" style=\"border-collapse: collapse; width: 100%; border: transparent!important;\">\n<tbody>\n<tr>\n<td style=\"width: 15%; border: transparent !important;\"><img loading=\"lazy\" decoding=\"async\" src=\"https:\/\/sentury-tyres.com\/wp-content\/uploads\/2024\/04\/wet-grip.png\" width=\"142\" height=\"142\" alt=\"\" class=\"wp-image-206 alignnone size-full\" \/><\/td>\n<td style=\"width: 85%; border: transparent !important;\">\n<p>5 klasser fr\u00e5n A (kortaste bromsstr\u00e4ckan) till E (l\u00e4ngsta bromsstr\u00e4ckan).<\/p>\n<p>Ett d\u00e4cks v\u00e4ggrepp p\u00e5 v\u00e5ta v\u00e4gar kan variera beroende p\u00e5 bland annat fordonstyp, v\u00e4derf\u00f6rh\u00e5llanden och slitbana. Ett bra v\u00e4ggrepp \u00e4r viktigt f\u00f6r s\u00e4kerheten. I praktiken \u00e4r bromsstr\u00e4ckan f\u00f6r ett d\u00e4ck i klass A cirka 18 meter (30%) kortare \u00e4n f\u00f6r ett d\u00e4ck i klass E vid en maximal inbromsning.<\/p>\n<\/td>\n<\/tr>\n<\/tbody>\n<\/table>\n<p>[\/et_pb_tab][et_pb_tab title=&#8221;Utsl\u00e4pp av rullningsbuller&#8221; _builder_version=&#8221;4.27.4&#8243; _module_preset=&#8221;default&#8221; global_colors_info=&#8221;{}&#8221;]<\/p>\n<table border=\"0\" style=\"border-collapse: collapse; width: 100%; border: transparent!important;\">\n<tbody>\n<tr>\n<td style=\"width: 15%; border: transparent !important;\"><img loading=\"lazy\" decoding=\"async\" src=\"https:\/\/sentury-tyres.com\/wp-content\/uploads\/2024\/04\/rolling-noise.png\" width=\"142\" height=\"142\" alt=\"\" class=\"wp-image-207 alignnone size-full\" \/><\/td>\n<td style=\"width: 85%; border: transparent !important;\">\n<p>3 klasser av externt d\u00e4ck- och v\u00e4gbanebuller, det uppm\u00e4tta v\u00e4rdet i dB.<\/p>\n<p>Med externt d\u00e4ck- och v\u00e4gbanebuller avses det trafikbuller som orsakas av d\u00e4cket. F\u00f6rutom bullerniv\u00e5n i decibel (dB) anger piktogrammet \u00e4ven bullerniv\u00e5n A, B eller C.<\/p>\n<p>Obs: Det finns ingen direkt korrelation mellan externt (utanf\u00f6r bilen) och internt (inuti bilen) rullningsbuller fr\u00e5n d\u00e4cken.<\/p>\n<\/td>\n<\/tr>\n<\/tbody>\n<\/table>\n<p>[\/et_pb_tab][et_pb_tab title=&#8221;Grepp p\u00e5 sn\u00f6&#8221; _builder_version=&#8221;4.27.4&#8243; _module_preset=&#8221;default&#8221; global_colors_info=&#8221;{}&#8221;]<\/p>\n<table border=\"0\" style=\"border-collapse: collapse; width: 100%; border: transparent!important;\">\n<tbody>\n<tr>\n<td style=\"width: 15%; border: transparent !important;\"><img loading=\"lazy\" decoding=\"async\" src=\"https:\/\/sentury-tyres.com\/wp-content\/uploads\/2024\/04\/snow-grip.png\" width=\"142\" height=\"142\" alt=\"\" class=\"wp-image-209 alignnone size-full\" \/><\/td>\n<td style=\"width: 85%; border: transparent !important;\">D\u00e4ck med sn\u00f6symbol uppfyller de minimiv\u00e4rden f\u00f6r index f\u00f6r v\u00e4ggrepp p\u00e5 sn\u00f6 som anges i FN\/ECE:s f\u00f6reskrifter nr 117 och \u00e4r l\u00e4mpliga f\u00f6r anv\u00e4ndning i kraftiga sn\u00f6f\u00f6rh\u00e5llanden. Sn\u00f6symbolen finns p\u00e5 vinterd\u00e4ck och m\u00e5nga hel\u00e5rsd\u00e4ck.<\/td>\n<\/tr>\n<\/tbody>\n<\/table>\n<p>[\/et_pb_tab][et_pb_tab title=&#8221;Grepp p\u00e5 is&#8221; _builder_version=&#8221;4.27.4&#8243; _module_preset=&#8221;default&#8221; global_colors_info=&#8221;{}&#8221;]<\/p>\n<table border=\"0\" style=\"border-collapse: collapse; width: 100%; border: transparent!important;\">\n<tbody>\n<tr>\n<td style=\"width: 15%; border: transparent !important;\"><img loading=\"lazy\" decoding=\"async\" src=\"https:\/\/sentury-tyres.com\/wp-content\/uploads\/2024\/04\/ice-grip.png\" width=\"142\" height=\"142\" alt=\"\" class=\"wp-image-208 alignnone size-full\" \/><\/td>\n<td style=\"width: 85%; border: transparent !important;\">\n<p>D\u00e4ck med issymbolen uppfyller minimiv\u00e4rdena f\u00f6r greppindex och \u00e4r l\u00e4mpliga f\u00f6r anv\u00e4ndning i mycket sv\u00e5ra sn\u00f6- och isf\u00f6rh\u00e5llanden.<\/p>\n<p>Tills vidare f\u00e5r issymbolen endast f\u00f6rekomma p\u00e5 etiketter f\u00f6r personbilsd\u00e4ck.<\/p>\n<\/td>\n<\/tr>\n<\/tbody>\n<\/table>\n<p>[\/et_pb_tab][\/et_pb_tabs][et_pb_text _builder_version=&#8221;4.27.4&#8243; _module_preset=&#8221;default&#8221; global_colors_info=&#8221;{}&#8221;]<\/p>\n<p>EU har en s.k. \u201dEuropeisk produktdatabas f\u00f6r energim\u00e4rkning (EPREL)\u201d. Sedan den 1 maj 2021 kan d\u00e4ckdata (etikettdata) h\u00e4mtas i databasen. Det finns ocks\u00e5 en QR-kod p\u00e5 d\u00e4cketiketten som s\u00e5 sm\u00e5ningom kommer att g\u00f6ra uppgifterna i produktdatabladet, som anges i bilaga III till f\u00f6rordning (EU) 2020\/740*, tillg\u00e4ngliga f\u00f6r alla. Med h\u00e4nvisning till n\u00e4mnda EU-f\u00f6rordning (EU) 2020\/740 betonar vi att det f\u00f6rst och fr\u00e4mst \u00e4r f\u00f6rarens beteende som avg\u00f6r br\u00e4nslef\u00f6rbrukningen och trafiks\u00e4kerheten, och i synnerhet f\u00f6ljande:<\/p>\n<p>&#8211; Ekologiskt ansvarsfull k\u00f6rning kan minska br\u00e4nslef\u00f6rbrukningen avsev\u00e4rt<br \/>&#8211; D\u00e4cktrycket b\u00f6r kontrolleras regelbundet f\u00f6r att optimera br\u00e4nsleeffektiviteten och v\u00e4ggreppet p\u00e5 v\u00e5tt underlag<br \/>&#8211; Sp\u00e5rningsavst\u00e5nden ska alltid f\u00f6ljas strikt<\/p>\n<p>Denna f\u00f6reskrift g\u00e4ller inte f\u00f6r:<br \/>&#8211; Professionella terr\u00e4ngd\u00e4ck;<br \/>&#8211; D\u00e4ck som \u00e4r konstruerade f\u00f6r att endast monteras p\u00e5 fordon som registrerats f\u00f6rsta g\u00e5ngen f\u00f6re den 1 oktober 1990;<br \/>&#8211; T-reservd\u00e4ck f\u00f6r tillf\u00e4llig anv\u00e4ndning;<br \/>&#8211; D\u00e4ck i hastighetskategorin under 80 km\/tim. e) D\u00e4ck med en nominell f\u00e4lgdiameter som \u00e4r mindre \u00e4n 254 mm eller st\u00f6rre \u00e4n 635 mm;<br \/>&#8211; D\u00e4ck som \u00e4r f\u00f6rsedda med dragkraftsf\u00f6rb\u00e4ttrande anordningar, t.ex. dubbd\u00e4ck;<br \/>&#8211; D\u00e4ck som \u00e4r konstruerade f\u00f6r att endast monteras p\u00e5 fordon som \u00e4r avsedda enbart f\u00f6r t\u00e4vling;<br \/>&#8211; Begagnade d\u00e4ck, s\u00e5vida de inte \u00e4r importerade fr\u00e5n ett tredjeland.<\/p>\n<p><strong>*K\u00e4lla: <\/strong><span style=\"text-decoration: underline;\"><a href=\"https:\/\/eur-lex.europa.eu\/legal-content\/EN\/ALL\/?uri=CELEX%3A32020R0740\">Europaparlamentets och r\u00e5dets f\u00f6rordning (EU) 2020\/740<\/a><\/span><\/p>\n<p>[\/et_pb_text][\/et_pb_column][\/et_pb_row][\/et_pb_section]<\/p>\n","protected":false},"excerpt":{"rendered":"<p>Vad \u00e4r en d\u00e4cketikett? Fr\u00e5n och med den 01-05-2021 har den europeiska d\u00e4cketiketten \u00e4ndrats. Den nya europeiska d\u00e4ckm\u00e4rkningen g\u00e4ller f\u00f6r d\u00e4ck till personbilar (C1), d\u00e4ck till l\u00e4tta nyttofordon (C2) och d\u00e4ck till tunga nyttofordon (C3).Den nya obligatoriska europeiska d\u00e4ckm\u00e4rkningen m\u00e5ste finnas p\u00e5 d\u00e4cket eller p\u00e5 f\u00f6rs\u00e4ljningsst\u00e4llen f\u00f6r alla C1-, C2- och C3-d\u00e4ck som tillverkas fr\u00e5n [&hellip;]<\/p>\n","protected":false},"author":1,"featured_media":0,"parent":0,"menu_order":0,"comment_status":"closed","ping_status":"closed","template":"","meta":{"_et_pb_use_builder":"on","_et_pb_old_content":"<!-- wp:divi\/placeholder \/-->","_et_gb_content_width":"","footnotes":""},"class_list":["post-3088","page","type-page","status-publish","hentry"],"yoast_head":"<!-- This site is optimized with the Yoast SEO plugin v27.3 - https:\/\/yoast.com\/product\/yoast-seo-wordpress\/ -->\n<title>D\u00e4ckm\u00e4rkning | Sentury tyres<\/title>\n<meta name=\"description\" content=\"Sentury Tyres d\u00e4ck har bra etikettv\u00e4rden. P\u00e5 den h\u00e4r sidan f\u00f6rklarar vi vad den europeiska d\u00e4ckm\u00e4rkningen inneb\u00e4r.\" \/>\n<meta name=\"robots\" content=\"index, follow, max-snippet:-1, max-image-preview:large, max-video-preview:-1\" \/>\n<link rel=\"canonical\" href=\"https:\/\/sentury-tyres.com\/bandenlabel\/\" \/>\n<meta property=\"og:locale\" content=\"sv_SE\" \/>\n<meta property=\"og:type\" content=\"article\" \/>\n<meta property=\"og:title\" content=\"D\u00e4ckm\u00e4rkning | Sentury tyres\" \/>\n<meta property=\"og:description\" content=\"Sentury Tyres d\u00e4ck har bra etikettv\u00e4rden. P\u00e5 den h\u00e4r sidan f\u00f6rklarar vi vad den europeiska d\u00e4ckm\u00e4rkningen inneb\u00e4r.\" \/>\n<meta property=\"og:url\" content=\"https:\/\/sentury-tyres.com\/bandenlabel\/\" \/>\n<meta property=\"og:site_name\" content=\"Sentury tyres\" \/>\n<meta property=\"article:modified_time\" content=\"2026-03-26T15:57:13+00:00\" \/>\n<meta property=\"og:image\" content=\"https:\/\/sentury-tyres.com\/wp-content\/uploads\/2024\/04\/fuel-efficiency.png\" \/>\n<meta name=\"twitter:card\" content=\"summary_large_image\" \/>\n<meta name=\"twitter:label1\" content=\"Ber\u00e4knad l\u00e4stid\" \/>\n\t<meta name=\"twitter:data1\" content=\"7 minutes\" \/>\n<script type=\"application\/ld+json\" class=\"yoast-schema-graph\">{\"@context\":\"https:\\\/\\\/schema.org\",\"@graph\":[{\"@type\":\"WebPage\",\"@id\":\"https:\\\/\\\/sentury-tyres.com\\\/bandenlabel\\\/\",\"url\":\"https:\\\/\\\/sentury-tyres.com\\\/bandenlabel\\\/\",\"name\":\"D\u00e4ckm\u00e4rkning | Sentury tyres\",\"isPartOf\":{\"@id\":\"https:\\\/\\\/sentury-tyres.com\\\/#website\"},\"primaryImageOfPage\":{\"@id\":\"https:\\\/\\\/sentury-tyres.com\\\/bandenlabel\\\/#primaryimage\"},\"image\":{\"@id\":\"https:\\\/\\\/sentury-tyres.com\\\/bandenlabel\\\/#primaryimage\"},\"thumbnailUrl\":\"https:\\\/\\\/sentury-tyres.com\\\/wp-content\\\/uploads\\\/2024\\\/04\\\/fuel-efficiency.png\",\"datePublished\":\"2024-04-05T12:28:15+00:00\",\"dateModified\":\"2026-03-26T15:57:13+00:00\",\"description\":\"Sentury Tyres d\u00e4ck har bra etikettv\u00e4rden. P\u00e5 den h\u00e4r sidan f\u00f6rklarar vi vad den europeiska d\u00e4ckm\u00e4rkningen inneb\u00e4r.\",\"breadcrumb\":{\"@id\":\"https:\\\/\\\/sentury-tyres.com\\\/bandenlabel\\\/#breadcrumb\"},\"inLanguage\":\"sv-SE\",\"potentialAction\":[{\"@type\":\"ReadAction\",\"target\":[\"https:\\\/\\\/sentury-tyres.com\\\/bandenlabel\\\/\"]}]},{\"@type\":\"ImageObject\",\"inLanguage\":\"sv-SE\",\"@id\":\"https:\\\/\\\/sentury-tyres.com\\\/bandenlabel\\\/#primaryimage\",\"url\":\"https:\\\/\\\/sentury-tyres.com\\\/wp-content\\\/uploads\\\/2024\\\/04\\\/fuel-efficiency.png\",\"contentUrl\":\"https:\\\/\\\/sentury-tyres.com\\\/wp-content\\\/uploads\\\/2024\\\/04\\\/fuel-efficiency.png\"},{\"@type\":\"BreadcrumbList\",\"@id\":\"https:\\\/\\\/sentury-tyres.com\\\/bandenlabel\\\/#breadcrumb\",\"itemListElement\":[{\"@type\":\"ListItem\",\"position\":1,\"name\":\"Home\",\"item\":\"https:\\\/\\\/sentury-tyres.com\\\/\"},{\"@type\":\"ListItem\",\"position\":2,\"name\":\"D\u00e4ckm\u00e4rkning\"}]},{\"@type\":\"WebSite\",\"@id\":\"https:\\\/\\\/sentury-tyres.com\\\/#website\",\"url\":\"https:\\\/\\\/sentury-tyres.com\\\/\",\"name\":\"Sentury tyres\",\"description\":\"Drive with confidence\",\"potentialAction\":[{\"@type\":\"SearchAction\",\"target\":{\"@type\":\"EntryPoint\",\"urlTemplate\":\"https:\\\/\\\/sentury-tyres.com\\\/?s={search_term_string}\"},\"query-input\":{\"@type\":\"PropertyValueSpecification\",\"valueRequired\":true,\"valueName\":\"search_term_string\"}}],\"inLanguage\":\"sv-SE\"}]}<\/script>\n<!-- \/ Yoast SEO plugin. -->","yoast_head_json":{"title":"D\u00e4ckm\u00e4rkning | Sentury tyres","description":"Sentury Tyres d\u00e4ck har bra etikettv\u00e4rden. P\u00e5 den h\u00e4r sidan f\u00f6rklarar vi vad den europeiska d\u00e4ckm\u00e4rkningen inneb\u00e4r.","robots":{"index":"index","follow":"follow","max-snippet":"max-snippet:-1","max-image-preview":"max-image-preview:large","max-video-preview":"max-video-preview:-1"},"canonical":"https:\/\/sentury-tyres.com\/bandenlabel\/","og_locale":"sv_SE","og_type":"article","og_title":"D\u00e4ckm\u00e4rkning | Sentury tyres","og_description":"Sentury Tyres d\u00e4ck har bra etikettv\u00e4rden. P\u00e5 den h\u00e4r sidan f\u00f6rklarar vi vad den europeiska d\u00e4ckm\u00e4rkningen inneb\u00e4r.","og_url":"https:\/\/sentury-tyres.com\/bandenlabel\/","og_site_name":"Sentury tyres","article_modified_time":"2026-03-26T15:57:13+00:00","og_image":[{"url":"https:\/\/sentury-tyres.com\/wp-content\/uploads\/2024\/04\/fuel-efficiency.png","type":"","width":"","height":""}],"twitter_card":"summary_large_image","twitter_misc":{"Ber\u00e4knad l\u00e4stid":"7 minutes"},"schema":{"@context":"https:\/\/schema.org","@graph":[{"@type":"WebPage","@id":"https:\/\/sentury-tyres.com\/bandenlabel\/","url":"https:\/\/sentury-tyres.com\/bandenlabel\/","name":"D\u00e4ckm\u00e4rkning | Sentury tyres","isPartOf":{"@id":"https:\/\/sentury-tyres.com\/#website"},"primaryImageOfPage":{"@id":"https:\/\/sentury-tyres.com\/bandenlabel\/#primaryimage"},"image":{"@id":"https:\/\/sentury-tyres.com\/bandenlabel\/#primaryimage"},"thumbnailUrl":"https:\/\/sentury-tyres.com\/wp-content\/uploads\/2024\/04\/fuel-efficiency.png","datePublished":"2024-04-05T12:28:15+00:00","dateModified":"2026-03-26T15:57:13+00:00","description":"Sentury Tyres d\u00e4ck har bra etikettv\u00e4rden. P\u00e5 den h\u00e4r sidan f\u00f6rklarar vi vad den europeiska d\u00e4ckm\u00e4rkningen inneb\u00e4r.","breadcrumb":{"@id":"https:\/\/sentury-tyres.com\/bandenlabel\/#breadcrumb"},"inLanguage":"sv-SE","potentialAction":[{"@type":"ReadAction","target":["https:\/\/sentury-tyres.com\/bandenlabel\/"]}]},{"@type":"ImageObject","inLanguage":"sv-SE","@id":"https:\/\/sentury-tyres.com\/bandenlabel\/#primaryimage","url":"https:\/\/sentury-tyres.com\/wp-content\/uploads\/2024\/04\/fuel-efficiency.png","contentUrl":"https:\/\/sentury-tyres.com\/wp-content\/uploads\/2024\/04\/fuel-efficiency.png"},{"@type":"BreadcrumbList","@id":"https:\/\/sentury-tyres.com\/bandenlabel\/#breadcrumb","itemListElement":[{"@type":"ListItem","position":1,"name":"Home","item":"https:\/\/sentury-tyres.com\/"},{"@type":"ListItem","position":2,"name":"D\u00e4ckm\u00e4rkning"}]},{"@type":"WebSite","@id":"https:\/\/sentury-tyres.com\/#website","url":"https:\/\/sentury-tyres.com\/","name":"Sentury tyres","description":"Drive with confidence","potentialAction":[{"@type":"SearchAction","target":{"@type":"EntryPoint","urlTemplate":"https:\/\/sentury-tyres.com\/?s={search_term_string}"},"query-input":{"@type":"PropertyValueSpecification","valueRequired":true,"valueName":"search_term_string"}}],"inLanguage":"sv-SE"}]}},"_links":{"self":[{"href":"https:\/\/sentury-tyres.com\/sv\/wp-json\/wp\/v2\/pages\/3088","targetHints":{"allow":["GET"]}}],"collection":[{"href":"https:\/\/sentury-tyres.com\/sv\/wp-json\/wp\/v2\/pages"}],"about":[{"href":"https:\/\/sentury-tyres.com\/sv\/wp-json\/wp\/v2\/types\/page"}],"author":[{"embeddable":true,"href":"https:\/\/sentury-tyres.com\/sv\/wp-json\/wp\/v2\/users\/1"}],"replies":[{"embeddable":true,"href":"https:\/\/sentury-tyres.com\/sv\/wp-json\/wp\/v2\/comments?post=3088"}],"version-history":[{"count":6,"href":"https:\/\/sentury-tyres.com\/sv\/wp-json\/wp\/v2\/pages\/3088\/revisions"}],"predecessor-version":[{"id":4986,"href":"https:\/\/sentury-tyres.com\/sv\/wp-json\/wp\/v2\/pages\/3088\/revisions\/4986"}],"wp:attachment":[{"href":"https:\/\/sentury-tyres.com\/sv\/wp-json\/wp\/v2\/media?parent=3088"}],"curies":[{"name":"wp","href":"https:\/\/api.w.org\/{rel}","templated":true}]}}