{"id":3087,"date":"2024-04-05T12:28:02","date_gmt":"2024-04-05T12:28:02","guid":{"rendered":"https:\/\/sentury-tyres.com\/bandeninformatie\/"},"modified":"2026-03-26T15:57:06","modified_gmt":"2026-03-26T15:57:06","slug":"dackinformation","status":"publish","type":"page","link":"https:\/\/sentury-tyres.com\/sv\/dackinformation\/","title":{"rendered":"D\u00e4ckinformation"},"content":{"rendered":"<p>[et_pb_section fb_built=&#8221;1&#8243; _builder_version=&#8221;4.24.3&#8243; _module_preset=&#8221;default&#8221; global_colors_info=&#8221;{}&#8221;][et_pb_row _builder_version=&#8221;4.24.3&#8243; _module_preset=&#8221;default&#8221; global_colors_info=&#8221;{}&#8221;][et_pb_column type=&#8221;4_4&#8243; _builder_version=&#8221;4.24.3&#8243; _module_preset=&#8221;default&#8221; global_colors_info=&#8221;{}&#8221;][et_pb_text _builder_version=&#8221;4.27.4&#8243; _module_preset=&#8221;default&#8221; global_colors_info=&#8221;{}&#8221;]<\/p>\n<h2>Tryggt p\u00e5 v\u00e4garna med Sentury-d\u00e4ck<\/h2>\n<p>Ett d\u00e4ck inneh\u00e5ller en m\u00e4ngd viktig information. Allt fr\u00e5n d\u00e4ckstorlek och typ till tillverkningsdatum, samt om det uppfyller vinter- eller sn\u00f6d\u00e4cksstandarden (M+S), tillsammans med uppgifter om maximal belastning och hastighetsklass.<br \/>Dessutom finns det lagkrav att ta h\u00e4nsyn till, som exempelvis minimikrav p\u00e5 m\u00f6nsterdjup. H\u00e4r g\u00e5r vi igenom grundl\u00e4ggande d\u00e4ckinformation som \u00e4r bra att k\u00e4nna till.<\/p>\n<p>[\/et_pb_text][\/et_pb_column][\/et_pb_row][et_pb_row column_structure=&#8221;1_3,2_3&#8243; _builder_version=&#8221;4.24.3&#8243; _module_preset=&#8221;default&#8221; global_colors_info=&#8221;{}&#8221;][et_pb_column type=&#8221;1_3&#8243; _builder_version=&#8221;4.24.3&#8243; _module_preset=&#8221;default&#8221; global_colors_info=&#8221;{}&#8221;][et_pb_image src=&#8221;https:\/\/sentury-tyres.com\/wp-content\/uploads\/2024\/08\/sentury-banden-vervangen.jpg&#8221; alt=&#8221;Sentury banden vervangen&#8221; title_text=&#8221;Sentury banden vervangen&#8221; _builder_version=&#8221;4.27.0&#8243; _module_preset=&#8221;default&#8221; global_colors_info=&#8221;{}&#8221;][\/et_pb_image][\/et_pb_column][et_pb_column type=&#8221;2_3&#8243; _builder_version=&#8221;4.24.3&#8243; _module_preset=&#8221;default&#8221; global_colors_info=&#8221;{}&#8221;][et_pb_text _builder_version=&#8221;4.27.4&#8243; _module_preset=&#8221;default&#8221; global_colors_info=&#8221;{}&#8221;]<\/p>\n<h3>N\u00e4r \u00e4r det dags att byta d\u00e4ck?<\/h3>\n<p>Att l\u00e5ta en expert kontrollera dina d\u00e4ck med j\u00e4mna mellanrum \u00e4r ett smart s\u00e4tt att f\u00f6rl\u00e4nga deras livsl\u00e4ngd. Tidig uppt\u00e4ckt av slitage eller skador minskar risken f\u00f6r olyckor och ger tryggare k\u00f6rning.<\/p>\n<p>Vi rekommenderar att du l\u00e5ter en specialist kontrollera dina d\u00e4ck regelbundet. P\u00e5 s\u00e5 s\u00e4tt kan eventuella problem uppt\u00e4ckas i ett tidigt skede, vilket f\u00f6rl\u00e4nger d\u00e4ckens livsl\u00e4ngd och minskar risken f\u00f6r farliga situationer.<\/p>\n<p>1. Moderna bild\u00e4ck \u00e4r ofta v\u00e4l skyddade mot punkteringar. Skulle du \u00e4nd\u00e5 f\u00e5 en punktering \u2013 stanna omedelbart och byt d\u00e4cket. Ett punkterat d\u00e4ck b\u00f6r alltid tas av f\u00e4lgen f\u00f6r att kontrollera eventuell inv\u00e4ndig skada. Om reparation kr\u00e4vs b\u00f6r den utf\u00f6ras s\u00e5 snart som m\u00f6jligt f\u00f6r att undvika ytterligare skador.<\/p>\n<p>2. Det lagliga minsta m\u00f6nsterdjupet i Europa \u00e4r 1,6 mm (4 mm f\u00f6r vinterd\u00e4ck), men det rekommenderas att byta d\u00e4cken redan vid 2 mm. Slitindikatorer, s\u00e5 kallade TWI (Tread Wear Indicators), finns i m\u00f6nstersp\u00e5ren. N\u00e4r m\u00f6nstret slitits ner till dessa indikatorer har d\u00e4cket n\u00e5tt den lagliga gr\u00e4nsen.<\/p>\n<p>3. Vissa yttre faktorer kan orsaka skador p\u00e5 d\u00e4cket \u2013 till exempel spikar, skruvar, trottoarkanter eller andra hinder. Om skadan \u00e4r s\u00e5 allvarlig att den p\u00e5verkar d\u00e4ckets stomme, eller om skadan \u00e4r synlig, b\u00f6r d\u00e4cket bytas. Vid os\u00e4kerhet \u00e4r det alltid b\u00e4st att l\u00e5ta en specialist g\u00f6ra en bed\u00f6mning.<\/p>\n<p>[\/et_pb_text][\/et_pb_column][\/et_pb_row][et_pb_row _builder_version=&#8221;4.24.3&#8243; _module_preset=&#8221;default&#8221; custom_padding=&#8221;||0px|||&#8221; global_colors_info=&#8221;{}&#8221;][et_pb_column type=&#8221;4_4&#8243; _builder_version=&#8221;4.24.3&#8243; _module_preset=&#8221;default&#8221; global_colors_info=&#8221;{}&#8221;][et_pb_divider color=&#8221;#004472&#8243; _builder_version=&#8221;4.24.3&#8243; _module_preset=&#8221;default&#8221; global_colors_info=&#8221;{}&#8221;][\/et_pb_divider][\/et_pb_column][\/et_pb_row][et_pb_row column_structure=&#8221;2_3,1_3&#8243; _builder_version=&#8221;4.24.3&#8243; _module_preset=&#8221;default&#8221; global_colors_info=&#8221;{}&#8221;][et_pb_column type=&#8221;2_3&#8243; _builder_version=&#8221;4.24.3&#8243; _module_preset=&#8221;default&#8221; global_colors_info=&#8221;{}&#8221;][et_pb_text _builder_version=&#8221;4.27.4&#8243; _module_preset=&#8221;default&#8221; global_colors_info=&#8221;{}&#8221;]<\/p>\n<h3>D\u00e4ckets m\u00f6nsterdjup<\/h3>\n<p>Nya d\u00e4ck har vanligtvis ett m\u00f6nsterdjup p\u00e5 mellan 7 och 9,5 millimeter, beroende p\u00e5 typ. M\u00f6nstret \u00e4r avg\u00f6rande f\u00f6r att ge optimalt grepp och prestanda i olika v\u00e4derf\u00f6rh\u00e5llanden.<br \/>Den lagliga minsta m\u00f6nsterdjupet f\u00f6r personbilsd\u00e4ck i Europa \u00e4r 1,6 millimeter, men det \u00e4r s\u00e4krare att byta d\u00e4cken redan n\u00e4r m\u00f6nsterdjupet n\u00e5r 2 millimeter. F\u00f6r vinterd\u00e4ck g\u00e4ller en annan rekommendation \u2013 d\u00e4r b\u00f6r d\u00e4cken bytas vid 4 millimeter f\u00f6r att beh\u00e5lla greppet p\u00e5 sn\u00f6 och is.<\/p>\n<p>I d\u00e4ckets m\u00f6nster finns \u00e4ven slitindikatorer, s\u00e5 kallade TWI (Tread Wear Indicators), som visar n\u00e4r d\u00e4cket n\u00e4rmar sig slitagegr\u00e4nsen.<\/p>\n<p>[\/et_pb_text][\/et_pb_column][et_pb_column type=&#8221;1_3&#8243; _builder_version=&#8221;4.24.3&#8243; _module_preset=&#8221;default&#8221; global_colors_info=&#8221;{}&#8221;][et_pb_image src=&#8221;https:\/\/sentury-tyres.com\/wp-content\/uploads\/2024\/08\/sentury-profieldiepte-meten.jpg&#8221; alt=&#8221;Profieldiepte op Sentury banden meten&#8221; title_text=&#8221;Profieldiepte op Sentury banden meten&#8221; _builder_version=&#8221;4.27.0&#8243; _module_preset=&#8221;default&#8221; global_colors_info=&#8221;{}&#8221;][\/et_pb_image][\/et_pb_column][\/et_pb_row][et_pb_row _builder_version=&#8221;4.24.3&#8243; _module_preset=&#8221;default&#8221; custom_padding=&#8221;||0px|||&#8221; global_colors_info=&#8221;{}&#8221;][et_pb_column type=&#8221;4_4&#8243; _builder_version=&#8221;4.24.3&#8243; _module_preset=&#8221;default&#8221; global_colors_info=&#8221;{}&#8221;][et_pb_divider color=&#8221;#004472&#8243; _builder_version=&#8221;4.24.3&#8243; _module_preset=&#8221;default&#8221; global_colors_info=&#8221;{}&#8221;][\/et_pb_divider][\/et_pb_column][\/et_pb_row][et_pb_row column_structure=&#8221;1_3,2_3&#8243; _builder_version=&#8221;4.24.3&#8243; _module_preset=&#8221;default&#8221; global_colors_info=&#8221;{}&#8221;][et_pb_column type=&#8221;1_3&#8243; _builder_version=&#8221;4.24.3&#8243; _module_preset=&#8221;default&#8221; global_colors_info=&#8221;{}&#8221;][et_pb_image src=&#8221;https:\/\/sentury-tyres.com\/wp-content\/uploads\/2024\/08\/sentury-banden-spanning-meten.jpg&#8221; alt=&#8221;De bandenspanning van Sentury banden meten&#8221; title_text=&#8221;De bandenspanning van Sentury banden meten&#8221; _builder_version=&#8221;4.27.0&#8243; _module_preset=&#8221;default&#8221; global_colors_info=&#8221;{}&#8221;][\/et_pb_image][\/et_pb_column][et_pb_column type=&#8221;2_3&#8243; _builder_version=&#8221;4.24.3&#8243; _module_preset=&#8221;default&#8221; global_colors_info=&#8221;{}&#8221;][et_pb_text _builder_version=&#8221;4.27.4&#8243; _module_preset=&#8221;default&#8221; global_colors_info=&#8221;{}&#8221;]<\/p>\n<h3>Vad \u00e4r r\u00e4tt d\u00e4cktryck?<\/h3>\n<p>Att regelbundet kontrollera d\u00e4cktrycket \u00e4r avg\u00f6rande f\u00f6r b\u00e5de s\u00e4kerhet och d\u00e4ckens livsl\u00e4ngd. R\u00e4tt d\u00e4cktryck minskar on\u00f6digt slitage och ger optimal k\u00f6r- och bromsf\u00f6rm\u00e5ga. Det minskar ocks\u00e5 risken f\u00f6r vattenplaning och rullmotst\u00e5nd, vilket i sin tur f\u00f6rl\u00e4nger d\u00e4ckens livsl\u00e4ngd.<br \/>Du b\u00f6r kontrollera d\u00e4cktrycket minst en g\u00e5ng varannan m\u00e5nad \u2013 gl\u00f6m inte att \u00e4ven kontrollera reservd\u00e4cket.<\/p>\n<p>Det rekommenderade d\u00e4cktrycket f\u00f6r din bil hittar du i bilens instruktionsbok eller p\u00e5 en dekal fr\u00e5n tillverkaren. Den sitter oftast i d\u00f6rrkarmen p\u00e5 f\u00f6rard\u00f6rren, p\u00e5 baksidan av solskyddet eller p\u00e5 insidan av tanklocket.<\/p>\n<p>[\/et_pb_text][\/et_pb_column][\/et_pb_row][\/et_pb_section]<\/p>\n","protected":false},"excerpt":{"rendered":"<p>Tryggt p\u00e5 v\u00e4garna med Sentury-d\u00e4ck Ett d\u00e4ck inneh\u00e5ller en m\u00e4ngd viktig information. Allt fr\u00e5n d\u00e4ckstorlek och typ till tillverkningsdatum, samt om det uppfyller vinter- eller sn\u00f6d\u00e4cksstandarden (M+S), tillsammans med uppgifter om maximal belastning och hastighetsklass.Dessutom finns det lagkrav att ta h\u00e4nsyn till, som exempelvis minimikrav p\u00e5 m\u00f6nsterdjup. H\u00e4r g\u00e5r vi igenom grundl\u00e4ggande d\u00e4ckinformation som \u00e4r [&hellip;]<\/p>\n","protected":false},"author":1,"featured_media":0,"parent":0,"menu_order":0,"comment_status":"closed","ping_status":"closed","template":"","meta":{"_et_pb_use_builder":"on","_et_pb_old_content":"","_et_gb_content_width":"","footnotes":""},"class_list":["post-3087","page","type-page","status-publish","hentry"],"yoast_head":"<!-- This site is optimized with the Yoast SEO plugin v27.3 - https:\/\/yoast.com\/product\/yoast-seo-wordpress\/ -->\n<title>D\u00e4ckinformation | Sentury tyres<\/title>\n<meta name=\"description\" content=\"Ett d\u00e4ck inneh\u00e5ller mycket information och m\u00e5ste ocks\u00e5 uppfylla vissa krav. P\u00e5 den h\u00e4r sidan g\u00e5r vi igenom allm\u00e4n d\u00e4ckinformation.\" \/>\n<meta name=\"robots\" content=\"index, follow, max-snippet:-1, max-image-preview:large, max-video-preview:-1\" \/>\n<link rel=\"canonical\" href=\"https:\/\/sentury-tyres.com\/bandeninformatie\/\" \/>\n<meta property=\"og:locale\" content=\"sv_SE\" \/>\n<meta property=\"og:type\" content=\"article\" \/>\n<meta property=\"og:title\" content=\"D\u00e4ckinformation | Sentury tyres\" \/>\n<meta property=\"og:description\" content=\"Ett d\u00e4ck inneh\u00e5ller mycket information och m\u00e5ste ocks\u00e5 uppfylla vissa krav. P\u00e5 den h\u00e4r sidan g\u00e5r vi igenom allm\u00e4n d\u00e4ckinformation.\" \/>\n<meta property=\"og:url\" content=\"https:\/\/sentury-tyres.com\/bandeninformatie\/\" \/>\n<meta property=\"og:site_name\" content=\"Sentury tyres\" \/>\n<meta property=\"article:modified_time\" content=\"2026-03-26T15:57:06+00:00\" \/>\n<meta name=\"twitter:card\" content=\"summary_large_image\" \/>\n<meta name=\"twitter:label1\" content=\"Ber\u00e4knad l\u00e4stid\" \/>\n\t<meta name=\"twitter:data1\" content=\"4 minutes\" \/>\n<script type=\"application\/ld+json\" class=\"yoast-schema-graph\">{\"@context\":\"https:\\\/\\\/schema.org\",\"@graph\":[{\"@type\":\"WebPage\",\"@id\":\"https:\\\/\\\/sentury-tyres.com\\\/bandeninformatie\\\/\",\"url\":\"https:\\\/\\\/sentury-tyres.com\\\/bandeninformatie\\\/\",\"name\":\"D\u00e4ckinformation | Sentury tyres\",\"isPartOf\":{\"@id\":\"https:\\\/\\\/sentury-tyres.com\\\/#website\"},\"datePublished\":\"2024-04-05T12:28:02+00:00\",\"dateModified\":\"2026-03-26T15:57:06+00:00\",\"description\":\"Ett d\u00e4ck inneh\u00e5ller mycket information och m\u00e5ste ocks\u00e5 uppfylla vissa krav. P\u00e5 den h\u00e4r sidan g\u00e5r vi igenom allm\u00e4n d\u00e4ckinformation.\",\"breadcrumb\":{\"@id\":\"https:\\\/\\\/sentury-tyres.com\\\/bandeninformatie\\\/#breadcrumb\"},\"inLanguage\":\"sv-SE\",\"potentialAction\":[{\"@type\":\"ReadAction\",\"target\":[\"https:\\\/\\\/sentury-tyres.com\\\/bandeninformatie\\\/\"]}]},{\"@type\":\"BreadcrumbList\",\"@id\":\"https:\\\/\\\/sentury-tyres.com\\\/bandeninformatie\\\/#breadcrumb\",\"itemListElement\":[{\"@type\":\"ListItem\",\"position\":1,\"name\":\"Home\",\"item\":\"https:\\\/\\\/sentury-tyres.com\\\/\"},{\"@type\":\"ListItem\",\"position\":2,\"name\":\"D\u00e4ckinformation\"}]},{\"@type\":\"WebSite\",\"@id\":\"https:\\\/\\\/sentury-tyres.com\\\/#website\",\"url\":\"https:\\\/\\\/sentury-tyres.com\\\/\",\"name\":\"Sentury tyres\",\"description\":\"Drive with confidence\",\"potentialAction\":[{\"@type\":\"SearchAction\",\"target\":{\"@type\":\"EntryPoint\",\"urlTemplate\":\"https:\\\/\\\/sentury-tyres.com\\\/?s={search_term_string}\"},\"query-input\":{\"@type\":\"PropertyValueSpecification\",\"valueRequired\":true,\"valueName\":\"search_term_string\"}}],\"inLanguage\":\"sv-SE\"}]}<\/script>\n<!-- \/ Yoast SEO plugin. -->","yoast_head_json":{"title":"D\u00e4ckinformation | Sentury tyres","description":"Ett d\u00e4ck inneh\u00e5ller mycket information och m\u00e5ste ocks\u00e5 uppfylla vissa krav. P\u00e5 den h\u00e4r sidan g\u00e5r vi igenom allm\u00e4n d\u00e4ckinformation.","robots":{"index":"index","follow":"follow","max-snippet":"max-snippet:-1","max-image-preview":"max-image-preview:large","max-video-preview":"max-video-preview:-1"},"canonical":"https:\/\/sentury-tyres.com\/bandeninformatie\/","og_locale":"sv_SE","og_type":"article","og_title":"D\u00e4ckinformation | Sentury tyres","og_description":"Ett d\u00e4ck inneh\u00e5ller mycket information och m\u00e5ste ocks\u00e5 uppfylla vissa krav. P\u00e5 den h\u00e4r sidan g\u00e5r vi igenom allm\u00e4n d\u00e4ckinformation.","og_url":"https:\/\/sentury-tyres.com\/bandeninformatie\/","og_site_name":"Sentury tyres","article_modified_time":"2026-03-26T15:57:06+00:00","twitter_card":"summary_large_image","twitter_misc":{"Ber\u00e4knad l\u00e4stid":"4 minutes"},"schema":{"@context":"https:\/\/schema.org","@graph":[{"@type":"WebPage","@id":"https:\/\/sentury-tyres.com\/bandeninformatie\/","url":"https:\/\/sentury-tyres.com\/bandeninformatie\/","name":"D\u00e4ckinformation | Sentury tyres","isPartOf":{"@id":"https:\/\/sentury-tyres.com\/#website"},"datePublished":"2024-04-05T12:28:02+00:00","dateModified":"2026-03-26T15:57:06+00:00","description":"Ett d\u00e4ck inneh\u00e5ller mycket information och m\u00e5ste ocks\u00e5 uppfylla vissa krav. P\u00e5 den h\u00e4r sidan g\u00e5r vi igenom allm\u00e4n d\u00e4ckinformation.","breadcrumb":{"@id":"https:\/\/sentury-tyres.com\/bandeninformatie\/#breadcrumb"},"inLanguage":"sv-SE","potentialAction":[{"@type":"ReadAction","target":["https:\/\/sentury-tyres.com\/bandeninformatie\/"]}]},{"@type":"BreadcrumbList","@id":"https:\/\/sentury-tyres.com\/bandeninformatie\/#breadcrumb","itemListElement":[{"@type":"ListItem","position":1,"name":"Home","item":"https:\/\/sentury-tyres.com\/"},{"@type":"ListItem","position":2,"name":"D\u00e4ckinformation"}]},{"@type":"WebSite","@id":"https:\/\/sentury-tyres.com\/#website","url":"https:\/\/sentury-tyres.com\/","name":"Sentury tyres","description":"Drive with confidence","potentialAction":[{"@type":"SearchAction","target":{"@type":"EntryPoint","urlTemplate":"https:\/\/sentury-tyres.com\/?s={search_term_string}"},"query-input":{"@type":"PropertyValueSpecification","valueRequired":true,"valueName":"search_term_string"}}],"inLanguage":"sv-SE"}]}},"_links":{"self":[{"href":"https:\/\/sentury-tyres.com\/sv\/wp-json\/wp\/v2\/pages\/3087","targetHints":{"allow":["GET"]}}],"collection":[{"href":"https:\/\/sentury-tyres.com\/sv\/wp-json\/wp\/v2\/pages"}],"about":[{"href":"https:\/\/sentury-tyres.com\/sv\/wp-json\/wp\/v2\/types\/page"}],"author":[{"embeddable":true,"href":"https:\/\/sentury-tyres.com\/sv\/wp-json\/wp\/v2\/users\/1"}],"replies":[{"embeddable":true,"href":"https:\/\/sentury-tyres.com\/sv\/wp-json\/wp\/v2\/comments?post=3087"}],"version-history":[{"count":4,"href":"https:\/\/sentury-tyres.com\/sv\/wp-json\/wp\/v2\/pages\/3087\/revisions"}],"predecessor-version":[{"id":4984,"href":"https:\/\/sentury-tyres.com\/sv\/wp-json\/wp\/v2\/pages\/3087\/revisions\/4984"}],"wp:attachment":[{"href":"https:\/\/sentury-tyres.com\/sv\/wp-json\/wp\/v2\/media?parent=3087"}],"curies":[{"name":"wp","href":"https:\/\/api.w.org\/{rel}","templated":true}]}}