{"id":3459,"date":"2025-07-30T10:07:42","date_gmt":"2025-07-30T10:07:42","guid":{"rendered":"https:\/\/sentury-tyres.com\/snow-star\/"},"modified":"2026-03-26T15:54:37","modified_gmt":"2026-03-26T15:54:37","slug":"snow-star","status":"publish","type":"page","link":"https:\/\/sentury-tyres.com\/pt-pt\/pneus-inverno\/snow-star\/","title":{"rendered":"Snow Star"},"content":{"rendered":"<p>[et_pb_section fb_built=&#8221;1&#8243; _builder_version=&#8221;4.27.4&#8243; _module_preset=&#8221;default&#8221; background_image=&#8221;https:\/\/sentury-tyres.com\/wp-content\/uploads\/2025\/07\/Sentury-tyres-winter.jpg&#8221; min_height=&#8221;270px&#8221; global_colors_info=&#8221;{}&#8221;][\/et_pb_section][et_pb_section fb_built=&#8221;1&#8243; _builder_version=&#8221;4.24.3&#8243; _module_preset=&#8221;default&#8221; global_colors_info=&#8221;{}&#8221;][et_pb_row column_structure=&#8221;1_3,2_3&#8243; _builder_version=&#8221;4.27.0&#8243; _module_preset=&#8221;default&#8221; global_colors_info=&#8221;{}&#8221;][et_pb_column type=&#8221;1_3&#8243; _builder_version=&#8221;4.27.0&#8243; _module_preset=&#8221;default&#8221; sticky_position=&#8221;top_bottom&#8221; sticky_limit_top=&#8221;row&#8221; sticky_limit_bottom=&#8221;row&#8221; sticky_position_tablet=&#8221;top&#8221; sticky_position_phone=&#8221;none&#8221; sticky_position_last_edited=&#8221;on|phone&#8221; global_colors_info=&#8221;{}&#8221;][et_pb_text _builder_version=&#8221;4.27.4&#8243; _module_preset=&#8221;default&#8221; header_2_font=&#8221;|600|||||||&#8221; header_2_font_size=&#8221;30px&#8221; header_3_font=&#8221;|600|||||||&#8221; text_orientation=&#8221;center&#8221; global_colors_info=&#8221;{}&#8221;]<\/p>\n<h2>Snow Star<\/h2>\n<h3>Dispon\u00edvel em\u00a015&#8243; &amp; 16&#8243;<\/h3>\n<p>[\/et_pb_text][et_pb_image src=&#8221;https:\/\/sentury-tyres.com\/wp-content\/uploads\/2024\/07\/Sentury-tyres-Snow-Star.png&#8221; alt=&#8221;Sentury Tyres Seasonsdragon 2 all-season banden&#8221; title_text=&#8221;Sentury-tyres-Snow-Star&#8221; _builder_version=&#8221;4.27.4&#8243; _module_preset=&#8221;default&#8221; custom_margin=&#8221;-24px|||||&#8221; custom_padding=&#8221;0px|||||&#8221; global_colors_info=&#8221;{}&#8221;][\/et_pb_image][et_pb_text _builder_version=&#8221;4.27.4&#8243; _module_preset=&#8221;default&#8221; global_colors_info=&#8221;{}&#8221;]<\/p>\n<ul>\n<li>Pneu de inverno para carrinhas<\/li>\n<li>Drenagem r\u00e1pida de \u00e1gua e neve<\/li>\n<li>Dire\u00e7\u00e3o e travagem est\u00e1veis<\/li>\n<li>Ader\u00eancia extra gra\u00e7as ao padr\u00e3o 3D<\/li>\n<\/ul>\n<p>[\/et_pb_text][et_pb_button button_url=&#8221;https:\/\/sentury-tyres.com\/brochures\/Sentury-brochure-PT.pdf&#8221; url_new_window=&#8221;on&#8221; button_text=&#8221;Descarregar a brochura&#8221; button_alignment=&#8221;left&#8221; _builder_version=&#8221;4.27.4&#8243; custom_button=&#8221;on&#8221; button_text_color=&#8221;#004472&#8243; button_bg_color=&#8221;#ffffff&#8221; button_bg_use_color_gradient=&#8221;on&#8221; button_bg_color_gradient_type=&#8221;elliptical&#8221; button_bg_color_gradient_direction_radial=&#8221;top right&#8221; button_bg_color_gradient_stops=&#8221;#f8ac00 0%|#ffd100 100%&#8221; button_border_width=&#8221;0px&#8221; button_border_color=&#8221;RGBA(255,255,255,0)&#8221; button_border_radius=&#8221;0px&#8221; button_letter_spacing=&#8221;0px&#8221; button_font=&#8221;Barlow|700|||||||&#8221; button_icon=&#8221;&#x24;||divi||400&#8243; button_on_hover=&#8221;off&#8221; transform_scale_linked=&#8221;off&#8221; transform_skew_linked=&#8221;off&#8221; custom_margin=&#8221;-20px||||false|false&#8221; custom_padding=&#8221;15px|50px|15px|30px|true|false&#8221; global_colors_info=&#8221;{}&#8221; button_bg_color__hover_enabled=&#8221;on&#8221; button_bg_color__hover=&#8221;rgba(0,0,0,0.06)&#8221;][\/et_pb_button][\/et_pb_column][et_pb_column type=&#8221;2_3&#8243; _builder_version=&#8221;4.24.3&#8243; _module_preset=&#8221;default&#8221; global_colors_info=&#8221;{}&#8221;][et_pb_text _builder_version=&#8221;4.27.4&#8243; _module_preset=&#8221;default&#8221; global_colors_info=&#8221;{}&#8221;]<\/p>\n\n<table id=\"tablepress-11\" class=\"tablepress tablepress-id-11\">\n<thead>\n<tr class=\"row-1\">\n\t<th class=\"column-1\">SIZE<\/th><th class=\"column-2\">XL<\/th><th class=\"column-3\">LI<\/th><th class=\"column-4\">SI<\/th><th class=\"column-5\"><img decoding=\"async\" src=\"\/wp-content\/uploads\/2024\/04\/ico-fuel.png\" \/><\/th><th class=\"column-6\"><img decoding=\"async\" src=\"\/wp-content\/uploads\/2024\/04\/ico-wet.png\" \/><\/th><th class=\"column-7\"><img src=\/wp-content\/uploads\/2024\/04\/ico-noise.png\" \/><\/th><th class=\"column-8\"><img decoding=\"async\" src=\"\/wp-content\/uploads\/2024\/04\/ico-grip-snow.png\" \/><\/th><th class=\"column-9\">EPREL<\/th>\n<\/tr>\n<\/thead>\n<tbody class=\"row-striping row-hover\">\n<tr class=\"row-2\">\n\t<td class=\"column-1\"><\/td><td class=\"column-2\"><\/td><td class=\"column-3\"><\/td><td class=\"column-4\"><\/td><td class=\"column-5\"><\/td><td class=\"column-6\"><\/td><td class=\"column-7\"><\/td><td class=\"column-8\"><\/td><td class=\"column-9\"><\/td>\n<\/tr>\n<tr class=\"row-3\">\n\t<td class=\"column-1\"><strong> 70 Series<\/strong><\/td><td class=\"column-2\"><\/td><td class=\"column-3\"><\/td><td class=\"column-4\"><\/td><td class=\"column-5\"><\/td><td class=\"column-6\"><\/td><td class=\"column-7\"><\/td><td class=\"column-8\"><\/td><td class=\"column-9\"><\/td>\n<\/tr>\n<tr class=\"row-4\">\n\t<td class=\"column-1\">195 70 R15<\/td><td class=\"column-2\"><\/td><td class=\"column-3\">104<\/td><td class=\"column-4\">S<\/td><td class=\"column-5\">D<\/td><td class=\"column-6\">D<\/td><td class=\"column-7\">73B<\/td><td class=\"column-8\"><i class=\"fa fa-check\" aria-hidden=\"true\"><\/i><\/td><td class=\"column-9\"><a href=\"https:\/\/eprel.ec.europa.eu\/screen\/product\/tyres\/2327258\" target=\"_blank\" rel=\"noopener\">Database<\/a><\/td>\n<\/tr>\n<tr class=\"row-5\">\n\t<td class=\"column-1\"><\/td><td class=\"column-2\"><\/td><td class=\"column-3\"><\/td><td class=\"column-4\"><\/td><td class=\"column-5\"><\/td><td class=\"column-6\"><\/td><td class=\"column-7\"><\/td><td class=\"column-8\"><\/td><td class=\"column-9\"><\/td>\n<\/tr>\n<tr class=\"row-6\">\n\t<td class=\"column-1\"><strong> 65 Series<\/strong><\/td><td class=\"column-2\"><\/td><td class=\"column-3\"><\/td><td class=\"column-4\"><\/td><td class=\"column-5\"><\/td><td class=\"column-6\"><\/td><td class=\"column-7\"><\/td><td class=\"column-8\"><\/td><td class=\"column-9\"><\/td>\n<\/tr>\n<tr class=\"row-7\">\n\t<td class=\"column-1\">195 65 R16<\/td><td class=\"column-2\"><\/td><td class=\"column-3\">104<\/td><td class=\"column-4\">T<\/td><td class=\"column-5\">D<\/td><td class=\"column-6\">D<\/td><td class=\"column-7\">73B<\/td><td class=\"column-8\"><i class=\"fa fa-check\" aria-hidden=\"true\"><\/i><\/td><td class=\"column-9\"><a href=\"https:\/\/eprel.ec.europa.eu\/screen\/product\/tyres\/2327254\" target=\"_blank\" rel=\"noopener\">Database<\/a><\/td>\n<\/tr>\n<tr class=\"row-8\">\n\t<td class=\"column-1\">205 65 R16<\/td><td class=\"column-2\"><\/td><td class=\"column-3\">107<\/td><td class=\"column-4\">T<\/td><td class=\"column-5\">D<\/td><td class=\"column-6\">C<\/td><td class=\"column-7\">73B<\/td><td class=\"column-8\"><i class=\"fa fa-check\" aria-hidden=\"true\"><\/i><\/td><td class=\"column-9\"><a href=\"https:\/\/eprel.ec.europa.eu\/screen\/product\/tyres\/2326602\" target=\"_blank\" rel=\"noopener\">Database<\/a><\/td>\n<\/tr>\n<tr class=\"row-9\">\n\t<td class=\"column-1\">215 65 R16<\/td><td class=\"column-2\"><\/td><td class=\"column-3\">109<\/td><td class=\"column-4\">R<\/td><td class=\"column-5\">D<\/td><td class=\"column-6\">C<\/td><td class=\"column-7\">73B<\/td><td class=\"column-8\"><i class=\"fa fa-check\" aria-hidden=\"true\"><\/i><\/td><td class=\"column-9\"><a href=\"https:\/\/eprel.ec.europa.eu\/screen\/product\/tyres\/2326607\" target=\"_blank\" rel=\"noopener\">Database<\/a><\/td>\n<\/tr>\n<tr class=\"row-10\">\n\t<td class=\"column-1\">215 65 R16<\/td><td class=\"column-2\"><\/td><td class=\"column-3\">109<\/td><td class=\"column-4\">T<\/td><td class=\"column-5\">D<\/td><td class=\"column-6\">C<\/td><td class=\"column-7\">73B<\/td><td class=\"column-8\"><i class=\"fa fa-check\" aria-hidden=\"true\"><\/i><\/td><td class=\"column-9\"><a href=\"https:\/\/eprel.ec.europa.eu\/screen\/product\/tyres\/2327253\" target=\"_blank\" rel=\"noopener\">Database<\/a><\/td>\n<\/tr>\n<tr class=\"row-11\">\n\t<td class=\"column-1\">225 65 R16<\/td><td class=\"column-2\"><\/td><td class=\"column-3\">112<\/td><td class=\"column-4\">R<\/td><td class=\"column-5\">D<\/td><td class=\"column-6\">C<\/td><td class=\"column-7\">73B<\/td><td class=\"column-8\"><i class=\"fa fa-check\" aria-hidden=\"true\"><\/i><\/td><td class=\"column-9\"><a href=\"https:\/\/eprel.ec.europa.eu\/screen\/product\/tyres\/2326613\" target=\"_blank\" rel=\"noopener\">Database<\/a><\/td>\n<\/tr>\n<tr class=\"row-12\">\n\t<td class=\"column-1\">225 65 R16<\/td><td class=\"column-2\"><\/td><td class=\"column-3\">112<\/td><td class=\"column-4\">T<\/td><td class=\"column-5\">D<\/td><td class=\"column-6\">C<\/td><td class=\"column-7\">73B<\/td><td class=\"column-8\"><i class=\"fa fa-check\" aria-hidden=\"true\"><\/i><\/td><td class=\"column-9\"><a href=\"https:\/\/eprel.ec.europa.eu\/screen\/product\/tyres\/2326392\" target=\"_blank\" rel=\"noopener\">Database<\/a><\/td>\n<\/tr>\n<tr class=\"row-13\">\n\t<td class=\"column-1\">235 65 R16<\/td><td class=\"column-2\"><\/td><td class=\"column-3\">115<\/td><td class=\"column-4\">S<\/td><td class=\"column-5\">D<\/td><td class=\"column-6\">C<\/td><td class=\"column-7\">73B<\/td><td class=\"column-8\"><i class=\"fa fa-check\" aria-hidden=\"true\"><\/i><\/td><td class=\"column-9\"><a href=\"https:\/\/eprel.ec.europa.eu\/screen\/product\/tyres\/2327256\" target=\"_blank\" rel=\"noopener\">Database<\/a><\/td>\n<\/tr>\n<\/tbody>\n<\/table>\n<!-- #tablepress-11 from cache -->\n<p>[\/et_pb_text][et_pb_button button_url=&#8221;https:\/\/sentury-tyres.com\/pt-pt\/etiqueta-do-pneu\/&#8221; button_text=&#8221;Explica\u00e7\u00e3o da etiqueta do pneu&#8221; button_alignment=&#8221;left&#8221; _builder_version=&#8221;4.27.4&#8243; custom_button=&#8221;on&#8221; button_text_color=&#8221;#004472&#8243; button_bg_color=&#8221;#ffffff&#8221; button_bg_use_color_gradient=&#8221;on&#8221; button_bg_color_gradient_type=&#8221;elliptical&#8221; button_bg_color_gradient_direction_radial=&#8221;top right&#8221; button_bg_color_gradient_stops=&#8221;#f8ac00 0%|#ffd100 100%&#8221; button_border_width=&#8221;0px&#8221; button_border_color=&#8221;RGBA(255,255,255,0)&#8221; button_border_radius=&#8221;0px&#8221; button_letter_spacing=&#8221;0px&#8221; button_font=&#8221;Barlow|700|||||||&#8221; button_icon=&#8221;&#x24;||divi||400&#8243; button_on_hover=&#8221;off&#8221; transform_scale_linked=&#8221;off&#8221; transform_skew_linked=&#8221;off&#8221; custom_padding=&#8221;15px|50px|15px|30px|true|false&#8221; global_colors_info=&#8221;{}&#8221; button_bg_color__hover_enabled=&#8221;on&#8221; button_bg_color__hover=&#8221;rgba(0,0,0,0.06)&#8221; custom_css_main_element_last_edited=&#8221;on|phone&#8221;][\/et_pb_button][\/et_pb_column][\/et_pb_row][\/et_pb_section]<\/p>\n","protected":false},"excerpt":{"rendered":"<p>Snow Star Dispon\u00edvel em\u00a015&#8243; &amp; 16&#8243; Pneu de inverno para carrinhas Drenagem r\u00e1pida de \u00e1gua e neve Dire\u00e7\u00e3o e travagem est\u00e1veis Ader\u00eancia extra gra\u00e7as ao padr\u00e3o 3D \n<table id=\"tablepress-11-no-2\" class=\"tablepress tablepress-id-11\">\n<thead>\n<tr class=\"row-1\">\n\t<th class=\"column-1\">SIZE<\/th><th class=\"column-2\">XL<\/th><th class=\"column-3\">LI<\/th><th class=\"column-4\">SI<\/th><th class=\"column-5\"><img decoding=\"async\" src=\"\/wp-content\/uploads\/2024\/04\/ico-fuel.png\" \/><\/th><th class=\"column-6\"><img decoding=\"async\" src=\"\/wp-content\/uploads\/2024\/04\/ico-wet.png\" \/><\/th><th class=\"column-7\"><img src=\/wp-content\/uploads\/2024\/04\/ico-noise.png\" \/><\/th><th class=\"column-8\"><img decoding=\"async\" src=\"\/wp-content\/uploads\/2024\/04\/ico-grip-snow.png\" \/><\/th><th class=\"column-9\">EPREL<\/th>\n<\/tr>\n<\/thead>\n<tbody class=\"row-striping row-hover\">\n<tr class=\"row-2\">\n\t<td class=\"column-1\"><\/td><td class=\"column-2\"><\/td><td class=\"column-3\"><\/td><td class=\"column-4\"><\/td><td class=\"column-5\"><\/td><td class=\"column-6\"><\/td><td class=\"column-7\"><\/td><td class=\"column-8\"><\/td><td class=\"column-9\"><\/td>\n<\/tr>\n<tr class=\"row-3\">\n\t<td class=\"column-1\"><strong> 70 Series<\/strong><\/td><td class=\"column-2\"><\/td><td class=\"column-3\"><\/td><td class=\"column-4\"><\/td><td class=\"column-5\"><\/td><td class=\"column-6\"><\/td><td class=\"column-7\"><\/td><td class=\"column-8\"><\/td><td class=\"column-9\"><\/td>\n<\/tr>\n<tr class=\"row-4\">\n\t<td class=\"column-1\">195 70 R15<\/td><td class=\"column-2\"><\/td><td class=\"column-3\">104<\/td><td class=\"column-4\">S<\/td><td class=\"column-5\">D<\/td><td class=\"column-6\">D<\/td><td class=\"column-7\">73B<\/td><td class=\"column-8\"><i class=\"fa fa-check\" aria-hidden=\"true\"><\/i><\/td><td class=\"column-9\"><a href=\"https:\/\/eprel.ec.europa.eu\/screen\/product\/tyres\/2327258\" target=\"_blank\" rel=\"noopener\">Database<\/a><\/td>\n<\/tr>\n<tr class=\"row-5\">\n\t<td class=\"column-1\"><\/td><td class=\"column-2\"><\/td><td class=\"column-3\"><\/td><td class=\"column-4\"><\/td><td class=\"column-5\"><\/td><td class=\"column-6\"><\/td><td class=\"column-7\"><\/td><td class=\"column-8\"><\/td><td class=\"column-9\"><\/td>\n<\/tr>\n<tr class=\"row-6\">\n\t<td class=\"column-1\"><strong> 65 Series<\/strong><\/td><td class=\"column-2\"><\/td><td class=\"column-3\"><\/td><td class=\"column-4\"><\/td><td class=\"column-5\"><\/td><td class=\"column-6\"><\/td><td class=\"column-7\"><\/td><td class=\"column-8\"><\/td><td class=\"column-9\"><\/td>\n<\/tr>\n<tr class=\"row-7\">\n\t<td class=\"column-1\">195 65 R16<\/td><td class=\"column-2\"><\/td><td class=\"column-3\">104<\/td><td class=\"column-4\">T<\/td><td class=\"column-5\">D<\/td><td class=\"column-6\">D<\/td><td class=\"column-7\">73B<\/td><td class=\"column-8\"><i class=\"fa fa-check\" aria-hidden=\"true\"><\/i><\/td><td class=\"column-9\"><a href=\"https:\/\/eprel.ec.europa.eu\/screen\/product\/tyres\/2327254\" target=\"_blank\" rel=\"noopener\">Database<\/a><\/td>\n<\/tr>\n<tr class=\"row-8\">\n\t<td class=\"column-1\">205 65 R16<\/td><td class=\"column-2\"><\/td><td class=\"column-3\">107<\/td><td class=\"column-4\">T<\/td><td class=\"column-5\">D<\/td><td class=\"column-6\">C<\/td><td class=\"column-7\">73B<\/td><td class=\"column-8\"><i class=\"fa fa-check\" aria-hidden=\"true\"><\/i><\/td><td class=\"column-9\"><a href=\"https:\/\/eprel.ec.europa.eu\/screen\/product\/tyres\/2326602\" target=\"_blank\" rel=\"noopener\">Database<\/a><\/td>\n<\/tr>\n<tr class=\"row-9\">\n\t<td class=\"column-1\">215 65 R16<\/td><td class=\"column-2\"><\/td><td class=\"column-3\">109<\/td><td class=\"column-4\">R<\/td><td class=\"column-5\">D<\/td><td class=\"column-6\">C<\/td><td class=\"column-7\">73B<\/td><td class=\"column-8\"><i class=\"fa fa-check\" aria-hidden=\"true\"><\/i><\/td><td class=\"column-9\"><a href=\"https:\/\/eprel.ec.europa.eu\/screen\/product\/tyres\/2326607\" target=\"_blank\" rel=\"noopener\">Database<\/a><\/td>\n<\/tr>\n<tr class=\"row-10\">\n\t<td class=\"column-1\">215 65 R16<\/td><td class=\"column-2\"><\/td><td class=\"column-3\">109<\/td><td class=\"column-4\">T<\/td><td class=\"column-5\">D<\/td><td class=\"column-6\">C<\/td><td class=\"column-7\">73B<\/td><td class=\"column-8\"><i class=\"fa fa-check\" aria-hidden=\"true\"><\/i><\/td><td class=\"column-9\"><a href=\"https:\/\/eprel.ec.europa.eu\/screen\/product\/tyres\/2327253\" target=\"_blank\" rel=\"noopener\">Database<\/a><\/td>\n<\/tr>\n<tr class=\"row-11\">\n\t<td class=\"column-1\">225 65 R16<\/td><td class=\"column-2\"><\/td><td class=\"column-3\">112<\/td><td class=\"column-4\">R<\/td><td class=\"column-5\">D<\/td><td class=\"column-6\">C<\/td><td class=\"column-7\">73B<\/td><td class=\"column-8\"><i class=\"fa fa-check\" aria-hidden=\"true\"><\/i><\/td><td class=\"column-9\"><a href=\"https:\/\/eprel.ec.europa.eu\/screen\/product\/tyres\/2326613\" target=\"_blank\" rel=\"noopener\">Database<\/a><\/td>\n<\/tr>\n<tr class=\"row-12\">\n\t<td class=\"column-1\">225 65 R16<\/td><td class=\"column-2\"><\/td><td class=\"column-3\">112<\/td><td class=\"column-4\">T<\/td><td class=\"column-5\">D<\/td><td class=\"column-6\">C<\/td><td class=\"column-7\">73B<\/td><td class=\"column-8\"><i class=\"fa fa-check\" aria-hidden=\"true\"><\/i><\/td><td class=\"column-9\"><a href=\"https:\/\/eprel.ec.europa.eu\/screen\/product\/tyres\/2326392\" target=\"_blank\" rel=\"noopener\">Database<\/a><\/td>\n<\/tr>\n<tr class=\"row-13\">\n\t<td class=\"column-1\">235 65 R16<\/td><td class=\"column-2\"><\/td><td class=\"column-3\">115<\/td><td class=\"column-4\">S<\/td><td class=\"column-5\">D<\/td><td class=\"column-6\">C<\/td><td class=\"column-7\">73B<\/td><td class=\"column-8\"><i class=\"fa fa-check\" aria-hidden=\"true\"><\/i><\/td><td class=\"column-9\"><a href=\"https:\/\/eprel.ec.europa.eu\/screen\/product\/tyres\/2327256\" target=\"_blank\" rel=\"noopener\">Database<\/a><\/td>\n<\/tr>\n<\/tbody>\n<\/table>\n<\/p>\n","protected":false},"author":1,"featured_media":0,"parent":3890,"menu_order":0,"comment_status":"closed","ping_status":"closed","template":"","meta":{"_et_pb_use_builder":"on","_et_pb_old_content":"","_et_gb_content_width":"1080","footnotes":""},"class_list":["post-3459","page","type-page","status-publish","hentry"],"yoast_head":"<!-- This site is optimized with the Yoast SEO plugin v27.3 - https:\/\/yoast.com\/product\/yoast-seo-wordpress\/ -->\n<title>Snow Star | Sentury tyres<\/title>\n<meta name=\"description\" content=\"O Sentury Snow Star est\u00e1 dispon\u00edvel em 15 e 16 polegadas e foi criado especialmente para carrinhas.\" \/>\n<meta name=\"robots\" content=\"index, follow, max-snippet:-1, max-image-preview:large, max-video-preview:-1\" \/>\n<link rel=\"canonical\" href=\"https:\/\/sentury-tyres.com\/winterbanden\/snow-star\/\" \/>\n<meta property=\"og:locale\" content=\"pt_PT\" \/>\n<meta property=\"og:type\" content=\"article\" \/>\n<meta property=\"og:title\" content=\"Snow Star | Sentury tyres\" \/>\n<meta property=\"og:description\" content=\"O Sentury Snow Star est\u00e1 dispon\u00edvel em 15 e 16 polegadas e foi criado especialmente para carrinhas.\" \/>\n<meta property=\"og:url\" content=\"https:\/\/sentury-tyres.com\/winterbanden\/snow-star\/\" \/>\n<meta property=\"og:site_name\" content=\"Sentury tyres\" \/>\n<meta property=\"article:modified_time\" content=\"2026-03-26T15:54:37+00:00\" \/>\n<meta name=\"twitter:card\" content=\"summary_large_image\" \/>\n<meta name=\"twitter:label1\" content=\"Tempo estimado de leitura\" \/>\n\t<meta name=\"twitter:data1\" content=\"2 minutos\" \/>\n<script type=\"application\/ld+json\" class=\"yoast-schema-graph\">{\"@context\":\"https:\\\/\\\/schema.org\",\"@graph\":[{\"@type\":\"WebPage\",\"@id\":\"https:\\\/\\\/sentury-tyres.com\\\/winterbanden\\\/snow-star\\\/\",\"url\":\"https:\\\/\\\/sentury-tyres.com\\\/winterbanden\\\/snow-star\\\/\",\"name\":\"Snow Star | Sentury tyres\",\"isPartOf\":{\"@id\":\"https:\\\/\\\/sentury-tyres.com\\\/#website\"},\"datePublished\":\"2025-07-30T10:07:42+00:00\",\"dateModified\":\"2026-03-26T15:54:37+00:00\",\"description\":\"O Sentury Snow Star est\u00e1 dispon\u00edvel em 15 e 16 polegadas e foi criado especialmente para carrinhas.\",\"breadcrumb\":{\"@id\":\"https:\\\/\\\/sentury-tyres.com\\\/winterbanden\\\/snow-star\\\/#breadcrumb\"},\"inLanguage\":\"pt-PT\",\"potentialAction\":[{\"@type\":\"ReadAction\",\"target\":[\"https:\\\/\\\/sentury-tyres.com\\\/winterbanden\\\/snow-star\\\/\"]}]},{\"@type\":\"BreadcrumbList\",\"@id\":\"https:\\\/\\\/sentury-tyres.com\\\/winterbanden\\\/snow-star\\\/#breadcrumb\",\"itemListElement\":[{\"@type\":\"ListItem\",\"position\":1,\"name\":\"Home\",\"item\":\"https:\\\/\\\/sentury-tyres.com\\\/\"},{\"@type\":\"ListItem\",\"position\":2,\"name\":\"Pneus inverno\",\"item\":\"https:\\\/\\\/sentury-tyres.com\\\/pt-pt\\\/pneus-inverno\\\/\"},{\"@type\":\"ListItem\",\"position\":3,\"name\":\"Snow Star\"}]},{\"@type\":\"WebSite\",\"@id\":\"https:\\\/\\\/sentury-tyres.com\\\/#website\",\"url\":\"https:\\\/\\\/sentury-tyres.com\\\/\",\"name\":\"Sentury tyres\",\"description\":\"Drive with confidence\",\"potentialAction\":[{\"@type\":\"SearchAction\",\"target\":{\"@type\":\"EntryPoint\",\"urlTemplate\":\"https:\\\/\\\/sentury-tyres.com\\\/?s={search_term_string}\"},\"query-input\":{\"@type\":\"PropertyValueSpecification\",\"valueRequired\":true,\"valueName\":\"search_term_string\"}}],\"inLanguage\":\"pt-PT\"}]}<\/script>\n<!-- \/ Yoast SEO plugin. -->","yoast_head_json":{"title":"Snow Star | Sentury tyres","description":"O Sentury Snow Star est\u00e1 dispon\u00edvel em 15 e 16 polegadas e foi criado especialmente para carrinhas.","robots":{"index":"index","follow":"follow","max-snippet":"max-snippet:-1","max-image-preview":"max-image-preview:large","max-video-preview":"max-video-preview:-1"},"canonical":"https:\/\/sentury-tyres.com\/winterbanden\/snow-star\/","og_locale":"pt_PT","og_type":"article","og_title":"Snow Star | Sentury tyres","og_description":"O Sentury Snow Star est\u00e1 dispon\u00edvel em 15 e 16 polegadas e foi criado especialmente para carrinhas.","og_url":"https:\/\/sentury-tyres.com\/winterbanden\/snow-star\/","og_site_name":"Sentury tyres","article_modified_time":"2026-03-26T15:54:37+00:00","twitter_card":"summary_large_image","twitter_misc":{"Tempo estimado de leitura":"2 minutos"},"schema":{"@context":"https:\/\/schema.org","@graph":[{"@type":"WebPage","@id":"https:\/\/sentury-tyres.com\/winterbanden\/snow-star\/","url":"https:\/\/sentury-tyres.com\/winterbanden\/snow-star\/","name":"Snow Star | Sentury tyres","isPartOf":{"@id":"https:\/\/sentury-tyres.com\/#website"},"datePublished":"2025-07-30T10:07:42+00:00","dateModified":"2026-03-26T15:54:37+00:00","description":"O Sentury Snow Star est\u00e1 dispon\u00edvel em 15 e 16 polegadas e foi criado especialmente para carrinhas.","breadcrumb":{"@id":"https:\/\/sentury-tyres.com\/winterbanden\/snow-star\/#breadcrumb"},"inLanguage":"pt-PT","potentialAction":[{"@type":"ReadAction","target":["https:\/\/sentury-tyres.com\/winterbanden\/snow-star\/"]}]},{"@type":"BreadcrumbList","@id":"https:\/\/sentury-tyres.com\/winterbanden\/snow-star\/#breadcrumb","itemListElement":[{"@type":"ListItem","position":1,"name":"Home","item":"https:\/\/sentury-tyres.com\/"},{"@type":"ListItem","position":2,"name":"Pneus inverno","item":"https:\/\/sentury-tyres.com\/pt-pt\/pneus-inverno\/"},{"@type":"ListItem","position":3,"name":"Snow Star"}]},{"@type":"WebSite","@id":"https:\/\/sentury-tyres.com\/#website","url":"https:\/\/sentury-tyres.com\/","name":"Sentury tyres","description":"Drive with confidence","potentialAction":[{"@type":"SearchAction","target":{"@type":"EntryPoint","urlTemplate":"https:\/\/sentury-tyres.com\/?s={search_term_string}"},"query-input":{"@type":"PropertyValueSpecification","valueRequired":true,"valueName":"search_term_string"}}],"inLanguage":"pt-PT"}]}},"_links":{"self":[{"href":"https:\/\/sentury-tyres.com\/pt-pt\/wp-json\/wp\/v2\/pages\/3459","targetHints":{"allow":["GET"]}}],"collection":[{"href":"https:\/\/sentury-tyres.com\/pt-pt\/wp-json\/wp\/v2\/pages"}],"about":[{"href":"https:\/\/sentury-tyres.com\/pt-pt\/wp-json\/wp\/v2\/types\/page"}],"author":[{"embeddable":true,"href":"https:\/\/sentury-tyres.com\/pt-pt\/wp-json\/wp\/v2\/users\/1"}],"replies":[{"embeddable":true,"href":"https:\/\/sentury-tyres.com\/pt-pt\/wp-json\/wp\/v2\/comments?post=3459"}],"version-history":[{"count":9,"href":"https:\/\/sentury-tyres.com\/pt-pt\/wp-json\/wp\/v2\/pages\/3459\/revisions"}],"predecessor-version":[{"id":4958,"href":"https:\/\/sentury-tyres.com\/pt-pt\/wp-json\/wp\/v2\/pages\/3459\/revisions\/4958"}],"up":[{"embeddable":true,"href":"https:\/\/sentury-tyres.com\/pt-pt\/wp-json\/wp\/v2\/pages\/3890"}],"wp:attachment":[{"href":"https:\/\/sentury-tyres.com\/pt-pt\/wp-json\/wp\/v2\/media?parent=3459"}],"curies":[{"name":"wp","href":"https:\/\/api.w.org\/{rel}","templated":true}]}}