{"id":1277,"date":"2024-04-05T12:28:15","date_gmt":"2024-04-05T12:28:15","guid":{"rendered":"https:\/\/sentury-tyres.com\/bandenlabel\/"},"modified":"2026-03-26T15:54:22","modified_gmt":"2026-03-26T15:54:22","slug":"etiqueta-do-pneu","status":"publish","type":"page","link":"https:\/\/sentury-tyres.com\/pt-pt\/etiqueta-do-pneu\/","title":{"rendered":"Etiqueta do pneu"},"content":{"rendered":"<p>[et_pb_section fb_built=&#8221;1&#8243; _builder_version=&#8221;4.24.3&#8243; _module_preset=&#8221;default&#8221; global_colors_info=&#8221;{}&#8221;][et_pb_row _builder_version=&#8221;4.24.3&#8243; _module_preset=&#8221;default&#8221; global_colors_info=&#8221;{}&#8221;][et_pb_column type=&#8221;4_4&#8243; _builder_version=&#8221;4.24.3&#8243; _module_preset=&#8221;default&#8221; global_colors_info=&#8221;{}&#8221;][et_pb_text _builder_version=&#8221;4.25.1&#8243; _module_preset=&#8221;default&#8221; global_colors_info=&#8221;{}&#8221;]<\/p>\n<h2>O que \u00e9 uma etiqueta de pneu?<\/h2>\n<p><span>Desde o dia 1 de Novembro de 2012 que os pneus novos t\u00eam de possuir uma Etiqueta de Efici\u00eancias, sendo a Uni\u00e3o Europeia respons\u00e1vel pela sua legisla\u00e7\u00e3o, como especificado no artigo n\u00ba 1222\/2009 da regulamenta\u00e7\u00e3o Europeia para a rotulagem dos pneus, utilizada em ve\u00edculos ligeiros (C1), comerciais ligeiros (C2), comerciais pesados (C3), com algumas exce\u00e7\u00f5es.\u00a0\u00a0<\/span><\/p>\n<p>[\/et_pb_text][\/et_pb_column][\/et_pb_row][et_pb_row column_structure=&#8221;1_4,3_4&#8243; _builder_version=&#8221;4.24.3&#8243; _module_preset=&#8221;default&#8221; global_colors_info=&#8221;{}&#8221;][et_pb_column type=&#8221;1_4&#8243; _builder_version=&#8221;4.24.3&#8243; _module_preset=&#8221;default&#8221; global_colors_info=&#8221;{}&#8221;][et_pb_image src=&#8221;https:\/\/sentury-tyres.com\/wp-content\/uploads\/2024\/04\/Label_Qirin990.png&#8221; title_text=&#8221;Label_Qirin990&#8243; _builder_version=&#8221;4.24.3&#8243; _module_preset=&#8221;default&#8221; global_colors_info=&#8221;{}&#8221;][\/et_pb_image][\/et_pb_column][et_pb_column type=&#8221;3_4&#8243; _builder_version=&#8221;4.24.3&#8243; _module_preset=&#8221;default&#8221; global_colors_info=&#8221;{}&#8221;][et_pb_text _builder_version=&#8221;4.25.1&#8243; _module_preset=&#8221;default&#8221; global_colors_info=&#8221;{}&#8221;]<\/p>\n<p>A objetivo dessa etiqueta \u00e9 aumentar ambos, a efici\u00eancia econ\u00f3mica e ambiental dos transportes rodovi\u00e1rios, atrav\u00e9s da promo\u00e7\u00e3o de pneus com efici\u00eancia energ\u00e9tica, baixo n\u00edvel de ru\u00eddo e seguros.<\/p>\n<p>A etiqueta energ\u00e9tica \u00e9 obrigat\u00f3rio em todos os pneus das categorias C1, C2 e C3, e tem de estar vis\u00edvel nos pontos de venda desde o dia 1 de Julho de 2012 (DOT2712).Esse processo certifica o quanto eficiente \u00e9 o pneu, seguro e ecol\u00f3gico. Esta informa\u00e7\u00e3o pode ajud\u00e1-lo numa melhor escolha de pneus.<\/p>\n<p>Embora sejam especificados apenas 3 crit\u00e9rios na etiqueta, existem de facto 50 no total da avalia\u00e7\u00e3o da qualidade do pneu, por exemplo: resist\u00eancia do piso (efici\u00eancia nos quil\u00f3metros), travagem em piso seco, travagem na neve, travagem no gelo, n\u00edvel de ru\u00eddo no interior do ve\u00edculo, condu\u00e7\u00e3o e aquaplanagem.\u00a0<\/p>\n<p>[\/et_pb_text][\/et_pb_column][\/et_pb_row][et_pb_row _builder_version=&#8221;4.24.3&#8243; _module_preset=&#8221;default&#8221; global_colors_info=&#8221;{}&#8221;][et_pb_column type=&#8221;4_4&#8243; _builder_version=&#8221;4.24.3&#8243; _module_preset=&#8221;default&#8221; global_colors_info=&#8221;{}&#8221;][et_pb_text _builder_version=&#8221;4.25.1&#8243; _module_preset=&#8221;default&#8221; global_colors_info=&#8221;{}&#8221;]<\/p>\n<h3>Informa\u00e7\u00f5es sobre os cinco crit\u00e9rios de desempenho do r\u00f3tulo do pneu<\/h3>\n<p>O r\u00f3tulo do pneu indica um valor (classe) para os cinco crit\u00e9rios seguintes:<\/p>\n<p>[\/et_pb_text][et_pb_tabs active_tab_background_color=&#8221;#E09900&#8243; inactive_tab_background_color=&#8221;#004472&#8243; active_tab_text_color=&#8221;#FFFFFF&#8221; disabled_on=&#8221;off|on|on&#8221; _builder_version=&#8221;4.26.0&#8243; _module_preset=&#8221;default&#8221; tab_text_color=&#8221;#FFFFFF&#8221; global_colors_info=&#8221;{}&#8221;][et_pb_tab title=&#8221;Efici\u00eancia energ\u00e9tica&#8221; _builder_version=&#8221;4.26.0&#8243; _module_preset=&#8221;default&#8221; global_colors_info=&#8221;{}&#8221;]<\/p>\n<p style=\"text-align: center;\"><img loading=\"lazy\" decoding=\"async\" src=\"https:\/\/sentury-tyres.com\/wp-content\/uploads\/2024\/04\/fuel-efficiency.png\" width=\"142\" height=\"142\" alt=\"\" class=\"wp-image-199 alignnone size-full\" style=\"font-family: inherit; font-size: inherit;\" \/><\/p>\n<p><em>5 classe<\/em><em style=\"font-family: inherit; font-size: inherit;\">s de A (mais econ\u00f3mico) a E (menos econ\u00f3mico).<\/em><\/p>\n<p>O consumo de combust\u00edvel de um ve\u00edculo depende de factores como o tipo de motor, a velocidade, o tipo de piso, as condi\u00e7\u00f5es meteorol\u00f3gicas, etc. A resist\u00eancia ao rolamento dos pneus \u00e9 respons\u00e1vel por cerca de 20% do consumo de combust\u00edvel. Um menor consumo de combust\u00edvel significa menores custos de combust\u00edvel e menos emiss\u00f5es de CO2. A diferen\u00e7a entre a classe A e a classe G pode ir at\u00e9 7,5% para os pneus dos ve\u00edculos de passageiros (C1) e at\u00e9 15% para os pneus dos ve\u00edculos comerciais (C3).<\/p>\n<p>&nbsp;<\/p>\n<p>[\/et_pb_tab][et_pb_tab title=&#8221;Ader\u00eancia em h\u00famido&#8221; _builder_version=&#8221;4.26.0&#8243; _module_preset=&#8221;default&#8221; global_colors_info=&#8221;{}&#8221;]<\/p>\n<p style=\"text-align: center;\"><img loading=\"lazy\" decoding=\"async\" src=\"https:\/\/sentury-tyres.com\/wp-content\/uploads\/2024\/04\/wet-grip.png\" width=\"142\" height=\"142\" alt=\"\" class=\"wp-image-206 alignnone size-full\" style=\"font-family: inherit; font-size: inherit;\" \/><\/p>\n<p><em>5 class<\/em><em style=\"font-family: inherit; font-size: inherit;\">es de A (a dist\u00e2ncia de travagem mais curta) a E (a dist\u00e2ncia de travagem mais longa).<\/em><\/p>\n<p>A ader\u00eancia de um pneu em estradas molhadas pode variar devido ao tipo de ve\u00edculo, \u00e0s condi\u00e7\u00f5es climat\u00e9ricas e ao piso, entre outros factores. Uma boa ader\u00eancia \u00e9 importante em termos de seguran\u00e7a. Na pr\u00e1tica, a dist\u00e2ncia de travagem de um pneu de classe A ser\u00e1 cerca de 18 metros (30%) mais curta do que a de um pneu de classe E, quando a travagem \u00e9 m\u00e1xima.<\/p>\n<p>&nbsp;<\/p>\n<p>[\/et_pb_tab][et_pb_tab title=&#8221;Ru\u00eddo de rolamento&#8221; _builder_version=&#8221;4.26.0&#8243; _module_preset=&#8221;default&#8221; global_colors_info=&#8221;{}&#8221;]<\/p>\n<p style=\"text-align: center;\"><img loading=\"lazy\" decoding=\"async\" src=\"https:\/\/sentury-tyres.com\/wp-content\/uploads\/2024\/04\/rolling-noise.png\" width=\"142\" height=\"142\" alt=\"\" class=\"wp-image-207 alignnone size-full\" style=\"font-family: inherit; font-size: inherit;\" \/><\/p>\n<p><em>3 classes d<\/em><em style=\"font-family: inherit; font-size: inherit;\">e n\u00edvel de ru\u00eddo exterior de rolamento, o valor medido em dB.<\/em><\/p>\n<p>Por ru\u00eddo exterior de rolamento, entende-se o ru\u00eddo de tr\u00e1fego causado pelo pneu. Para al\u00e9m do n\u00edvel de ru\u00eddo em decib\u00e9is (dB), o pictograma tamb\u00e9m indica o n\u00edvel de ru\u00eddo A, B ou C.<\/p>\n<p>Nota: <em>N\u00e3o existe uma correla\u00e7\u00e3o direta entre o ru\u00eddo exterior (fora do autom\u00f3vel) e o ru\u00eddo interior (dentro do autom\u00f3vel) de rolamento dos pneus.<\/em><\/p>\n<p>[\/et_pb_tab][et_pb_tab title=&#8221;Ader\u00eancia na neve&#8221; _builder_version=&#8221;4.26.0&#8243; _module_preset=&#8221;default&#8221; global_colors_info=&#8221;{}&#8221;]<\/p>\n<p style=\"text-align: center;\"><img loading=\"lazy\" decoding=\"async\" src=\"https:\/\/sentury-tyres.com\/wp-content\/uploads\/2024\/04\/snow-grip.png\" width=\"142\" height=\"142\" alt=\"\" class=\"wp-image-209 alignnone size-full\" \/><\/p>\n<p>Os pneus com\u00a0o s\u00edmbolo de neve cumprem os valores m\u00ednimos do \u00edndice de ader\u00eancia \u00e0 neve especificados no Regulamento n.\u00ba 117 da UNECE e s\u00e3o adequados para utiliza\u00e7\u00e3o em condi\u00e7\u00f5es de neve intensa. O s\u00edmbolo de neve pode ser encontrado nos pneus de inverno e em muitos pneus para todas as esta\u00e7\u00f5es.<\/p>\n<p>&nbsp;<\/p>\n<p>[\/et_pb_tab][et_pb_tab title=&#8221;Ader\u00eancia no gelo&#8221; _builder_version=&#8221;4.26.0&#8243; _module_preset=&#8221;default&#8221; global_colors_info=&#8221;{}&#8221;]<\/p>\n<p style=\"text-align: center;\"><img loading=\"lazy\" decoding=\"async\" src=\"https:\/\/sentury-tyres.com\/wp-content\/uploads\/2024\/04\/ice-grip.png\" width=\"142\" height=\"142\" alt=\"\" class=\"wp-image-208 alignnone size-full\" style=\"font-family: inherit; font-size: inherit;\" \/><\/p>\n<p>Os pneus <span style=\"font-family: inherit; font-size: inherit;\">com o s\u00edmbolo de gelo cumprem os valores m\u00ednimos do \u00edndice de ader\u00eancia e s\u00e3o adequados para utiliza\u00e7\u00e3o em condi\u00e7\u00f5es de neve e gelo muito intensas.<\/span><\/p>\n<p>De momento, o s\u00edmbolo de gelo s\u00f3 pode aparecer nos r\u00f3tulos dos pneus dos ve\u00edculos ligeiros de passageiros.<\/p>\n<p>&nbsp;<\/p>\n<p>[\/et_pb_tab][\/et_pb_tabs][et_pb_tabs active_tab_background_color=&#8221;#E09900&#8243; inactive_tab_background_color=&#8221;#004472&#8243; active_tab_text_color=&#8221;#FFFFFF&#8221; disabled_on=&#8221;on|off|off&#8221; _builder_version=&#8221;4.26.0&#8243; _module_preset=&#8221;default&#8221; tab_text_color=&#8221;#FFFFFF&#8221; global_colors_info=&#8221;{}&#8221;][et_pb_tab title=&#8221;Efici\u00eancia energ\u00e9tica&#8221; _builder_version=&#8221;4.25.1&#8243; _module_preset=&#8221;default&#8221; global_colors_info=&#8221;{}&#8221;]<\/p>\n<table border=\"0\" style=\"border-collapse: collapse; width: 100%; border: transparent!important;\">\n<tbody>\n<tr>\n<td style=\"width: 15%; border: transparent !important;\"><img loading=\"lazy\" decoding=\"async\" src=\"https:\/\/sentury-tyres.com\/wp-content\/uploads\/2024\/04\/fuel-efficiency.png\" width=\"142\" height=\"142\" alt=\"\" class=\"wp-image-199 alignnone size-full\" \/><\/td>\n<td style=\"width: 85%; border: transparent !important;\">\n<p><em>5 classes de A (mais econ\u00f3mico) a E (menos econ\u00f3mico).<\/em><\/p>\n<p>O consumo de combust\u00edvel de um ve\u00edculo depende de factores como o tipo de motor, a velocidade, o tipo de piso, as condi\u00e7\u00f5es meteorol\u00f3gicas, etc. A resist\u00eancia ao rolamento dos pneus \u00e9 respons\u00e1vel por cerca de 20% do consumo de combust\u00edvel. Um menor consumo de combust\u00edvel significa menores custos de combust\u00edvel e menos emiss\u00f5es de CO2. A diferen\u00e7a entre a classe A e a classe G pode ir at\u00e9 7,5% para os pneus dos ve\u00edculos de passageiros (C1) e at\u00e9 15% para os pneus dos ve\u00edculos comerciais (C3).<\/p>\n<\/td>\n<\/tr>\n<\/tbody>\n<\/table>\n<p>[\/et_pb_tab][et_pb_tab title=&#8221;Ader\u00eancia em h\u00famido&#8221; _builder_version=&#8221;4.25.1&#8243; _module_preset=&#8221;default&#8221; global_colors_info=&#8221;{}&#8221;]<\/p>\n<table border=\"0\" style=\"border-collapse: collapse; width: 100%; border: transparent!important;\">\n<tbody>\n<tr>\n<td style=\"width: 15%; border: transparent !important;\"><img loading=\"lazy\" decoding=\"async\" src=\"https:\/\/sentury-tyres.com\/wp-content\/uploads\/2024\/04\/wet-grip.png\" width=\"142\" height=\"142\" alt=\"\" class=\"wp-image-206 alignnone size-full\" \/><\/td>\n<td style=\"width: 85%; border: transparent !important;\">\n<p><em>5 classes de A (a dist\u00e2ncia de travagem mais curta) a E (a dist\u00e2ncia de travagem mais longa).<\/em><\/p>\n<p>A ader\u00eancia de um pneu em estradas molhadas pode variar devido ao tipo de ve\u00edculo, \u00e0s condi\u00e7\u00f5es climat\u00e9ricas e ao piso, entre outros factores. Uma boa ader\u00eancia \u00e9 importante em termos de seguran\u00e7a. Na pr\u00e1tica, a dist\u00e2ncia de travagem de um pneu de classe A ser\u00e1 cerca de 18 metros (30%) mais curta do que a de um pneu de classe E, quando a travagem \u00e9 m\u00e1xima.<\/p>\n<\/td>\n<\/tr>\n<\/tbody>\n<\/table>\n<p>[\/et_pb_tab][et_pb_tab title=&#8221;Ru\u00eddo de rolamento&#8221; _builder_version=&#8221;4.25.1&#8243; _module_preset=&#8221;default&#8221; global_colors_info=&#8221;{}&#8221;]<\/p>\n<table border=\"0\" style=\"border-collapse: collapse; width: 100%; border: transparent!important;\">\n<tbody>\n<tr>\n<td style=\"width: 15%; border: transparent !important;\"><img loading=\"lazy\" decoding=\"async\" src=\"https:\/\/sentury-tyres.com\/wp-content\/uploads\/2024\/04\/rolling-noise.png\" width=\"142\" height=\"142\" alt=\"\" class=\"wp-image-207 alignnone size-full\" \/><\/td>\n<td style=\"width: 85%; border: transparent !important;\">\n<p><em>3 classes de n\u00edvel de ru\u00eddo exterior de rolamento, o valor medido em dB.<\/em><\/p>\n<p>Por ru\u00eddo exterior de rolamento, entende-se o ru\u00eddo de tr\u00e1fego causado pelo pneu. Para al\u00e9m do n\u00edvel de ru\u00eddo em decib\u00e9is (dB), o pictograma tamb\u00e9m indica o n\u00edvel de ru\u00eddo A, B ou C.<\/p>\n<p>Nota: <em>N\u00e3o existe uma correla\u00e7\u00e3o direta entre o ru\u00eddo exterior (fora do autom\u00f3vel) e o ru\u00eddo interior (dentro do autom\u00f3vel) de rolamento dos pneus.<\/em><\/p>\n<\/td>\n<\/tr>\n<\/tbody>\n<\/table>\n<p>[\/et_pb_tab][et_pb_tab title=&#8221;Ader\u00eancia na neve&#8221; _builder_version=&#8221;4.25.1&#8243; _module_preset=&#8221;default&#8221; global_colors_info=&#8221;{}&#8221;]<\/p>\n<table border=\"0\" style=\"border-collapse: collapse; width: 100%; border: transparent!important;\">\n<tbody>\n<tr>\n<td style=\"width: 15%; border: transparent !important;\"><img loading=\"lazy\" decoding=\"async\" src=\"https:\/\/sentury-tyres.com\/wp-content\/uploads\/2024\/04\/snow-grip.png\" width=\"142\" height=\"142\" alt=\"\" class=\"wp-image-209 alignnone size-full\" \/><\/td>\n<td style=\"width: 85%; border: transparent !important;\">Os pneus com o s\u00edmbolo de neve cumprem os valores m\u00ednimos do \u00edndice de ader\u00eancia \u00e0 neve especificados no Regulamento n.\u00ba 117 da UNECE e s\u00e3o adequados para utiliza\u00e7\u00e3o em condi\u00e7\u00f5es de neve intensa. O s\u00edmbolo de neve pode ser encontrado nos pneus de inverno e em muitos pneus para todas as esta\u00e7\u00f5es.<\/td>\n<\/tr>\n<\/tbody>\n<\/table>\n<p>[\/et_pb_tab][et_pb_tab title=&#8221;Ader\u00eancia no gelo&#8221; _builder_version=&#8221;4.25.1&#8243; _module_preset=&#8221;default&#8221; global_colors_info=&#8221;{}&#8221;]<\/p>\n<table border=\"0\" style=\"border-collapse: collapse; width: 100%; border: transparent!important;\">\n<tbody>\n<tr>\n<td style=\"width: 15%; border: transparent !important;\"><img loading=\"lazy\" decoding=\"async\" src=\"https:\/\/sentury-tyres.com\/wp-content\/uploads\/2024\/04\/ice-grip.png\" width=\"142\" height=\"142\" alt=\"\" class=\"wp-image-208 alignnone size-full\" \/><\/td>\n<td style=\"width: 85%; border: transparent !important;\">\n<p>Os pneus com o s\u00edmbolo de gelo cumprem os valores m\u00ednimos do \u00edndice de ader\u00eancia e s\u00e3o adequados para utiliza\u00e7\u00e3o em condi\u00e7\u00f5es de neve e gelo muito intensas.<\/p>\n<p>De momento, o s\u00edmbolo de gelo s\u00f3 pode aparecer nos r\u00f3tulos dos pneus dos ve\u00edculos ligeiros de passageiros.<\/p>\n<\/td>\n<\/tr>\n<\/tbody>\n<\/table>\n<p>[\/et_pb_tab][\/et_pb_tabs][et_pb_text _builder_version=&#8221;4.25.1&#8243; _module_preset=&#8221;default&#8221; global_colors_info=&#8221;{}&#8221;]<\/p>\n<p>A UE tem a chamada &#8220;Base de dados europeia de produtos para rotulagem energ\u00e9tica (EPREL)&#8221;. Desde 1 de maio de 2021, os dados dos pneus (r\u00f3tulos) podem ser consultados na base de dados. Existe tamb\u00e9m um c\u00f3digo QR no r\u00f3tulo do pneu que acabar\u00e1 por disponibilizar a todos os utilizadores os dados da ficha de dados do produto, tal como indicado no anexo III do Regulamento (UE) 2020\/740*.<br \/>Referindo-nos ao referido Regulamento Europeu (UE) 2020\/740, salientamos que, antes de mais, o comportamento do condutor determina o consumo de combust\u00edvel e a seguran\u00e7a rodovi\u00e1ria e, em particular, que:<\/p>\n<p>&#8211; Uma condu\u00e7\u00e3o ecologicamente respons\u00e1vel pode reduzir significativamente o consumo de combust\u00edvel<br \/>&#8211; A press\u00e3o dos pneus deve ser verificada regularmente para otimizar a efici\u00eancia do combust\u00edvel e a ader\u00eancia em pavimento molhado<br \/>&#8211; As dist\u00e2ncias de circula\u00e7\u00e3o devem ser sempre rigorosamente respeitadas<\/p>\n<p>Este regulamento n\u00e3o se aplica a:<br \/>&#8211; Pneus profissionais todo-o-terreno;<br \/>&#8211; Pneus concebidos para serem montados apenas em ve\u00edculos matriculados pela primeira vez antes de 1 de outubro de 1990;<br \/>&#8211; Pneus T-spare para utiliza\u00e7\u00e3o tempor\u00e1ria;<br \/>&#8211; Pneus da categoria de velocidade inferior a 80 km\/h; e) Pneus com um di\u00e2metro nominal de jante inferior a 254 mm ou superior a 635 mm;<br \/>&#8211; Pneus equipados com dispositivos que aumentam a tra\u00e7\u00e3o, como os pneus com pregos;<br \/>&#8211; Pneus concebidos para serem montados apenas em ve\u00edculos destinados exclusivamente a corridas;<br \/>&#8211; Pneus em segunda m\u00e3o, exceto se importados de um pa\u00eds terceiro.<\/p>\n<p>*<strong>Fonte:<\/strong> <span style=\"text-decoration: underline;\"><a href=\"https:\/\/eur-lex.europa.eu\/legal-content\/EN\/ALL\/?uri=CELEX%3A32020R0740\">Regulamento (UE) 2020\/740 do Parlamento Europeu e do Conselho<\/a><\/span><\/p>\n<p>[\/et_pb_text][\/et_pb_column][\/et_pb_row][\/et_pb_section]<\/p>\n","protected":false},"excerpt":{"rendered":"<p>O que \u00e9 uma etiqueta de pneu? Desde o dia 1 de Novembro de 2012 que os pneus novos t\u00eam de possuir uma Etiqueta de Efici\u00eancias, sendo a Uni\u00e3o Europeia respons\u00e1vel pela sua legisla\u00e7\u00e3o, como especificado no artigo n\u00ba 1222\/2009 da regulamenta\u00e7\u00e3o Europeia para a rotulagem dos pneus, utilizada em ve\u00edculos ligeiros (C1), comerciais ligeiros [&hellip;]<\/p>\n","protected":false},"author":1,"featured_media":0,"parent":0,"menu_order":0,"comment_status":"closed","ping_status":"closed","template":"","meta":{"_et_pb_use_builder":"on","_et_pb_old_content":"<!-- wp:divi\/placeholder \/-->","_et_gb_content_width":"","footnotes":""},"class_list":["post-1277","page","type-page","status-publish","hentry"],"yoast_head":"<!-- This site is optimized with the Yoast SEO plugin v27.3 - https:\/\/yoast.com\/product\/yoast-seo-wordpress\/ -->\n<title>Etiqueta do pneu | Sentury tyres<\/title>\n<meta name=\"description\" content=\"Os pneus Sentury Tyres t\u00eam bons valores de etiqueta. Nesta p\u00e1gina, explicamos o que significa a etiqueta europeia de pneus.\" \/>\n<meta name=\"robots\" content=\"index, follow, max-snippet:-1, max-image-preview:large, max-video-preview:-1\" \/>\n<link rel=\"canonical\" href=\"https:\/\/sentury-tyres.com\/bandenlabel\/\" \/>\n<meta property=\"og:locale\" content=\"pt_PT\" \/>\n<meta property=\"og:type\" content=\"article\" \/>\n<meta property=\"og:title\" content=\"Etiqueta do pneu | Sentury tyres\" \/>\n<meta property=\"og:description\" content=\"Os pneus Sentury Tyres t\u00eam bons valores de etiqueta. Nesta p\u00e1gina, explicamos o que significa a etiqueta europeia de pneus.\" \/>\n<meta property=\"og:url\" content=\"https:\/\/sentury-tyres.com\/bandenlabel\/\" \/>\n<meta property=\"og:site_name\" content=\"Sentury tyres\" \/>\n<meta property=\"article:modified_time\" content=\"2026-03-26T15:54:22+00:00\" \/>\n<meta property=\"og:image\" content=\"https:\/\/sentury-tyres.com\/wp-content\/uploads\/2024\/04\/fuel-efficiency.png\" \/>\n<meta name=\"twitter:card\" content=\"summary_large_image\" \/>\n<meta name=\"twitter:label1\" content=\"Tempo estimado de leitura\" \/>\n\t<meta name=\"twitter:data1\" content=\"9 minutos\" \/>\n<script type=\"application\/ld+json\" class=\"yoast-schema-graph\">{\"@context\":\"https:\\\/\\\/schema.org\",\"@graph\":[{\"@type\":\"WebPage\",\"@id\":\"https:\\\/\\\/sentury-tyres.com\\\/bandenlabel\\\/\",\"url\":\"https:\\\/\\\/sentury-tyres.com\\\/bandenlabel\\\/\",\"name\":\"Etiqueta do pneu | Sentury tyres\",\"isPartOf\":{\"@id\":\"https:\\\/\\\/sentury-tyres.com\\\/#website\"},\"primaryImageOfPage\":{\"@id\":\"https:\\\/\\\/sentury-tyres.com\\\/bandenlabel\\\/#primaryimage\"},\"image\":{\"@id\":\"https:\\\/\\\/sentury-tyres.com\\\/bandenlabel\\\/#primaryimage\"},\"thumbnailUrl\":\"https:\\\/\\\/sentury-tyres.com\\\/wp-content\\\/uploads\\\/2024\\\/04\\\/fuel-efficiency.png\",\"datePublished\":\"2024-04-05T12:28:15+00:00\",\"dateModified\":\"2026-03-26T15:54:22+00:00\",\"description\":\"Os pneus Sentury Tyres t\u00eam bons valores de etiqueta. Nesta p\u00e1gina, explicamos o que significa a etiqueta europeia de pneus.\",\"breadcrumb\":{\"@id\":\"https:\\\/\\\/sentury-tyres.com\\\/bandenlabel\\\/#breadcrumb\"},\"inLanguage\":\"pt-PT\",\"potentialAction\":[{\"@type\":\"ReadAction\",\"target\":[\"https:\\\/\\\/sentury-tyres.com\\\/bandenlabel\\\/\"]}]},{\"@type\":\"ImageObject\",\"inLanguage\":\"pt-PT\",\"@id\":\"https:\\\/\\\/sentury-tyres.com\\\/bandenlabel\\\/#primaryimage\",\"url\":\"https:\\\/\\\/sentury-tyres.com\\\/wp-content\\\/uploads\\\/2024\\\/04\\\/fuel-efficiency.png\",\"contentUrl\":\"https:\\\/\\\/sentury-tyres.com\\\/wp-content\\\/uploads\\\/2024\\\/04\\\/fuel-efficiency.png\"},{\"@type\":\"BreadcrumbList\",\"@id\":\"https:\\\/\\\/sentury-tyres.com\\\/bandenlabel\\\/#breadcrumb\",\"itemListElement\":[{\"@type\":\"ListItem\",\"position\":1,\"name\":\"Home\",\"item\":\"https:\\\/\\\/sentury-tyres.com\\\/\"},{\"@type\":\"ListItem\",\"position\":2,\"name\":\"Etiqueta do pneu\"}]},{\"@type\":\"WebSite\",\"@id\":\"https:\\\/\\\/sentury-tyres.com\\\/#website\",\"url\":\"https:\\\/\\\/sentury-tyres.com\\\/\",\"name\":\"Sentury tyres\",\"description\":\"Drive with confidence\",\"potentialAction\":[{\"@type\":\"SearchAction\",\"target\":{\"@type\":\"EntryPoint\",\"urlTemplate\":\"https:\\\/\\\/sentury-tyres.com\\\/?s={search_term_string}\"},\"query-input\":{\"@type\":\"PropertyValueSpecification\",\"valueRequired\":true,\"valueName\":\"search_term_string\"}}],\"inLanguage\":\"pt-PT\"}]}<\/script>\n<!-- \/ Yoast SEO plugin. -->","yoast_head_json":{"title":"Etiqueta do pneu | Sentury tyres","description":"Os pneus Sentury Tyres t\u00eam bons valores de etiqueta. Nesta p\u00e1gina, explicamos o que significa a etiqueta europeia de pneus.","robots":{"index":"index","follow":"follow","max-snippet":"max-snippet:-1","max-image-preview":"max-image-preview:large","max-video-preview":"max-video-preview:-1"},"canonical":"https:\/\/sentury-tyres.com\/bandenlabel\/","og_locale":"pt_PT","og_type":"article","og_title":"Etiqueta do pneu | Sentury tyres","og_description":"Os pneus Sentury Tyres t\u00eam bons valores de etiqueta. Nesta p\u00e1gina, explicamos o que significa a etiqueta europeia de pneus.","og_url":"https:\/\/sentury-tyres.com\/bandenlabel\/","og_site_name":"Sentury tyres","article_modified_time":"2026-03-26T15:54:22+00:00","og_image":[{"url":"https:\/\/sentury-tyres.com\/wp-content\/uploads\/2024\/04\/fuel-efficiency.png","type":"","width":"","height":""}],"twitter_card":"summary_large_image","twitter_misc":{"Tempo estimado de leitura":"9 minutos"},"schema":{"@context":"https:\/\/schema.org","@graph":[{"@type":"WebPage","@id":"https:\/\/sentury-tyres.com\/bandenlabel\/","url":"https:\/\/sentury-tyres.com\/bandenlabel\/","name":"Etiqueta do pneu | Sentury tyres","isPartOf":{"@id":"https:\/\/sentury-tyres.com\/#website"},"primaryImageOfPage":{"@id":"https:\/\/sentury-tyres.com\/bandenlabel\/#primaryimage"},"image":{"@id":"https:\/\/sentury-tyres.com\/bandenlabel\/#primaryimage"},"thumbnailUrl":"https:\/\/sentury-tyres.com\/wp-content\/uploads\/2024\/04\/fuel-efficiency.png","datePublished":"2024-04-05T12:28:15+00:00","dateModified":"2026-03-26T15:54:22+00:00","description":"Os pneus Sentury Tyres t\u00eam bons valores de etiqueta. Nesta p\u00e1gina, explicamos o que significa a etiqueta europeia de pneus.","breadcrumb":{"@id":"https:\/\/sentury-tyres.com\/bandenlabel\/#breadcrumb"},"inLanguage":"pt-PT","potentialAction":[{"@type":"ReadAction","target":["https:\/\/sentury-tyres.com\/bandenlabel\/"]}]},{"@type":"ImageObject","inLanguage":"pt-PT","@id":"https:\/\/sentury-tyres.com\/bandenlabel\/#primaryimage","url":"https:\/\/sentury-tyres.com\/wp-content\/uploads\/2024\/04\/fuel-efficiency.png","contentUrl":"https:\/\/sentury-tyres.com\/wp-content\/uploads\/2024\/04\/fuel-efficiency.png"},{"@type":"BreadcrumbList","@id":"https:\/\/sentury-tyres.com\/bandenlabel\/#breadcrumb","itemListElement":[{"@type":"ListItem","position":1,"name":"Home","item":"https:\/\/sentury-tyres.com\/"},{"@type":"ListItem","position":2,"name":"Etiqueta do pneu"}]},{"@type":"WebSite","@id":"https:\/\/sentury-tyres.com\/#website","url":"https:\/\/sentury-tyres.com\/","name":"Sentury tyres","description":"Drive with confidence","potentialAction":[{"@type":"SearchAction","target":{"@type":"EntryPoint","urlTemplate":"https:\/\/sentury-tyres.com\/?s={search_term_string}"},"query-input":{"@type":"PropertyValueSpecification","valueRequired":true,"valueName":"search_term_string"}}],"inLanguage":"pt-PT"}]}},"_links":{"self":[{"href":"https:\/\/sentury-tyres.com\/pt-pt\/wp-json\/wp\/v2\/pages\/1277","targetHints":{"allow":["GET"]}}],"collection":[{"href":"https:\/\/sentury-tyres.com\/pt-pt\/wp-json\/wp\/v2\/pages"}],"about":[{"href":"https:\/\/sentury-tyres.com\/pt-pt\/wp-json\/wp\/v2\/types\/page"}],"author":[{"embeddable":true,"href":"https:\/\/sentury-tyres.com\/pt-pt\/wp-json\/wp\/v2\/users\/1"}],"replies":[{"embeddable":true,"href":"https:\/\/sentury-tyres.com\/pt-pt\/wp-json\/wp\/v2\/comments?post=1277"}],"version-history":[{"count":8,"href":"https:\/\/sentury-tyres.com\/pt-pt\/wp-json\/wp\/v2\/pages\/1277\/revisions"}],"predecessor-version":[{"id":4954,"href":"https:\/\/sentury-tyres.com\/pt-pt\/wp-json\/wp\/v2\/pages\/1277\/revisions\/4954"}],"wp:attachment":[{"href":"https:\/\/sentury-tyres.com\/pt-pt\/wp-json\/wp\/v2\/media?parent=1277"}],"curies":[{"name":"wp","href":"https:\/\/api.w.org\/{rel}","templated":true}]}}