{"id":1276,"date":"2024-04-05T12:28:02","date_gmt":"2024-04-05T12:28:02","guid":{"rendered":"https:\/\/sentury-tyres.com\/bandeninformatie\/"},"modified":"2026-03-26T15:54:16","modified_gmt":"2026-03-26T15:54:16","slug":"informacoes-sobre-o-pneu","status":"publish","type":"page","link":"https:\/\/sentury-tyres.com\/pt-pt\/informacoes-sobre-o-pneu\/","title":{"rendered":"Informa\u00e7\u00f5es sobre o pneu"},"content":{"rendered":"<p>[et_pb_section fb_built=&#8221;1&#8243; _builder_version=&#8221;4.24.3&#8243; _module_preset=&#8221;default&#8221; global_colors_info=&#8221;{}&#8221;][et_pb_row _builder_version=&#8221;4.24.3&#8243; _module_preset=&#8221;default&#8221; global_colors_info=&#8221;{}&#8221;][et_pb_column type=&#8221;4_4&#8243; _builder_version=&#8221;4.24.3&#8243; _module_preset=&#8221;default&#8221; global_colors_info=&#8221;{}&#8221;][et_pb_text _builder_version=&#8221;4.25.1&#8243; _module_preset=&#8221;default&#8221; global_colors_info=&#8221;{}&#8221;]<\/p>\n<h2>Seguran\u00e7a em movimento com os pneus Sentury<\/h2>\n<p>Um pneu cont\u00e9m uma grande quantidade de informa\u00e7\u00f5es. Desde o tamanho do pneu ao tipo de pneu, data de produ\u00e7\u00e3o e se cumpre a norma de pneus de inverno ou de neve (M+S), juntamente com as classifica\u00e7\u00f5es de carga e velocidade m\u00e1ximas. Al\u00e9m disso, as obriga\u00e7\u00f5es legais relativas aos pneus incluem requisitos de profundidade m\u00ednima do piso. Aqui, vamos aprofundar as informa\u00e7\u00f5es gerais sobre os pneus.<\/p>\n<p>[\/et_pb_text][\/et_pb_column][\/et_pb_row][et_pb_row column_structure=&#8221;1_3,2_3&#8243; _builder_version=&#8221;4.24.3&#8243; _module_preset=&#8221;default&#8221; global_colors_info=&#8221;{}&#8221;][et_pb_column type=&#8221;1_3&#8243; _builder_version=&#8221;4.24.3&#8243; _module_preset=&#8221;default&#8221; global_colors_info=&#8221;{}&#8221;][et_pb_image src=&#8221;https:\/\/sentury-tyres.com\/wp-content\/uploads\/2024\/04\/bandenvervanger.png&#8221; title_text=&#8221;bandenvervanger&#8221; _builder_version=&#8221;4.24.3&#8243; _module_preset=&#8221;default&#8221; global_colors_info=&#8221;{}&#8221;][\/et_pb_image][\/et_pb_column][et_pb_column type=&#8221;2_3&#8243; _builder_version=&#8221;4.24.3&#8243; _module_preset=&#8221;default&#8221; global_colors_info=&#8221;{}&#8221;][et_pb_text _builder_version=&#8221;4.25.1&#8243; _module_preset=&#8221;default&#8221; global_colors_info=&#8221;{}&#8221;]<\/p>\n<h3>Quando devo substituir os meus pneus?<\/h3>\n<p>\u00c9 aconselh\u00e1vel que os seus pneus sejam inspecionados regularmente por um especialista. Isto ajuda a identificar precocemente potenciais problemas, prolongando a vida \u00fatil dos pneus e evitando situa\u00e7\u00f5es perigosas.<\/p>\n<p>1. Os pneus dos autom\u00f3veis modernos est\u00e3o normalmente bem protegidos contra furos. No entanto, se tiver um pneu furado, pare imediatamente e substitua o pneu. Retire sempre o pneu furado da jante para verificar se h\u00e1 mais danos. Se for necess\u00e1ria uma repara\u00e7\u00e3o, esta deve ser efetuada o mais rapidamente poss\u00edvel para evitar mais danos internos.<\/p>\n<p>2. Embora a profundidade m\u00ednima legal do piso na Europa seja de 1,6 mm (4 mm para os pneus de inverno), recomenda-se a substitui\u00e7\u00e3o dos pneus quando a profundidade do piso atingir 2 mm. Os indicadores de desgaste do piso, conhecidos como TWI, est\u00e3o localizados nas ranhuras do piso. Quando o piso se desgasta at\u00e9 estes indicadores, \u00e9 atingida a profundidade m\u00ednima legal do piso.<\/p>\n<p>3. Certos fatores externos podem causar danos nos pneus. Isto inclui objetos afiados como pregos e parafusos, bem como lancis ou outros obst\u00e1culos. Se os danos forem suficientemente graves para afetar a carca\u00e7a do pneu ou forem vis\u00edveis, o pneu deve ser substitu\u00eddo. Em caso de d\u00favida, \u00e9 aconselh\u00e1vel que o pneu seja avaliado por um especialista.<\/p>\n<p>[\/et_pb_text][\/et_pb_column][\/et_pb_row][et_pb_row _builder_version=&#8221;4.24.3&#8243; _module_preset=&#8221;default&#8221; custom_padding=&#8221;||0px|||&#8221; global_colors_info=&#8221;{}&#8221;][et_pb_column type=&#8221;4_4&#8243; _builder_version=&#8221;4.24.3&#8243; _module_preset=&#8221;default&#8221; global_colors_info=&#8221;{}&#8221;][et_pb_divider color=&#8221;#004472&#8243; _builder_version=&#8221;4.24.3&#8243; _module_preset=&#8221;default&#8221; global_colors_info=&#8221;{}&#8221;][\/et_pb_divider][\/et_pb_column][\/et_pb_row][et_pb_row column_structure=&#8221;2_3,1_3&#8243; _builder_version=&#8221;4.24.3&#8243; _module_preset=&#8221;default&#8221; global_colors_info=&#8221;{}&#8221;][et_pb_column type=&#8221;2_3&#8243; _builder_version=&#8221;4.24.3&#8243; _module_preset=&#8221;default&#8221; global_colors_info=&#8221;{}&#8221;][et_pb_text _builder_version=&#8221;4.25.1&#8243; _module_preset=&#8221;default&#8221; global_colors_info=&#8221;{}&#8221;]<\/p>\n<h3>A profundidade do piso de um pneu<\/h3>\n<p>Os pneus novos t\u00eam normalmente entre 7 mil\u00edmetros e 9,5 mil\u00edmetros de profundidade de piso, consoante o tipo. O piso proporciona um desempenho \u00f3timo em condi\u00e7\u00f5es meteorol\u00f3gicas vari\u00e1veis. A profundidade m\u00ednima legal do piso para todos os pneus de ve\u00edculos de passageiros na Europa \u00e9 de 1,6 mil\u00edmetros. No entanto, \u00e9 mais seguro substituir os pneus quando estes atingem uma profundidade de piso de 2 mil\u00edmetros. Os pneus de inverno s\u00e3o uma exce\u00e7\u00e3o \u00e0 regra, sendo recomendada a sua substitui\u00e7\u00e3o aos 4 mil\u00edmetros.<\/p>\n<p>Dentro do piso do pneu, existem indicadores de desgaste chamados TWI (Tread Wear Indicators) que assinalam a aproxima\u00e7\u00e3o do limite de desgaste.<\/p>\n<p>[\/et_pb_text][\/et_pb_column][et_pb_column type=&#8221;1_3&#8243; _builder_version=&#8221;4.24.3&#8243; _module_preset=&#8221;default&#8221; global_colors_info=&#8221;{}&#8221;][et_pb_image src=&#8221;https:\/\/sentury-tyres.com\/wp-content\/uploads\/2024\/04\/profieldieptemeter.png&#8221; title_text=&#8221;profieldieptemeter&#8221; _builder_version=&#8221;4.24.3&#8243; _module_preset=&#8221;default&#8221; global_colors_info=&#8221;{}&#8221;][\/et_pb_image][\/et_pb_column][\/et_pb_row][et_pb_row _builder_version=&#8221;4.24.3&#8243; _module_preset=&#8221;default&#8221; custom_padding=&#8221;||0px|||&#8221; global_colors_info=&#8221;{}&#8221;][et_pb_column type=&#8221;4_4&#8243; _builder_version=&#8221;4.24.3&#8243; _module_preset=&#8221;default&#8221; global_colors_info=&#8221;{}&#8221;][et_pb_divider color=&#8221;#004472&#8243; _builder_version=&#8221;4.24.3&#8243; _module_preset=&#8221;default&#8221; global_colors_info=&#8221;{}&#8221;][\/et_pb_divider][\/et_pb_column][\/et_pb_row][et_pb_row column_structure=&#8221;1_3,2_3&#8243; _builder_version=&#8221;4.24.3&#8243; _module_preset=&#8221;default&#8221; global_colors_info=&#8221;{}&#8221;][et_pb_column type=&#8221;1_3&#8243; _builder_version=&#8221;4.24.3&#8243; _module_preset=&#8221;default&#8221; global_colors_info=&#8221;{}&#8221;][et_pb_image src=&#8221;https:\/\/sentury-tyres.com\/wp-content\/uploads\/2024\/04\/bandenspanning.png&#8221; title_text=&#8221;bandenspanning&#8221; _builder_version=&#8221;4.24.3&#8243; _module_preset=&#8221;default&#8221; global_colors_info=&#8221;{}&#8221;][\/et_pb_image][\/et_pb_column][et_pb_column type=&#8221;2_3&#8243; _builder_version=&#8221;4.24.3&#8243; _module_preset=&#8221;default&#8221; global_colors_info=&#8221;{}&#8221;][et_pb_text _builder_version=&#8221;4.25.1&#8243; _module_preset=&#8221;default&#8221; global_colors_info=&#8221;{}&#8221;]<\/p>\n<h3>Qual \u00e9 a press\u00e3o correta dos pneus?<\/h3>\n<p>\u00c9 fundamental verificar regularmente a press\u00e3o dos pneus. Ajuda a evitar o desgaste desnecess\u00e1rio e mant\u00e9m um desempenho \u00f3timo de condu\u00e7\u00e3o e travagem. Uma press\u00e3o correta dos pneus reduz o risco de aquaplanagem e minimiza a resist\u00eancia ao rolamento, prolongando assim a vida \u00fatil dos pneus. Verifique a press\u00e3o dos seus pneus pelo menos uma vez de dois em dois meses, incluindo a roda sobresselente.<\/p>\n<p>A press\u00e3o dos pneus recomendada para o seu ve\u00edculo pode ser encontrada no manual do propriet\u00e1rio ou num autocolante afixado pelo fabricante, normalmente localizado nas ombreiras das portas dianteiras, na parte de tr\u00e1s da pala de sol ou no interior da tampa do dep\u00f3sito de combust\u00edvel.<\/p>\n<p>[\/et_pb_text][\/et_pb_column][\/et_pb_row][\/et_pb_section]<\/p>\n","protected":false},"excerpt":{"rendered":"<p>Seguran\u00e7a em movimento com os pneus Sentury Um pneu cont\u00e9m uma grande quantidade de informa\u00e7\u00f5es. Desde o tamanho do pneu ao tipo de pneu, data de produ\u00e7\u00e3o e se cumpre a norma de pneus de inverno ou de neve (M+S), juntamente com as classifica\u00e7\u00f5es de carga e velocidade m\u00e1ximas. Al\u00e9m disso, as obriga\u00e7\u00f5es legais relativas [&hellip;]<\/p>\n","protected":false},"author":1,"featured_media":0,"parent":0,"menu_order":0,"comment_status":"closed","ping_status":"closed","template":"","meta":{"_et_pb_use_builder":"on","_et_pb_old_content":"","_et_gb_content_width":"","footnotes":""},"class_list":["post-1276","page","type-page","status-publish","hentry"],"yoast_head":"<!-- This site is optimized with the Yoast SEO plugin v27.3 - https:\/\/yoast.com\/product\/yoast-seo-wordpress\/ -->\n<title>Informa\u00e7\u00f5es sobre o pneu | Sentury tyres<\/title>\n<meta name=\"description\" content=\"Um pneu cont\u00e9m muitas informa\u00e7\u00f5es e deve tamb\u00e9m cumprir obriga\u00e7\u00f5es. Nesta p\u00e1gina, damos-lhe a conhecer as informa\u00e7\u00f5es gerais sobre os pneus.\" \/>\n<meta name=\"robots\" content=\"index, follow, max-snippet:-1, max-image-preview:large, max-video-preview:-1\" \/>\n<link rel=\"canonical\" href=\"https:\/\/sentury-tyres.com\/bandeninformatie\/\" \/>\n<meta property=\"og:locale\" content=\"pt_PT\" \/>\n<meta property=\"og:type\" content=\"article\" \/>\n<meta property=\"og:title\" content=\"Informa\u00e7\u00f5es sobre o pneu | Sentury tyres\" \/>\n<meta property=\"og:description\" content=\"Um pneu cont\u00e9m muitas informa\u00e7\u00f5es e deve tamb\u00e9m cumprir obriga\u00e7\u00f5es. Nesta p\u00e1gina, damos-lhe a conhecer as informa\u00e7\u00f5es gerais sobre os pneus.\" \/>\n<meta property=\"og:url\" content=\"https:\/\/sentury-tyres.com\/bandeninformatie\/\" \/>\n<meta property=\"og:site_name\" content=\"Sentury tyres\" \/>\n<meta property=\"article:modified_time\" content=\"2026-03-26T15:54:16+00:00\" \/>\n<meta name=\"twitter:card\" content=\"summary_large_image\" \/>\n<meta name=\"twitter:label1\" content=\"Tempo estimado de leitura\" \/>\n\t<meta name=\"twitter:data1\" content=\"4 minutos\" \/>\n<script type=\"application\/ld+json\" class=\"yoast-schema-graph\">{\"@context\":\"https:\\\/\\\/schema.org\",\"@graph\":[{\"@type\":\"WebPage\",\"@id\":\"https:\\\/\\\/sentury-tyres.com\\\/bandeninformatie\\\/\",\"url\":\"https:\\\/\\\/sentury-tyres.com\\\/bandeninformatie\\\/\",\"name\":\"Informa\u00e7\u00f5es sobre o pneu | Sentury tyres\",\"isPartOf\":{\"@id\":\"https:\\\/\\\/sentury-tyres.com\\\/#website\"},\"datePublished\":\"2024-04-05T12:28:02+00:00\",\"dateModified\":\"2026-03-26T15:54:16+00:00\",\"description\":\"Um pneu cont\u00e9m muitas informa\u00e7\u00f5es e deve tamb\u00e9m cumprir obriga\u00e7\u00f5es. Nesta p\u00e1gina, damos-lhe a conhecer as informa\u00e7\u00f5es gerais sobre os pneus.\",\"breadcrumb\":{\"@id\":\"https:\\\/\\\/sentury-tyres.com\\\/bandeninformatie\\\/#breadcrumb\"},\"inLanguage\":\"pt-PT\",\"potentialAction\":[{\"@type\":\"ReadAction\",\"target\":[\"https:\\\/\\\/sentury-tyres.com\\\/bandeninformatie\\\/\"]}]},{\"@type\":\"BreadcrumbList\",\"@id\":\"https:\\\/\\\/sentury-tyres.com\\\/bandeninformatie\\\/#breadcrumb\",\"itemListElement\":[{\"@type\":\"ListItem\",\"position\":1,\"name\":\"Home\",\"item\":\"https:\\\/\\\/sentury-tyres.com\\\/\"},{\"@type\":\"ListItem\",\"position\":2,\"name\":\"Informa\u00e7\u00f5es sobre o pneu\"}]},{\"@type\":\"WebSite\",\"@id\":\"https:\\\/\\\/sentury-tyres.com\\\/#website\",\"url\":\"https:\\\/\\\/sentury-tyres.com\\\/\",\"name\":\"Sentury tyres\",\"description\":\"Drive with confidence\",\"potentialAction\":[{\"@type\":\"SearchAction\",\"target\":{\"@type\":\"EntryPoint\",\"urlTemplate\":\"https:\\\/\\\/sentury-tyres.com\\\/?s={search_term_string}\"},\"query-input\":{\"@type\":\"PropertyValueSpecification\",\"valueRequired\":true,\"valueName\":\"search_term_string\"}}],\"inLanguage\":\"pt-PT\"}]}<\/script>\n<!-- \/ Yoast SEO plugin. -->","yoast_head_json":{"title":"Informa\u00e7\u00f5es sobre o pneu | Sentury tyres","description":"Um pneu cont\u00e9m muitas informa\u00e7\u00f5es e deve tamb\u00e9m cumprir obriga\u00e7\u00f5es. Nesta p\u00e1gina, damos-lhe a conhecer as informa\u00e7\u00f5es gerais sobre os pneus.","robots":{"index":"index","follow":"follow","max-snippet":"max-snippet:-1","max-image-preview":"max-image-preview:large","max-video-preview":"max-video-preview:-1"},"canonical":"https:\/\/sentury-tyres.com\/bandeninformatie\/","og_locale":"pt_PT","og_type":"article","og_title":"Informa\u00e7\u00f5es sobre o pneu | Sentury tyres","og_description":"Um pneu cont\u00e9m muitas informa\u00e7\u00f5es e deve tamb\u00e9m cumprir obriga\u00e7\u00f5es. Nesta p\u00e1gina, damos-lhe a conhecer as informa\u00e7\u00f5es gerais sobre os pneus.","og_url":"https:\/\/sentury-tyres.com\/bandeninformatie\/","og_site_name":"Sentury tyres","article_modified_time":"2026-03-26T15:54:16+00:00","twitter_card":"summary_large_image","twitter_misc":{"Tempo estimado de leitura":"4 minutos"},"schema":{"@context":"https:\/\/schema.org","@graph":[{"@type":"WebPage","@id":"https:\/\/sentury-tyres.com\/bandeninformatie\/","url":"https:\/\/sentury-tyres.com\/bandeninformatie\/","name":"Informa\u00e7\u00f5es sobre o pneu | Sentury tyres","isPartOf":{"@id":"https:\/\/sentury-tyres.com\/#website"},"datePublished":"2024-04-05T12:28:02+00:00","dateModified":"2026-03-26T15:54:16+00:00","description":"Um pneu cont\u00e9m muitas informa\u00e7\u00f5es e deve tamb\u00e9m cumprir obriga\u00e7\u00f5es. Nesta p\u00e1gina, damos-lhe a conhecer as informa\u00e7\u00f5es gerais sobre os pneus.","breadcrumb":{"@id":"https:\/\/sentury-tyres.com\/bandeninformatie\/#breadcrumb"},"inLanguage":"pt-PT","potentialAction":[{"@type":"ReadAction","target":["https:\/\/sentury-tyres.com\/bandeninformatie\/"]}]},{"@type":"BreadcrumbList","@id":"https:\/\/sentury-tyres.com\/bandeninformatie\/#breadcrumb","itemListElement":[{"@type":"ListItem","position":1,"name":"Home","item":"https:\/\/sentury-tyres.com\/"},{"@type":"ListItem","position":2,"name":"Informa\u00e7\u00f5es sobre o pneu"}]},{"@type":"WebSite","@id":"https:\/\/sentury-tyres.com\/#website","url":"https:\/\/sentury-tyres.com\/","name":"Sentury tyres","description":"Drive with confidence","potentialAction":[{"@type":"SearchAction","target":{"@type":"EntryPoint","urlTemplate":"https:\/\/sentury-tyres.com\/?s={search_term_string}"},"query-input":{"@type":"PropertyValueSpecification","valueRequired":true,"valueName":"search_term_string"}}],"inLanguage":"pt-PT"}]}},"_links":{"self":[{"href":"https:\/\/sentury-tyres.com\/pt-pt\/wp-json\/wp\/v2\/pages\/1276","targetHints":{"allow":["GET"]}}],"collection":[{"href":"https:\/\/sentury-tyres.com\/pt-pt\/wp-json\/wp\/v2\/pages"}],"about":[{"href":"https:\/\/sentury-tyres.com\/pt-pt\/wp-json\/wp\/v2\/types\/page"}],"author":[{"embeddable":true,"href":"https:\/\/sentury-tyres.com\/pt-pt\/wp-json\/wp\/v2\/users\/1"}],"replies":[{"embeddable":true,"href":"https:\/\/sentury-tyres.com\/pt-pt\/wp-json\/wp\/v2\/comments?post=1276"}],"version-history":[{"count":6,"href":"https:\/\/sentury-tyres.com\/pt-pt\/wp-json\/wp\/v2\/pages\/1276\/revisions"}],"predecessor-version":[{"id":4952,"href":"https:\/\/sentury-tyres.com\/pt-pt\/wp-json\/wp\/v2\/pages\/1276\/revisions\/4952"}],"wp:attachment":[{"href":"https:\/\/sentury-tyres.com\/pt-pt\/wp-json\/wp\/v2\/media?parent=1276"}],"curies":[{"name":"wp","href":"https:\/\/api.w.org\/{rel}","templated":true}]}}