{"id":656,"date":"2024-04-05T12:28:02","date_gmt":"2024-04-05T12:28:02","guid":{"rendered":"https:\/\/sentury-tyres.com\/bandeninformatie\/"},"modified":"2026-03-26T15:49:03","modified_gmt":"2026-03-26T15:49:03","slug":"informazioni-sul-pneumatico","status":"publish","type":"page","link":"https:\/\/sentury-tyres.com\/it\/informazioni-sul-pneumatico\/","title":{"rendered":"Informazioni sul pneumatico"},"content":{"rendered":"<p>[et_pb_section fb_built=&#8221;1&#8243; _builder_version=&#8221;4.24.3&#8243; _module_preset=&#8221;default&#8221; global_colors_info=&#8221;{}&#8221;][et_pb_row _builder_version=&#8221;4.24.3&#8243; _module_preset=&#8221;default&#8221; global_colors_info=&#8221;{}&#8221;][et_pb_column type=&#8221;4_4&#8243; _builder_version=&#8221;4.24.3&#8243; _module_preset=&#8221;default&#8221; global_colors_info=&#8221;{}&#8221;][et_pb_text _builder_version=&#8221;4.25.1&#8243; _module_preset=&#8221;default&#8221; global_colors_info=&#8221;{}&#8221;]<\/p>\n<h2>In sicurezza con i pneumatici Sentury<\/h2>\n<p>Un pneumatico contiene in s\u00e9 una grande quantit\u00e0 di informazioni. Dalle dimensioni al tipo, alla data di produzione e, se soddisfa o meno gli standard previsti per gli pneumatici invernali o da neve (M+S), nonch\u00e9 le classi di carico, e le velocit\u00e0 massime consentite. Inoltre, gli obblighi di legge in materia di pneumatici comprendono anche requisiti minimi in termini di profondit\u00e0 del battistrada. Qui di seguito approfondiremo queste informazioni generali sugli pneumatici.<\/p>\n<p>[\/et_pb_text][\/et_pb_column][\/et_pb_row][et_pb_row column_structure=&#8221;1_3,2_3&#8243; _builder_version=&#8221;4.24.3&#8243; _module_preset=&#8221;default&#8221; global_colors_info=&#8221;{}&#8221;][et_pb_column type=&#8221;1_3&#8243; _builder_version=&#8221;4.24.3&#8243; _module_preset=&#8221;default&#8221; global_colors_info=&#8221;{}&#8221;][et_pb_image src=&#8221;https:\/\/sentury-tyres.com\/wp-content\/uploads\/2024\/04\/bandenvervanger.png&#8221; title_text=&#8221;bandenvervanger&#8221; _builder_version=&#8221;4.24.3&#8243; _module_preset=&#8221;default&#8221; global_colors_info=&#8221;{}&#8221;][\/et_pb_image][\/et_pb_column][et_pb_column type=&#8221;2_3&#8243; _builder_version=&#8221;4.24.3&#8243; _module_preset=&#8221;default&#8221; global_colors_info=&#8221;{}&#8221;][et_pb_text _builder_version=&#8221;4.25.1&#8243; _module_preset=&#8221;default&#8221; global_colors_info=&#8221;{}&#8221;]<\/p>\n<h3>Quando devo sostituire le gomme?<\/h3>\n<p>\u00c8 consigliabile far controllare con regolarit\u00e0 i pneumatici da uno specialista. Ci\u00f2 ti consentir\u00e0 di identificare eventuali problemi in anticipo, prolungare la durata degli pneumatici, nonch\u00e9 prevenire situazioni di pericolo.<\/p>\n<p>1. I moderni pneumatici per auto sono in genere ben protetti contro le forature. Tuttavia, qualora ci\u00f2 accada, devi fermarti immediatamente, e sostituire il pneumatico. Fai sempre smontare il pneumatico sgonfio dal cerchio per verificare che non ci siano altri danni. Se si rende necessaria una riparazione, effettuala al pi\u00f9 presto per evitare ulteriori danni interni al pneumatico.<\/p>\n<p>2. Nonostante la profondit\u00e0 minima del battistrada prevista dalle leggi europee sia di 1,6 mm (4 mm per i pneumatici invernali), si raccomanda di sostituire le gomme, quando la profondit\u00e0 del battistrada raggiunge i 2 mm. Gli indicatori di usura del battistrada, noti come TWI, si trovano nelle scanalature del battistrada stesso. Quando il battistrada si consuma fino a raggiungere questi indicatori, ci\u00f2 significa che \u00e8 stata raggiunta la profondit\u00e0 minima del battistrada prevista dalla legge.<\/p>\n<p>3. Alcuni fattori esterni possono danneggiare il pneumatico. Per esempio, gli oggetti appuntiti tipo chiodi e viti, nonch\u00e9 i cordoli o altri ostacoli. Se il danno \u00e8 abbastanza grave da intaccare la carcassa del pneumatico oppure \u00e8 visibile, il pneumatico deve essere assolutamente sostituito. In caso di dubbio, \u00e8 bene far valutare il pneumatico da uno specialista.<\/p>\n<p>[\/et_pb_text][\/et_pb_column][\/et_pb_row][et_pb_row _builder_version=&#8221;4.24.3&#8243; _module_preset=&#8221;default&#8221; custom_padding=&#8221;||0px|||&#8221; global_colors_info=&#8221;{}&#8221;][et_pb_column type=&#8221;4_4&#8243; _builder_version=&#8221;4.24.3&#8243; _module_preset=&#8221;default&#8221; global_colors_info=&#8221;{}&#8221;][et_pb_divider color=&#8221;#004472&#8243; _builder_version=&#8221;4.24.3&#8243; _module_preset=&#8221;default&#8221; global_colors_info=&#8221;{}&#8221;][\/et_pb_divider][\/et_pb_column][\/et_pb_row][et_pb_row column_structure=&#8221;2_3,1_3&#8243; _builder_version=&#8221;4.24.3&#8243; _module_preset=&#8221;default&#8221; global_colors_info=&#8221;{}&#8221;][et_pb_column type=&#8221;2_3&#8243; _builder_version=&#8221;4.24.3&#8243; _module_preset=&#8221;default&#8221; global_colors_info=&#8221;{}&#8221;][et_pb_text _builder_version=&#8221;4.25.1&#8243; _module_preset=&#8221;default&#8221; global_colors_info=&#8221;{}&#8221;]<\/p>\n<h3>La profondit\u00e0 del battistrada di un pneumatico<\/h3>\n<p>Gli pneumatici nuovi hanno tipicamente tra i 7 e i 9,5 millimetri di profondit\u00e0 del battistrada, a seconda del tipo. Il battistrada offre performance ottimali in condizioni meteorologiche variabili. La profondit\u00e0 minima del battistrada prevista dalla legge per tutti gli pneumatici delle autovetture che circolano in Europa \u00e8 pari a 1,6 millimetri. Tuttavia, \u00e8 pi\u00f9 sicuro sostituire gli pneumatici, quando essi raggiungono una profondit\u00e0 del battistrada di 2 millimetri. Gli pneumatici invernali rappresentano un\u2019eccezione alla regola: la sostituzione \u00e8 raccomandata al raggiungimento dei 4 millimetri.<\/p>\n<p>All\u2019interno del battistrada del pneumatico ci sono indicatori di usura chiamati TWI (\u201cTread Wear Indicators\u201d) che segnalano l\u2019aprossimarsi del limite di usura massimo consentito.<\/p>\n<p>[\/et_pb_text][\/et_pb_column][et_pb_column type=&#8221;1_3&#8243; _builder_version=&#8221;4.24.3&#8243; _module_preset=&#8221;default&#8221; global_colors_info=&#8221;{}&#8221;][et_pb_image src=&#8221;https:\/\/sentury-tyres.com\/wp-content\/uploads\/2024\/04\/profieldieptemeter.png&#8221; title_text=&#8221;profieldieptemeter&#8221; _builder_version=&#8221;4.24.3&#8243; _module_preset=&#8221;default&#8221; global_colors_info=&#8221;{}&#8221;][\/et_pb_image][\/et_pb_column][\/et_pb_row][et_pb_row _builder_version=&#8221;4.24.3&#8243; _module_preset=&#8221;default&#8221; custom_padding=&#8221;||0px|||&#8221; global_colors_info=&#8221;{}&#8221;][et_pb_column type=&#8221;4_4&#8243; _builder_version=&#8221;4.24.3&#8243; _module_preset=&#8221;default&#8221; global_colors_info=&#8221;{}&#8221;][et_pb_divider color=&#8221;#004472&#8243; _builder_version=&#8221;4.24.3&#8243; _module_preset=&#8221;default&#8221; global_colors_info=&#8221;{}&#8221;][\/et_pb_divider][\/et_pb_column][\/et_pb_row][et_pb_row column_structure=&#8221;1_3,2_3&#8243; _builder_version=&#8221;4.24.3&#8243; _module_preset=&#8221;default&#8221; global_colors_info=&#8221;{}&#8221;][et_pb_column type=&#8221;1_3&#8243; _builder_version=&#8221;4.24.3&#8243; _module_preset=&#8221;default&#8221; global_colors_info=&#8221;{}&#8221;][et_pb_image src=&#8221;https:\/\/sentury-tyres.com\/wp-content\/uploads\/2024\/04\/bandenspanning.png&#8221; title_text=&#8221;bandenspanning&#8221; _builder_version=&#8221;4.24.3&#8243; _module_preset=&#8221;default&#8221; global_colors_info=&#8221;{}&#8221;][\/et_pb_image][\/et_pb_column][et_pb_column type=&#8221;2_3&#8243; _builder_version=&#8221;4.24.3&#8243; _module_preset=&#8221;default&#8221; global_colors_info=&#8221;{}&#8221;][et_pb_text _builder_version=&#8221;4.25.1&#8243; _module_preset=&#8221;default&#8221; global_colors_info=&#8221;{}&#8221;]<\/p>\n<h3>Qual \u00e8 la pressione corretta degli pneumatici?<\/h3>\n<p>Controllare la pressione dei pneumatici regolarmente \u00e8 fondamentale. Ci\u00f2 aiuta a prevenire l\u2019usura inutile, e a continuare a garantire performance di guida e di frenata ottimali. La corretta pressione degli pneumatici mitiga il rischio di aquaplaning riducendo al minimo la resistenza al rotolamento, il che consente di prolungare la vita utile degli pneumatici. Controlla la pressione dei pneumatici almeno una volta ogni due mesi, ruota di scorta compresa.<\/p>\n<p>La pressione degli pneumatici consigliata per uno specifico veicolo si trova nel manuale d\u2019uso per il proprietario dell\u2019auto stessa o sull\u2019adesivo che, di solito, \u00e8 stato attaccato dal produttore sugli stipiti degli sportelli anteriori, sul retro della visiera parasole oppure all\u2019interno dell\u2019aletta dello sportello del carburante.<\/p>\n<p>[\/et_pb_text][\/et_pb_column][\/et_pb_row][\/et_pb_section]<\/p>\n","protected":false},"excerpt":{"rendered":"<p>In sicurezza con i pneumatici Sentury Un pneumatico contiene in s\u00e9 una grande quantit\u00e0 di informazioni. Dalle dimensioni al tipo, alla data di produzione e, se soddisfa o meno gli standard previsti per gli pneumatici invernali o da neve (M+S), nonch\u00e9 le classi di carico, e le velocit\u00e0 massime consentite. Inoltre, gli obblighi di legge [&hellip;]<\/p>\n","protected":false},"author":1,"featured_media":0,"parent":0,"menu_order":0,"comment_status":"closed","ping_status":"closed","template":"","meta":{"_et_pb_use_builder":"on","_et_pb_old_content":"","_et_gb_content_width":"","footnotes":""},"class_list":["post-656","page","type-page","status-publish","hentry"],"yoast_head":"<!-- This site is optimized with the Yoast SEO plugin v27.3 - https:\/\/yoast.com\/product\/yoast-seo-wordpress\/ -->\n<title>Informazioni sul pneumatico | Sentury tyres<\/title>\n<meta name=\"description\" content=\"Un pneumatico contiene molte informazioni. In questa pagina vi illustriamo le informazioni generali sui pneumatici.\" \/>\n<meta name=\"robots\" content=\"index, follow, max-snippet:-1, max-image-preview:large, max-video-preview:-1\" \/>\n<link rel=\"canonical\" href=\"https:\/\/sentury-tyres.com\/bandeninformatie\/\" \/>\n<meta property=\"og:locale\" content=\"it_IT\" \/>\n<meta property=\"og:type\" content=\"article\" \/>\n<meta property=\"og:title\" content=\"Informazioni sul pneumatico | Sentury tyres\" \/>\n<meta property=\"og:description\" content=\"Un pneumatico contiene molte informazioni. In questa pagina vi illustriamo le informazioni generali sui pneumatici.\" \/>\n<meta property=\"og:url\" content=\"https:\/\/sentury-tyres.com\/bandeninformatie\/\" \/>\n<meta property=\"og:site_name\" content=\"Sentury tyres\" \/>\n<meta property=\"article:modified_time\" content=\"2026-03-26T15:49:03+00:00\" \/>\n<meta name=\"twitter:card\" content=\"summary_large_image\" \/>\n<meta name=\"twitter:label1\" content=\"Tempo di lettura stimato\" \/>\n\t<meta name=\"twitter:data1\" content=\"4 minuti\" \/>\n<script type=\"application\/ld+json\" class=\"yoast-schema-graph\">{\"@context\":\"https:\\\/\\\/schema.org\",\"@graph\":[{\"@type\":\"WebPage\",\"@id\":\"https:\\\/\\\/sentury-tyres.com\\\/bandeninformatie\\\/\",\"url\":\"https:\\\/\\\/sentury-tyres.com\\\/bandeninformatie\\\/\",\"name\":\"Informazioni sul pneumatico | Sentury tyres\",\"isPartOf\":{\"@id\":\"https:\\\/\\\/sentury-tyres.com\\\/#website\"},\"datePublished\":\"2024-04-05T12:28:02+00:00\",\"dateModified\":\"2026-03-26T15:49:03+00:00\",\"description\":\"Un pneumatico contiene molte informazioni. In questa pagina vi illustriamo le informazioni generali sui pneumatici.\",\"breadcrumb\":{\"@id\":\"https:\\\/\\\/sentury-tyres.com\\\/bandeninformatie\\\/#breadcrumb\"},\"inLanguage\":\"it-IT\",\"potentialAction\":[{\"@type\":\"ReadAction\",\"target\":[\"https:\\\/\\\/sentury-tyres.com\\\/bandeninformatie\\\/\"]}]},{\"@type\":\"BreadcrumbList\",\"@id\":\"https:\\\/\\\/sentury-tyres.com\\\/bandeninformatie\\\/#breadcrumb\",\"itemListElement\":[{\"@type\":\"ListItem\",\"position\":1,\"name\":\"Home\",\"item\":\"https:\\\/\\\/sentury-tyres.com\\\/\"},{\"@type\":\"ListItem\",\"position\":2,\"name\":\"Informazioni sul pneumatico\"}]},{\"@type\":\"WebSite\",\"@id\":\"https:\\\/\\\/sentury-tyres.com\\\/#website\",\"url\":\"https:\\\/\\\/sentury-tyres.com\\\/\",\"name\":\"Sentury tyres\",\"description\":\"Drive with confidence\",\"potentialAction\":[{\"@type\":\"SearchAction\",\"target\":{\"@type\":\"EntryPoint\",\"urlTemplate\":\"https:\\\/\\\/sentury-tyres.com\\\/?s={search_term_string}\"},\"query-input\":{\"@type\":\"PropertyValueSpecification\",\"valueRequired\":true,\"valueName\":\"search_term_string\"}}],\"inLanguage\":\"it-IT\"}]}<\/script>\n<!-- \/ Yoast SEO plugin. -->","yoast_head_json":{"title":"Informazioni sul pneumatico | Sentury tyres","description":"Un pneumatico contiene molte informazioni. In questa pagina vi illustriamo le informazioni generali sui pneumatici.","robots":{"index":"index","follow":"follow","max-snippet":"max-snippet:-1","max-image-preview":"max-image-preview:large","max-video-preview":"max-video-preview:-1"},"canonical":"https:\/\/sentury-tyres.com\/bandeninformatie\/","og_locale":"it_IT","og_type":"article","og_title":"Informazioni sul pneumatico | Sentury tyres","og_description":"Un pneumatico contiene molte informazioni. In questa pagina vi illustriamo le informazioni generali sui pneumatici.","og_url":"https:\/\/sentury-tyres.com\/bandeninformatie\/","og_site_name":"Sentury tyres","article_modified_time":"2026-03-26T15:49:03+00:00","twitter_card":"summary_large_image","twitter_misc":{"Tempo di lettura stimato":"4 minuti"},"schema":{"@context":"https:\/\/schema.org","@graph":[{"@type":"WebPage","@id":"https:\/\/sentury-tyres.com\/bandeninformatie\/","url":"https:\/\/sentury-tyres.com\/bandeninformatie\/","name":"Informazioni sul pneumatico | Sentury tyres","isPartOf":{"@id":"https:\/\/sentury-tyres.com\/#website"},"datePublished":"2024-04-05T12:28:02+00:00","dateModified":"2026-03-26T15:49:03+00:00","description":"Un pneumatico contiene molte informazioni. In questa pagina vi illustriamo le informazioni generali sui pneumatici.","breadcrumb":{"@id":"https:\/\/sentury-tyres.com\/bandeninformatie\/#breadcrumb"},"inLanguage":"it-IT","potentialAction":[{"@type":"ReadAction","target":["https:\/\/sentury-tyres.com\/bandeninformatie\/"]}]},{"@type":"BreadcrumbList","@id":"https:\/\/sentury-tyres.com\/bandeninformatie\/#breadcrumb","itemListElement":[{"@type":"ListItem","position":1,"name":"Home","item":"https:\/\/sentury-tyres.com\/"},{"@type":"ListItem","position":2,"name":"Informazioni sul pneumatico"}]},{"@type":"WebSite","@id":"https:\/\/sentury-tyres.com\/#website","url":"https:\/\/sentury-tyres.com\/","name":"Sentury tyres","description":"Drive with confidence","potentialAction":[{"@type":"SearchAction","target":{"@type":"EntryPoint","urlTemplate":"https:\/\/sentury-tyres.com\/?s={search_term_string}"},"query-input":{"@type":"PropertyValueSpecification","valueRequired":true,"valueName":"search_term_string"}}],"inLanguage":"it-IT"}]}},"_links":{"self":[{"href":"https:\/\/sentury-tyres.com\/it\/wp-json\/wp\/v2\/pages\/656","targetHints":{"allow":["GET"]}}],"collection":[{"href":"https:\/\/sentury-tyres.com\/it\/wp-json\/wp\/v2\/pages"}],"about":[{"href":"https:\/\/sentury-tyres.com\/it\/wp-json\/wp\/v2\/types\/page"}],"author":[{"embeddable":true,"href":"https:\/\/sentury-tyres.com\/it\/wp-json\/wp\/v2\/users\/1"}],"replies":[{"embeddable":true,"href":"https:\/\/sentury-tyres.com\/it\/wp-json\/wp\/v2\/comments?post=656"}],"version-history":[{"count":11,"href":"https:\/\/sentury-tyres.com\/it\/wp-json\/wp\/v2\/pages\/656\/revisions"}],"predecessor-version":[{"id":4897,"href":"https:\/\/sentury-tyres.com\/it\/wp-json\/wp\/v2\/pages\/656\/revisions\/4897"}],"wp:attachment":[{"href":"https:\/\/sentury-tyres.com\/it\/wp-json\/wp\/v2\/media?parent=656"}],"curies":[{"name":"wp","href":"https:\/\/api.w.org\/{rel}","templated":true}]}}