{"id":702,"date":"2024-04-08T10:08:28","date_gmt":"2024-04-08T10:08:28","guid":{"rendered":"https:\/\/sentury-tyres.com\/seasonsdragon-van-2\/"},"modified":"2026-03-26T15:42:26","modified_gmt":"2026-03-26T15:42:26","slug":"seasonsdragon-van-2","status":"publish","type":"page","link":"https:\/\/sentury-tyres.com\/fr\/pneus-toutes-saisons\/seasonsdragon-van-2\/","title":{"rendered":"Seasonsdragon VAN 2"},"content":{"rendered":"<p>[et_pb_section fb_built=\u00a0\u00bb1&Prime; _builder_version=\u00a0\u00bb4.27.4&Prime; _module_preset=\u00a0\u00bbdefault\u00a0\u00bb background_image=\u00a0\u00bbhttps:\/\/sentury-tyres.com\/wp-content\/uploads\/2025\/07\/Sentury-tyres-all-season.jpg\u00a0\u00bb min_height=\u00a0\u00bb270px\u00a0\u00bb global_colors_info=\u00a0\u00bb{}\u00a0\u00bb][\/et_pb_section][et_pb_section fb_built=\u00a0\u00bb1&Prime; _builder_version=\u00a0\u00bb4.24.3&Prime; _module_preset=\u00a0\u00bbdefault\u00a0\u00bb global_colors_info=\u00a0\u00bb{}\u00a0\u00bb][et_pb_row column_structure=\u00a0\u00bb1_3,2_3&Prime; _builder_version=\u00a0\u00bb4.26.0&Prime; _module_preset=\u00a0\u00bbdefault\u00a0\u00bb global_colors_info=\u00a0\u00bb{}\u00a0\u00bb][et_pb_column type=\u00a0\u00bb1_3&Prime; _builder_version=\u00a0\u00bb4.26.0&Prime; _module_preset=\u00a0\u00bbdefault\u00a0\u00bb sticky_position=\u00a0\u00bbtop_bottom\u00a0\u00bb sticky_limit_top=\u00a0\u00bbrow\u00a0\u00bb sticky_limit_bottom=\u00a0\u00bbrow\u00a0\u00bb sticky_position_tablet=\u00a0\u00bbtop\u00a0\u00bb sticky_position_phone=\u00a0\u00bbnone\u00a0\u00bb sticky_position_last_edited=\u00a0\u00bbon|phone\u00a0\u00bb global_colors_info=\u00a0\u00bb{}\u00a0\u00bb][et_pb_text _builder_version=\u00a0\u00bb4.26.0&Prime; _module_preset=\u00a0\u00bbdefault\u00a0\u00bb header_2_font=\u00a0\u00bb|600|||||||\u00a0\u00bb header_2_font_size=\u00a0\u00bb30px\u00a0\u00bb header_3_font=\u00a0\u00bb|600|||||||\u00a0\u00bb text_orientation=\u00a0\u00bbcenter\u00a0\u00bb global_colors_info=\u00a0\u00bb{}\u00a0\u00bb]<\/p>\n<h2>Seasonsdragon VAN 2<\/h2>\n<h3>Disponible de 15&Prime; \u00e0 17&Prime;<\/h3>\n<p>[\/et_pb_text][et_pb_image src=\u00a0\u00bbhttps:\/\/sentury-tyres.com\/wp-content\/uploads\/2024\/04\/Seasonsdragon-VAN-2.png\u00a0\u00bb title_text=\u00a0\u00bbSeasonsdragon-VAN-2&Prime; _builder_version=\u00a0\u00bb4.24.3&Prime; _module_preset=\u00a0\u00bbdefault\u00a0\u00bb custom_margin=\u00a0\u00bb-24px|||||\u00a0\u00bb custom_padding=\u00a0\u00bb0px|||||\u00a0\u00bb global_colors_info=\u00a0\u00bb{}\u00a0\u00bb][\/et_pb_image][et_pb_text _builder_version=\u00a0\u00bb4.26.0&Prime; _module_preset=\u00a0\u00bbdefault\u00a0\u00bb global_colors_info=\u00a0\u00bb{}\u00a0\u00bb]<\/p>\n<ul>\n<li>Pneu toutes saisons.<\/li>\n<\/ul>\n<ul>\n<li>Sp\u00e9cialement con\u00e7u pour les camionnettes.<\/li>\n<\/ul>\n<ul>\n<li>Conduite s\u00fbre en toutes saisons gr\u00e2ce \u00e0 un m\u00e9lange de gomme unique.<\/li>\n<\/ul>\n<ul>\n<li>Performance de freinage am\u00e9lior\u00e9e sur les routes mouill\u00e9es, boueuses et enneig\u00e9es gr\u00e2ce \u00e0 des encoches sp\u00e9ciales.<\/li>\n<\/ul>\n<ul>\n<li>Convient aux charges lourdes gr\u00e2ce \u00e0 la bande de roulement large.<\/li>\n<\/ul>\n<p>[\/et_pb_text][et_pb_button button_url=\u00a0\u00bbhttps:\/\/sentury-tyres.com\/brochures\/Sentury-brochure-FR.pdf\u00a0\u00bb url_new_window=\u00a0\u00bbon\u00a0\u00bb button_text=\u00a0\u00bbT\u00e9l\u00e9charger la brochure\u00a0\u00bb button_alignment=\u00a0\u00bbleft\u00a0\u00bb _builder_version=\u00a0\u00bb4.26.0&Prime; custom_button=\u00a0\u00bbon\u00a0\u00bb button_text_color=\u00a0\u00bb#004472&Prime; button_bg_color=\u00a0\u00bb#ffffff\u00a0\u00bb button_bg_use_color_gradient=\u00a0\u00bbon\u00a0\u00bb button_bg_color_gradient_type=\u00a0\u00bbelliptical\u00a0\u00bb button_bg_color_gradient_direction_radial=\u00a0\u00bbtop right\u00a0\u00bb button_bg_color_gradient_stops=\u00a0\u00bb#f8ac00 0%|#ffd100 100%\u00a0\u00bb button_border_width=\u00a0\u00bb0px\u00a0\u00bb button_border_color=\u00a0\u00bbRGBA(255,255,255,0)\u00a0\u00bb button_border_radius=\u00a0\u00bb0px\u00a0\u00bb button_letter_spacing=\u00a0\u00bb0px\u00a0\u00bb button_font=\u00a0\u00bbBarlow|700|||||||\u00a0\u00bb button_icon=\u00a0\u00bb&#x24;||divi||400&Prime; button_on_hover=\u00a0\u00bboff\u00a0\u00bb transform_scale_linked=\u00a0\u00bboff\u00a0\u00bb transform_skew_linked=\u00a0\u00bboff\u00a0\u00bb custom_margin=\u00a0\u00bb-20px||||false|false\u00a0\u00bb custom_padding=\u00a0\u00bb15px|50px|15px|30px|true|false\u00a0\u00bb custom_css_main_element=\u00a0\u00bbwidth:100%;||-webkit-clip-path: polygon(0 0, 100% 0%, calc(100% &#8211; 60px) 100%, 0% 100%);||  clip-path: polygon(0 0, 100% 0%, calc(100% &#8211; 60px) 100%, 0% 100%);\u00a0\u00bb global_colors_info=\u00a0\u00bb{}\u00a0\u00bb button_bg_color__hover_enabled=\u00a0\u00bbon\u00a0\u00bb button_bg_color__hover=\u00a0\u00bbrgba(0,0,0,0.06)\u00a0\u00bb][\/et_pb_button][\/et_pb_column][et_pb_column type=\u00a0\u00bb2_3&Prime; _builder_version=\u00a0\u00bb4.24.3&Prime; _module_preset=\u00a0\u00bbdefault\u00a0\u00bb global_colors_info=\u00a0\u00bb{}\u00a0\u00bb][et_pb_text _builder_version=\u00a0\u00bb4.25.0&Prime; _module_preset=\u00a0\u00bbdefault\u00a0\u00bb global_colors_info=\u00a0\u00bb{}\u00a0\u00bb]<\/p>\n\n<table id=\"tablepress-8\" class=\"tablepress tablepress-id-8\">\n<thead>\n<tr class=\"row-1\">\n\t<th class=\"column-1\">SIZE<\/th><th class=\"column-2\">XL<\/th><th class=\"column-3\">LI<\/th><th class=\"column-4\">SI<\/th><th class=\"column-5\"><img decoding=\"async\" src=\"\/wp-content\/uploads\/2024\/04\/ico-fuel.png\" \/><\/th><th class=\"column-6\"><img decoding=\"async\" src=\"\/wp-content\/uploads\/2024\/04\/ico-wet.png\" \/><\/th><th class=\"column-7\"><img src=\/wp-content\/uploads\/2024\/04\/ico-noise.png\" \/><\/th><th class=\"column-8\"><img decoding=\"async\" src=\"\/wp-content\/uploads\/2024\/04\/ico-grip-snow.png\" \/><\/th><th class=\"column-9\"><img decoding=\"async\" src=\"\/wp-content\/uploads\/2024\/04\/ico-grip-ice.png\" \/><\/th><th class=\"column-10\">EPREL<\/th>\n<\/tr>\n<\/thead>\n<tbody class=\"row-striping row-hover\">\n<tr class=\"row-2\">\n\t<td class=\"column-1\"><strong> 75 Series<\/strong><\/td><td class=\"column-2\"><\/td><td class=\"column-3\"><\/td><td class=\"column-4\"><\/td><td class=\"column-5\"><\/td><td class=\"column-6\"><\/td><td class=\"column-7\"><\/td><td class=\"column-8\"><\/td><td class=\"column-9\"><\/td><td class=\"column-10\"><\/td>\n<\/tr>\n<tr class=\"row-3\">\n\t<td class=\"column-1\">215\/75R16<\/td><td class=\"column-2\"><\/td><td class=\"column-3\">116<\/td><td class=\"column-4\">R<\/td><td class=\"column-5\">C<\/td><td class=\"column-6\">B<\/td><td class=\"column-7\">73B<\/td><td class=\"column-8\"><i class=\"fa fa-check\" aria-hidden=\"true\"><\/i><\/td><td class=\"column-9\"><i class=\"fa fa-times\" aria-hidden=\"true\"><\/i> <\/td><td class=\"column-10\"><a href=\"https:\/\/eprel.ec.europa.eu\/screen\/product\/tyres\/1670423\" target=\"_blank\" rel=\"noopener\">Database<\/a><\/td>\n<\/tr>\n<tr class=\"row-4\">\n\t<td class=\"column-1\"><strong> 70 Series<\/strong><\/td><td class=\"column-2\"><\/td><td class=\"column-3\"><\/td><td class=\"column-4\"><\/td><td class=\"column-5\"><\/td><td class=\"column-6\"><\/td><td class=\"column-7\"><\/td><td class=\"column-8\"><\/td><td class=\"column-9\"><\/td><td class=\"column-10\"><\/td>\n<\/tr>\n<tr class=\"row-5\">\n\t<td class=\"column-1\">195\/70R15<\/td><td class=\"column-2\"><\/td><td class=\"column-3\">104<\/td><td class=\"column-4\">R<\/td><td class=\"column-5\">C<\/td><td class=\"column-6\">B<\/td><td class=\"column-7\">73B<\/td><td class=\"column-8\"><i class=\"fa fa-check\" aria-hidden=\"true\"><\/i><\/td><td class=\"column-9\"><i class=\"fa fa-times\" aria-hidden=\"true\"><\/i> <\/td><td class=\"column-10\"><a href=\"https:\/\/eprel.ec.europa.eu\/screen\/product\/tyres\/1669564\" target=\"_blank\" rel=\"noopener\">Database<\/a><\/td>\n<\/tr>\n<tr class=\"row-6\">\n\t<td class=\"column-1\">215\/70R15<\/td><td class=\"column-2\"><\/td><td class=\"column-3\">109<\/td><td class=\"column-4\">R<\/td><td class=\"column-5\">C<\/td><td class=\"column-6\">B<\/td><td class=\"column-7\">73B<\/td><td class=\"column-8\"><i class=\"fa fa-check\" aria-hidden=\"true\"><\/i><\/td><td class=\"column-9\"><i class=\"fa fa-times\" aria-hidden=\"true\"><\/i> <\/td><td class=\"column-10\"><a href=\"https:\/\/eprel.ec.europa.eu\/screen\/product\/tyres\/1670422\" target=\"_blank\" rel=\"noopener\">Database<\/a><\/td>\n<\/tr>\n<tr class=\"row-7\">\n\t<td class=\"column-1\"><strong> 65 Series<\/strong><\/td><td class=\"column-2\"><\/td><td class=\"column-3\"><\/td><td class=\"column-4\"><\/td><td class=\"column-5\"><\/td><td class=\"column-6\"><\/td><td class=\"column-7\"><\/td><td class=\"column-8\"><\/td><td class=\"column-9\"><\/td><td class=\"column-10\"><\/td>\n<\/tr>\n<tr class=\"row-8\">\n\t<td class=\"column-1\">205\/65R16<\/td><td class=\"column-2\"><\/td><td class=\"column-3\">107<\/td><td class=\"column-4\">T<\/td><td class=\"column-5\">C<\/td><td class=\"column-6\">B<\/td><td class=\"column-7\">73B<\/td><td class=\"column-8\"><i class=\"fa fa-check\" aria-hidden=\"true\"><\/i><\/td><td class=\"column-9\"><i class=\"fa fa-times\" aria-hidden=\"true\"><\/i> <\/td><td class=\"column-10\"><a href=\"https:\/\/eprel.ec.europa.eu\/screen\/product\/tyres\/1669688\" target=\"_blank\" rel=\"noopener\">Database<\/a><\/td>\n<\/tr>\n<tr class=\"row-9\">\n\t<td class=\"column-1\">215\/65R16<\/td><td class=\"column-2\"><\/td><td class=\"column-3\">109<\/td><td class=\"column-4\">T<\/td><td class=\"column-5\">C<\/td><td class=\"column-6\">B<\/td><td class=\"column-7\">73B<\/td><td class=\"column-8\"><i class=\"fa fa-check\" aria-hidden=\"true\"><\/i><\/td><td class=\"column-9\"><i class=\"fa fa-times\" aria-hidden=\"true\"><\/i> <\/td><td class=\"column-10\"><a href=\"https:\/\/eprel.ec.europa.eu\/screen\/product\/tyres\/1670421\" target=\"_blank\" rel=\"noopener\">Database<\/a><\/td>\n<\/tr>\n<tr class=\"row-10\">\n\t<td class=\"column-1\">225\/65R16<\/td><td class=\"column-2\"><\/td><td class=\"column-3\">112<\/td><td class=\"column-4\">R<\/td><td class=\"column-5\">C<\/td><td class=\"column-6\">B<\/td><td class=\"column-7\">73B<\/td><td class=\"column-8\"><i class=\"fa fa-check\" aria-hidden=\"true\"><\/i><\/td><td class=\"column-9\"><i class=\"fa fa-times\" aria-hidden=\"true\"><\/i> <\/td><td class=\"column-10\"><a href=\"https:\/\/eprel.ec.europa.eu\/screen\/product\/tyres\/1670424\" target=\"_blank\" rel=\"noopener\">Database<\/a><\/td>\n<\/tr>\n<tr class=\"row-11\">\n\t<td class=\"column-1\">235\/65R16<\/td><td class=\"column-2\"><\/td><td class=\"column-3\">115<\/td><td class=\"column-4\">R<\/td><td class=\"column-5\">C<\/td><td class=\"column-6\">A<\/td><td class=\"column-7\">73B<\/td><td class=\"column-8\"><i class=\"fa fa-check\" aria-hidden=\"true\"><\/i><\/td><td class=\"column-9\"><i class=\"fa fa-times\" aria-hidden=\"true\"><\/i> <\/td><td class=\"column-10\"><a href=\"https:\/\/eprel.ec.europa.eu\/screen\/product\/tyres\/1670425\" target=\"_blank\" rel=\"noopener\">Database<\/a><\/td>\n<\/tr>\n<tr class=\"row-12\">\n\t<td class=\"column-1\"><strong> 60 Series<\/strong><\/td><td class=\"column-2\"><\/td><td class=\"column-3\"><\/td><td class=\"column-4\"><\/td><td class=\"column-5\"><\/td><td class=\"column-6\"><\/td><td class=\"column-7\"><\/td><td class=\"column-8\"><\/td><td class=\"column-9\"><\/td><td class=\"column-10\"><\/td>\n<\/tr>\n<tr class=\"row-13\">\n\t<td class=\"column-1\">195\/60R16<\/td><td class=\"column-2\"><\/td><td class=\"column-3\">99<\/td><td class=\"column-4\">H<\/td><td class=\"column-5\">D<\/td><td class=\"column-6\">B<\/td><td class=\"column-7\">73B<\/td><td class=\"column-8\"><i class=\"fa fa-check\" aria-hidden=\"true\"><\/i><\/td><td class=\"column-9\"><i class=\"fa fa-times\" aria-hidden=\"true\"><\/i> <\/td><td class=\"column-10\"><a href=\"https:\/\/eprel.ec.europa.eu\/screen\/product\/tyres\/1669557\" target=\"_blank\" rel=\"noopener\">Database<\/a><\/td>\n<\/tr>\n<tr class=\"row-14\">\n\t<td class=\"column-1\">215\/60R16<\/td><td class=\"column-2\"><\/td><td class=\"column-3\">103<\/td><td class=\"column-4\">T<\/td><td class=\"column-5\">C<\/td><td class=\"column-6\">B<\/td><td class=\"column-7\">73B<\/td><td class=\"column-8\"><i class=\"fa fa-check\" aria-hidden=\"true\"><\/i><\/td><td class=\"column-9\"><i class=\"fa fa-times\" aria-hidden=\"true\"><\/i> <\/td><td class=\"column-10\"><a href=\"https:\/\/eprel.ec.europa.eu\/screen\/product\/tyres\/1669699\" target=\"_blank\" rel=\"noopener\">Database<\/a><\/td>\n<\/tr>\n<tr class=\"row-15\">\n\t<td class=\"column-1\">215\/60R17<\/td><td class=\"column-2\"><\/td><td class=\"column-3\">109<\/td><td class=\"column-4\">T<\/td><td class=\"column-5\">C<\/td><td class=\"column-6\">B<\/td><td class=\"column-7\">73B<\/td><td class=\"column-8\"><i class=\"fa fa-check\" aria-hidden=\"true\"><\/i><\/td><td class=\"column-9\"><i class=\"fa fa-times\" aria-hidden=\"true\"><\/i> <\/td><td class=\"column-10\"><a href=\"https:\/\/eprel.ec.europa.eu\/screen\/product\/tyres\/1670420\" target=\"_blank\" rel=\"noopener\">Database<\/a><\/td>\n<\/tr>\n<\/tbody>\n<\/table>\n<!-- #tablepress-8 from cache -->\n<p>[\/et_pb_text][et_pb_button button_url=\u00a0\u00bb\/fr\/etiquette-sur-le-pneu\/\u00a0\u00bb button_text=\u00a0\u00bbExplication de l&rsquo;\u00e9tiquette de pneu\u00a0\u00bb button_alignment=\u00a0\u00bbleft\u00a0\u00bb _builder_version=\u00a0\u00bb4.25.1&Prime; custom_button=\u00a0\u00bbon\u00a0\u00bb button_text_color=\u00a0\u00bb#004472&Prime; button_bg_color=\u00a0\u00bb#ffffff\u00a0\u00bb button_bg_use_color_gradient=\u00a0\u00bbon\u00a0\u00bb button_bg_color_gradient_type=\u00a0\u00bbelliptical\u00a0\u00bb button_bg_color_gradient_direction_radial=\u00a0\u00bbtop right\u00a0\u00bb button_bg_color_gradient_stops=\u00a0\u00bb#f8ac00 0%|#ffd100 100%\u00a0\u00bb button_border_width=\u00a0\u00bb0px\u00a0\u00bb button_border_color=\u00a0\u00bbRGBA(255,255,255,0)\u00a0\u00bb button_border_radius=\u00a0\u00bb0px\u00a0\u00bb button_letter_spacing=\u00a0\u00bb0px\u00a0\u00bb button_font=\u00a0\u00bbBarlow|700|||||||\u00a0\u00bb button_icon=\u00a0\u00bb&#x24;||divi||400&Prime; button_on_hover=\u00a0\u00bboff\u00a0\u00bb transform_scale_linked=\u00a0\u00bboff\u00a0\u00bb transform_skew_linked=\u00a0\u00bboff\u00a0\u00bb custom_padding=\u00a0\u00bb15px|50px|15px|30px|true|false\u00a0\u00bb custom_css_main_element=\u00a0\u00bbwidth:23vh;||-webkit-clip-path: polygon(0 0, 100% 0%, calc(100% &#8211; 60px) 100%, 0% 100%);||  clip-path: polygon(0 0, 100% 0%, calc(100% &#8211; 60px) 100%, 0% 100%);\u00a0\u00bb global_colors_info=\u00a0\u00bb{}\u00a0\u00bb button_bg_color__hover_enabled=\u00a0\u00bbon\u00a0\u00bb button_bg_color__hover=\u00a0\u00bbrgba(0,0,0,0.06)\u00a0\u00bb custom_css_main_element_last_edited=\u00a0\u00bbon|phone\u00a0\u00bb custom_css_main_element_phone=\u00a0\u00bbwidth:23vh;||-webkit-clip-path: polygon(0 0, 100% 0%, calc(100% &#8211; 60px) 100%, 0% 100%);||  clip-path: polygon(0 0, 100% 0%, calc(100% &#8211; 60px) 100%, 0% 100%);\u00a0\u00bb custom_css_main_element_tablet=\u00a0\u00bbwidth:23vh;||-webkit-clip-path: polygon(0 0, 100% 0%, calc(100% &#8211; 60px) 100%, 0% 100%);||  clip-path: polygon(0 0, 100% 0%, calc(100% &#8211; 60px) 100%, 0% 100%);\u00a0\u00bb][\/et_pb_button][\/et_pb_column][\/et_pb_row][\/et_pb_section]<\/p>\n","protected":false},"excerpt":{"rendered":"<p>Seasonsdragon VAN 2 Disponible de 15&Prime; \u00e0 17&Prime; Pneu toutes saisons. Sp\u00e9cialement con\u00e7u pour les camionnettes. Conduite s\u00fbre en toutes saisons gr\u00e2ce \u00e0 un m\u00e9lange de gomme unique. Performance de freinage am\u00e9lior\u00e9e sur les routes mouill\u00e9es, boueuses et enneig\u00e9es gr\u00e2ce \u00e0 des encoches sp\u00e9ciales. Convient aux charges lourdes gr\u00e2ce \u00e0 la bande de roulement large. [&hellip;]<\/p>\n","protected":false},"author":1,"featured_media":0,"parent":3877,"menu_order":0,"comment_status":"closed","ping_status":"closed","template":"","meta":{"_et_pb_use_builder":"on","_et_pb_old_content":"[et_pb_section fb_built=\"1\" _builder_version=\"4.24.3\" _module_preset=\"default\" background_image=\"http:\/\/sentury-tyres.com\/wp-content\/uploads\/2024\/04\/Qirin-990-background.png\" min_height=\"270px\" global_colors_info=\"{}\"][\/et_pb_section][et_pb_section fb_built=\"1\" _builder_version=\"4.24.3\" _module_preset=\"default\" global_colors_info=\"{}\"][et_pb_row column_structure=\"1_3,2_3\" _builder_version=\"4.24.3\" _module_preset=\"default\" global_colors_info=\"{}\"][et_pb_column type=\"1_3\" _builder_version=\"4.24.3\" _module_preset=\"default\" sticky_position=\"top\" sticky_offset_top=\"65px\" sticky_limit_bottom=\"body\" global_colors_info=\"{}\"][et_pb_text _builder_version=\"4.24.3\" _module_preset=\"default\" header_2_font=\"|600|||||||\" header_2_font_size=\"30px\" header_3_font=\"|600|||||||\" text_orientation=\"center\" hover_enabled=\"0\" global_colors_info=\"{}\" sticky_enabled=\"0\"]<h2>Seasondragon 2<\/h2>\n<h3>Beschikbaar in 14\" en 21\"<\/h3>[\/et_pb_text][et_pb_image src=\"http:\/\/sentury-tyres.com\/wp-content\/uploads\/2024\/04\/Seasonsdragon2.jpg\" title_text=\"Seasonsdragon2\" _builder_version=\"4.24.3\" _module_preset=\"default\" custom_margin=\"-24px|||||\" custom_padding=\"0px|||||\" hover_enabled=\"0\" global_colors_info=\"{}\" sticky_enabled=\"0\"][\/et_pb_image][et_pb_text _builder_version=\"4.24.3\" _module_preset=\"default\" global_colors_info=\"{}\"]<ul>\n<li>Your content goes here en nog een stukje tekst hier.<\/li>\n<li>Your content goes here en nog een stukje tekst<\/li>\n<li>Your content goes here en nog een stukje tekst<\/li>\n<\/ul>[\/et_pb_text][et_pb_button button_text=\"Download brochure\" button_alignment=\"left\" _builder_version=\"4.24.3\" custom_button=\"on\" button_text_color=\"#004472\" button_bg_color=\"#ffffff\" button_bg_use_color_gradient=\"on\" button_bg_color_gradient_type=\"elliptical\" button_bg_color_gradient_direction_radial=\"top right\" button_bg_color_gradient_stops=\"#f8ac00 0%|#ffd100 100%\" button_border_width=\"0px\" button_border_color=\"RGBA(255,255,255,0)\" button_border_radius=\"0px\" button_letter_spacing=\"0px\" button_font=\"Barlow|700|||||||\" button_icon=\"&#x24;||divi||400\" button_on_hover=\"off\" transform_scale_linked=\"off\" transform_skew_linked=\"off\" custom_margin=\"-20px||||false|false\" custom_padding=\"15px|50px|15px|30px|true|false\" custom_css_main_element=\"width:100%;||-webkit-clip-path: polygon(0 0, 100% 0%, calc(100% - 60px) 100%, 0% 100%);||  clip-path: polygon(0 0, 100% 0%, calc(100% - 60px) 100%, 0% 100%);\" global_colors_info=\"{}\" button_bg_color__hover_enabled=\"on\" button_bg_color__hover=\"rgba(0,0,0,0.06)\"][\/et_pb_button][\/et_pb_column][et_pb_column type=\"2_3\" _builder_version=\"4.24.3\" _module_preset=\"default\" global_colors_info=\"{}\"][et_pb_text _builder_version=\"4.24.3\" _module_preset=\"default\" global_colors_info=\"{}\"]<p>[table id=1 \/]<\/p>[\/et_pb_text][\/et_pb_column][\/et_pb_row][\/et_pb_section]","_et_gb_content_width":"","footnotes":""},"class_list":["post-702","page","type-page","status-publish","hentry"],"yoast_head":"<!-- This site is optimized with the Yoast SEO plugin v27.3 - https:\/\/yoast.com\/product\/yoast-seo-wordpress\/ -->\n<title>Seasonsdragon VAN 2 | Sentury tyres<\/title>\n<meta name=\"description\" content=\"Le pneu toutes saisons Sentury Seasonsdragon VAN 2 est con\u00e7u pour les camionnettes et excellent pour le transport de lourdes charges.\" \/>\n<meta name=\"robots\" content=\"index, follow, max-snippet:-1, max-image-preview:large, max-video-preview:-1\" \/>\n<link rel=\"canonical\" href=\"https:\/\/sentury-tyres.com\/all-seasonbanden\/seasonsdragon-van-2\/\" \/>\n<meta property=\"og:locale\" content=\"fr_FR\" \/>\n<meta property=\"og:type\" content=\"article\" \/>\n<meta property=\"og:title\" content=\"Seasonsdragon VAN 2 | Sentury tyres\" \/>\n<meta property=\"og:description\" content=\"Le pneu toutes saisons Sentury Seasonsdragon VAN 2 est con\u00e7u pour les camionnettes et excellent pour le transport de lourdes charges.\" \/>\n<meta property=\"og:url\" content=\"https:\/\/sentury-tyres.com\/all-seasonbanden\/seasonsdragon-van-2\/\" \/>\n<meta property=\"og:site_name\" content=\"Sentury tyres\" \/>\n<meta property=\"article:modified_time\" content=\"2026-03-26T15:42:26+00:00\" \/>\n<meta name=\"twitter:card\" content=\"summary_large_image\" \/>\n<meta name=\"twitter:label1\" content=\"Dur\u00e9e de lecture estim\u00e9e\" \/>\n\t<meta name=\"twitter:data1\" content=\"3 minutes\" \/>\n<script type=\"application\/ld+json\" class=\"yoast-schema-graph\">{\"@context\":\"https:\\\/\\\/schema.org\",\"@graph\":[{\"@type\":\"WebPage\",\"@id\":\"https:\\\/\\\/sentury-tyres.com\\\/all-seasonbanden\\\/seasonsdragon-van-2\\\/\",\"url\":\"https:\\\/\\\/sentury-tyres.com\\\/all-seasonbanden\\\/seasonsdragon-van-2\\\/\",\"name\":\"Seasonsdragon VAN 2 | Sentury tyres\",\"isPartOf\":{\"@id\":\"https:\\\/\\\/sentury-tyres.com\\\/#website\"},\"datePublished\":\"2024-04-08T10:08:28+00:00\",\"dateModified\":\"2026-03-26T15:42:26+00:00\",\"description\":\"Le pneu toutes saisons Sentury Seasonsdragon VAN 2 est con\u00e7u pour les camionnettes et excellent pour le transport de lourdes charges.\",\"breadcrumb\":{\"@id\":\"https:\\\/\\\/sentury-tyres.com\\\/all-seasonbanden\\\/seasonsdragon-van-2\\\/#breadcrumb\"},\"inLanguage\":\"fr-FR\",\"potentialAction\":[{\"@type\":\"ReadAction\",\"target\":[\"https:\\\/\\\/sentury-tyres.com\\\/all-seasonbanden\\\/seasonsdragon-van-2\\\/\"]}]},{\"@type\":\"BreadcrumbList\",\"@id\":\"https:\\\/\\\/sentury-tyres.com\\\/all-seasonbanden\\\/seasonsdragon-van-2\\\/#breadcrumb\",\"itemListElement\":[{\"@type\":\"ListItem\",\"position\":1,\"name\":\"Home\",\"item\":\"https:\\\/\\\/sentury-tyres.com\\\/fr\\\/\"},{\"@type\":\"ListItem\",\"position\":2,\"name\":\"Pneus toutes saisons\",\"item\":\"https:\\\/\\\/sentury-tyres.com\\\/fr\\\/pneus-toutes-saisons\\\/\"},{\"@type\":\"ListItem\",\"position\":3,\"name\":\"Seasonsdragon VAN 2\"}]},{\"@type\":\"WebSite\",\"@id\":\"https:\\\/\\\/sentury-tyres.com\\\/#website\",\"url\":\"https:\\\/\\\/sentury-tyres.com\\\/\",\"name\":\"Sentury tyres\",\"description\":\"Drive with confidence\",\"potentialAction\":[{\"@type\":\"SearchAction\",\"target\":{\"@type\":\"EntryPoint\",\"urlTemplate\":\"https:\\\/\\\/sentury-tyres.com\\\/?s={search_term_string}\"},\"query-input\":{\"@type\":\"PropertyValueSpecification\",\"valueRequired\":true,\"valueName\":\"search_term_string\"}}],\"inLanguage\":\"fr-FR\"}]}<\/script>\n<!-- \/ Yoast SEO plugin. -->","yoast_head_json":{"title":"Seasonsdragon VAN 2 | Sentury tyres","description":"Le pneu toutes saisons Sentury Seasonsdragon VAN 2 est con\u00e7u pour les camionnettes et excellent pour le transport de lourdes charges.","robots":{"index":"index","follow":"follow","max-snippet":"max-snippet:-1","max-image-preview":"max-image-preview:large","max-video-preview":"max-video-preview:-1"},"canonical":"https:\/\/sentury-tyres.com\/all-seasonbanden\/seasonsdragon-van-2\/","og_locale":"fr_FR","og_type":"article","og_title":"Seasonsdragon VAN 2 | Sentury tyres","og_description":"Le pneu toutes saisons Sentury Seasonsdragon VAN 2 est con\u00e7u pour les camionnettes et excellent pour le transport de lourdes charges.","og_url":"https:\/\/sentury-tyres.com\/all-seasonbanden\/seasonsdragon-van-2\/","og_site_name":"Sentury tyres","article_modified_time":"2026-03-26T15:42:26+00:00","twitter_card":"summary_large_image","twitter_misc":{"Dur\u00e9e de lecture estim\u00e9e":"3 minutes"},"schema":{"@context":"https:\/\/schema.org","@graph":[{"@type":"WebPage","@id":"https:\/\/sentury-tyres.com\/all-seasonbanden\/seasonsdragon-van-2\/","url":"https:\/\/sentury-tyres.com\/all-seasonbanden\/seasonsdragon-van-2\/","name":"Seasonsdragon VAN 2 | Sentury tyres","isPartOf":{"@id":"https:\/\/sentury-tyres.com\/#website"},"datePublished":"2024-04-08T10:08:28+00:00","dateModified":"2026-03-26T15:42:26+00:00","description":"Le pneu toutes saisons Sentury Seasonsdragon VAN 2 est con\u00e7u pour les camionnettes et excellent pour le transport de lourdes charges.","breadcrumb":{"@id":"https:\/\/sentury-tyres.com\/all-seasonbanden\/seasonsdragon-van-2\/#breadcrumb"},"inLanguage":"fr-FR","potentialAction":[{"@type":"ReadAction","target":["https:\/\/sentury-tyres.com\/all-seasonbanden\/seasonsdragon-van-2\/"]}]},{"@type":"BreadcrumbList","@id":"https:\/\/sentury-tyres.com\/all-seasonbanden\/seasonsdragon-van-2\/#breadcrumb","itemListElement":[{"@type":"ListItem","position":1,"name":"Home","item":"https:\/\/sentury-tyres.com\/fr\/"},{"@type":"ListItem","position":2,"name":"Pneus toutes saisons","item":"https:\/\/sentury-tyres.com\/fr\/pneus-toutes-saisons\/"},{"@type":"ListItem","position":3,"name":"Seasonsdragon VAN 2"}]},{"@type":"WebSite","@id":"https:\/\/sentury-tyres.com\/#website","url":"https:\/\/sentury-tyres.com\/","name":"Sentury tyres","description":"Drive with confidence","potentialAction":[{"@type":"SearchAction","target":{"@type":"EntryPoint","urlTemplate":"https:\/\/sentury-tyres.com\/?s={search_term_string}"},"query-input":{"@type":"PropertyValueSpecification","valueRequired":true,"valueName":"search_term_string"}}],"inLanguage":"fr-FR"}]}},"_links":{"self":[{"href":"https:\/\/sentury-tyres.com\/fr\/wp-json\/wp\/v2\/pages\/702","targetHints":{"allow":["GET"]}}],"collection":[{"href":"https:\/\/sentury-tyres.com\/fr\/wp-json\/wp\/v2\/pages"}],"about":[{"href":"https:\/\/sentury-tyres.com\/fr\/wp-json\/wp\/v2\/types\/page"}],"author":[{"embeddable":true,"href":"https:\/\/sentury-tyres.com\/fr\/wp-json\/wp\/v2\/users\/1"}],"replies":[{"embeddable":true,"href":"https:\/\/sentury-tyres.com\/fr\/wp-json\/wp\/v2\/comments?post=702"}],"version-history":[{"count":14,"href":"https:\/\/sentury-tyres.com\/fr\/wp-json\/wp\/v2\/pages\/702\/revisions"}],"predecessor-version":[{"id":4840,"href":"https:\/\/sentury-tyres.com\/fr\/wp-json\/wp\/v2\/pages\/702\/revisions\/4840"}],"up":[{"embeddable":true,"href":"https:\/\/sentury-tyres.com\/fr\/wp-json\/wp\/v2\/pages\/3877"}],"wp:attachment":[{"href":"https:\/\/sentury-tyres.com\/fr\/wp-json\/wp\/v2\/media?parent=702"}],"curies":[{"name":"wp","href":"https:\/\/api.w.org\/{rel}","templated":true}]}}