{"id":654,"date":"2024-04-05T12:28:02","date_gmt":"2024-04-05T12:28:02","guid":{"rendered":"https:\/\/sentury-tyres.com\/bandeninformatie\/"},"modified":"2026-03-26T15:42:48","modified_gmt":"2026-03-26T15:42:48","slug":"informations-sur-les-pneus","status":"publish","type":"page","link":"https:\/\/sentury-tyres.com\/fr\/informations-sur-les-pneus\/","title":{"rendered":"Informations sur les pneus"},"content":{"rendered":"<p>[et_pb_section fb_built=\u00a0\u00bb1&Prime; _builder_version=\u00a0\u00bb4.24.3&Prime; _module_preset=\u00a0\u00bbdefault\u00a0\u00bb global_colors_info=\u00a0\u00bb{}\u00a0\u00bb][et_pb_row _builder_version=\u00a0\u00bb4.24.3&Prime; _module_preset=\u00a0\u00bbdefault\u00a0\u00bb global_colors_info=\u00a0\u00bb{}\u00a0\u00bb][et_pb_column type=\u00a0\u00bb4_4&Prime; _builder_version=\u00a0\u00bb4.24.3&Prime; _module_preset=\u00a0\u00bbdefault\u00a0\u00bb global_colors_info=\u00a0\u00bb{}\u00a0\u00bb][et_pb_text _builder_version=\u00a0\u00bb4.25.1&Prime; _module_preset=\u00a0\u00bbdefault\u00a0\u00bb global_colors_info=\u00a0\u00bb{}\u00a0\u00bb]<\/p>\n<h2>En toute s\u00e9curit\u00e9 avec les pneus Sentury<\/h2>\n<p>Un pneu contient une multitude d&rsquo;informations. De la taille au type de pneu, en passant par la date de production et la conformit\u00e9 \u00e0 la norme relative aux pneus hiver ou neige (M+S), ainsi que les indices de charge et de vitesse maximales. De plus, les obligations l\u00e9gales concernant les pneus incluent des exigences de profondeur minimale de la bande de roulement. Nous nous pencherons ici sur les informations g\u00e9n\u00e9rales relatives aux pneus.<\/p>\n<p>[\/et_pb_text][\/et_pb_column][\/et_pb_row][et_pb_row column_structure=\u00a0\u00bb1_3,2_3&Prime; _builder_version=\u00a0\u00bb4.24.3&Prime; _module_preset=\u00a0\u00bbdefault\u00a0\u00bb global_colors_info=\u00a0\u00bb{}\u00a0\u00bb][et_pb_column type=\u00a0\u00bb1_3&Prime; _builder_version=\u00a0\u00bb4.24.3&Prime; _module_preset=\u00a0\u00bbdefault\u00a0\u00bb global_colors_info=\u00a0\u00bb{}\u00a0\u00bb][et_pb_image src=\u00a0\u00bbhttps:\/\/sentury-tyres.com\/wp-content\/uploads\/2024\/04\/bandenvervanger.png\u00a0\u00bb title_text=\u00a0\u00bbbandenvervanger\u00a0\u00bb _builder_version=\u00a0\u00bb4.24.3&Prime; _module_preset=\u00a0\u00bbdefault\u00a0\u00bb global_colors_info=\u00a0\u00bb{}\u00a0\u00bb][\/et_pb_image][\/et_pb_column][et_pb_column type=\u00a0\u00bb2_3&Prime; _builder_version=\u00a0\u00bb4.24.3&Prime; _module_preset=\u00a0\u00bbdefault\u00a0\u00bb global_colors_info=\u00a0\u00bb{}\u00a0\u00bb][et_pb_text _builder_version=\u00a0\u00bb4.25.1&Prime; _module_preset=\u00a0\u00bbdefault\u00a0\u00bb global_colors_info=\u00a0\u00bb{}\u00a0\u00bb]<\/p>\n<h3>Quand dois-je remplacer mes pneus ?<\/h3>\n<p>Il est conseill\u00e9 de faire inspecter r\u00e9guli\u00e8rement ses pneus par un sp\u00e9cialiste. Cela permet d&rsquo;identifier rapidement les probl\u00e8mes potentiels, de prolonger la dur\u00e9e de vie des pneus et de pr\u00e9venir les situations dangereuses.<\/p>\n<p>1. Les pneus des voitures modernes sont g\u00e9n\u00e9ralement bien prot\u00e9g\u00e9s contre les crevaisons. Toutefois, en cas de crevaison, arr\u00eatez-vous rapidement et remplacez le pneu. Faites toujours retirer un pneu crev\u00e9 de la jante pour v\u00e9rifier qu&rsquo;il n&rsquo;est pas endommag\u00e9. Si une r\u00e9paration est n\u00e9cessaire, faites-la d\u00e8s que possible pour \u00e9viter d&rsquo;autres dommages internes.<\/p>\n<p>2. Bien que la profondeur minimale l\u00e9gale des sculptures en Europe soit de 1,6 mm (4 mm pour les pneus d&rsquo;hiver), il est recommand\u00e9 de remplacer les pneus lorsque la profondeur des sculptures atteint 2 mm. Les indicateurs d&rsquo;usure de la bande de roulement, appel\u00e9s TWI, sont situ\u00e9s dans les rainures de la bande de roulement. Lorsque la bande de roulement s&rsquo;use jusqu&rsquo;\u00e0 ces indicateurs, la profondeur minimale l\u00e9gale de la bande de roulement est atteinte.<\/p>\n<p>3. Certains facteurs externes peuvent endommager le pneu. Il s&rsquo;agit notamment d&rsquo;objets pointus comme des clous ou des vis, ainsi que de bordures ou d&rsquo;autres obstacles. Si les dommages sont suffisamment graves pour affecter la carcasse du pneu ou s&rsquo;ils sont visibles, le pneu doit \u00eatre remplac\u00e9. En cas de doute, il est conseill\u00e9 de faire \u00e9valuer le pneu par un sp\u00e9cialiste.<\/p>\n<p>[\/et_pb_text][\/et_pb_column][\/et_pb_row][et_pb_row _builder_version=\u00a0\u00bb4.24.3&Prime; _module_preset=\u00a0\u00bbdefault\u00a0\u00bb custom_padding=\u00a0\u00bb||0px|||\u00a0\u00bb global_colors_info=\u00a0\u00bb{}\u00a0\u00bb][et_pb_column type=\u00a0\u00bb4_4&Prime; _builder_version=\u00a0\u00bb4.24.3&Prime; _module_preset=\u00a0\u00bbdefault\u00a0\u00bb global_colors_info=\u00a0\u00bb{}\u00a0\u00bb][et_pb_divider color=\u00a0\u00bb#004472&Prime; _builder_version=\u00a0\u00bb4.24.3&Prime; _module_preset=\u00a0\u00bbdefault\u00a0\u00bb global_colors_info=\u00a0\u00bb{}\u00a0\u00bb][\/et_pb_divider][\/et_pb_column][\/et_pb_row][et_pb_row column_structure=\u00a0\u00bb2_3,1_3&Prime; _builder_version=\u00a0\u00bb4.24.3&Prime; _module_preset=\u00a0\u00bbdefault\u00a0\u00bb global_colors_info=\u00a0\u00bb{}\u00a0\u00bb][et_pb_column type=\u00a0\u00bb2_3&Prime; _builder_version=\u00a0\u00bb4.24.3&Prime; _module_preset=\u00a0\u00bbdefault\u00a0\u00bb global_colors_info=\u00a0\u00bb{}\u00a0\u00bb][et_pb_text _builder_version=\u00a0\u00bb4.25.1&Prime; _module_preset=\u00a0\u00bbdefault\u00a0\u00bb global_colors_info=\u00a0\u00bb{}\u00a0\u00bb]<\/p>\n<h3>La profondeur de sculpture d&rsquo;un pneu<\/h3>\n<p>Les pneus neufs ont g\u00e9n\u00e9ralement une profondeur de sculpture comprise entre 7 et 9,5 millim\u00e8tres, selon le type de pneu. La bande de roulement permet d&rsquo;obtenir des performances optimales dans des conditions m\u00e9t\u00e9orologiques variables. La profondeur minimale l\u00e9gale de la bande de roulement pour tous les pneus de voitures particuli\u00e8res en Europe est de 1,6 millim\u00e8tre. Toutefois, il est plus prudent de remplacer les pneus lorsqu&rsquo;ils atteignent une profondeur de 2 millim\u00e8tres. Les pneus d&rsquo;hiver font exception \u00e0 la r\u00e8gle, puisqu&rsquo;il est recommand\u00e9 de les remplacer \u00e0 4 millim\u00e8tres.<\/p>\n<p>\u00c0 l&rsquo;int\u00e9rieur de la bande de roulement, des indicateurs d&rsquo;usure appel\u00e9s TWI (Tread Wear Indicators) signalent l&rsquo;approche de la limite d&rsquo;usure.<\/p>\n<p>[\/et_pb_text][\/et_pb_column][et_pb_column type=\u00a0\u00bb1_3&Prime; _builder_version=\u00a0\u00bb4.24.3&Prime; _module_preset=\u00a0\u00bbdefault\u00a0\u00bb global_colors_info=\u00a0\u00bb{}\u00a0\u00bb][et_pb_image src=\u00a0\u00bbhttps:\/\/sentury-tyres.com\/wp-content\/uploads\/2024\/04\/profieldieptemeter.png\u00a0\u00bb title_text=\u00a0\u00bbprofieldieptemeter\u00a0\u00bb _builder_version=\u00a0\u00bb4.24.3&Prime; _module_preset=\u00a0\u00bbdefault\u00a0\u00bb global_colors_info=\u00a0\u00bb{}\u00a0\u00bb][\/et_pb_image][\/et_pb_column][\/et_pb_row][et_pb_row _builder_version=\u00a0\u00bb4.24.3&Prime; _module_preset=\u00a0\u00bbdefault\u00a0\u00bb custom_padding=\u00a0\u00bb||0px|||\u00a0\u00bb global_colors_info=\u00a0\u00bb{}\u00a0\u00bb][et_pb_column type=\u00a0\u00bb4_4&Prime; _builder_version=\u00a0\u00bb4.24.3&Prime; _module_preset=\u00a0\u00bbdefault\u00a0\u00bb global_colors_info=\u00a0\u00bb{}\u00a0\u00bb][et_pb_divider color=\u00a0\u00bb#004472&Prime; _builder_version=\u00a0\u00bb4.24.3&Prime; _module_preset=\u00a0\u00bbdefault\u00a0\u00bb global_colors_info=\u00a0\u00bb{}\u00a0\u00bb][\/et_pb_divider][\/et_pb_column][\/et_pb_row][et_pb_row column_structure=\u00a0\u00bb1_3,2_3&Prime; _builder_version=\u00a0\u00bb4.24.3&Prime; _module_preset=\u00a0\u00bbdefault\u00a0\u00bb global_colors_info=\u00a0\u00bb{}\u00a0\u00bb][et_pb_column type=\u00a0\u00bb1_3&Prime; _builder_version=\u00a0\u00bb4.24.3&Prime; _module_preset=\u00a0\u00bbdefault\u00a0\u00bb global_colors_info=\u00a0\u00bb{}\u00a0\u00bb][et_pb_image src=\u00a0\u00bbhttps:\/\/sentury-tyres.com\/wp-content\/uploads\/2024\/04\/bandenspanning.png\u00a0\u00bb title_text=\u00a0\u00bbbandenspanning\u00a0\u00bb _builder_version=\u00a0\u00bb4.24.3&Prime; _module_preset=\u00a0\u00bbdefault\u00a0\u00bb global_colors_info=\u00a0\u00bb{}\u00a0\u00bb][\/et_pb_image][\/et_pb_column][et_pb_column type=\u00a0\u00bb2_3&Prime; _builder_version=\u00a0\u00bb4.24.3&Prime; _module_preset=\u00a0\u00bbdefault\u00a0\u00bb global_colors_info=\u00a0\u00bb{}\u00a0\u00bb][et_pb_text _builder_version=\u00a0\u00bb4.25.1&Prime; _module_preset=\u00a0\u00bbdefault\u00a0\u00bb global_colors_info=\u00a0\u00bb{}\u00a0\u00bb]<\/p>\n<h3>Quelle est la bonne pression des pneus ?<\/h3>\n<p>Il est essentiel de v\u00e9rifier r\u00e9guli\u00e8rement la pression de vos pneus. Cela permet d&rsquo;\u00e9viter l&rsquo;usure inutile et de maintenir des performances de conduite et de freinage optimales. Une pression correcte des pneus r\u00e9duit le risque d&rsquo;aquaplaning et minimise la r\u00e9sistance au roulement, prolongeant ainsi la dur\u00e9e de vie des pneus. V\u00e9rifiez la pression de vos pneus au moins une fois tous les deux mois, y compris celle de votre roue de secours.<\/p>\n<p>La pression recommand\u00e9e pour votre v\u00e9hicule est indiqu\u00e9e dans le manuel du propri\u00e9taire ou sur un autocollant appos\u00e9 par le fabricant, g\u00e9n\u00e9ralement situ\u00e9 sur les montants des portes avant, \u00e0 l&rsquo;arri\u00e8re du pare-soleil ou \u00e0 l&rsquo;int\u00e9rieur de la trappe \u00e0 carburant.<\/p>\n<p>[\/et_pb_text][\/et_pb_column][\/et_pb_row][\/et_pb_section]<\/p>\n","protected":false},"excerpt":{"rendered":"<p>En toute s\u00e9curit\u00e9 avec les pneus Sentury Un pneu contient une multitude d&rsquo;informations. De la taille au type de pneu, en passant par la date de production et la conformit\u00e9 \u00e0 la norme relative aux pneus hiver ou neige (M+S), ainsi que les indices de charge et de vitesse maximales. De plus, les obligations l\u00e9gales [&hellip;]<\/p>\n","protected":false},"author":1,"featured_media":0,"parent":0,"menu_order":0,"comment_status":"closed","ping_status":"closed","template":"","meta":{"_et_pb_use_builder":"on","_et_pb_old_content":"","_et_gb_content_width":"","footnotes":""},"class_list":["post-654","page","type-page","status-publish","hentry"],"yoast_head":"<!-- This site is optimized with the Yoast SEO plugin v27.3 - https:\/\/yoast.com\/product\/yoast-seo-wordpress\/ -->\n<title>Informations sur les pneus | Sentury tyres<\/title>\n<meta name=\"description\" content=\"Un pneu contient beaucoup d&#039;informations. Sur cette page, nous vous pr\u00e9sentons des informations g\u00e9n\u00e9rales sur les pneus.\" \/>\n<meta name=\"robots\" content=\"index, follow, max-snippet:-1, max-image-preview:large, max-video-preview:-1\" \/>\n<link rel=\"canonical\" href=\"https:\/\/sentury-tyres.com\/bandeninformatie\/\" \/>\n<meta property=\"og:locale\" content=\"fr_FR\" \/>\n<meta property=\"og:type\" content=\"article\" \/>\n<meta property=\"og:title\" content=\"Informations sur les pneus | Sentury tyres\" \/>\n<meta property=\"og:description\" content=\"Un pneu contient beaucoup d&#039;informations. Sur cette page, nous vous pr\u00e9sentons des informations g\u00e9n\u00e9rales sur les pneus.\" \/>\n<meta property=\"og:url\" content=\"https:\/\/sentury-tyres.com\/bandeninformatie\/\" \/>\n<meta property=\"og:site_name\" content=\"Sentury tyres\" \/>\n<meta property=\"article:modified_time\" content=\"2026-03-26T15:42:48+00:00\" \/>\n<meta name=\"twitter:card\" content=\"summary_large_image\" \/>\n<meta name=\"twitter:label1\" content=\"Dur\u00e9e de lecture estim\u00e9e\" \/>\n\t<meta name=\"twitter:data1\" content=\"4 minutes\" \/>\n<script type=\"application\/ld+json\" class=\"yoast-schema-graph\">{\"@context\":\"https:\\\/\\\/schema.org\",\"@graph\":[{\"@type\":\"WebPage\",\"@id\":\"https:\\\/\\\/sentury-tyres.com\\\/bandeninformatie\\\/\",\"url\":\"https:\\\/\\\/sentury-tyres.com\\\/bandeninformatie\\\/\",\"name\":\"Informations sur les pneus | Sentury tyres\",\"isPartOf\":{\"@id\":\"https:\\\/\\\/sentury-tyres.com\\\/#website\"},\"datePublished\":\"2024-04-05T12:28:02+00:00\",\"dateModified\":\"2026-03-26T15:42:48+00:00\",\"description\":\"Un pneu contient beaucoup d'informations. Sur cette page, nous vous pr\u00e9sentons des informations g\u00e9n\u00e9rales sur les pneus.\",\"breadcrumb\":{\"@id\":\"https:\\\/\\\/sentury-tyres.com\\\/bandeninformatie\\\/#breadcrumb\"},\"inLanguage\":\"fr-FR\",\"potentialAction\":[{\"@type\":\"ReadAction\",\"target\":[\"https:\\\/\\\/sentury-tyres.com\\\/bandeninformatie\\\/\"]}]},{\"@type\":\"BreadcrumbList\",\"@id\":\"https:\\\/\\\/sentury-tyres.com\\\/bandeninformatie\\\/#breadcrumb\",\"itemListElement\":[{\"@type\":\"ListItem\",\"position\":1,\"name\":\"Home\",\"item\":\"https:\\\/\\\/sentury-tyres.com\\\/fr\\\/\"},{\"@type\":\"ListItem\",\"position\":2,\"name\":\"Informations sur les pneus\"}]},{\"@type\":\"WebSite\",\"@id\":\"https:\\\/\\\/sentury-tyres.com\\\/#website\",\"url\":\"https:\\\/\\\/sentury-tyres.com\\\/\",\"name\":\"Sentury tyres\",\"description\":\"Drive with confidence\",\"potentialAction\":[{\"@type\":\"SearchAction\",\"target\":{\"@type\":\"EntryPoint\",\"urlTemplate\":\"https:\\\/\\\/sentury-tyres.com\\\/?s={search_term_string}\"},\"query-input\":{\"@type\":\"PropertyValueSpecification\",\"valueRequired\":true,\"valueName\":\"search_term_string\"}}],\"inLanguage\":\"fr-FR\"}]}<\/script>\n<!-- \/ Yoast SEO plugin. -->","yoast_head_json":{"title":"Informations sur les pneus | Sentury tyres","description":"Un pneu contient beaucoup d'informations. Sur cette page, nous vous pr\u00e9sentons des informations g\u00e9n\u00e9rales sur les pneus.","robots":{"index":"index","follow":"follow","max-snippet":"max-snippet:-1","max-image-preview":"max-image-preview:large","max-video-preview":"max-video-preview:-1"},"canonical":"https:\/\/sentury-tyres.com\/bandeninformatie\/","og_locale":"fr_FR","og_type":"article","og_title":"Informations sur les pneus | Sentury tyres","og_description":"Un pneu contient beaucoup d'informations. Sur cette page, nous vous pr\u00e9sentons des informations g\u00e9n\u00e9rales sur les pneus.","og_url":"https:\/\/sentury-tyres.com\/bandeninformatie\/","og_site_name":"Sentury tyres","article_modified_time":"2026-03-26T15:42:48+00:00","twitter_card":"summary_large_image","twitter_misc":{"Dur\u00e9e de lecture estim\u00e9e":"4 minutes"},"schema":{"@context":"https:\/\/schema.org","@graph":[{"@type":"WebPage","@id":"https:\/\/sentury-tyres.com\/bandeninformatie\/","url":"https:\/\/sentury-tyres.com\/bandeninformatie\/","name":"Informations sur les pneus | Sentury tyres","isPartOf":{"@id":"https:\/\/sentury-tyres.com\/#website"},"datePublished":"2024-04-05T12:28:02+00:00","dateModified":"2026-03-26T15:42:48+00:00","description":"Un pneu contient beaucoup d'informations. Sur cette page, nous vous pr\u00e9sentons des informations g\u00e9n\u00e9rales sur les pneus.","breadcrumb":{"@id":"https:\/\/sentury-tyres.com\/bandeninformatie\/#breadcrumb"},"inLanguage":"fr-FR","potentialAction":[{"@type":"ReadAction","target":["https:\/\/sentury-tyres.com\/bandeninformatie\/"]}]},{"@type":"BreadcrumbList","@id":"https:\/\/sentury-tyres.com\/bandeninformatie\/#breadcrumb","itemListElement":[{"@type":"ListItem","position":1,"name":"Home","item":"https:\/\/sentury-tyres.com\/fr\/"},{"@type":"ListItem","position":2,"name":"Informations sur les pneus"}]},{"@type":"WebSite","@id":"https:\/\/sentury-tyres.com\/#website","url":"https:\/\/sentury-tyres.com\/","name":"Sentury tyres","description":"Drive with confidence","potentialAction":[{"@type":"SearchAction","target":{"@type":"EntryPoint","urlTemplate":"https:\/\/sentury-tyres.com\/?s={search_term_string}"},"query-input":{"@type":"PropertyValueSpecification","valueRequired":true,"valueName":"search_term_string"}}],"inLanguage":"fr-FR"}]}},"_links":{"self":[{"href":"https:\/\/sentury-tyres.com\/fr\/wp-json\/wp\/v2\/pages\/654","targetHints":{"allow":["GET"]}}],"collection":[{"href":"https:\/\/sentury-tyres.com\/fr\/wp-json\/wp\/v2\/pages"}],"about":[{"href":"https:\/\/sentury-tyres.com\/fr\/wp-json\/wp\/v2\/types\/page"}],"author":[{"embeddable":true,"href":"https:\/\/sentury-tyres.com\/fr\/wp-json\/wp\/v2\/users\/1"}],"replies":[{"embeddable":true,"href":"https:\/\/sentury-tyres.com\/fr\/wp-json\/wp\/v2\/comments?post=654"}],"version-history":[{"count":11,"href":"https:\/\/sentury-tyres.com\/fr\/wp-json\/wp\/v2\/pages\/654\/revisions"}],"predecessor-version":[{"id":4846,"href":"https:\/\/sentury-tyres.com\/fr\/wp-json\/wp\/v2\/pages\/654\/revisions\/4846"}],"wp:attachment":[{"href":"https:\/\/sentury-tyres.com\/fr\/wp-json\/wp\/v2\/media?parent=654"}],"curies":[{"name":"wp","href":"https:\/\/api.w.org\/{rel}","templated":true}]}}