{"id":2332,"date":"2024-11-11T09:08:52","date_gmt":"2024-11-11T09:08:52","guid":{"rendered":"https:\/\/sentury-tyres.com\/qirin-v88\/"},"modified":"2026-03-26T15:42:11","modified_gmt":"2026-03-26T15:42:11","slug":"qirin-v88","status":"publish","type":"page","link":"https:\/\/sentury-tyres.com\/fr\/pneus-ete\/qirin-v88\/","title":{"rendered":"Qirin V88+"},"content":{"rendered":"<p>[et_pb_section fb_built=\u00a0\u00bb1&Prime; _builder_version=\u00a0\u00bb4.24.3&Prime; _module_preset=\u00a0\u00bbdefault\u00a0\u00bb background_image=\u00a0\u00bbhttps:\/\/sentury-tyres.com\/wp-content\/uploads\/2024\/04\/Qirin-990-background.png\u00a0\u00bb min_height=\u00a0\u00bb270px\u00a0\u00bb global_colors_info=\u00a0\u00bb{}\u00a0\u00bb][\/et_pb_section][et_pb_section fb_built=\u00a0\u00bb1&Prime; _builder_version=\u00a0\u00bb4.24.3&Prime; _module_preset=\u00a0\u00bbdefault\u00a0\u00bb global_colors_info=\u00a0\u00bb{}\u00a0\u00bb][et_pb_row column_structure=\u00a0\u00bb1_3,2_3&Prime; _builder_version=\u00a0\u00bb4.26.0&Prime; _module_preset=\u00a0\u00bbdefault\u00a0\u00bb global_colors_info=\u00a0\u00bb{}\u00a0\u00bb][et_pb_column type=\u00a0\u00bb1_3&Prime; _builder_version=\u00a0\u00bb4.26.0&Prime; _module_preset=\u00a0\u00bbdefault\u00a0\u00bb sticky_position=\u00a0\u00bbtop_bottom\u00a0\u00bb sticky_offset_top=\u00a0\u00bb20px\u00a0\u00bb sticky_limit_top=\u00a0\u00bbrow\u00a0\u00bb sticky_limit_bottom=\u00a0\u00bbrow\u00a0\u00bb sticky_position_tablet=\u00a0\u00bbtop\u00a0\u00bb sticky_position_phone=\u00a0\u00bbnone\u00a0\u00bb sticky_position_last_edited=\u00a0\u00bbon|phone\u00a0\u00bb sticky_limit_bottom_tablet=\u00a0\u00bbbody\u00a0\u00bb sticky_limit_bottom_phone=\u00a0\u00bbbody\u00a0\u00bb sticky_limit_bottom_last_edited=\u00a0\u00bbon|phone\u00a0\u00bb global_colors_info=\u00a0\u00bb{}\u00a0\u00bb][et_pb_text _builder_version=\u00a0\u00bb4.27.4&Prime; _module_preset=\u00a0\u00bbdefault\u00a0\u00bb header_2_font=\u00a0\u00bb|600|||||||\u00a0\u00bb header_2_font_size=\u00a0\u00bb30px\u00a0\u00bb header_3_font=\u00a0\u00bb|600|||||||\u00a0\u00bb text_orientation=\u00a0\u00bbcenter\u00a0\u00bb global_colors_info=\u00a0\u00bb{}\u00a0\u00bb]<\/p>\n<h2>Qirin V88+<\/h2>\n<h3><span>Disponible de 14\u2033 \u00e0 16\u2033<\/span><\/h3>\n<p>[\/et_pb_text][et_pb_image src=\u00a0\u00bbhttps:\/\/sentury-tyres.com\/wp-content\/uploads\/2024\/05\/Qirin-v88-1.png\u00a0\u00bb alt=\u00a0\u00bbSentury Tyres Qirin 990 zomerbanden\u00a0\u00bb title_text=\u00a0\u00bbQirin-v88+\u00a0\u00bb _builder_version=\u00a0\u00bb4.27.3&Prime; _module_preset=\u00a0\u00bbdefault\u00a0\u00bb custom_margin=\u00a0\u00bb-24px|||||\u00a0\u00bb custom_padding=\u00a0\u00bb0px|||||\u00a0\u00bb global_colors_info=\u00a0\u00bb{}\u00a0\u00bb][\/et_pb_image][et_pb_text _builder_version=\u00a0\u00bb4.27.4&Prime; _module_preset=\u00a0\u00bbdefault\u00a0\u00bb global_colors_info=\u00a0\u00bb{}\u00a0\u00bb]<\/p>\n<ul>\n<li>Pneus d\u2019\u00e9t\u00e9.<\/li>\n<\/ul>\n<ul>\n<li>Pneu \u00e9t\u00e9 extra renforc\u00e9 et robuste sp\u00e9cialement con\u00e7u pour les camionnettes.<\/li>\n<\/ul>\n<ul>\n<li>Meilleure \u00e9vacuation de l\u2019eau gr\u00e2ce \u00e0 une conception sp\u00e9ciale des rainures.<\/li>\n<\/ul>\n<ul>\n<li>La conception comporte des rainures profondes en zigzag qui offrent une bonne r\u00e9sistance \u00e0 l\u2019abrasion et donc une dur\u00e9e de vie plus longue.<\/li>\n<\/ul>\n<p>[\/et_pb_text][et_pb_button button_url=\u00a0\u00bbhttps:\/\/sentury-tyres.com\/brochures\/Sentury-brochure-FR.pdf\u00a0\u00bb url_new_window=\u00a0\u00bbon\u00a0\u00bb button_text=\u00a0\u00bbT\u00e9l\u00e9charger la brochure\u00a0\u00bb button_alignment=\u00a0\u00bbleft\u00a0\u00bb _builder_version=\u00a0\u00bb4.27.3&Prime; custom_button=\u00a0\u00bbon\u00a0\u00bb button_text_color=\u00a0\u00bb#004472&Prime; button_bg_color=\u00a0\u00bb#ffffff\u00a0\u00bb button_bg_use_color_gradient=\u00a0\u00bbon\u00a0\u00bb button_bg_color_gradient_type=\u00a0\u00bbelliptical\u00a0\u00bb button_bg_color_gradient_direction_radial=\u00a0\u00bbtop right\u00a0\u00bb button_bg_color_gradient_stops=\u00a0\u00bb#f8ac00 0%|#ffd100 100%\u00a0\u00bb button_border_width=\u00a0\u00bb0px\u00a0\u00bb button_border_color=\u00a0\u00bbRGBA(255,255,255,0)\u00a0\u00bb button_border_radius=\u00a0\u00bb0px\u00a0\u00bb button_letter_spacing=\u00a0\u00bb0px\u00a0\u00bb button_font=\u00a0\u00bbBarlow|700|||||||\u00a0\u00bb button_icon=\u00a0\u00bb&#x24;||divi||400&Prime; button_on_hover=\u00a0\u00bboff\u00a0\u00bb transform_scale_linked=\u00a0\u00bboff\u00a0\u00bb transform_skew_linked=\u00a0\u00bboff\u00a0\u00bb custom_margin=\u00a0\u00bb-20px||||false|false\u00a0\u00bb custom_padding=\u00a0\u00bb15px|50px|15px|30px|true|false\u00a0\u00bb global_colors_info=\u00a0\u00bb{}\u00a0\u00bb button_bg_color__hover_enabled=\u00a0\u00bbon\u00a0\u00bb button_bg_color__hover=\u00a0\u00bbrgba(0,0,0,0.06)\u00a0\u00bb][\/et_pb_button][\/et_pb_column][et_pb_column type=\u00a0\u00bb2_3&Prime; _builder_version=\u00a0\u00bb4.24.3&Prime; _module_preset=\u00a0\u00bbdefault\u00a0\u00bb global_colors_info=\u00a0\u00bb{}\u00a0\u00bb][et_pb_text _builder_version=\u00a0\u00bb4.27.3&Prime; _module_preset=\u00a0\u00bbdefault\u00a0\u00bb global_colors_info=\u00a0\u00bb{}\u00a0\u00bb]<\/p>\n\n<table id=\"tablepress-2\" class=\"tablepress tablepress-id-2\">\n<thead>\n<tr class=\"row-1\">\n\t<th class=\"column-1\">SIZE<\/th><th class=\"column-2\">XL<\/th><th class=\"column-3\">LI<\/th><th class=\"column-4\">SI<\/th><th class=\"column-5\"><img decoding=\"async\" src=\"\/wp-content\/uploads\/2024\/04\/ico-fuel.png\" \/><\/th><th class=\"column-6\"><img decoding=\"async\" src=\"\/wp-content\/uploads\/2024\/04\/ico-wet.png\" \/><\/th><th class=\"column-7\"><img src=\/wp-content\/uploads\/2024\/04\/ico-noise.png\" \/><\/th><th class=\"column-8\"><img decoding=\"async\" src=\"\/wp-content\/uploads\/2024\/04\/ico-grip-snow.png\" \/><\/th><th class=\"column-9\"><img decoding=\"async\" src=\"\/wp-content\/uploads\/2024\/04\/ico-grip-ice.png\" \/><\/th><th class=\"column-10\">EPREL<\/th>\n<\/tr>\n<\/thead>\n<tbody class=\"row-striping row-hover\">\n<tr class=\"row-2\">\n\t<td class=\"column-1\"><strong> 80 Series<\/strong><\/td><td class=\"column-2\"><\/td><td class=\"column-3\"><\/td><td class=\"column-4\"><\/td><td class=\"column-5\"><\/td><td class=\"column-6\"><\/td><td class=\"column-7\"><\/td><td class=\"column-8\"><\/td><td class=\"column-9\"><\/td><td class=\"column-10\"><\/td>\n<\/tr>\n<tr class=\"row-3\">\n\t<td class=\"column-1\">185\/80R14<\/td><td class=\"column-2\"><\/td><td class=\"column-3\">102<\/td><td class=\"column-4\">R<\/td><td class=\"column-5\">B<\/td><td class=\"column-6\">B<\/td><td class=\"column-7\">72B<\/td><td class=\"column-8\"><i class=\"fa fa-times\" aria-hidden=\"true\"><\/i><\/td><td class=\"column-9\"><i class=\"fa fa-times\" aria-hidden=\"true\"><\/i><\/td><td class=\"column-10\"><a href=\"https:\/\/eprel.ec.europa.eu\/screen\/product\/tyres\/2052916\" target=_blank rel=noopener\">Database<\/a><\/td>\n<\/tr>\n<tr class=\"row-4\">\n\t<td class=\"column-1\"><strong> 75 Series<\/strong><\/td><td class=\"column-2\"><\/td><td class=\"column-3\"><\/td><td class=\"column-4\"><\/td><td class=\"column-5\"><\/td><td class=\"column-6\"><\/td><td class=\"column-7\"><\/td><td class=\"column-8\"><\/td><td class=\"column-9\"><\/td><td class=\"column-10\"><\/td>\n<\/tr>\n<tr class=\"row-5\">\n\t<td class=\"column-1\">195\/75R16<\/td><td class=\"column-2\"><\/td><td class=\"column-3\">107<\/td><td class=\"column-4\">R<\/td><td class=\"column-5\">B<\/td><td class=\"column-6\">B<\/td><td class=\"column-7\">72B<\/td><td class=\"column-8\"><i class=\"fa fa-times\" aria-hidden=\"true\"><\/i><\/td><td class=\"column-9\"><i class=\"fa fa-times\" aria-hidden=\"true\"><\/i><\/td><td class=\"column-10\"><a href=\"https:\/\/eprel.ec.europa.eu\/screen\/product\/tyres\/2052905\" target=_blank rel=noopener\">Database<\/a><\/td>\n<\/tr>\n<tr class=\"row-6\">\n\t<td class=\"column-1\"><strong> 70 Series<\/strong><\/td><td class=\"column-2\"><\/td><td class=\"column-3\"><\/td><td class=\"column-4\"><\/td><td class=\"column-5\"><\/td><td class=\"column-6\"><\/td><td class=\"column-7\"><\/td><td class=\"column-8\"><\/td><td class=\"column-9\"><\/td><td class=\"column-10\"><\/td>\n<\/tr>\n<tr class=\"row-7\">\n\t<td class=\"column-1\">195\/70R15<\/td><td class=\"column-2\"><\/td><td class=\"column-3\">104<\/td><td class=\"column-4\">S<\/td><td class=\"column-5\"><\/td><td class=\"column-6\"><\/td><td class=\"column-7\"><\/td><td class=\"column-8\"><i class=\"fa fa-times\" aria-hidden=\"true\"><\/i><\/td><td class=\"column-9\"><i class=\"fa fa-times\" aria-hidden=\"true\"><\/i><\/td><td class=\"column-10\"><a href=\"https:\/\/eprel.ec.europa.eu\/screen\/product\/tyres\/0\" target=_blank rel=noopener\">Database<\/a><\/td>\n<\/tr>\n<tr class=\"row-8\">\n\t<td class=\"column-1\">215\/70R15<\/td><td class=\"column-2\"><\/td><td class=\"column-3\">109<\/td><td class=\"column-4\">S<\/td><td class=\"column-5\"><\/td><td class=\"column-6\"><\/td><td class=\"column-7\"><\/td><td class=\"column-8\"><i class=\"fa fa-times\" aria-hidden=\"true\"><\/i><\/td><td class=\"column-9\"><i class=\"fa fa-times\" aria-hidden=\"true\"><\/i><\/td><td class=\"column-10\"><a href=\"https:\/\/eprel.ec.europa.eu\/screen\/product\/tyres\/0\" target=_blank rel=noopener\">Database<\/a><\/td>\n<\/tr>\n<tr class=\"row-9\">\n\t<td class=\"column-1\"><strong> 65 Series<\/strong><\/td><td class=\"column-2\"><\/td><td class=\"column-3\"><\/td><td class=\"column-4\"><\/td><td class=\"column-5\"><\/td><td class=\"column-6\"><\/td><td class=\"column-7\"><\/td><td class=\"column-8\"><\/td><td class=\"column-9\"><\/td><td class=\"column-10\"><\/td>\n<\/tr>\n<tr class=\"row-10\">\n\t<td class=\"column-1\">195\/65R16<\/td><td class=\"column-2\"><\/td><td class=\"column-3\">104<\/td><td class=\"column-4\">T<\/td><td class=\"column-5\">B<\/td><td class=\"column-6\">B<\/td><td class=\"column-7\">72B<\/td><td class=\"column-8\"><i class=\"fa fa-times\" aria-hidden=\"true\"><\/i><\/td><td class=\"column-9\"><i class=\"fa fa-times\" aria-hidden=\"true\"><\/i><\/td><td class=\"column-10\"><a href=\"https:\/\/eprel.ec.europa.eu\/screen\/product\/tyres\/2052933\" target=_blank rel=noopener\">Database<\/a><\/td>\n<\/tr>\n<tr class=\"row-11\">\n\t<td class=\"column-1\">205\/65R16<\/td><td class=\"column-2\"><\/td><td class=\"column-3\">107<\/td><td class=\"column-4\">T<\/td><td class=\"column-5\">B<\/td><td class=\"column-6\">B<\/td><td class=\"column-7\">72B<\/td><td class=\"column-8\"><i class=\"fa fa-times\" aria-hidden=\"true\"><\/i><\/td><td class=\"column-9\"><i class=\"fa fa-times\" aria-hidden=\"true\"><\/i><\/td><td class=\"column-10\"><a href=\"https:\/\/eprel.ec.europa.eu\/screen\/product\/tyres\/2052893\" target=_blank rel=noopener\">Database<\/a><\/td>\n<\/tr>\n<tr class=\"row-12\">\n\t<td class=\"column-1\">215\/65R16<\/td><td class=\"column-2\"><\/td><td class=\"column-3\">109<\/td><td class=\"column-4\">T<\/td><td class=\"column-5\">B<\/td><td class=\"column-6\">B<\/td><td class=\"column-7\">72B<\/td><td class=\"column-8\"><i class=\"fa fa-times\" aria-hidden=\"true\"><\/i><\/td><td class=\"column-9\"><i class=\"fa fa-times\" aria-hidden=\"true\"><\/i><\/td><td class=\"column-10\"><a href=\"https:\/\/eprel.ec.europa.eu\/screen\/product\/tyres\/2052900\" target=_blank rel=noopener\">Database<\/a><\/td>\n<\/tr>\n<tr class=\"row-13\">\n\t<td class=\"column-1\">225\/65R16<\/td><td class=\"column-2\"><\/td><td class=\"column-3\">112<\/td><td class=\"column-4\">T<\/td><td class=\"column-5\">B<\/td><td class=\"column-6\">B<\/td><td class=\"column-7\">72B<\/td><td class=\"column-8\"><i class=\"fa fa-times\" aria-hidden=\"true\"><\/i><\/td><td class=\"column-9\"><i class=\"fa fa-times\" aria-hidden=\"true\"><\/i><\/td><td class=\"column-10\"><a href=\"https:\/\/eprel.ec.europa.eu\/screen\/product\/tyres\/2052910\" target=_blank rel=noopener\">Database<\/a><\/td>\n<\/tr>\n<tr class=\"row-14\">\n\t<td class=\"column-1\">235\/65R16<\/td><td class=\"column-2\"><\/td><td class=\"column-3\">115<\/td><td class=\"column-4\">T<\/td><td class=\"column-5\">B<\/td><td class=\"column-6\">B<\/td><td class=\"column-7\">72B<\/td><td class=\"column-8\"><i class=\"fa fa-times\" aria-hidden=\"true\"><\/i><\/td><td class=\"column-9\"><i class=\"fa fa-times\" aria-hidden=\"true\"><\/i><\/td><td class=\"column-10\"><a href=\"https:\/\/eprel.ec.europa.eu\/screen\/product\/tyres\/2052886\" target=_blank rel=noopener\">Database<\/a><\/td>\n<\/tr>\n<\/tbody>\n<\/table>\n<!-- #tablepress-2 from cache -->\n<p>[\/et_pb_text][et_pb_button button_url=\u00a0\u00bb\/fr\/etiquette-sur-le-pneu\/\u00a0\u00bb button_text=\u00a0\u00bbExplication de l&rsquo;etiquette du pneu\u00a0\u00bb button_alignment=\u00a0\u00bbleft\u00a0\u00bb _builder_version=\u00a0\u00bb4.27.3&Prime; custom_button=\u00a0\u00bbon\u00a0\u00bb button_text_color=\u00a0\u00bb#004472&Prime; button_bg_color=\u00a0\u00bb#ffffff\u00a0\u00bb button_bg_use_color_gradient=\u00a0\u00bbon\u00a0\u00bb button_bg_color_gradient_type=\u00a0\u00bbelliptical\u00a0\u00bb button_bg_color_gradient_direction_radial=\u00a0\u00bbtop right\u00a0\u00bb button_bg_color_gradient_stops=\u00a0\u00bb#f8ac00 0%|#ffd100 100%\u00a0\u00bb button_border_width=\u00a0\u00bb0px\u00a0\u00bb button_border_color=\u00a0\u00bbRGBA(255,255,255,0)\u00a0\u00bb button_border_radius=\u00a0\u00bb0px\u00a0\u00bb button_letter_spacing=\u00a0\u00bb0px\u00a0\u00bb button_font=\u00a0\u00bbBarlow|700|||||||\u00a0\u00bb button_icon=\u00a0\u00bb&#x24;||divi||400&Prime; button_on_hover=\u00a0\u00bboff\u00a0\u00bb transform_scale_linked=\u00a0\u00bboff\u00a0\u00bb transform_skew_linked=\u00a0\u00bboff\u00a0\u00bb custom_padding=\u00a0\u00bb15px|50px|15px|30px|true|false\u00a0\u00bb global_colors_info=\u00a0\u00bb{}\u00a0\u00bb button_bg_color__hover_enabled=\u00a0\u00bbon\u00a0\u00bb button_bg_color__hover=\u00a0\u00bbrgba(0,0,0,0.06)\u00a0\u00bb custom_css_main_element_last_edited=\u00a0\u00bbon|phone\u00a0\u00bb][\/et_pb_button][\/et_pb_column][\/et_pb_row][\/et_pb_section]<\/p>\n","protected":false},"excerpt":{"rendered":"<p>Qirin V88+ Disponible de 14\u2033 \u00e0 16\u2033 Pneus d\u2019\u00e9t\u00e9. Pneu \u00e9t\u00e9 extra renforc\u00e9 et robuste sp\u00e9cialement con\u00e7u pour les camionnettes. Meilleure \u00e9vacuation de l\u2019eau gr\u00e2ce \u00e0 une conception sp\u00e9ciale des rainures. La conception comporte des rainures profondes en zigzag qui offrent une bonne r\u00e9sistance \u00e0 l\u2019abrasion et donc une dur\u00e9e de vie plus longue. [table \u201c\u201d not found \/]<br \/>\n<\/p>\n","protected":false},"author":1,"featured_media":0,"parent":3894,"menu_order":0,"comment_status":"closed","ping_status":"closed","template":"","meta":{"_et_pb_use_builder":"on","_et_pb_old_content":"","_et_gb_content_width":"","footnotes":""},"class_list":["post-2332","page","type-page","status-publish","hentry"],"yoast_head":"<!-- This site is optimized with the Yoast SEO plugin v27.3 - https:\/\/yoast.com\/product\/yoast-seo-wordpress\/ -->\n<title>Qirin V88+ | Sentury tyres<\/title>\n<meta name=\"description\" content=\"Le Qirin V88+ est un pneu d&#039;\u00e9t\u00e9 renforc\u00e9 et robuste con\u00e7u sp\u00e9cifiquement pour les poids lourds des camionnettes.\" \/>\n<meta name=\"robots\" content=\"index, follow, max-snippet:-1, max-image-preview:large, max-video-preview:-1\" \/>\n<link rel=\"canonical\" href=\"https:\/\/sentury-tyres.com\/zomerbanden\/qirin-v88\/\" \/>\n<meta property=\"og:locale\" content=\"fr_FR\" \/>\n<meta property=\"og:type\" content=\"article\" \/>\n<meta property=\"og:title\" content=\"Qirin V88+ | Sentury tyres\" \/>\n<meta property=\"og:description\" content=\"Le Qirin V88+ est un pneu d&#039;\u00e9t\u00e9 renforc\u00e9 et robuste con\u00e7u sp\u00e9cifiquement pour les poids lourds des camionnettes.\" \/>\n<meta property=\"og:url\" content=\"https:\/\/sentury-tyres.com\/zomerbanden\/qirin-v88\/\" \/>\n<meta property=\"og:site_name\" content=\"Sentury tyres\" \/>\n<meta property=\"article:modified_time\" content=\"2026-03-26T15:42:11+00:00\" \/>\n<meta name=\"twitter:card\" content=\"summary_large_image\" \/>\n<meta name=\"twitter:label1\" content=\"Dur\u00e9e de lecture estim\u00e9e\" \/>\n\t<meta name=\"twitter:data1\" content=\"3 minutes\" \/>\n<script type=\"application\/ld+json\" class=\"yoast-schema-graph\">{\"@context\":\"https:\\\/\\\/schema.org\",\"@graph\":[{\"@type\":\"WebPage\",\"@id\":\"https:\\\/\\\/sentury-tyres.com\\\/zomerbanden\\\/qirin-v88\\\/\",\"url\":\"https:\\\/\\\/sentury-tyres.com\\\/zomerbanden\\\/qirin-v88\\\/\",\"name\":\"Qirin V88+ | Sentury tyres\",\"isPartOf\":{\"@id\":\"https:\\\/\\\/sentury-tyres.com\\\/#website\"},\"datePublished\":\"2024-11-11T09:08:52+00:00\",\"dateModified\":\"2026-03-26T15:42:11+00:00\",\"description\":\"Le Qirin V88+ est un pneu d'\u00e9t\u00e9 renforc\u00e9 et robuste con\u00e7u sp\u00e9cifiquement pour les poids lourds des camionnettes.\",\"breadcrumb\":{\"@id\":\"https:\\\/\\\/sentury-tyres.com\\\/zomerbanden\\\/qirin-v88\\\/#breadcrumb\"},\"inLanguage\":\"fr-FR\",\"potentialAction\":[{\"@type\":\"ReadAction\",\"target\":[\"https:\\\/\\\/sentury-tyres.com\\\/zomerbanden\\\/qirin-v88\\\/\"]}]},{\"@type\":\"BreadcrumbList\",\"@id\":\"https:\\\/\\\/sentury-tyres.com\\\/zomerbanden\\\/qirin-v88\\\/#breadcrumb\",\"itemListElement\":[{\"@type\":\"ListItem\",\"position\":1,\"name\":\"Home\",\"item\":\"https:\\\/\\\/sentury-tyres.com\\\/fr\\\/\"},{\"@type\":\"ListItem\",\"position\":2,\"name\":\"Pneus \u00e9t\u00e9\",\"item\":\"https:\\\/\\\/sentury-tyres.com\\\/fr\\\/pneus-ete\\\/\"},{\"@type\":\"ListItem\",\"position\":3,\"name\":\"Qirin V88+\"}]},{\"@type\":\"WebSite\",\"@id\":\"https:\\\/\\\/sentury-tyres.com\\\/#website\",\"url\":\"https:\\\/\\\/sentury-tyres.com\\\/\",\"name\":\"Sentury tyres\",\"description\":\"Drive with confidence\",\"potentialAction\":[{\"@type\":\"SearchAction\",\"target\":{\"@type\":\"EntryPoint\",\"urlTemplate\":\"https:\\\/\\\/sentury-tyres.com\\\/?s={search_term_string}\"},\"query-input\":{\"@type\":\"PropertyValueSpecification\",\"valueRequired\":true,\"valueName\":\"search_term_string\"}}],\"inLanguage\":\"fr-FR\"}]}<\/script>\n<!-- \/ Yoast SEO plugin. -->","yoast_head_json":{"title":"Qirin V88+ | Sentury tyres","description":"Le Qirin V88+ est un pneu d'\u00e9t\u00e9 renforc\u00e9 et robuste con\u00e7u sp\u00e9cifiquement pour les poids lourds des camionnettes.","robots":{"index":"index","follow":"follow","max-snippet":"max-snippet:-1","max-image-preview":"max-image-preview:large","max-video-preview":"max-video-preview:-1"},"canonical":"https:\/\/sentury-tyres.com\/zomerbanden\/qirin-v88\/","og_locale":"fr_FR","og_type":"article","og_title":"Qirin V88+ | Sentury tyres","og_description":"Le Qirin V88+ est un pneu d'\u00e9t\u00e9 renforc\u00e9 et robuste con\u00e7u sp\u00e9cifiquement pour les poids lourds des camionnettes.","og_url":"https:\/\/sentury-tyres.com\/zomerbanden\/qirin-v88\/","og_site_name":"Sentury tyres","article_modified_time":"2026-03-26T15:42:11+00:00","twitter_card":"summary_large_image","twitter_misc":{"Dur\u00e9e de lecture estim\u00e9e":"3 minutes"},"schema":{"@context":"https:\/\/schema.org","@graph":[{"@type":"WebPage","@id":"https:\/\/sentury-tyres.com\/zomerbanden\/qirin-v88\/","url":"https:\/\/sentury-tyres.com\/zomerbanden\/qirin-v88\/","name":"Qirin V88+ | Sentury tyres","isPartOf":{"@id":"https:\/\/sentury-tyres.com\/#website"},"datePublished":"2024-11-11T09:08:52+00:00","dateModified":"2026-03-26T15:42:11+00:00","description":"Le Qirin V88+ est un pneu d'\u00e9t\u00e9 renforc\u00e9 et robuste con\u00e7u sp\u00e9cifiquement pour les poids lourds des camionnettes.","breadcrumb":{"@id":"https:\/\/sentury-tyres.com\/zomerbanden\/qirin-v88\/#breadcrumb"},"inLanguage":"fr-FR","potentialAction":[{"@type":"ReadAction","target":["https:\/\/sentury-tyres.com\/zomerbanden\/qirin-v88\/"]}]},{"@type":"BreadcrumbList","@id":"https:\/\/sentury-tyres.com\/zomerbanden\/qirin-v88\/#breadcrumb","itemListElement":[{"@type":"ListItem","position":1,"name":"Home","item":"https:\/\/sentury-tyres.com\/fr\/"},{"@type":"ListItem","position":2,"name":"Pneus \u00e9t\u00e9","item":"https:\/\/sentury-tyres.com\/fr\/pneus-ete\/"},{"@type":"ListItem","position":3,"name":"Qirin V88+"}]},{"@type":"WebSite","@id":"https:\/\/sentury-tyres.com\/#website","url":"https:\/\/sentury-tyres.com\/","name":"Sentury tyres","description":"Drive with confidence","potentialAction":[{"@type":"SearchAction","target":{"@type":"EntryPoint","urlTemplate":"https:\/\/sentury-tyres.com\/?s={search_term_string}"},"query-input":{"@type":"PropertyValueSpecification","valueRequired":true,"valueName":"search_term_string"}}],"inLanguage":"fr-FR"}]}},"_links":{"self":[{"href":"https:\/\/sentury-tyres.com\/fr\/wp-json\/wp\/v2\/pages\/2332","targetHints":{"allow":["GET"]}}],"collection":[{"href":"https:\/\/sentury-tyres.com\/fr\/wp-json\/wp\/v2\/pages"}],"about":[{"href":"https:\/\/sentury-tyres.com\/fr\/wp-json\/wp\/v2\/types\/page"}],"author":[{"embeddable":true,"href":"https:\/\/sentury-tyres.com\/fr\/wp-json\/wp\/v2\/users\/1"}],"replies":[{"embeddable":true,"href":"https:\/\/sentury-tyres.com\/fr\/wp-json\/wp\/v2\/comments?post=2332"}],"version-history":[{"count":6,"href":"https:\/\/sentury-tyres.com\/fr\/wp-json\/wp\/v2\/pages\/2332\/revisions"}],"predecessor-version":[{"id":4835,"href":"https:\/\/sentury-tyres.com\/fr\/wp-json\/wp\/v2\/pages\/2332\/revisions\/4835"}],"up":[{"embeddable":true,"href":"https:\/\/sentury-tyres.com\/fr\/wp-json\/wp\/v2\/pages\/3894"}],"wp:attachment":[{"href":"https:\/\/sentury-tyres.com\/fr\/wp-json\/wp\/v2\/media?parent=2332"}],"curies":[{"name":"wp","href":"https:\/\/api.w.org\/{rel}","templated":true}]}}