{"id":1836,"date":"2024-04-23T07:42:43","date_gmt":"2024-04-23T07:42:43","guid":{"rendered":"https:\/\/sentury-tyres.com\/disclaimer\/"},"modified":"2026-03-26T14:14:45","modified_gmt":"2026-03-26T14:14:45","slug":"disclaimer","status":"publish","type":"page","link":"https:\/\/sentury-tyres.com\/fr\/disclaimer\/","title":{"rendered":"Disclaimer"},"content":{"rendered":"<p>[et_pb_section fb_built=\u00a0\u00bb1&Prime; _builder_version=\u00a0\u00bb4.25.0&Prime; _module_preset=\u00a0\u00bbdefault\u00a0\u00bb global_colors_info=\u00a0\u00bb{}\u00a0\u00bb][et_pb_row _builder_version=\u00a0\u00bb4.25.0&Prime; _module_preset=\u00a0\u00bbdefault\u00a0\u00bb global_colors_info=\u00a0\u00bb{}\u00a0\u00bb][et_pb_column type=\u00a0\u00bb4_4&Prime; _builder_version=\u00a0\u00bb4.25.0&Prime; _module_preset=\u00a0\u00bbdefault\u00a0\u00bb global_colors_info=\u00a0\u00bb{}\u00a0\u00bb][et_pb_text _builder_version=\u00a0\u00bb4.27.6&Prime; _module_preset=\u00a0\u00bbdefault\u00a0\u00bb hover_enabled=\u00a0\u00bb0&Prime; global_colors_info=\u00a0\u00bb{}\u00a0\u00bb sticky_enabled=\u00a0\u00bb0&Prime;]<\/p>\n<h2>Disclaimer<\/h2>\n<p>Bien que ce site web ait \u00e9t\u00e9 con\u00e7u avec le plus grand soin, Tyre Team B.V. ou ses soci\u00e9t\u00e9s affili\u00e9es ne peuvent en aucun cas \u00eatre tenues responsables des dommages directs ou indirects qui pourraient r\u00e9sulter de l&rsquo;utilisation des informations qui y sont pr\u00e9sent\u00e9es. Le contenu de ce site web ne peut en aucun cas donner lieu \u00e0 des droits ou \u00e0 des revendications. Les images, logos, noms de produits et marques sont et restent la propri\u00e9t\u00e9 des fabricants et\/ou fournisseurs. Leur utilisation vise exclusivement \u00e0 clarifier la description du produit dans le but d&rsquo;informer correctement l&rsquo;acheteur potentiel. Des modifications peuvent \u00eatre apport\u00e9es au site web sans pr\u00e9avis. Sous r\u00e9serve d&rsquo;erreurs typographiques et de modifications des sp\u00e9cifications.<\/p>\n<p>[\/et_pb_text][\/et_pb_column][\/et_pb_row][\/et_pb_section][et_pb_section fb_built=\u00a0\u00bb1&Prime; _builder_version=\u00a0\u00bb4.24.3&Prime; _module_preset=\u00a0\u00bbdefault\u00a0\u00bb background_color=\u00a0\u00bb#004472&Prime; custom_margin=\u00a0\u00bb50px||||false|false\u00a0\u00bb custom_padding=\u00a0\u00bb0px||0px||false|false\u00a0\u00bb custom_css_main_element=\u00a0\u00bbheight:20px !important;||transform:none !important;\u00a0\u00bb global_colors_info=\u00a0\u00bb{}\u00a0\u00bb][et_pb_row column_structure=\u00a0\u00bb1_2,1_2&Prime; _builder_version=\u00a0\u00bb4.24.3&Prime; _module_preset=\u00a0\u00bbdefault\u00a0\u00bb custom_margin=\u00a0\u00bb||||false|false\u00a0\u00bb custom_padding=\u00a0\u00bb0px||0px||false|false\u00a0\u00bb global_colors_info=\u00a0\u00bb{}\u00a0\u00bb][et_pb_column type=\u00a0\u00bb1_2&Prime; _builder_version=\u00a0\u00bb4.24.3&Prime; _module_preset=\u00a0\u00bbdefault\u00a0\u00bb global_colors_info=\u00a0\u00bb{}\u00a0\u00bb][et_pb_image src=\u00a0\u00bbhttps:\/\/sentury-tyres.com\/wp-content\/uploads\/2024\/04\/iconen-autos-footer.png\u00a0\u00bb title_text=\u00a0\u00bbiconen-auto&rsquo;s-footer\u00a0\u00bb _builder_version=\u00a0\u00bb4.24.3&Prime; _module_preset=\u00a0\u00bbdefault\u00a0\u00bb custom_margin=\u00a0\u00bb-35px||||false|false\u00a0\u00bb global_colors_info=\u00a0\u00bb{}\u00a0\u00bb][\/et_pb_image][\/et_pb_column][et_pb_column type=\u00a0\u00bb1_2&Prime; _builder_version=\u00a0\u00bb4.24.3&Prime; _module_preset=\u00a0\u00bbdefault\u00a0\u00bb global_colors_info=\u00a0\u00bb{}\u00a0\u00bb][\/et_pb_column][\/et_pb_row][\/et_pb_section]<\/p>\n","protected":false},"excerpt":{"rendered":"<p>Disclaimer Bien que ce site web ait \u00e9t\u00e9 con\u00e7u avec le plus grand soin, Tyre Team B.V. ou ses soci\u00e9t\u00e9s affili\u00e9es ne peuvent en aucun cas \u00eatre tenues responsables des dommages directs ou indirects qui pourraient r\u00e9sulter de l&rsquo;utilisation des informations qui y sont pr\u00e9sent\u00e9es. Le contenu de ce site web ne peut en aucun [&hellip;]<\/p>\n","protected":false},"author":1,"featured_media":0,"parent":0,"menu_order":0,"comment_status":"closed","ping_status":"closed","template":"","meta":{"_et_pb_use_builder":"on","_et_pb_old_content":"","_et_gb_content_width":"","footnotes":""},"class_list":["post-1836","page","type-page","status-publish","hentry"],"yoast_head":"<!-- This site is optimized with the Yoast SEO plugin v27.3 - https:\/\/yoast.com\/product\/yoast-seo-wordpress\/ -->\n<title>Disclaimer | Sentury tyres<\/title>\n<meta name=\"robots\" content=\"index, follow, max-snippet:-1, max-image-preview:large, max-video-preview:-1\" \/>\n<link rel=\"canonical\" href=\"https:\/\/sentury-tyres.com\/fr\/disclaimer\/\" \/>\n<meta property=\"og:locale\" content=\"fr_FR\" \/>\n<meta property=\"og:type\" content=\"article\" \/>\n<meta property=\"og:title\" content=\"Disclaimer | Sentury tyres\" \/>\n<meta property=\"og:description\" content=\"Disclaimer Bien que ce site web ait \u00e9t\u00e9 con\u00e7u avec le plus grand soin, Tyre Team B.V. ou ses soci\u00e9t\u00e9s affili\u00e9es ne peuvent en aucun cas \u00eatre tenues responsables des dommages directs ou indirects qui pourraient r\u00e9sulter de l&#039;utilisation des informations qui y sont pr\u00e9sent\u00e9es. Le contenu de ce site web ne peut en aucun [&hellip;]\" \/>\n<meta property=\"og:url\" content=\"https:\/\/sentury-tyres.com\/fr\/disclaimer\/\" \/>\n<meta property=\"og:site_name\" content=\"Sentury tyres\" \/>\n<meta property=\"article:modified_time\" content=\"2026-03-26T14:14:45+00:00\" \/>\n<meta name=\"twitter:card\" content=\"summary_large_image\" \/>\n<meta name=\"twitter:label1\" content=\"Dur\u00e9e de lecture estim\u00e9e\" \/>\n\t<meta name=\"twitter:data1\" content=\"2 minutes\" \/>\n<script type=\"application\/ld+json\" class=\"yoast-schema-graph\">{\"@context\":\"https:\\\/\\\/schema.org\",\"@graph\":[{\"@type\":\"WebPage\",\"@id\":\"https:\\\/\\\/sentury-tyres.com\\\/fr\\\/disclaimer\\\/\",\"url\":\"https:\\\/\\\/sentury-tyres.com\\\/fr\\\/disclaimer\\\/\",\"name\":\"Disclaimer | Sentury tyres\",\"isPartOf\":{\"@id\":\"https:\\\/\\\/sentury-tyres.com\\\/#website\"},\"datePublished\":\"2024-04-23T07:42:43+00:00\",\"dateModified\":\"2026-03-26T14:14:45+00:00\",\"breadcrumb\":{\"@id\":\"https:\\\/\\\/sentury-tyres.com\\\/fr\\\/disclaimer\\\/#breadcrumb\"},\"inLanguage\":\"fr-FR\",\"potentialAction\":[{\"@type\":\"ReadAction\",\"target\":[\"https:\\\/\\\/sentury-tyres.com\\\/fr\\\/disclaimer\\\/\"]}]},{\"@type\":\"BreadcrumbList\",\"@id\":\"https:\\\/\\\/sentury-tyres.com\\\/fr\\\/disclaimer\\\/#breadcrumb\",\"itemListElement\":[{\"@type\":\"ListItem\",\"position\":1,\"name\":\"Home\",\"item\":\"https:\\\/\\\/sentury-tyres.com\\\/fr\\\/\"},{\"@type\":\"ListItem\",\"position\":2,\"name\":\"Disclaimer\"}]},{\"@type\":\"WebSite\",\"@id\":\"https:\\\/\\\/sentury-tyres.com\\\/#website\",\"url\":\"https:\\\/\\\/sentury-tyres.com\\\/\",\"name\":\"Sentury tyres\",\"description\":\"Drive with confidence\",\"potentialAction\":[{\"@type\":\"SearchAction\",\"target\":{\"@type\":\"EntryPoint\",\"urlTemplate\":\"https:\\\/\\\/sentury-tyres.com\\\/?s={search_term_string}\"},\"query-input\":{\"@type\":\"PropertyValueSpecification\",\"valueRequired\":true,\"valueName\":\"search_term_string\"}}],\"inLanguage\":\"fr-FR\"}]}<\/script>\n<!-- \/ Yoast SEO plugin. -->","yoast_head_json":{"title":"Disclaimer | Sentury tyres","robots":{"index":"index","follow":"follow","max-snippet":"max-snippet:-1","max-image-preview":"max-image-preview:large","max-video-preview":"max-video-preview:-1"},"canonical":"https:\/\/sentury-tyres.com\/fr\/disclaimer\/","og_locale":"fr_FR","og_type":"article","og_title":"Disclaimer | Sentury tyres","og_description":"Disclaimer Bien que ce site web ait \u00e9t\u00e9 con\u00e7u avec le plus grand soin, Tyre Team B.V. ou ses soci\u00e9t\u00e9s affili\u00e9es ne peuvent en aucun cas \u00eatre tenues responsables des dommages directs ou indirects qui pourraient r\u00e9sulter de l'utilisation des informations qui y sont pr\u00e9sent\u00e9es. Le contenu de ce site web ne peut en aucun [&hellip;]","og_url":"https:\/\/sentury-tyres.com\/fr\/disclaimer\/","og_site_name":"Sentury tyres","article_modified_time":"2026-03-26T14:14:45+00:00","twitter_card":"summary_large_image","twitter_misc":{"Dur\u00e9e de lecture estim\u00e9e":"2 minutes"},"schema":{"@context":"https:\/\/schema.org","@graph":[{"@type":"WebPage","@id":"https:\/\/sentury-tyres.com\/fr\/disclaimer\/","url":"https:\/\/sentury-tyres.com\/fr\/disclaimer\/","name":"Disclaimer | Sentury tyres","isPartOf":{"@id":"https:\/\/sentury-tyres.com\/#website"},"datePublished":"2024-04-23T07:42:43+00:00","dateModified":"2026-03-26T14:14:45+00:00","breadcrumb":{"@id":"https:\/\/sentury-tyres.com\/fr\/disclaimer\/#breadcrumb"},"inLanguage":"fr-FR","potentialAction":[{"@type":"ReadAction","target":["https:\/\/sentury-tyres.com\/fr\/disclaimer\/"]}]},{"@type":"BreadcrumbList","@id":"https:\/\/sentury-tyres.com\/fr\/disclaimer\/#breadcrumb","itemListElement":[{"@type":"ListItem","position":1,"name":"Home","item":"https:\/\/sentury-tyres.com\/fr\/"},{"@type":"ListItem","position":2,"name":"Disclaimer"}]},{"@type":"WebSite","@id":"https:\/\/sentury-tyres.com\/#website","url":"https:\/\/sentury-tyres.com\/","name":"Sentury tyres","description":"Drive with confidence","potentialAction":[{"@type":"SearchAction","target":{"@type":"EntryPoint","urlTemplate":"https:\/\/sentury-tyres.com\/?s={search_term_string}"},"query-input":{"@type":"PropertyValueSpecification","valueRequired":true,"valueName":"search_term_string"}}],"inLanguage":"fr-FR"}]}},"_links":{"self":[{"href":"https:\/\/sentury-tyres.com\/fr\/wp-json\/wp\/v2\/pages\/1836","targetHints":{"allow":["GET"]}}],"collection":[{"href":"https:\/\/sentury-tyres.com\/fr\/wp-json\/wp\/v2\/pages"}],"about":[{"href":"https:\/\/sentury-tyres.com\/fr\/wp-json\/wp\/v2\/types\/page"}],"author":[{"embeddable":true,"href":"https:\/\/sentury-tyres.com\/fr\/wp-json\/wp\/v2\/users\/1"}],"replies":[{"embeddable":true,"href":"https:\/\/sentury-tyres.com\/fr\/wp-json\/wp\/v2\/comments?post=1836"}],"version-history":[{"count":3,"href":"https:\/\/sentury-tyres.com\/fr\/wp-json\/wp\/v2\/pages\/1836\/revisions"}],"predecessor-version":[{"id":4618,"href":"https:\/\/sentury-tyres.com\/fr\/wp-json\/wp\/v2\/pages\/1836\/revisions\/4618"}],"wp:attachment":[{"href":"https:\/\/sentury-tyres.com\/fr\/wp-json\/wp\/v2\/media?parent=1836"}],"curies":[{"name":"wp","href":"https:\/\/api.w.org\/{rel}","templated":true}]}}