{"id":664,"date":"2024-04-05T12:28:15","date_gmt":"2024-04-05T12:28:15","guid":{"rendered":"https:\/\/sentury-tyres.com\/bandenlabel\/"},"modified":"2026-03-26T15:51:41","modified_gmt":"2026-03-26T15:51:41","slug":"etiqueta-del-neumatico","status":"publish","type":"page","link":"https:\/\/sentury-tyres.com\/es\/etiqueta-del-neumatico\/","title":{"rendered":"Etiqueta del neum\u00e1tico"},"content":{"rendered":"<p>[et_pb_section fb_built=\u00bb1&#8243; _builder_version=\u00bb4.24.3&#8243; _module_preset=\u00bbdefault\u00bb global_colors_info=\u00bb{}\u00bb][et_pb_row _builder_version=\u00bb4.24.3&#8243; _module_preset=\u00bbdefault\u00bb global_colors_info=\u00bb{}\u00bb][et_pb_column type=\u00bb4_4&#8243; _builder_version=\u00bb4.24.3&#8243; _module_preset=\u00bbdefault\u00bb global_colors_info=\u00bb{}\u00bb][et_pb_text _builder_version=\u00bb4.25.1&#8243; _module_preset=\u00bbdefault\u00bb global_colors_info=\u00bb{}\u00bb]<\/p>\n<h2>\u00bfQu\u00e9 es una etiqueta de neum\u00e1tico?<\/h2>\n<p>A partir del 01\/05\/2021, la etiqueta europea de los neum\u00e1ticos ha cambiado significativamente sobre la base de regulaciones europeas actualizadas y de car\u00e1cter m\u00e1s estricto (<a href=\"https:\/\/eur-lex.europa.eu\/legal-content\/EN\/ALL\/?uri=CELEX%3A32020R0740\">Reglamento (UE) 2020\/740<\/a>). Esta nueva etiqueta europea de neum\u00e1ticos se aplica a los neum\u00e1ticos para turismos (C1), para camiones ligeros (C2) y para camiones pesados (C3).<\/p>\n<div class=\"wp-block-columns is-layout-flex wp-container-core-columns-is-layout-1 wp-block-columns-is-layout-flex\">\n<div class=\"wp-block-column is-layout-flow wp-block-column-is-layout-flow\">\n<div class=\"wp-block-image\"><\/div>\n<\/div>\n<\/div>\n<p>[\/et_pb_text][\/et_pb_column][\/et_pb_row][et_pb_row column_structure=\u00bb1_4,3_4&#8243; _builder_version=\u00bb4.24.3&#8243; _module_preset=\u00bbdefault\u00bb global_colors_info=\u00bb{}\u00bb][et_pb_column type=\u00bb1_4&#8243; _builder_version=\u00bb4.24.3&#8243; _module_preset=\u00bbdefault\u00bb global_colors_info=\u00bb{}\u00bb][et_pb_image src=\u00bbhttps:\/\/sentury-tyres.com\/wp-content\/uploads\/2024\/04\/Label_Qirin990.png\u00bb title_text=\u00bbLabel_Qirin990&#8243; _builder_version=\u00bb4.24.3&#8243; _module_preset=\u00bbdefault\u00bb global_colors_info=\u00bb{}\u00bb][\/et_pb_image][\/et_pb_column][et_pb_column type=\u00bb3_4&#8243; _builder_version=\u00bb4.24.3&#8243; _module_preset=\u00bbdefault\u00bb global_colors_info=\u00bb{}\u00bb][et_pb_text _builder_version=\u00bb4.25.1&#8243; _module_preset=\u00bbdefault\u00bb global_colors_info=\u00bb{}\u00bb]<\/p>\n<p>La nueva etiqueta europea obligatoria para neum\u00e1ticos debe mostrarse en el neum\u00e1tico o en el punto de venta de todos los neum\u00e1ticos C1, C2 y C3 producidos a partir del 1 de mayo del 2021. La etiqueta mostrar\u00e1 la eficiencia, el respeto al medioambiente y la seguridad del neum\u00e1tico. Tambi\u00e9n indica el rendimiento de los neum\u00e1ticos dise\u00f1ados espec\u00edficamente para su uso en condiciones severas de nieve y hielo. La etiqueta de los neum\u00e1ticos permite comparar neum\u00e1ticos y persigue el objetivo de fomentar el uso de neum\u00e1ticos m\u00e1s seguros, eficientes y silenciosos.<\/p>\n<p>Sin embargo, la etiqueta solo enumera 5 criterios de rendimiento cuando en realidad existen 50 para evaluar la calidad de los neum\u00e1ticos. Por ejemplo: resistencia al desgaste (kilometraje), frenado en seco, tracci\u00f3n en nieve, agarre lateral en hielo, ruido del veh\u00edculo, maniobrabilidad y aquaplaning.<\/p>\n<p>[\/et_pb_text][\/et_pb_column][\/et_pb_row][et_pb_row _builder_version=\u00bb4.24.3&#8243; _module_preset=\u00bbdefault\u00bb global_colors_info=\u00bb{}\u00bb][et_pb_column type=\u00bb4_4&#8243; _builder_version=\u00bb4.24.3&#8243; _module_preset=\u00bbdefault\u00bb global_colors_info=\u00bb{}\u00bb][et_pb_text _builder_version=\u00bb4.25.1&#8243; _module_preset=\u00bbdefault\u00bb global_colors_info=\u00bb{}\u00bb]<\/p>\n<h3>Informaci\u00f3n de la etiqueta de los cinco criterios de rendimiento<\/h3>\n<p><span>La etiqueta del neum\u00e1tico proporciona un valor (clase) sobre los siguientes criterios:<\/span><\/p>\n<p>[\/et_pb_text][et_pb_tabs active_tab_background_color=\u00bb#E09900&#8243; inactive_tab_background_color=\u00bb#004472&#8243; active_tab_text_color=\u00bb#FFFFFF\u00bb disabled_on=\u00bboff|on|on\u00bb _builder_version=\u00bb4.26.0&#8243; _module_preset=\u00bbdefault\u00bb tab_text_color=\u00bb#FFFFFF\u00bb global_colors_info=\u00bb{}\u00bb][et_pb_tab title=\u00bbEficiencia del combustible\u00bb _builder_version=\u00bb4.26.0&#8243; _module_preset=\u00bbdefault\u00bb global_colors_info=\u00bb{}\u00bb]<\/p>\n<p style=\"text-align: center;\"><img loading=\"lazy\" decoding=\"async\" src=\"https:\/\/sentury-tyres.com\/wp-content\/uploads\/2024\/04\/fuel-efficiency.png\" width=\"142\" height=\"142\" alt=\"\" class=\"wp-image-199 alignnone size-full\" style=\"font-family: inherit; font-size: inherit;\" \/><\/p>\n<p><em>5 clases<\/em><em style=\"font-family: inherit; font-size: inherit;\">\u00a0de la A (m\u00e1s eficiente) a la E (menos eficiente).<\/em><\/p>\n<p>El consumo de combustible del veh\u00edculo depende de factores como el tipo de motor, la velocidad, la superficie de la carretera, las condiciones clim\u00e1ticas, etc. La resistencia a la rodadura de los neum\u00e1ticos representa alrededor del 20\u00a0% del consumo de combustible. Cuanto menos consumo, menos costes de combustible y emisiones de CO<sub>2<\/sub>.<\/p>\n<p>[\/et_pb_tab][et_pb_tab title=\u00bbAgarre en supericies mojadas\u00bb _builder_version=\u00bb4.26.0&#8243; _module_preset=\u00bbdefault\u00bb global_colors_info=\u00bb{}\u00bb]<\/p>\n<p style=\"text-align: center;\"><img loading=\"lazy\" decoding=\"async\" src=\"https:\/\/sentury-tyres.com\/wp-content\/uploads\/2024\/04\/wet-grip.png\" width=\"142\" height=\"142\" alt=\"\" class=\"wp-image-206 alignnone size-full\" style=\"font-family: inherit; font-size: inherit;\" \/><\/p>\n<p><em>5 clases<\/em><em style=\"font-family: inherit; font-size: inherit;\">\u00a0de la A (menor distancia de frenado) a la E (mayor distancia de frenado)<\/em><span style=\"font-family: inherit; font-size: inherit;\">.<\/span><\/p>\n<p>El rendimiento del agarre en superficies mojadas del neum\u00e1tico puede variar en funci\u00f3n del tipo de veh\u00edculo, las condiciones clim\u00e1ticas y el dibujo de la banda de rodadura, entre otros factores. Un buen agarre es importante para la seguridad.<\/p>\n<p>&nbsp;<\/p>\n<p>[\/et_pb_tab][et_pb_tab title=\u00bbRuido de rodamiento externo\u00bb _builder_version=\u00bb4.26.0&#8243; _module_preset=\u00bbdefault\u00bb global_colors_info=\u00bb{}\u00bb]<\/p>\n<p style=\"text-align: center;\"><img loading=\"lazy\" decoding=\"async\" src=\"https:\/\/sentury-tyres.com\/wp-content\/uploads\/2024\/04\/rolling-noise.png\" width=\"142\" height=\"142\" alt=\"\" class=\"wp-image-207 alignnone size-full\" style=\"font-family: inherit; font-size: inherit;\" \/><\/p>\n<p><em>3 clases <\/em><em style=\"font-family: inherit; font-size: inherit;\">de ruido de rodadura externo con el valor medido en dB.<\/em><\/p>\n<p>El ruido de rodadura externo es el ruido del tr\u00e1fico generado por el neum\u00e1tico. Adem\u00e1s del nivel de ruido en decibelios (dB), el pictograma tambi\u00e9n indica el nivel de ruido A, B o C.<\/p>\n<p>Nota:\u00a0 No existe ninguna vinculaci\u00f3n directa entre el ruido del neum\u00e1tico interno (dentro del veh\u00edculo) y el externo (fuera del veh\u00edculo).<\/p>\n<p>&nbsp;<\/p>\n<p>[\/et_pb_tab][et_pb_tab title=\u00bbAgarre en nieve\u00bb _builder_version=\u00bb4.26.0&#8243; _module_preset=\u00bbdefault\u00bb global_colors_info=\u00bb{}\u00bb]<\/p>\n<p style=\"text-align: center;\"><img loading=\"lazy\" decoding=\"async\" src=\"https:\/\/sentury-tyres.com\/wp-content\/uploads\/2024\/04\/snow-grip.png\" width=\"142\" height=\"142\" alt=\"\" class=\"wp-image-209 alignnone size-full\" \/><\/p>\n<p><span>Se conside<\/span>ra que los neum\u00e1ticos marcados con el s\u00edmbolo de nieve cumplen con los valores m\u00ednimos del \u00edndice de agarre en la nieve como se especifica en el Reglamento n\u00fam. 117 de la CEPE y son adecuados para su uso en condiciones severas de nieve. El s\u00edmbolo de la nieve se puede encontrar en los neum\u00e1ticos de invierno y en muchos neum\u00e1ticos para todas las estaciones.<\/p>\n<p>&nbsp;<\/p>\n<p>[\/et_pb_tab][et_pb_tab title=\u00bbAgarre en hielo\u00bb _builder_version=\u00bb4.26.0&#8243; _module_preset=\u00bbdefault\u00bb global_colors_info=\u00bb{}\u00bb]<\/p>\n<p style=\"text-align: center;\"><img loading=\"lazy\" decoding=\"async\" src=\"https:\/\/sentury-tyres.com\/wp-content\/uploads\/2024\/04\/ice-grip.png\" width=\"142\" height=\"142\" alt=\"\" class=\"wp-image-208 alignnone size-full\" style=\"font-family: inherit; font-size: inherit;\" \/><\/p>\n<p>Los neum\u00e1ticos con el s\u00edmbolo de hielo satisfacen los valores m\u00ednimos relevantes del \u00edndice de agarre en hiel<span style=\"font-family: inherit; font-size: inherit;\">o y son adecuados para su uso en condiciones de mucha nieve y hielo.<\/span><\/p>\n<p>En la actualidad, el s\u00edmbolo del hielo solo se puede encontrar en las etiquetas de los neum\u00e1ticos de turismos.<\/p>\n<p>&nbsp;<\/p>\n<p>[\/et_pb_tab][\/et_pb_tabs][et_pb_tabs active_tab_background_color=\u00bb#E09900&#8243; inactive_tab_background_color=\u00bb#004472&#8243; active_tab_text_color=\u00bb#FFFFFF\u00bb disabled_on=\u00bbon|off|off\u00bb _builder_version=\u00bb4.26.0&#8243; _module_preset=\u00bbdefault\u00bb tab_text_color=\u00bb#FFFFFF\u00bb global_colors_info=\u00bb{}\u00bb][et_pb_tab title=\u00bbEficiencia del combustible\u00bb _builder_version=\u00bb4.25.1&#8243; _module_preset=\u00bbdefault\u00bb global_colors_info=\u00bb{}\u00bb]<\/p>\n<table border=\"0\" style=\"border-collapse: collapse; width: 100%; border: transparent!important;\">\n<tbody>\n<tr>\n<td style=\"width: 15%; border: transparent !important;\"><img loading=\"lazy\" decoding=\"async\" src=\"https:\/\/sentury-tyres.com\/wp-content\/uploads\/2024\/04\/fuel-efficiency.png\" width=\"142\" height=\"142\" alt=\"\" class=\"wp-image-199 alignnone size-full\" \/><\/td>\n<td style=\"width: 85%; border: transparent !important;\">\n<p><em>5 clases de la A (m\u00e1s eficiente) a la E (menos eficiente).<\/em><\/p>\n<p>El consumo de combustible del veh\u00edculo depende de factores como el tipo de motor, la velocidad, la superficie de la carretera, las condiciones clim\u00e1ticas, etc. La resistencia a la rodadura de los neum\u00e1ticos representa alrededor del 20\u00a0% del consumo de combustible. Cuanto menos consumo, menos costes de combustible y emisiones de CO<sub>2<\/sub>.<\/p>\n<\/td>\n<\/tr>\n<\/tbody>\n<\/table>\n<p>[\/et_pb_tab][et_pb_tab title=\u00bbAgarre en supericies mojadas\u00bb _builder_version=\u00bb4.25.1&#8243; _module_preset=\u00bbdefault\u00bb global_colors_info=\u00bb{}\u00bb]<\/p>\n<table border=\"0\" style=\"border-collapse: collapse; width: 100%; border: transparent!important;\">\n<tbody>\n<tr>\n<td style=\"width: 15%; border: transparent !important;\"><img loading=\"lazy\" decoding=\"async\" src=\"https:\/\/sentury-tyres.com\/wp-content\/uploads\/2024\/04\/wet-grip.png\" width=\"142\" height=\"142\" alt=\"\" class=\"wp-image-206 alignnone size-full\" \/><\/td>\n<td style=\"width: 85%; border: transparent !important;\">\n<p><em>5 clases de la A (menor distancia de frenado) a la E (mayor distancia de frenado)<\/em>.<\/p>\n<p>El rendimiento del agarre en superficies mojadas del neum\u00e1tico puede variar en funci\u00f3n del tipo de veh\u00edculo, las condiciones clim\u00e1ticas y el dibujo de la banda de rodadura, entre otros factores. Un buen agarre es importante para la seguridad.<\/p>\n<\/td>\n<\/tr>\n<\/tbody>\n<\/table>\n<p>[\/et_pb_tab][et_pb_tab title=\u00bbRuido de rodamiento externo\u00bb _builder_version=\u00bb4.25.1&#8243; _module_preset=\u00bbdefault\u00bb global_colors_info=\u00bb{}\u00bb]<\/p>\n<table border=\"0\" style=\"border-collapse: collapse; width: 100%; border: transparent!important;\">\n<tbody>\n<tr>\n<td style=\"width: 15%; border: transparent !important;\"><img loading=\"lazy\" decoding=\"async\" src=\"https:\/\/sentury-tyres.com\/wp-content\/uploads\/2024\/04\/rolling-noise.png\" width=\"142\" height=\"142\" alt=\"\" class=\"wp-image-207 alignnone size-full\" \/><\/td>\n<td style=\"width: 85%; border: transparent !important;\">\n<p><em>3 clases de ruido de rodadura externo con el valor medido en dB.<\/em><\/p>\n<p>El ruido de rodadura externo es el ruido del tr\u00e1fico generado por el neum\u00e1tico. Adem\u00e1s del nivel de ruido en decibelios (dB), el pictograma tambi\u00e9n indica el nivel de ruido A, B o C.<\/p>\n<p>Nota:\u00a0 No existe ninguna vinculaci\u00f3n directa entre el ruido del neum\u00e1tico interno (dentro del veh\u00edculo) y el externo (fuera del veh\u00edculo).<\/p>\n<\/td>\n<\/tr>\n<\/tbody>\n<\/table>\n<p>[\/et_pb_tab][et_pb_tab title=\u00bbAgarre en nieve\u00bb _builder_version=\u00bb4.25.1&#8243; _module_preset=\u00bbdefault\u00bb global_colors_info=\u00bb{}\u00bb]<\/p>\n<table border=\"0\" style=\"border-collapse: collapse; width: 100%; border: transparent!important;\">\n<tbody>\n<tr>\n<td style=\"width: 15%; border: transparent !important;\"><img loading=\"lazy\" decoding=\"async\" src=\"https:\/\/sentury-tyres.com\/wp-content\/uploads\/2024\/04\/snow-grip.png\" width=\"142\" height=\"142\" alt=\"\" class=\"wp-image-209 alignnone size-full\" \/><\/td>\n<td style=\"width: 85%; border: transparent !important;\"><span>Se considera que los neum\u00e1ticos marcados con el s\u00edmbolo de nieve cumplen con los valores m\u00ednimos del \u00edndice de agarre en la nieve como se especifica en el Reglamento n\u00fam. 117 de la CEPE y son adecuados para su uso en condiciones severas de nieve. El s\u00edmbolo de la nieve se puede encontrar en los neum\u00e1ticos de invierno y en muchos neum\u00e1ticos para todas las estaciones.<\/span><\/td>\n<\/tr>\n<\/tbody>\n<\/table>\n<p>[\/et_pb_tab][et_pb_tab title=\u00bbAgarre en hielo\u00bb _builder_version=\u00bb4.25.1&#8243; _module_preset=\u00bbdefault\u00bb global_colors_info=\u00bb{}\u00bb]<\/p>\n<table border=\"0\" style=\"border-collapse: collapse; width: 100%; border: transparent!important;\">\n<tbody>\n<tr>\n<td style=\"width: 15%; border: transparent !important;\"><img loading=\"lazy\" decoding=\"async\" src=\"https:\/\/sentury-tyres.com\/wp-content\/uploads\/2024\/04\/ice-grip.png\" width=\"142\" height=\"142\" alt=\"\" class=\"wp-image-208 alignnone size-full\" \/><\/td>\n<td style=\"width: 85%; border: transparent !important;\">\n<p>Los neum\u00e1ticos con el s\u00edmbolo de hielo satisfacen los valores m\u00ednimos relevantes del \u00edndice de agarre en hielo y son adecuados para su uso en condiciones de mucha nieve y hielo.<\/p>\n<p>En la actualidad, el s\u00edmbolo del hielo solo se puede encontrar en las etiquetas de los neum\u00e1ticos de turismos.<\/p>\n<\/td>\n<\/tr>\n<\/tbody>\n<\/table>\n<p>[\/et_pb_tab][\/et_pb_tabs][et_pb_text _builder_version=\u00bb4.25.1&#8243; _module_preset=\u00bbdefault\u00bb global_colors_info=\u00bb{}\u00bb]<\/p>\n<p><strong>Los neum\u00e1ticos con el pictograma de agarre en hielo<\/strong><span>\u00a0<\/span>est\u00e1n dise\u00f1ados espec\u00edficamente para una superficie de carretera cubierta de hielo y nieve compacta. Estos neum\u00e1ticos solo deben usarse en condiciones clim\u00e1ticas muy severas (por ejemplo, temperaturas fr\u00edas). El uso de neum\u00e1ticos con agarre en hielo en condiciones clim\u00e1ticas menos severas (por ejemplo, condiciones h\u00famedas o temperaturas m\u00e1s c\u00e1lidas) podr\u00eda provocar un rendimiento sub\u00f3ptimo, en particular en t\u00e9rminos de agarre en superficies mojadas, maniobrabilidad y desgaste.<\/p>\n<p>La UE dispone de una base de datos europea de productos para el etiquetado energ\u00e9tico (EPREL). Los datos de los neum\u00e1ticos (etiquetas) en la base de datos se pueden consultar a partir del 1 de mayo del 2021.\u00a0 La nueva etiqueta del neum\u00e1tico tambi\u00e9n contendr\u00e1 un c\u00f3digo QR. Con \u00e9l, los datos de la hoja de informaci\u00f3n del producto estar\u00e1n disponibles p\u00fablicamente, como se menciona en el Anexo III del<span>\u00a0<\/span><a href=\"https:\/\/eur-lex.europa.eu\/legal-content\/EN\/ALL\/?uri=CELEX%3A32020R0740\">Reglamento (UE) 2020\/740<\/a>.<\/p>\n<p>Con respecto al mencionado<span>\u00a0<\/span><a href=\"https:\/\/eur-lex.europa.eu\/legal-content\/EN\/ALL\/?uri=CELEX%3A32020R0740\">Reglamento Europeo (UE) 2020\/740<\/a>, hacemos hincapi\u00e9 en que el comportamiento del conductor es el principal determinante del consumo de combustible y la seguridad vial, y en particular en que:<\/p>\n<ul>\n<li>La conducci\u00f3n ecol\u00f3gicamente responsable puede reducir significativamente el consumo de combustible<\/li>\n<li>La presi\u00f3n de los neum\u00e1ticos debe comprobarse peri\u00f3dicamente para optimizar la eficiencia del combustible y el agarre en superficies mojadas<\/li>\n<li>Siempre se deben respetar estrictamente las siguientes distancias<\/li>\n<\/ul>\n<p><strong>El presente Reglamento no se aplica a:<\/strong><\/p>\n<ul>\n<li>Los neum\u00e1ticos todoterreno profesionales;<\/li>\n<li>Los neum\u00e1ticos dise\u00f1ados para ser montados exclusivamente en los veh\u00edculos matriculados por primera vez antes del 1 de octubre de 1990;<\/li>\n<li>Los neum\u00e1ticos de repuesto de uso provisional de tipo T;<\/li>\n<li>Los neum\u00e1ticos cuyo \u00edndice de velocidad sea inferior a 80 km\/h;<\/li>\n<li>Los neum\u00e1ticos cuya llanta tenga un di\u00e1metro nominal inferior o igual a 254 mm, o igual o superior a 635 mm;<\/li>\n<li>Los neum\u00e1ticos equipados con dispositivos adicionales para mejorar sus cualidades de tracci\u00f3n, como los neum\u00e1ticos con clavos;<\/li>\n<li>Los neum\u00e1ticos dise\u00f1ados para su montaje en veh\u00edculos destinados exclusivamente a las carreras; h) los neum\u00e1ticos de segunda mano, salvo si son importados de un tercer pa\u00eds.<\/li>\n<\/ul>\n<p><strong>Fuente:<\/strong><span>\u00a0<\/span><a href=\"https:\/\/eur-lex.europa.eu\/legal-content\/EN\/ALL\/?uri=CELEX%3A32020R0740\">Reglamento (UE) 2020\/740 del Parlamento Europeo y del Consejo Europeo<\/a><\/p>\n<p>[\/et_pb_text][\/et_pb_column][\/et_pb_row][\/et_pb_section]<\/p>\n","protected":false},"excerpt":{"rendered":"<p>\u00bfQu\u00e9 es una etiqueta de neum\u00e1tico? A partir del 01\/05\/2021, la etiqueta europea de los neum\u00e1ticos ha cambiado significativamente sobre la base de regulaciones europeas actualizadas y de car\u00e1cter m\u00e1s estricto (Reglamento (UE) 2020\/740). Esta nueva etiqueta europea de neum\u00e1ticos se aplica a los neum\u00e1ticos para turismos (C1), para camiones ligeros (C2) y para camiones [&hellip;]<\/p>\n","protected":false},"author":1,"featured_media":0,"parent":0,"menu_order":0,"comment_status":"closed","ping_status":"closed","template":"","meta":{"_et_pb_use_builder":"on","_et_pb_old_content":"<!-- wp:divi\/placeholder \/-->","_et_gb_content_width":"","footnotes":""},"class_list":["post-664","page","type-page","status-publish","hentry"],"yoast_head":"<!-- This site is optimized with the Yoast SEO plugin v27.3 - https:\/\/yoast.com\/product\/yoast-seo-wordpress\/ -->\n<title>Etiqueta del neum\u00e1tico | Sentury tyres<\/title>\n<meta name=\"description\" content=\"Los neum\u00e1ticos Sentury tienen buenos valores de etiqueta. En esta p\u00e1gina le explicamos qu\u00e9 significa la etiqueta europea de neum\u00e1ticos.\" \/>\n<meta name=\"robots\" content=\"index, follow, max-snippet:-1, max-image-preview:large, max-video-preview:-1\" \/>\n<link rel=\"canonical\" href=\"https:\/\/sentury-tyres.com\/bandenlabel\/\" \/>\n<meta property=\"og:locale\" content=\"es_ES\" \/>\n<meta property=\"og:type\" content=\"article\" \/>\n<meta property=\"og:title\" content=\"Etiqueta del neum\u00e1tico | Sentury tyres\" \/>\n<meta property=\"og:description\" content=\"Los neum\u00e1ticos Sentury tienen buenos valores de etiqueta. En esta p\u00e1gina le explicamos qu\u00e9 significa la etiqueta europea de neum\u00e1ticos.\" \/>\n<meta property=\"og:url\" content=\"https:\/\/sentury-tyres.com\/bandenlabel\/\" \/>\n<meta property=\"og:site_name\" content=\"Sentury tyres\" \/>\n<meta property=\"article:modified_time\" content=\"2026-03-26T15:51:41+00:00\" \/>\n<meta property=\"og:image\" content=\"https:\/\/sentury-tyres.com\/wp-content\/uploads\/2024\/04\/fuel-efficiency.png\" \/>\n<meta name=\"twitter:card\" content=\"summary_large_image\" \/>\n<meta name=\"twitter:label1\" content=\"Tiempo de lectura\" \/>\n\t<meta name=\"twitter:data1\" content=\"9 minutos\" \/>\n<script type=\"application\/ld+json\" class=\"yoast-schema-graph\">{\"@context\":\"https:\\\/\\\/schema.org\",\"@graph\":[{\"@type\":\"WebPage\",\"@id\":\"https:\\\/\\\/sentury-tyres.com\\\/bandenlabel\\\/\",\"url\":\"https:\\\/\\\/sentury-tyres.com\\\/bandenlabel\\\/\",\"name\":\"Etiqueta del neum\u00e1tico | Sentury tyres\",\"isPartOf\":{\"@id\":\"https:\\\/\\\/sentury-tyres.com\\\/#website\"},\"primaryImageOfPage\":{\"@id\":\"https:\\\/\\\/sentury-tyres.com\\\/bandenlabel\\\/#primaryimage\"},\"image\":{\"@id\":\"https:\\\/\\\/sentury-tyres.com\\\/bandenlabel\\\/#primaryimage\"},\"thumbnailUrl\":\"https:\\\/\\\/sentury-tyres.com\\\/wp-content\\\/uploads\\\/2024\\\/04\\\/fuel-efficiency.png\",\"datePublished\":\"2024-04-05T12:28:15+00:00\",\"dateModified\":\"2026-03-26T15:51:41+00:00\",\"description\":\"Los neum\u00e1ticos Sentury tienen buenos valores de etiqueta. En esta p\u00e1gina le explicamos qu\u00e9 significa la etiqueta europea de neum\u00e1ticos.\",\"breadcrumb\":{\"@id\":\"https:\\\/\\\/sentury-tyres.com\\\/bandenlabel\\\/#breadcrumb\"},\"inLanguage\":\"es\",\"potentialAction\":[{\"@type\":\"ReadAction\",\"target\":[\"https:\\\/\\\/sentury-tyres.com\\\/bandenlabel\\\/\"]}]},{\"@type\":\"ImageObject\",\"inLanguage\":\"es\",\"@id\":\"https:\\\/\\\/sentury-tyres.com\\\/bandenlabel\\\/#primaryimage\",\"url\":\"https:\\\/\\\/sentury-tyres.com\\\/wp-content\\\/uploads\\\/2024\\\/04\\\/fuel-efficiency.png\",\"contentUrl\":\"https:\\\/\\\/sentury-tyres.com\\\/wp-content\\\/uploads\\\/2024\\\/04\\\/fuel-efficiency.png\"},{\"@type\":\"BreadcrumbList\",\"@id\":\"https:\\\/\\\/sentury-tyres.com\\\/bandenlabel\\\/#breadcrumb\",\"itemListElement\":[{\"@type\":\"ListItem\",\"position\":1,\"name\":\"Home\",\"item\":\"https:\\\/\\\/sentury-tyres.com\\\/es\\\/\"},{\"@type\":\"ListItem\",\"position\":2,\"name\":\"Etiqueta del neum\u00e1tico\"}]},{\"@type\":\"WebSite\",\"@id\":\"https:\\\/\\\/sentury-tyres.com\\\/#website\",\"url\":\"https:\\\/\\\/sentury-tyres.com\\\/\",\"name\":\"Sentury tyres\",\"description\":\"Drive with confidence\",\"potentialAction\":[{\"@type\":\"SearchAction\",\"target\":{\"@type\":\"EntryPoint\",\"urlTemplate\":\"https:\\\/\\\/sentury-tyres.com\\\/?s={search_term_string}\"},\"query-input\":{\"@type\":\"PropertyValueSpecification\",\"valueRequired\":true,\"valueName\":\"search_term_string\"}}],\"inLanguage\":\"es\"}]}<\/script>\n<!-- \/ Yoast SEO plugin. -->","yoast_head_json":{"title":"Etiqueta del neum\u00e1tico | Sentury tyres","description":"Los neum\u00e1ticos Sentury tienen buenos valores de etiqueta. En esta p\u00e1gina le explicamos qu\u00e9 significa la etiqueta europea de neum\u00e1ticos.","robots":{"index":"index","follow":"follow","max-snippet":"max-snippet:-1","max-image-preview":"max-image-preview:large","max-video-preview":"max-video-preview:-1"},"canonical":"https:\/\/sentury-tyres.com\/bandenlabel\/","og_locale":"es_ES","og_type":"article","og_title":"Etiqueta del neum\u00e1tico | Sentury tyres","og_description":"Los neum\u00e1ticos Sentury tienen buenos valores de etiqueta. En esta p\u00e1gina le explicamos qu\u00e9 significa la etiqueta europea de neum\u00e1ticos.","og_url":"https:\/\/sentury-tyres.com\/bandenlabel\/","og_site_name":"Sentury tyres","article_modified_time":"2026-03-26T15:51:41+00:00","og_image":[{"url":"https:\/\/sentury-tyres.com\/wp-content\/uploads\/2024\/04\/fuel-efficiency.png","type":"","width":"","height":""}],"twitter_card":"summary_large_image","twitter_misc":{"Tiempo de lectura":"9 minutos"},"schema":{"@context":"https:\/\/schema.org","@graph":[{"@type":"WebPage","@id":"https:\/\/sentury-tyres.com\/bandenlabel\/","url":"https:\/\/sentury-tyres.com\/bandenlabel\/","name":"Etiqueta del neum\u00e1tico | Sentury tyres","isPartOf":{"@id":"https:\/\/sentury-tyres.com\/#website"},"primaryImageOfPage":{"@id":"https:\/\/sentury-tyres.com\/bandenlabel\/#primaryimage"},"image":{"@id":"https:\/\/sentury-tyres.com\/bandenlabel\/#primaryimage"},"thumbnailUrl":"https:\/\/sentury-tyres.com\/wp-content\/uploads\/2024\/04\/fuel-efficiency.png","datePublished":"2024-04-05T12:28:15+00:00","dateModified":"2026-03-26T15:51:41+00:00","description":"Los neum\u00e1ticos Sentury tienen buenos valores de etiqueta. En esta p\u00e1gina le explicamos qu\u00e9 significa la etiqueta europea de neum\u00e1ticos.","breadcrumb":{"@id":"https:\/\/sentury-tyres.com\/bandenlabel\/#breadcrumb"},"inLanguage":"es","potentialAction":[{"@type":"ReadAction","target":["https:\/\/sentury-tyres.com\/bandenlabel\/"]}]},{"@type":"ImageObject","inLanguage":"es","@id":"https:\/\/sentury-tyres.com\/bandenlabel\/#primaryimage","url":"https:\/\/sentury-tyres.com\/wp-content\/uploads\/2024\/04\/fuel-efficiency.png","contentUrl":"https:\/\/sentury-tyres.com\/wp-content\/uploads\/2024\/04\/fuel-efficiency.png"},{"@type":"BreadcrumbList","@id":"https:\/\/sentury-tyres.com\/bandenlabel\/#breadcrumb","itemListElement":[{"@type":"ListItem","position":1,"name":"Home","item":"https:\/\/sentury-tyres.com\/es\/"},{"@type":"ListItem","position":2,"name":"Etiqueta del neum\u00e1tico"}]},{"@type":"WebSite","@id":"https:\/\/sentury-tyres.com\/#website","url":"https:\/\/sentury-tyres.com\/","name":"Sentury tyres","description":"Drive with confidence","potentialAction":[{"@type":"SearchAction","target":{"@type":"EntryPoint","urlTemplate":"https:\/\/sentury-tyres.com\/?s={search_term_string}"},"query-input":{"@type":"PropertyValueSpecification","valueRequired":true,"valueName":"search_term_string"}}],"inLanguage":"es"}]}},"_links":{"self":[{"href":"https:\/\/sentury-tyres.com\/es\/wp-json\/wp\/v2\/pages\/664","targetHints":{"allow":["GET"]}}],"collection":[{"href":"https:\/\/sentury-tyres.com\/es\/wp-json\/wp\/v2\/pages"}],"about":[{"href":"https:\/\/sentury-tyres.com\/es\/wp-json\/wp\/v2\/types\/page"}],"author":[{"embeddable":true,"href":"https:\/\/sentury-tyres.com\/es\/wp-json\/wp\/v2\/users\/1"}],"replies":[{"embeddable":true,"href":"https:\/\/sentury-tyres.com\/es\/wp-json\/wp\/v2\/comments?post=664"}],"version-history":[{"count":7,"href":"https:\/\/sentury-tyres.com\/es\/wp-json\/wp\/v2\/pages\/664\/revisions"}],"predecessor-version":[{"id":4925,"href":"https:\/\/sentury-tyres.com\/es\/wp-json\/wp\/v2\/pages\/664\/revisions\/4925"}],"wp:attachment":[{"href":"https:\/\/sentury-tyres.com\/es\/wp-json\/wp\/v2\/media?parent=664"}],"curies":[{"name":"wp","href":"https:\/\/api.w.org\/{rel}","templated":true}]}}