{"id":658,"date":"2024-04-05T12:28:02","date_gmt":"2024-04-05T12:28:02","guid":{"rendered":"https:\/\/sentury-tyres.com\/bandeninformatie\/"},"modified":"2026-03-26T15:51:34","modified_gmt":"2026-03-26T15:51:34","slug":"informacion-sobre-neumaticos","status":"publish","type":"page","link":"https:\/\/sentury-tyres.com\/es\/informacion-sobre-neumaticos\/","title":{"rendered":"Informaci\u00f3n sobre neum\u00e1ticos"},"content":{"rendered":"<p>[et_pb_section fb_built=\u00bb1&#8243; _builder_version=\u00bb4.24.3&#8243; _module_preset=\u00bbdefault\u00bb global_colors_info=\u00bb{}\u00bb][et_pb_row _builder_version=\u00bb4.24.3&#8243; _module_preset=\u00bbdefault\u00bb global_colors_info=\u00bb{}\u00bb][et_pb_column type=\u00bb4_4&#8243; _builder_version=\u00bb4.24.3&#8243; _module_preset=\u00bbdefault\u00bb global_colors_info=\u00bb{}\u00bb][et_pb_text _builder_version=\u00bb4.25.1&#8243; _module_preset=\u00bbdefault\u00bb global_colors_info=\u00bb{}\u00bb]<\/p>\n<h2>Seguridad en movimiento con los neum\u00e1ticos Sentury<\/h2>\n<p>Un neum\u00e1tico contiene gran cantidad de informaci\u00f3n. Desde el tama\u00f1o del neum\u00e1tico hasta su tipo, su fecha de producci\u00f3n y si cumple con el est\u00e1ndar de neum\u00e1tico de invierno o de nieve (M+S), adem\u00e1s de la carga m\u00e1xima y las ratios de velocidad. Adem\u00e1s, las obligaciones legales referidas a los neum\u00e1ticos incluyen los requisitos de profundidad m\u00ednima de la banda de rodadura. Aqu\u00ed vamos a tratar la informaci\u00f3n general sobre neum\u00e1ticos.<\/p>\n<p>[\/et_pb_text][\/et_pb_column][\/et_pb_row][et_pb_row column_structure=\u00bb1_3,2_3&#8243; _builder_version=\u00bb4.24.3&#8243; _module_preset=\u00bbdefault\u00bb global_colors_info=\u00bb{}\u00bb][et_pb_column type=\u00bb1_3&#8243; _builder_version=\u00bb4.24.3&#8243; _module_preset=\u00bbdefault\u00bb global_colors_info=\u00bb{}\u00bb][et_pb_image src=\u00bbhttps:\/\/sentury-tyres.com\/wp-content\/uploads\/2024\/04\/bandenvervanger.png\u00bb title_text=\u00bbbandenvervanger\u00bb _builder_version=\u00bb4.24.3&#8243; _module_preset=\u00bbdefault\u00bb global_colors_info=\u00bb{}\u00bb][\/et_pb_image][\/et_pb_column][et_pb_column type=\u00bb2_3&#8243; _builder_version=\u00bb4.24.3&#8243; _module_preset=\u00bbdefault\u00bb global_colors_info=\u00bb{}\u00bb][et_pb_text _builder_version=\u00bb4.25.1&#8243; _module_preset=\u00bbdefault\u00bb global_colors_info=\u00bb{}\u00bb]<\/p>\n<h3>\u00bfCu\u00e1ndo deber\u00eda sustituir mis neum\u00e1ticos?<\/h3>\n<p>Recomendamos dejar que un especialista los compruebe peri\u00f3dicamente. Esto ayuda a detectar pronto cualquier problema potencial, lo que alarga la vida de los neum\u00e1ticos y ayuda a evitar situaciones peligrosas.<\/p>\n<p>1. Los neum\u00e1ticos de coche modernos t\u00edpicamente est\u00e1n bien protegidos contra pinchazos. Sin embargo, si tiene un pinchazo, det\u00e9ngase y sustituya el neum\u00e1tico. Haga que lo retiren de la llanta en caso de pinchazo para inspeccionar si hay otros da\u00f1os. Si es necesaria la reparaci\u00f3n, h\u00e1gala lo antes posible para prevenir otros da\u00f1os internos.<\/p>\n<p>2. Aunque la profundidad m\u00ednima legal de la banda de rodadura en Europa es de 1,6\u00a0mm (4\u00a0mm para los neum\u00e1ticos de invierno), recomendamos sustituir los neum\u00e1ticos cuando la profundidad sea de 2\u00a0mm. Los indicadores de desgaste de la banda de rodadura, conocidos como TWI, se encuentran en sus ranuras. Cuando la banda de rodadura se desgasta hasta esos indicadores significa que se ha alcanzado el m\u00ednimo legal.<\/p>\n<p>3. Ciertos factores externos pueden da\u00f1ar el neum\u00e1tico. Esto incluye los objetos afilados como clavos y tornillos, as\u00ed como los bordillos y otros obst\u00e1culos. Si el da\u00f1o es suficientemente grave como para afectar a la carcasa del neum\u00e1tico o es visible, se deber\u00e1 sustituir el neum\u00e1tico. En caso de duda, vale la pena que un especialista lo revise.<\/p>\n<p>[\/et_pb_text][\/et_pb_column][\/et_pb_row][et_pb_row _builder_version=\u00bb4.24.3&#8243; _module_preset=\u00bbdefault\u00bb custom_padding=\u00bb||0px|||\u00bb global_colors_info=\u00bb{}\u00bb][et_pb_column type=\u00bb4_4&#8243; _builder_version=\u00bb4.24.3&#8243; _module_preset=\u00bbdefault\u00bb global_colors_info=\u00bb{}\u00bb][et_pb_divider color=\u00bb#004472&#8243; _builder_version=\u00bb4.24.3&#8243; _module_preset=\u00bbdefault\u00bb global_colors_info=\u00bb{}\u00bb][\/et_pb_divider][\/et_pb_column][\/et_pb_row][et_pb_row column_structure=\u00bb2_3,1_3&#8243; _builder_version=\u00bb4.24.3&#8243; _module_preset=\u00bbdefault\u00bb global_colors_info=\u00bb{}\u00bb][et_pb_column type=\u00bb2_3&#8243; _builder_version=\u00bb4.24.3&#8243; _module_preset=\u00bbdefault\u00bb global_colors_info=\u00bb{}\u00bb][et_pb_text _builder_version=\u00bb4.25.1&#8243; _module_preset=\u00bbdefault\u00bb global_colors_info=\u00bb{}\u00bb]<\/p>\n<h3>Profundidad de la banda de rodadura de un neum\u00e1tico<\/h3>\n<p>Los neum\u00e1ticos nuevos t\u00edpicamente tienen una profundidad de la banda de rodadura de entre 7 y 9,5 mil\u00edmetros, dependiendo del tipo. La banda de rodadura proporciona un rendimiento \u00f3ptimo en diferentes condiciones clim\u00e1ticas. La profundidad m\u00ednima legal de la banda de rodadura para todos los coches en Europa es de 1,6\u00a0mil\u00edmetros. Sin embargo, es m\u00e1s seguro sustituirlos cuando llegan a una profundidad de 2\u00a0mil\u00edmetros. Los neum\u00e1ticos de invierno son la excepci\u00f3n a la regla, pues la recomendaci\u00f3n de sustituirlos es cuando llegan a 4\u00a0mil\u00edmetros.<\/p>\n<p>Dentro de la banda de rodadura hay indicadores de desgaste llamados TWI (Tread Wear Indicators) que se\u00f1alan la cercan\u00eda al l\u00edmite de desgaste.<\/p>\n<p>[\/et_pb_text][\/et_pb_column][et_pb_column type=\u00bb1_3&#8243; _builder_version=\u00bb4.24.3&#8243; _module_preset=\u00bbdefault\u00bb global_colors_info=\u00bb{}\u00bb][et_pb_image src=\u00bbhttps:\/\/sentury-tyres.com\/wp-content\/uploads\/2024\/04\/profieldieptemeter.png\u00bb title_text=\u00bbprofieldieptemeter\u00bb _builder_version=\u00bb4.24.3&#8243; _module_preset=\u00bbdefault\u00bb global_colors_info=\u00bb{}\u00bb][\/et_pb_image][\/et_pb_column][\/et_pb_row][et_pb_row _builder_version=\u00bb4.24.3&#8243; _module_preset=\u00bbdefault\u00bb custom_padding=\u00bb||0px|||\u00bb global_colors_info=\u00bb{}\u00bb][et_pb_column type=\u00bb4_4&#8243; _builder_version=\u00bb4.24.3&#8243; _module_preset=\u00bbdefault\u00bb global_colors_info=\u00bb{}\u00bb][et_pb_divider color=\u00bb#004472&#8243; _builder_version=\u00bb4.24.3&#8243; _module_preset=\u00bbdefault\u00bb global_colors_info=\u00bb{}\u00bb][\/et_pb_divider][\/et_pb_column][\/et_pb_row][et_pb_row column_structure=\u00bb1_3,2_3&#8243; _builder_version=\u00bb4.24.3&#8243; _module_preset=\u00bbdefault\u00bb global_colors_info=\u00bb{}\u00bb][et_pb_column type=\u00bb1_3&#8243; _builder_version=\u00bb4.24.3&#8243; _module_preset=\u00bbdefault\u00bb global_colors_info=\u00bb{}\u00bb][et_pb_image src=\u00bbhttps:\/\/sentury-tyres.com\/wp-content\/uploads\/2024\/04\/bandenspanning.png\u00bb title_text=\u00bbbandenspanning\u00bb _builder_version=\u00bb4.24.3&#8243; _module_preset=\u00bbdefault\u00bb global_colors_info=\u00bb{}\u00bb][\/et_pb_image][\/et_pb_column][et_pb_column type=\u00bb2_3&#8243; _builder_version=\u00bb4.24.3&#8243; _module_preset=\u00bbdefault\u00bb global_colors_info=\u00bb{}\u00bb][et_pb_text _builder_version=\u00bb4.25.1&#8243; _module_preset=\u00bbdefault\u00bb global_colors_info=\u00bb{}\u00bb]<\/p>\n<h3>\u00bfCu\u00e1l es la presi\u00f3n correcta del neum\u00e1tico?<\/h3>\n<p>Revisar peri\u00f3dicamente la presi\u00f3n de su neum\u00e1tico es crucial. Ayuda a prevenir un desgaste y un da\u00f1o innecesario y mantiene un rendimiento de conducci\u00f3n y frenado \u00f3ptimos. La presi\u00f3n correcta de los neum\u00e1ticos reduce el riesgo de aquaplaning y minimiza la resistencia a la rodadura, extendiendo as\u00ed la vida del neum\u00e1tico. Compruebe la presi\u00f3n de sus neum\u00e1ticos cada dos meses por lo menos, incluyendo su rueda de recambio.<\/p>\n<p>La presi\u00f3n del neum\u00e1tico recomendada para su veh\u00edculo se puede encontrar en el manual del propietario o en una pegatina colocada por el fabricante, que suele encontrarse en la jamba de las puertas delanteras, detr\u00e1s de las viseras o dentro de la portezuela del combustible.<\/p>\n<p>[\/et_pb_text][\/et_pb_column][\/et_pb_row][\/et_pb_section]<\/p>\n","protected":false},"excerpt":{"rendered":"<p>Seguridad en movimiento con los neum\u00e1ticos Sentury Un neum\u00e1tico contiene gran cantidad de informaci\u00f3n. Desde el tama\u00f1o del neum\u00e1tico hasta su tipo, su fecha de producci\u00f3n y si cumple con el est\u00e1ndar de neum\u00e1tico de invierno o de nieve (M+S), adem\u00e1s de la carga m\u00e1xima y las ratios de velocidad. Adem\u00e1s, las obligaciones legales referidas [&hellip;]<\/p>\n","protected":false},"author":1,"featured_media":0,"parent":0,"menu_order":0,"comment_status":"closed","ping_status":"closed","template":"","meta":{"_et_pb_use_builder":"on","_et_pb_old_content":"","_et_gb_content_width":"","footnotes":""},"class_list":["post-658","page","type-page","status-publish","hentry"],"yoast_head":"<!-- This site is optimized with the Yoast SEO plugin v27.3 - https:\/\/yoast.com\/product\/yoast-seo-wordpress\/ -->\n<title>Informaci\u00f3n sobre neum\u00e1ticos | Sentury tyres<\/title>\n<meta name=\"description\" content=\"Un neum\u00e1tico contiene mucha informaci\u00f3n. En esta p\u00e1gina le ofrecemos informaci\u00f3n general sobre los neum\u00e1ticos.\" \/>\n<meta name=\"robots\" content=\"index, follow, max-snippet:-1, max-image-preview:large, max-video-preview:-1\" \/>\n<link rel=\"canonical\" href=\"https:\/\/sentury-tyres.com\/bandeninformatie\/\" \/>\n<meta property=\"og:locale\" content=\"es_ES\" \/>\n<meta property=\"og:type\" content=\"article\" \/>\n<meta property=\"og:title\" content=\"Informaci\u00f3n sobre neum\u00e1ticos | Sentury tyres\" \/>\n<meta property=\"og:description\" content=\"Un neum\u00e1tico contiene mucha informaci\u00f3n. En esta p\u00e1gina le ofrecemos informaci\u00f3n general sobre los neum\u00e1ticos.\" \/>\n<meta property=\"og:url\" content=\"https:\/\/sentury-tyres.com\/bandeninformatie\/\" \/>\n<meta property=\"og:site_name\" content=\"Sentury tyres\" \/>\n<meta property=\"article:modified_time\" content=\"2026-03-26T15:51:34+00:00\" \/>\n<meta name=\"twitter:card\" content=\"summary_large_image\" \/>\n<meta name=\"twitter:label1\" content=\"Tiempo de lectura\" \/>\n\t<meta name=\"twitter:data1\" content=\"4 minutos\" \/>\n<script type=\"application\/ld+json\" class=\"yoast-schema-graph\">{\"@context\":\"https:\\\/\\\/schema.org\",\"@graph\":[{\"@type\":\"WebPage\",\"@id\":\"https:\\\/\\\/sentury-tyres.com\\\/bandeninformatie\\\/\",\"url\":\"https:\\\/\\\/sentury-tyres.com\\\/bandeninformatie\\\/\",\"name\":\"Informaci\u00f3n sobre neum\u00e1ticos | Sentury tyres\",\"isPartOf\":{\"@id\":\"https:\\\/\\\/sentury-tyres.com\\\/#website\"},\"datePublished\":\"2024-04-05T12:28:02+00:00\",\"dateModified\":\"2026-03-26T15:51:34+00:00\",\"description\":\"Un neum\u00e1tico contiene mucha informaci\u00f3n. En esta p\u00e1gina le ofrecemos informaci\u00f3n general sobre los neum\u00e1ticos.\",\"breadcrumb\":{\"@id\":\"https:\\\/\\\/sentury-tyres.com\\\/bandeninformatie\\\/#breadcrumb\"},\"inLanguage\":\"es\",\"potentialAction\":[{\"@type\":\"ReadAction\",\"target\":[\"https:\\\/\\\/sentury-tyres.com\\\/bandeninformatie\\\/\"]}]},{\"@type\":\"BreadcrumbList\",\"@id\":\"https:\\\/\\\/sentury-tyres.com\\\/bandeninformatie\\\/#breadcrumb\",\"itemListElement\":[{\"@type\":\"ListItem\",\"position\":1,\"name\":\"Home\",\"item\":\"https:\\\/\\\/sentury-tyres.com\\\/es\\\/\"},{\"@type\":\"ListItem\",\"position\":2,\"name\":\"Informaci\u00f3n sobre neum\u00e1ticos\"}]},{\"@type\":\"WebSite\",\"@id\":\"https:\\\/\\\/sentury-tyres.com\\\/#website\",\"url\":\"https:\\\/\\\/sentury-tyres.com\\\/\",\"name\":\"Sentury tyres\",\"description\":\"Drive with confidence\",\"potentialAction\":[{\"@type\":\"SearchAction\",\"target\":{\"@type\":\"EntryPoint\",\"urlTemplate\":\"https:\\\/\\\/sentury-tyres.com\\\/?s={search_term_string}\"},\"query-input\":{\"@type\":\"PropertyValueSpecification\",\"valueRequired\":true,\"valueName\":\"search_term_string\"}}],\"inLanguage\":\"es\"}]}<\/script>\n<!-- \/ Yoast SEO plugin. -->","yoast_head_json":{"title":"Informaci\u00f3n sobre neum\u00e1ticos | Sentury tyres","description":"Un neum\u00e1tico contiene mucha informaci\u00f3n. En esta p\u00e1gina le ofrecemos informaci\u00f3n general sobre los neum\u00e1ticos.","robots":{"index":"index","follow":"follow","max-snippet":"max-snippet:-1","max-image-preview":"max-image-preview:large","max-video-preview":"max-video-preview:-1"},"canonical":"https:\/\/sentury-tyres.com\/bandeninformatie\/","og_locale":"es_ES","og_type":"article","og_title":"Informaci\u00f3n sobre neum\u00e1ticos | Sentury tyres","og_description":"Un neum\u00e1tico contiene mucha informaci\u00f3n. En esta p\u00e1gina le ofrecemos informaci\u00f3n general sobre los neum\u00e1ticos.","og_url":"https:\/\/sentury-tyres.com\/bandeninformatie\/","og_site_name":"Sentury tyres","article_modified_time":"2026-03-26T15:51:34+00:00","twitter_card":"summary_large_image","twitter_misc":{"Tiempo de lectura":"4 minutos"},"schema":{"@context":"https:\/\/schema.org","@graph":[{"@type":"WebPage","@id":"https:\/\/sentury-tyres.com\/bandeninformatie\/","url":"https:\/\/sentury-tyres.com\/bandeninformatie\/","name":"Informaci\u00f3n sobre neum\u00e1ticos | Sentury tyres","isPartOf":{"@id":"https:\/\/sentury-tyres.com\/#website"},"datePublished":"2024-04-05T12:28:02+00:00","dateModified":"2026-03-26T15:51:34+00:00","description":"Un neum\u00e1tico contiene mucha informaci\u00f3n. En esta p\u00e1gina le ofrecemos informaci\u00f3n general sobre los neum\u00e1ticos.","breadcrumb":{"@id":"https:\/\/sentury-tyres.com\/bandeninformatie\/#breadcrumb"},"inLanguage":"es","potentialAction":[{"@type":"ReadAction","target":["https:\/\/sentury-tyres.com\/bandeninformatie\/"]}]},{"@type":"BreadcrumbList","@id":"https:\/\/sentury-tyres.com\/bandeninformatie\/#breadcrumb","itemListElement":[{"@type":"ListItem","position":1,"name":"Home","item":"https:\/\/sentury-tyres.com\/es\/"},{"@type":"ListItem","position":2,"name":"Informaci\u00f3n sobre neum\u00e1ticos"}]},{"@type":"WebSite","@id":"https:\/\/sentury-tyres.com\/#website","url":"https:\/\/sentury-tyres.com\/","name":"Sentury tyres","description":"Drive with confidence","potentialAction":[{"@type":"SearchAction","target":{"@type":"EntryPoint","urlTemplate":"https:\/\/sentury-tyres.com\/?s={search_term_string}"},"query-input":{"@type":"PropertyValueSpecification","valueRequired":true,"valueName":"search_term_string"}}],"inLanguage":"es"}]}},"_links":{"self":[{"href":"https:\/\/sentury-tyres.com\/es\/wp-json\/wp\/v2\/pages\/658","targetHints":{"allow":["GET"]}}],"collection":[{"href":"https:\/\/sentury-tyres.com\/es\/wp-json\/wp\/v2\/pages"}],"about":[{"href":"https:\/\/sentury-tyres.com\/es\/wp-json\/wp\/v2\/types\/page"}],"author":[{"embeddable":true,"href":"https:\/\/sentury-tyres.com\/es\/wp-json\/wp\/v2\/users\/1"}],"replies":[{"embeddable":true,"href":"https:\/\/sentury-tyres.com\/es\/wp-json\/wp\/v2\/comments?post=658"}],"version-history":[{"count":8,"href":"https:\/\/sentury-tyres.com\/es\/wp-json\/wp\/v2\/pages\/658\/revisions"}],"predecessor-version":[{"id":4923,"href":"https:\/\/sentury-tyres.com\/es\/wp-json\/wp\/v2\/pages\/658\/revisions\/4923"}],"wp:attachment":[{"href":"https:\/\/sentury-tyres.com\/es\/wp-json\/wp\/v2\/media?parent=658"}],"curies":[{"name":"wp","href":"https:\/\/api.w.org\/{rel}","templated":true}]}}