{"id":652,"date":"2024-04-05T12:27:50","date_gmt":"2024-04-05T12:27:50","guid":{"rendered":"https:\/\/sentury-tyres.com\/assortiment\/"},"modified":"2026-03-26T15:50:34","modified_gmt":"2026-03-26T15:50:34","slug":"surtido","status":"publish","type":"page","link":"https:\/\/sentury-tyres.com\/es\/surtido\/","title":{"rendered":"Surtido"},"content":{"rendered":"<p>[et_pb_section fb_built=\u00bb1&#8243; _builder_version=\u00bb4.24.3&#8243; _module_preset=\u00bbdefault\u00bb global_colors_info=\u00bb{}\u00bb][et_pb_row _builder_version=\u00bb4.24.3&#8243; _module_preset=\u00bbdefault\u00bb global_colors_info=\u00bb{}\u00bb][et_pb_column type=\u00bb4_4&#8243; _builder_version=\u00bb4.24.3&#8243; _module_preset=\u00bbdefault\u00bb global_colors_info=\u00bb{}\u00bb][et_pb_text _builder_version=\u00bb4.25.1&#8243; _module_preset=\u00bbdefault\u00bb text_text_color=\u00bb#004472&#8243; header_text_align=\u00bbcenter\u00bb header_2_font=\u00bb|600|||||||\u00bb header_2_text_align=\u00bbleft\u00bb header_2_text_color=\u00bb#004472&#8243; global_colors_info=\u00bb{}\u00bb]<\/p>\n<h2>Una selecci\u00f3n de nuestra gama de productos<\/h2>\n<p>Sentury Tyres suministra neum\u00e1ticos de gran calidad para diferentes veh\u00edculos, incluyendo coches, SUVs y furgonetas. Ofrecen un agarre y seguridad \u00f3ptimas en cualquier condici\u00f3n clim\u00e1tica con sus l\u00edneas de producci\u00f3n avanzada y los compuestos de goma seleccionados cuidadosamente. Descubra la amplia variedad de neum\u00e1ticos de verano y all-season.<\/p>\n<p>[\/et_pb_text][\/et_pb_column][\/et_pb_row][et_pb_row column_structure=\u00bb1_3,1_3,1_3&#8243; _builder_version=\u00bb4.27.3&#8243; _module_preset=\u00bbdefault\u00bb custom_margin=\u00bb30px||||false|false\u00bb global_colors_info=\u00bb{}\u00bb][et_pb_column type=\u00bb1_3&#8243; _builder_version=\u00bb4.24.3&#8243; _module_preset=\u00bbdefault\u00bb global_colors_info=\u00bb{}\u00bb][et_pb_text _builder_version=\u00bb4.26.1&#8243; _module_preset=\u00bbdefault\u00bb text_font=\u00bb|700|||||||\u00bb header_2_font=\u00bb|700|||||||\u00bb header_2_font_size=\u00bb30px\u00bb text_orientation=\u00bbcenter\u00bb custom_margin=\u00bb||1px|||\u00bb global_colors_info=\u00bb{}\u00bb]<\/p>\n<h2>Qirin 990<\/h2>\n<p>Disponible de 15&#8243; a 20&#8243;<\/p>\n<p>[\/et_pb_text][et_pb_image src=\u00bbhttps:\/\/sentury-tyres.com\/wp-content\/uploads\/2024\/04\/Qirin990.png\u00bb title_text=\u00bbQirin990&#8243; url=\u00bb\/es\/neumaticos-verano\/qirin-990\/\u00bb _builder_version=\u00bb4.27.5&#8243; _module_preset=\u00bbdefault\u00bb global_colors_info=\u00bb{}\u00bb][\/et_pb_image][et_pb_button button_url=\u00bb\/es\/neumaticos-verano\/qirin-990\/\u00bb button_text=\u00bbVer este neum\u00e1tico\u00bb button_alignment=\u00bbleft\u00bb _builder_version=\u00bb4.27.5&#8243; custom_button=\u00bbon\u00bb button_text_color=\u00bb#004472&#8243; button_bg_color=\u00bb#ffffff\u00bb button_bg_use_color_gradient=\u00bbon\u00bb button_bg_color_gradient_type=\u00bbelliptical\u00bb button_bg_color_gradient_direction_radial=\u00bbtop right\u00bb button_bg_color_gradient_stops=\u00bb#f8ac00 0%|#ffd100 100%\u00bb button_border_width=\u00bb0px\u00bb button_border_color=\u00bbRGBA(255,255,255,0)\u00bb button_border_radius=\u00bb0px\u00bb button_letter_spacing=\u00bb0px\u00bb button_font=\u00bbBarlow|700|||||||\u00bb button_icon=\u00bb&#x24;||divi||400&#8243; button_on_hover=\u00bboff\u00bb transform_scale_linked=\u00bboff\u00bb transform_skew_linked=\u00bboff\u00bb custom_margin=\u00bb-15px||||false|false\u00bb custom_padding=\u00bb15px|50px|15px|30px|true|false\u00bb custom_css_main_element=\u00bbwidth:100%;||-webkit-clip-path: polygon(0 0, 100% 0%, calc(100% &#8211; 60px) 100%, 0% 100%);||  clip-path: polygon(0 0, 100% 0%, calc(100% &#8211; 60px) 100%, 0% 100%);\u00bb global_colors_info=\u00bb{}\u00bb button_bg_color__hover_enabled=\u00bbon\u00bb button_bg_color__hover=\u00bbrgba(0,0,0,0.06)\u00bb][\/et_pb_button][\/et_pb_column][et_pb_column type=\u00bb1_3&#8243; _builder_version=\u00bb4.24.3&#8243; _module_preset=\u00bbdefault\u00bb global_colors_info=\u00bb{}\u00bb][et_pb_text _builder_version=\u00bb4.25.1&#8243; _module_preset=\u00bbdefault\u00bb text_font=\u00bb|700|||||||\u00bb header_2_font=\u00bb|700|||||||\u00bb header_2_font_size=\u00bb30px\u00bb text_orientation=\u00bbcenter\u00bb custom_margin=\u00bb||1px|||\u00bb global_colors_info=\u00bb{}\u00bb]<\/p>\n<h2>Qirin 990 EV<\/h2>\n<p>Disponible de 14&#8243; a 20&#8243;<\/p>\n<p>[\/et_pb_text][et_pb_image src=\u00bbhttps:\/\/sentury-tyres.com\/wp-content\/uploads\/2024\/04\/Qirin990-EV.png\u00bb title_text=\u00bbQirin990-EV\u00bb url=\u00bb\/es\/neumaticos-verano\/qirin-990-ev\/\u00bb _builder_version=\u00bb4.27.5&#8243; _module_preset=\u00bbdefault\u00bb global_colors_info=\u00bb{}\u00bb][\/et_pb_image][et_pb_button button_url=\u00bb\/es\/neumaticos-verano\/qirin-990-ev\/\u00bb button_text=\u00bbVer este neum\u00e1tico\u00bb button_alignment=\u00bbleft\u00bb _builder_version=\u00bb4.27.5&#8243; custom_button=\u00bbon\u00bb button_text_color=\u00bb#004472&#8243; button_bg_color=\u00bb#ffffff\u00bb button_bg_use_color_gradient=\u00bbon\u00bb button_bg_color_gradient_type=\u00bbelliptical\u00bb button_bg_color_gradient_direction_radial=\u00bbtop right\u00bb button_bg_color_gradient_stops=\u00bb#f8ac00 0%|#ffd100 100%\u00bb button_border_width=\u00bb0px\u00bb button_border_color=\u00bbRGBA(255,255,255,0)\u00bb button_border_radius=\u00bb0px\u00bb button_letter_spacing=\u00bb0px\u00bb button_font=\u00bbBarlow|700|||||||\u00bb button_icon=\u00bb&#x24;||divi||400&#8243; button_on_hover=\u00bboff\u00bb transform_scale_linked=\u00bboff\u00bb transform_skew_linked=\u00bboff\u00bb custom_margin=\u00bb-15px||||false|false\u00bb custom_padding=\u00bb15px|50px|15px|30px|true|false\u00bb custom_css_main_element=\u00bbwidth:100%;||-webkit-clip-path: polygon(0 0, 100% 0%, calc(100% &#8211; 60px) 100%, 0% 100%);||  clip-path: polygon(0 0, 100% 0%, calc(100% &#8211; 60px) 100%, 0% 100%);\u00bb global_colors_info=\u00bb{}\u00bb button_bg_color__hover_enabled=\u00bbon\u00bb button_bg_color__hover=\u00bbrgba(0,0,0,0.06)\u00bb][\/et_pb_button][\/et_pb_column][et_pb_column type=\u00bb1_3&#8243; _builder_version=\u00bb4.24.3&#8243; _module_preset=\u00bbdefault\u00bb global_colors_info=\u00bb{}\u00bb][et_pb_text _builder_version=\u00bb4.27.3&#8243; _module_preset=\u00bbdefault\u00bb text_font=\u00bb|700|||||||\u00bb header_2_font=\u00bb|700|||||||\u00bb header_2_font_size=\u00bb30px\u00bb text_orientation=\u00bbcenter\u00bb custom_margin=\u00bb||1px|||\u00bb global_colors_info=\u00bb{}\u00bb]<\/p>\n<h2>Qirin 990 SUV<\/h2>\n<p>Disponible de 15&#8243; a 20&#8243;<\/p>\n<p>[\/et_pb_text][et_pb_image src=\u00bbhttps:\/\/sentury-tyres.com\/wp-content\/uploads\/2024\/07\/Qirin990SUV.png\u00bb title_text=\u00bbQirin990SUV\u00bb url=\u00bb\/es\/neumaticos-verano\/qirin-990-suv\/\u00bb _builder_version=\u00bb4.27.5&#8243; _module_preset=\u00bbdefault\u00bb global_colors_info=\u00bb{}\u00bb][\/et_pb_image][et_pb_button button_url=\u00bb\/es\/neumaticos-verano\/qirin-990-suv\/\u00bb button_text=\u00bbVer este neum\u00e1tico\u00bb button_alignment=\u00bbleft\u00bb _builder_version=\u00bb4.27.5&#8243; custom_button=\u00bbon\u00bb button_text_color=\u00bb#004472&#8243; button_bg_color=\u00bb#ffffff\u00bb button_bg_use_color_gradient=\u00bbon\u00bb button_bg_color_gradient_type=\u00bbelliptical\u00bb button_bg_color_gradient_direction_radial=\u00bbtop right\u00bb button_bg_color_gradient_stops=\u00bb#f8ac00 0%|#ffd100 100%\u00bb button_border_width=\u00bb0px\u00bb button_border_color=\u00bbRGBA(255,255,255,0)\u00bb button_border_radius=\u00bb0px\u00bb button_letter_spacing=\u00bb0px\u00bb button_font=\u00bbBarlow|700|||||||\u00bb button_icon=\u00bb&#x24;||divi||400&#8243; button_on_hover=\u00bboff\u00bb transform_scale_linked=\u00bboff\u00bb transform_skew_linked=\u00bboff\u00bb custom_margin=\u00bb-15px||||false|false\u00bb custom_padding=\u00bb15px|50px|15px|30px|true|false\u00bb custom_css_main_element=\u00bbwidth:100%;||-webkit-clip-path: polygon(0 0, 100% 0%, calc(100% &#8211; 60px) 100%, 0% 100%);||  clip-path: polygon(0 0, 100% 0%, calc(100% &#8211; 60px) 100%, 0% 100%);\u00bb global_colors_info=\u00bb{}\u00bb button_bg_color__hover_enabled=\u00bbon\u00bb button_bg_color__hover=\u00bbrgba(0,0,0,0.06)\u00bb][\/et_pb_button][\/et_pb_column][\/et_pb_row][et_pb_row column_structure=\u00bb1_3,1_3,1_3&#8243; _builder_version=\u00bb4.27.3&#8243; _module_preset=\u00bbdefault\u00bb custom_margin=\u00bb30px||||false|false\u00bb global_colors_info=\u00bb{}\u00bb][et_pb_column type=\u00bb1_3&#8243; _builder_version=\u00bb4.24.3&#8243; _module_preset=\u00bbdefault\u00bb global_colors_info=\u00bb{}\u00bb][et_pb_text _builder_version=\u00bb4.27.4&#8243; _module_preset=\u00bbdefault\u00bb text_font=\u00bb|700|||||||\u00bb header_2_font=\u00bb|700|||||||\u00bb header_2_font_size=\u00bb30px\u00bb text_orientation=\u00bbcenter\u00bb custom_margin=\u00bb||1px|||\u00bb global_colors_info=\u00bb{}\u00bb]<\/p>\n<h2>Qirin V88+<\/h2>\n<p>Disponible de 14&#8243; a 16&#8243;<\/p>\n<p>[\/et_pb_text][et_pb_image src=\u00bbhttps:\/\/sentury-tyres.com\/wp-content\/uploads\/2024\/05\/Qirin-v88-1.png\u00bb title_text=\u00bbQirin-v88+\u00bb url=\u00bb\/es\/neumaticos-verano\/qirin-v88\/\u00bb _builder_version=\u00bb4.27.5&#8243; _module_preset=\u00bbdefault\u00bb global_colors_info=\u00bb{}\u00bb][\/et_pb_image][et_pb_button button_url=\u00bb\/es\/neumaticos-verano\/qirin-v88\/\u00bb button_text=\u00bbVer este neum\u00e1tico\u00bb button_alignment=\u00bbleft\u00bb _builder_version=\u00bb4.27.5&#8243; custom_button=\u00bbon\u00bb button_text_color=\u00bb#004472&#8243; button_bg_color=\u00bb#ffffff\u00bb button_bg_use_color_gradient=\u00bbon\u00bb button_bg_color_gradient_type=\u00bbelliptical\u00bb button_bg_color_gradient_direction_radial=\u00bbtop right\u00bb button_bg_color_gradient_stops=\u00bb#f8ac00 0%|#ffd100 100%\u00bb button_border_width=\u00bb0px\u00bb button_border_color=\u00bbRGBA(255,255,255,0)\u00bb button_border_radius=\u00bb0px\u00bb button_letter_spacing=\u00bb0px\u00bb button_font=\u00bbBarlow|700|||||||\u00bb button_icon=\u00bb&#x24;||divi||400&#8243; button_on_hover=\u00bboff\u00bb transform_scale_linked=\u00bboff\u00bb transform_skew_linked=\u00bboff\u00bb custom_margin=\u00bb-15px||||false|false\u00bb custom_padding=\u00bb15px|50px|15px|30px|true|false\u00bb custom_css_main_element=\u00bbwidth:100%;||-webkit-clip-path: polygon(0 0, 100% 0%, calc(100% &#8211; 60px) 100%, 0% 100%);||  clip-path: polygon(0 0, 100% 0%, calc(100% &#8211; 60px) 100%, 0% 100%);\u00bb global_colors_info=\u00bb{}\u00bb button_bg_color__hover_enabled=\u00bbon\u00bb button_bg_color__hover=\u00bbrgba(0,0,0,0.06)\u00bb][\/et_pb_button][\/et_pb_column][et_pb_column type=\u00bb1_3&#8243; _builder_version=\u00bb4.24.3&#8243; _module_preset=\u00bbdefault\u00bb global_colors_info=\u00bb{}\u00bb][et_pb_text _builder_version=\u00bb4.25.1&#8243; _module_preset=\u00bbdefault\u00bb text_font=\u00bb|700|||||||\u00bb header_2_font=\u00bb|700|||||||\u00bb header_2_font_size=\u00bb30px\u00bb text_orientation=\u00bbcenter\u00bb custom_margin=\u00bb||1px|||\u00bb global_colors_info=\u00bb{}\u00bb]<\/p>\n<h2>Seasonsdragon 2<\/h2>\n<p>Disponible de 14&#8243; a 21&#8243;<\/p>\n<p>[\/et_pb_text][et_pb_image src=\u00bbhttps:\/\/sentury-tyres.com\/wp-content\/uploads\/2024\/05\/Seasonsdragon2.png\u00bb title_text=\u00bbSeasonsdragon2&#8243; url=\u00bb\/es\/neumaticos-todas-las-estaciones\/seasonsdragon-2\/\u00bb _builder_version=\u00bb4.27.5&#8243; _module_preset=\u00bbdefault\u00bb global_colors_info=\u00bb{}\u00bb][\/et_pb_image][et_pb_button button_url=\u00bb\/es\/neumaticos-todas-las-estaciones\/seasonsdragon-2\/\u00bb button_text=\u00bbVer este neum\u00e1tico\u00bb button_alignment=\u00bbleft\u00bb _builder_version=\u00bb4.27.5&#8243; custom_button=\u00bbon\u00bb button_text_color=\u00bb#004472&#8243; button_bg_color=\u00bb#ffffff\u00bb button_bg_use_color_gradient=\u00bbon\u00bb button_bg_color_gradient_type=\u00bbelliptical\u00bb button_bg_color_gradient_direction_radial=\u00bbtop right\u00bb button_bg_color_gradient_stops=\u00bb#f8ac00 0%|#ffd100 100%\u00bb button_border_width=\u00bb0px\u00bb button_border_color=\u00bbRGBA(255,255,255,0)\u00bb button_border_radius=\u00bb0px\u00bb button_letter_spacing=\u00bb0px\u00bb button_font=\u00bbBarlow|700|||||||\u00bb button_icon=\u00bb&#x24;||divi||400&#8243; button_on_hover=\u00bboff\u00bb transform_scale_linked=\u00bboff\u00bb transform_skew_linked=\u00bboff\u00bb custom_margin=\u00bb-15px||||false|false\u00bb custom_padding=\u00bb15px|50px|15px|30px|true|false\u00bb custom_css_main_element=\u00bbwidth:100%;||-webkit-clip-path: polygon(0 0, 100% 0%, calc(100% &#8211; 60px) 100%, 0% 100%);||  clip-path: polygon(0 0, 100% 0%, calc(100% &#8211; 60px) 100%, 0% 100%);\u00bb global_colors_info=\u00bb{}\u00bb button_bg_color__hover_enabled=\u00bbon\u00bb button_bg_color__hover=\u00bbrgba(0,0,0,0.06)\u00bb][\/et_pb_button][\/et_pb_column][et_pb_column type=\u00bb1_3&#8243; _builder_version=\u00bb4.24.3&#8243; _module_preset=\u00bbdefault\u00bb global_colors_info=\u00bb{}\u00bb][et_pb_text _builder_version=\u00bb4.25.1&#8243; _module_preset=\u00bbdefault\u00bb text_font=\u00bb|700|||||||\u00bb header_2_font=\u00bb|700|||||||\u00bb header_2_font_size=\u00bb30px\u00bb text_orientation=\u00bbcenter\u00bb custom_margin=\u00bb||1px|||\u00bb global_colors_info=\u00bb{}\u00bb]<\/p>\n<h2>Seasonsdragon VAN 2<\/h2>\n<p>Disponible de 15&#8243; a 17&#8243;<\/p>\n<p>[\/et_pb_text][et_pb_image src=\u00bbhttps:\/\/sentury-tyres.com\/wp-content\/uploads\/2024\/04\/Seasonsdragon-VAN-2.png\u00bb title_text=\u00bbSeasonsdragon-VAN-2&#8243; url=\u00bb\/es\/neumaticos-todas-las-estaciones\/seasonsdragon-van-2\/\u00bb _builder_version=\u00bb4.27.5&#8243; _module_preset=\u00bbdefault\u00bb global_colors_info=\u00bb{}\u00bb][\/et_pb_image][et_pb_button button_url=\u00bb\/es\/neumaticos-todas-las-estaciones\/seasonsdragon-van-2\/\u00bb button_text=\u00bbVer este neum\u00e1tico\u00bb button_alignment=\u00bbleft\u00bb _builder_version=\u00bb4.27.5&#8243; custom_button=\u00bbon\u00bb button_text_color=\u00bb#004472&#8243; button_bg_color=\u00bb#ffffff\u00bb button_bg_use_color_gradient=\u00bbon\u00bb button_bg_color_gradient_type=\u00bbelliptical\u00bb button_bg_color_gradient_direction_radial=\u00bbtop right\u00bb button_bg_color_gradient_stops=\u00bb#f8ac00 0%|#ffd100 100%\u00bb button_border_width=\u00bb0px\u00bb button_border_color=\u00bbRGBA(255,255,255,0)\u00bb button_border_radius=\u00bb0px\u00bb button_letter_spacing=\u00bb0px\u00bb button_font=\u00bbBarlow|700|||||||\u00bb button_icon=\u00bb&#x24;||divi||400&#8243; button_on_hover=\u00bboff\u00bb transform_scale_linked=\u00bboff\u00bb transform_skew_linked=\u00bboff\u00bb custom_margin=\u00bb-15px||||false|false\u00bb custom_padding=\u00bb15px|50px|15px|30px|true|false\u00bb custom_css_main_element=\u00bbwidth:100%;||-webkit-clip-path: polygon(0 0, 100% 0%, calc(100% &#8211; 60px) 100%, 0% 100%);||  clip-path: polygon(0 0, 100% 0%, calc(100% &#8211; 60px) 100%, 0% 100%);\u00bb global_colors_info=\u00bb{}\u00bb button_bg_color__hover_enabled=\u00bbon\u00bb button_bg_color__hover=\u00bbrgba(0,0,0,0.06)\u00bb][\/et_pb_button][\/et_pb_column][\/et_pb_row][et_pb_row column_structure=\u00bb1_3,1_3,1_3&#8243; _builder_version=\u00bb4.27.3&#8243; _module_preset=\u00bbdefault\u00bb custom_margin=\u00bb30px||||false|false\u00bb global_colors_info=\u00bb{}\u00bb][et_pb_column type=\u00bb1_3&#8243; _builder_version=\u00bb4.24.3&#8243; _module_preset=\u00bbdefault\u00bb global_colors_info=\u00bb{}\u00bb][et_pb_text _builder_version=\u00bb4.27.4&#8243; _module_preset=\u00bbdefault\u00bb text_font=\u00bb|700|||||||\u00bb header_2_font=\u00bb|700|||||||\u00bb header_2_font_size=\u00bb30px\u00bb text_orientation=\u00bbcenter\u00bb custom_margin=\u00bb||1px|||\u00bb global_colors_info=\u00bb{}\u00bb]<\/p>\n<h2>Winterdragon<\/h2>\n<p>Disponible de 13&#8243; a 19&#8243;<\/p>\n<p>[\/et_pb_text][et_pb_image src=\u00bbhttps:\/\/sentury-tyres.com\/wp-content\/uploads\/2025\/07\/Sentury-tyres-Winterdragon.png\u00bb title_text=\u00bbSentury-tyres-Winterdragon\u00bb url=\u00bb\/es\/neumaticos-invierno\/winterdragon\/\u00bb _builder_version=\u00bb4.27.5&#8243; _module_preset=\u00bbdefault\u00bb global_colors_info=\u00bb{}\u00bb][\/et_pb_image][et_pb_button button_url=\u00bb\/es\/neumaticos-invierno\/winterdragon\/\u00bb button_text=\u00bbVer este neum\u00e1tico\u00bb button_alignment=\u00bbleft\u00bb _builder_version=\u00bb4.27.5&#8243; custom_button=\u00bbon\u00bb button_text_color=\u00bb#004472&#8243; button_bg_color=\u00bb#ffffff\u00bb button_bg_use_color_gradient=\u00bbon\u00bb button_bg_color_gradient_type=\u00bbelliptical\u00bb button_bg_color_gradient_direction_radial=\u00bbtop right\u00bb button_bg_color_gradient_stops=\u00bb#f8ac00 0%|#ffd100 100%\u00bb button_border_width=\u00bb0px\u00bb button_border_color=\u00bbRGBA(255,255,255,0)\u00bb button_border_radius=\u00bb0px\u00bb button_letter_spacing=\u00bb0px\u00bb button_font=\u00bbBarlow|700|||||||\u00bb button_icon=\u00bb&#x24;||divi||400&#8243; button_on_hover=\u00bboff\u00bb transform_scale_linked=\u00bboff\u00bb transform_skew_linked=\u00bboff\u00bb custom_margin=\u00bb-15px||||false|false\u00bb custom_padding=\u00bb15px|50px|15px|30px|true|false\u00bb custom_css_main_element=\u00bbwidth:100%;||-webkit-clip-path: polygon(0 0, 100% 0%, calc(100% &#8211; 60px) 100%, 0% 100%);||  clip-path: polygon(0 0, 100% 0%, calc(100% &#8211; 60px) 100%, 0% 100%);\u00bb global_colors_info=\u00bb{}\u00bb button_bg_color__hover_enabled=\u00bbon\u00bb button_bg_color__hover=\u00bbrgba(0,0,0,0.06)\u00bb][\/et_pb_button][\/et_pb_column][et_pb_column type=\u00bb1_3&#8243; _builder_version=\u00bb4.24.3&#8243; _module_preset=\u00bbdefault\u00bb global_colors_info=\u00bb{}\u00bb][et_pb_text _builder_version=\u00bb4.27.4&#8243; _module_preset=\u00bbdefault\u00bb text_font=\u00bb|700|||||||\u00bb header_2_font=\u00bb|700|||||||\u00bb header_2_font_size=\u00bb30px\u00bb text_orientation=\u00bbcenter\u00bb custom_margin=\u00bb||1px|||\u00bb global_colors_info=\u00bb{}\u00bb]<\/p>\n<h2>Snow Star<\/h2>\n<p>Disponible de 15&#8243; &amp; 16&#8243;<\/p>\n<p>[\/et_pb_text][et_pb_image src=\u00bbhttps:\/\/sentury-tyres.com\/wp-content\/uploads\/2024\/07\/Sentury-tyres-Snow-Star.png\u00bb title_text=\u00bbSentury-tyres-Snow-Star\u00bb url=\u00bb\/es\/neumaticos-invierno\/snow-star\/\u00bb _builder_version=\u00bb4.27.5&#8243; _module_preset=\u00bbdefault\u00bb global_colors_info=\u00bb{}\u00bb][\/et_pb_image][et_pb_button button_url=\u00bb\/es\/neumaticos-invierno\/snow-star\/\u00bb button_text=\u00bbVer este neum\u00e1tico\u00bb button_alignment=\u00bbleft\u00bb _builder_version=\u00bb4.27.5&#8243; custom_button=\u00bbon\u00bb button_text_color=\u00bb#004472&#8243; button_bg_color=\u00bb#ffffff\u00bb button_bg_use_color_gradient=\u00bbon\u00bb button_bg_color_gradient_type=\u00bbelliptical\u00bb button_bg_color_gradient_direction_radial=\u00bbtop right\u00bb button_bg_color_gradient_stops=\u00bb#f8ac00 0%|#ffd100 100%\u00bb button_border_width=\u00bb0px\u00bb button_border_color=\u00bbRGBA(255,255,255,0)\u00bb button_border_radius=\u00bb0px\u00bb button_letter_spacing=\u00bb0px\u00bb button_font=\u00bbBarlow|700|||||||\u00bb button_icon=\u00bb&#x24;||divi||400&#8243; button_on_hover=\u00bboff\u00bb transform_scale_linked=\u00bboff\u00bb transform_skew_linked=\u00bboff\u00bb custom_margin=\u00bb-15px||||false|false\u00bb custom_padding=\u00bb15px|50px|15px|30px|true|false\u00bb custom_css_main_element=\u00bbwidth:100%;||-webkit-clip-path: polygon(0 0, 100% 0%, calc(100% &#8211; 60px) 100%, 0% 100%);||  clip-path: polygon(0 0, 100% 0%, calc(100% &#8211; 60px) 100%, 0% 100%);\u00bb global_colors_info=\u00bb{}\u00bb button_bg_color__hover_enabled=\u00bbon\u00bb button_bg_color__hover=\u00bbrgba(0,0,0,0.06)\u00bb][\/et_pb_button][\/et_pb_column][et_pb_column type=\u00bb1_3&#8243; _builder_version=\u00bb4.24.3&#8243; _module_preset=\u00bbdefault\u00bb global_colors_info=\u00bb{}\u00bb][\/et_pb_column][\/et_pb_row][\/et_pb_section]<\/p>\n","protected":false},"excerpt":{"rendered":"<p>Una selecci\u00f3n de nuestra gama de productos Sentury Tyres suministra neum\u00e1ticos de gran calidad para diferentes veh\u00edculos, incluyendo coches, SUVs y furgonetas. Ofrecen un agarre y seguridad \u00f3ptimas en cualquier condici\u00f3n clim\u00e1tica con sus l\u00edneas de producci\u00f3n avanzada y los compuestos de goma seleccionados cuidadosamente. Descubra la amplia variedad de neum\u00e1ticos de verano y all-season.Qirin [&hellip;]<\/p>\n","protected":false},"author":1,"featured_media":0,"parent":0,"menu_order":0,"comment_status":"closed","ping_status":"closed","template":"","meta":{"_et_pb_use_builder":"on","_et_pb_old_content":"","_et_gb_content_width":"","footnotes":""},"class_list":["post-652","page","type-page","status-publish","hentry"],"yoast_head":"<!-- This site is optimized with the Yoast SEO plugin v27.3 - https:\/\/yoast.com\/product\/yoast-seo-wordpress\/ -->\n<title>Surtido | Sentury tyres<\/title>\n<meta name=\"description\" content=\"Sentury Tyres suministra neum\u00e1ticos de alta calidad para diversos veh\u00edculos, incluidos turismos, todoterrenos y furgonetas.\" \/>\n<meta name=\"robots\" content=\"index, follow, max-snippet:-1, max-image-preview:large, max-video-preview:-1\" \/>\n<link rel=\"canonical\" href=\"https:\/\/sentury-tyres.com\/assortiment\/\" \/>\n<meta property=\"og:locale\" content=\"es_ES\" \/>\n<meta property=\"og:type\" content=\"article\" \/>\n<meta property=\"og:title\" content=\"Surtido | Sentury tyres\" \/>\n<meta property=\"og:description\" content=\"Sentury Tyres suministra neum\u00e1ticos de alta calidad para diversos veh\u00edculos, incluidos turismos, todoterrenos y furgonetas.\" \/>\n<meta property=\"og:url\" content=\"https:\/\/sentury-tyres.com\/assortiment\/\" \/>\n<meta property=\"og:site_name\" content=\"Sentury tyres\" \/>\n<meta property=\"article:modified_time\" content=\"2026-03-26T15:50:34+00:00\" \/>\n<meta name=\"twitter:card\" content=\"summary_large_image\" \/>\n<meta name=\"twitter:label1\" content=\"Tiempo de lectura\" \/>\n\t<meta name=\"twitter:data1\" content=\"2 minutos\" \/>\n<script type=\"application\/ld+json\" class=\"yoast-schema-graph\">{\"@context\":\"https:\\\/\\\/schema.org\",\"@graph\":[{\"@type\":\"WebPage\",\"@id\":\"https:\\\/\\\/sentury-tyres.com\\\/assortiment\\\/\",\"url\":\"https:\\\/\\\/sentury-tyres.com\\\/assortiment\\\/\",\"name\":\"Surtido | Sentury tyres\",\"isPartOf\":{\"@id\":\"https:\\\/\\\/sentury-tyres.com\\\/#website\"},\"datePublished\":\"2024-04-05T12:27:50+00:00\",\"dateModified\":\"2026-03-26T15:50:34+00:00\",\"description\":\"Sentury Tyres suministra neum\u00e1ticos de alta calidad para diversos veh\u00edculos, incluidos turismos, todoterrenos y furgonetas.\",\"breadcrumb\":{\"@id\":\"https:\\\/\\\/sentury-tyres.com\\\/assortiment\\\/#breadcrumb\"},\"inLanguage\":\"es\",\"potentialAction\":[{\"@type\":\"ReadAction\",\"target\":[\"https:\\\/\\\/sentury-tyres.com\\\/assortiment\\\/\"]}]},{\"@type\":\"BreadcrumbList\",\"@id\":\"https:\\\/\\\/sentury-tyres.com\\\/assortiment\\\/#breadcrumb\",\"itemListElement\":[{\"@type\":\"ListItem\",\"position\":1,\"name\":\"Home\",\"item\":\"https:\\\/\\\/sentury-tyres.com\\\/es\\\/\"},{\"@type\":\"ListItem\",\"position\":2,\"name\":\"Surtido\"}]},{\"@type\":\"WebSite\",\"@id\":\"https:\\\/\\\/sentury-tyres.com\\\/#website\",\"url\":\"https:\\\/\\\/sentury-tyres.com\\\/\",\"name\":\"Sentury tyres\",\"description\":\"Drive with confidence\",\"potentialAction\":[{\"@type\":\"SearchAction\",\"target\":{\"@type\":\"EntryPoint\",\"urlTemplate\":\"https:\\\/\\\/sentury-tyres.com\\\/?s={search_term_string}\"},\"query-input\":{\"@type\":\"PropertyValueSpecification\",\"valueRequired\":true,\"valueName\":\"search_term_string\"}}],\"inLanguage\":\"es\"}]}<\/script>\n<!-- \/ Yoast SEO plugin. -->","yoast_head_json":{"title":"Surtido | Sentury tyres","description":"Sentury Tyres suministra neum\u00e1ticos de alta calidad para diversos veh\u00edculos, incluidos turismos, todoterrenos y furgonetas.","robots":{"index":"index","follow":"follow","max-snippet":"max-snippet:-1","max-image-preview":"max-image-preview:large","max-video-preview":"max-video-preview:-1"},"canonical":"https:\/\/sentury-tyres.com\/assortiment\/","og_locale":"es_ES","og_type":"article","og_title":"Surtido | Sentury tyres","og_description":"Sentury Tyres suministra neum\u00e1ticos de alta calidad para diversos veh\u00edculos, incluidos turismos, todoterrenos y furgonetas.","og_url":"https:\/\/sentury-tyres.com\/assortiment\/","og_site_name":"Sentury tyres","article_modified_time":"2026-03-26T15:50:34+00:00","twitter_card":"summary_large_image","twitter_misc":{"Tiempo de lectura":"2 minutos"},"schema":{"@context":"https:\/\/schema.org","@graph":[{"@type":"WebPage","@id":"https:\/\/sentury-tyres.com\/assortiment\/","url":"https:\/\/sentury-tyres.com\/assortiment\/","name":"Surtido | Sentury tyres","isPartOf":{"@id":"https:\/\/sentury-tyres.com\/#website"},"datePublished":"2024-04-05T12:27:50+00:00","dateModified":"2026-03-26T15:50:34+00:00","description":"Sentury Tyres suministra neum\u00e1ticos de alta calidad para diversos veh\u00edculos, incluidos turismos, todoterrenos y furgonetas.","breadcrumb":{"@id":"https:\/\/sentury-tyres.com\/assortiment\/#breadcrumb"},"inLanguage":"es","potentialAction":[{"@type":"ReadAction","target":["https:\/\/sentury-tyres.com\/assortiment\/"]}]},{"@type":"BreadcrumbList","@id":"https:\/\/sentury-tyres.com\/assortiment\/#breadcrumb","itemListElement":[{"@type":"ListItem","position":1,"name":"Home","item":"https:\/\/sentury-tyres.com\/es\/"},{"@type":"ListItem","position":2,"name":"Surtido"}]},{"@type":"WebSite","@id":"https:\/\/sentury-tyres.com\/#website","url":"https:\/\/sentury-tyres.com\/","name":"Sentury tyres","description":"Drive with confidence","potentialAction":[{"@type":"SearchAction","target":{"@type":"EntryPoint","urlTemplate":"https:\/\/sentury-tyres.com\/?s={search_term_string}"},"query-input":{"@type":"PropertyValueSpecification","valueRequired":true,"valueName":"search_term_string"}}],"inLanguage":"es"}]}},"_links":{"self":[{"href":"https:\/\/sentury-tyres.com\/es\/wp-json\/wp\/v2\/pages\/652","targetHints":{"allow":["GET"]}}],"collection":[{"href":"https:\/\/sentury-tyres.com\/es\/wp-json\/wp\/v2\/pages"}],"about":[{"href":"https:\/\/sentury-tyres.com\/es\/wp-json\/wp\/v2\/types\/page"}],"author":[{"embeddable":true,"href":"https:\/\/sentury-tyres.com\/es\/wp-json\/wp\/v2\/users\/1"}],"replies":[{"embeddable":true,"href":"https:\/\/sentury-tyres.com\/es\/wp-json\/wp\/v2\/comments?post=652"}],"version-history":[{"count":18,"href":"https:\/\/sentury-tyres.com\/es\/wp-json\/wp\/v2\/pages\/652\/revisions"}],"predecessor-version":[{"id":4908,"href":"https:\/\/sentury-tyres.com\/es\/wp-json\/wp\/v2\/pages\/652\/revisions\/4908"}],"wp:attachment":[{"href":"https:\/\/sentury-tyres.com\/es\/wp-json\/wp\/v2\/media?parent=652"}],"curies":[{"name":"wp","href":"https:\/\/api.w.org\/{rel}","templated":true}]}}