{"id":1840,"date":"2024-04-23T07:42:43","date_gmt":"2024-04-23T07:42:43","guid":{"rendered":"https:\/\/sentury-tyres.com\/disclaimer\/"},"modified":"2026-03-26T13:47:50","modified_gmt":"2026-03-26T13:47:50","slug":"disclaimer","status":"publish","type":"page","link":"https:\/\/sentury-tyres.com\/es\/disclaimer\/","title":{"rendered":"Disclaimer"},"content":{"rendered":"<p>[et_pb_section fb_built=\u00bb1&#8243; _builder_version=\u00bb4.25.0&#8243; _module_preset=\u00bbdefault\u00bb global_colors_info=\u00bb{}\u00bb][et_pb_row _builder_version=\u00bb4.25.0&#8243; _module_preset=\u00bbdefault\u00bb global_colors_info=\u00bb{}\u00bb][et_pb_column type=\u00bb4_4&#8243; _builder_version=\u00bb4.25.0&#8243; _module_preset=\u00bbdefault\u00bb global_colors_info=\u00bb{}\u00bb][et_pb_text _builder_version=\u00bb4.27.6&#8243; _module_preset=\u00bbdefault\u00bb hover_enabled=\u00bb0&#8243; global_colors_info=\u00bb{}\u00bb sticky_enabled=\u00bb0&#8243;]<\/p>\n<h2>Disclaimer<\/h2>\n<p>Aunque este sitio web se ha elaborado con el mayor cuidado posible, Tyre Team B.V. o sus sociedades vinculadas no se hacen responsables en ning\u00fan caso de los da\u00f1os directos o indirectos que pudieran derivarse del uso de la informaci\u00f3n aqu\u00ed ofrecida. No se pueden derivar derechos ni reclamar derechos de ning\u00fan tipo sobre el contenido de este sitio web. Las im\u00e1genes, los logotipos, los nombres de productos y las marcas son y seguir\u00e1n siendo propiedad de los fabricantes y\/o proveedores. Su uso tiene como \u00fanico objetivo aclarar la descripci\u00f3n del producto con el fin de informar adecuadamente al comprador potencial. Se pueden realizar modificaciones en el sitio web sin previo aviso. Quedan reservados los derechos sobre errores tipogr\u00e1ficos y de redacci\u00f3n, as\u00ed como sobre cambios en las especificaciones.<\/p>\n<p>[\/et_pb_text][\/et_pb_column][\/et_pb_row][\/et_pb_section][et_pb_section fb_built=\u00bb1&#8243; _builder_version=\u00bb4.24.3&#8243; _module_preset=\u00bbdefault\u00bb background_color=\u00bb#004472&#8243; custom_margin=\u00bb50px||||false|false\u00bb custom_padding=\u00bb0px||0px||false|false\u00bb custom_css_main_element=\u00bbheight:20px !important;||transform:none !important;\u00bb global_colors_info=\u00bb{}\u00bb][et_pb_row column_structure=\u00bb1_2,1_2&#8243; _builder_version=\u00bb4.24.3&#8243; _module_preset=\u00bbdefault\u00bb custom_margin=\u00bb||||false|false\u00bb custom_padding=\u00bb0px||0px||false|false\u00bb global_colors_info=\u00bb{}\u00bb][et_pb_column type=\u00bb1_2&#8243; _builder_version=\u00bb4.24.3&#8243; _module_preset=\u00bbdefault\u00bb global_colors_info=\u00bb{}\u00bb][et_pb_image src=\u00bbhttps:\/\/sentury-tyres.com\/wp-content\/uploads\/2024\/04\/iconen-autos-footer.png\u00bb title_text=\u00bbiconen-auto&#8217;s-footer\u00bb _builder_version=\u00bb4.24.3&#8243; _module_preset=\u00bbdefault\u00bb custom_margin=\u00bb-35px||||false|false\u00bb global_colors_info=\u00bb{}\u00bb][\/et_pb_image][\/et_pb_column][et_pb_column type=\u00bb1_2&#8243; _builder_version=\u00bb4.24.3&#8243; _module_preset=\u00bbdefault\u00bb global_colors_info=\u00bb{}\u00bb][\/et_pb_column][\/et_pb_row][\/et_pb_section]<\/p>\n","protected":false},"excerpt":{"rendered":"<p>Disclaimer Aunque este sitio web se ha elaborado con el mayor cuidado posible, Tyre Team B.V. o sus sociedades vinculadas no se hacen responsables en ning\u00fan caso de los da\u00f1os directos o indirectos que pudieran derivarse del uso de la informaci\u00f3n aqu\u00ed ofrecida. No se pueden derivar derechos ni reclamar derechos de ning\u00fan tipo sobre [&hellip;]<\/p>\n","protected":false},"author":1,"featured_media":0,"parent":0,"menu_order":0,"comment_status":"closed","ping_status":"closed","template":"","meta":{"_et_pb_use_builder":"on","_et_pb_old_content":"","_et_gb_content_width":"","footnotes":""},"class_list":["post-1840","page","type-page","status-publish","hentry"],"yoast_head":"<!-- This site is optimized with the Yoast SEO plugin v27.3 - https:\/\/yoast.com\/product\/yoast-seo-wordpress\/ -->\n<title>Disclaimer | Sentury tyres<\/title>\n<meta name=\"robots\" content=\"index, follow, max-snippet:-1, max-image-preview:large, max-video-preview:-1\" \/>\n<link rel=\"canonical\" href=\"https:\/\/sentury-tyres.com\/es\/disclaimer\/\" \/>\n<meta property=\"og:locale\" content=\"es_ES\" \/>\n<meta property=\"og:type\" content=\"article\" \/>\n<meta property=\"og:title\" content=\"Disclaimer | Sentury tyres\" \/>\n<meta property=\"og:description\" content=\"Disclaimer Aunque este sitio web se ha elaborado con el mayor cuidado posible, Tyre Team B.V. o sus sociedades vinculadas no se hacen responsables en ning\u00fan caso de los da\u00f1os directos o indirectos que pudieran derivarse del uso de la informaci\u00f3n aqu\u00ed ofrecida. No se pueden derivar derechos ni reclamar derechos de ning\u00fan tipo sobre [&hellip;]\" \/>\n<meta property=\"og:url\" content=\"https:\/\/sentury-tyres.com\/es\/disclaimer\/\" \/>\n<meta property=\"og:site_name\" content=\"Sentury tyres\" \/>\n<meta property=\"article:modified_time\" content=\"2026-03-26T13:47:50+00:00\" \/>\n<meta name=\"twitter:card\" content=\"summary_large_image\" \/>\n<meta name=\"twitter:label1\" content=\"Tiempo de lectura\" \/>\n\t<meta name=\"twitter:data1\" content=\"2 minutos\" \/>\n<script type=\"application\/ld+json\" class=\"yoast-schema-graph\">{\"@context\":\"https:\\\/\\\/schema.org\",\"@graph\":[{\"@type\":\"WebPage\",\"@id\":\"https:\\\/\\\/sentury-tyres.com\\\/es\\\/disclaimer\\\/\",\"url\":\"https:\\\/\\\/sentury-tyres.com\\\/es\\\/disclaimer\\\/\",\"name\":\"Disclaimer | Sentury tyres\",\"isPartOf\":{\"@id\":\"https:\\\/\\\/sentury-tyres.com\\\/#website\"},\"datePublished\":\"2024-04-23T07:42:43+00:00\",\"dateModified\":\"2026-03-26T13:47:50+00:00\",\"breadcrumb\":{\"@id\":\"https:\\\/\\\/sentury-tyres.com\\\/es\\\/disclaimer\\\/#breadcrumb\"},\"inLanguage\":\"es\",\"potentialAction\":[{\"@type\":\"ReadAction\",\"target\":[\"https:\\\/\\\/sentury-tyres.com\\\/es\\\/disclaimer\\\/\"]}]},{\"@type\":\"BreadcrumbList\",\"@id\":\"https:\\\/\\\/sentury-tyres.com\\\/es\\\/disclaimer\\\/#breadcrumb\",\"itemListElement\":[{\"@type\":\"ListItem\",\"position\":1,\"name\":\"Home\",\"item\":\"https:\\\/\\\/sentury-tyres.com\\\/es\\\/\"},{\"@type\":\"ListItem\",\"position\":2,\"name\":\"Disclaimer\"}]},{\"@type\":\"WebSite\",\"@id\":\"https:\\\/\\\/sentury-tyres.com\\\/#website\",\"url\":\"https:\\\/\\\/sentury-tyres.com\\\/\",\"name\":\"Sentury tyres\",\"description\":\"Drive with confidence\",\"potentialAction\":[{\"@type\":\"SearchAction\",\"target\":{\"@type\":\"EntryPoint\",\"urlTemplate\":\"https:\\\/\\\/sentury-tyres.com\\\/?s={search_term_string}\"},\"query-input\":{\"@type\":\"PropertyValueSpecification\",\"valueRequired\":true,\"valueName\":\"search_term_string\"}}],\"inLanguage\":\"es\"}]}<\/script>\n<!-- \/ Yoast SEO plugin. -->","yoast_head_json":{"title":"Disclaimer | Sentury tyres","robots":{"index":"index","follow":"follow","max-snippet":"max-snippet:-1","max-image-preview":"max-image-preview:large","max-video-preview":"max-video-preview:-1"},"canonical":"https:\/\/sentury-tyres.com\/es\/disclaimer\/","og_locale":"es_ES","og_type":"article","og_title":"Disclaimer | Sentury tyres","og_description":"Disclaimer Aunque este sitio web se ha elaborado con el mayor cuidado posible, Tyre Team B.V. o sus sociedades vinculadas no se hacen responsables en ning\u00fan caso de los da\u00f1os directos o indirectos que pudieran derivarse del uso de la informaci\u00f3n aqu\u00ed ofrecida. No se pueden derivar derechos ni reclamar derechos de ning\u00fan tipo sobre [&hellip;]","og_url":"https:\/\/sentury-tyres.com\/es\/disclaimer\/","og_site_name":"Sentury tyres","article_modified_time":"2026-03-26T13:47:50+00:00","twitter_card":"summary_large_image","twitter_misc":{"Tiempo de lectura":"2 minutos"},"schema":{"@context":"https:\/\/schema.org","@graph":[{"@type":"WebPage","@id":"https:\/\/sentury-tyres.com\/es\/disclaimer\/","url":"https:\/\/sentury-tyres.com\/es\/disclaimer\/","name":"Disclaimer | Sentury tyres","isPartOf":{"@id":"https:\/\/sentury-tyres.com\/#website"},"datePublished":"2024-04-23T07:42:43+00:00","dateModified":"2026-03-26T13:47:50+00:00","breadcrumb":{"@id":"https:\/\/sentury-tyres.com\/es\/disclaimer\/#breadcrumb"},"inLanguage":"es","potentialAction":[{"@type":"ReadAction","target":["https:\/\/sentury-tyres.com\/es\/disclaimer\/"]}]},{"@type":"BreadcrumbList","@id":"https:\/\/sentury-tyres.com\/es\/disclaimer\/#breadcrumb","itemListElement":[{"@type":"ListItem","position":1,"name":"Home","item":"https:\/\/sentury-tyres.com\/es\/"},{"@type":"ListItem","position":2,"name":"Disclaimer"}]},{"@type":"WebSite","@id":"https:\/\/sentury-tyres.com\/#website","url":"https:\/\/sentury-tyres.com\/","name":"Sentury tyres","description":"Drive with confidence","potentialAction":[{"@type":"SearchAction","target":{"@type":"EntryPoint","urlTemplate":"https:\/\/sentury-tyres.com\/?s={search_term_string}"},"query-input":{"@type":"PropertyValueSpecification","valueRequired":true,"valueName":"search_term_string"}}],"inLanguage":"es"}]}},"_links":{"self":[{"href":"https:\/\/sentury-tyres.com\/es\/wp-json\/wp\/v2\/pages\/1840","targetHints":{"allow":["GET"]}}],"collection":[{"href":"https:\/\/sentury-tyres.com\/es\/wp-json\/wp\/v2\/pages"}],"about":[{"href":"https:\/\/sentury-tyres.com\/es\/wp-json\/wp\/v2\/types\/page"}],"author":[{"embeddable":true,"href":"https:\/\/sentury-tyres.com\/es\/wp-json\/wp\/v2\/users\/1"}],"replies":[{"embeddable":true,"href":"https:\/\/sentury-tyres.com\/es\/wp-json\/wp\/v2\/comments?post=1840"}],"version-history":[{"count":3,"href":"https:\/\/sentury-tyres.com\/es\/wp-json\/wp\/v2\/pages\/1840\/revisions"}],"predecessor-version":[{"id":4611,"href":"https:\/\/sentury-tyres.com\/es\/wp-json\/wp\/v2\/pages\/1840\/revisions\/4611"}],"wp:attachment":[{"href":"https:\/\/sentury-tyres.com\/es\/wp-json\/wp\/v2\/media?parent=1840"}],"curies":[{"name":"wp","href":"https:\/\/api.w.org\/{rel}","templated":true}]}}