{"id":661,"date":"2024-04-05T12:28:15","date_gmt":"2024-04-05T12:28:15","guid":{"rendered":"https:\/\/sentury-tyres.com\/bandenlabel\/"},"modified":"2026-03-26T15:45:49","modified_gmt":"2026-03-26T15:45:49","slug":"reifenlabel","status":"publish","type":"page","link":"https:\/\/sentury-tyres.com\/de\/reifenlabel\/","title":{"rendered":"Reifenlabel"},"content":{"rendered":"<p>[et_pb_section fb_built=&#8221;1&#8243; _builder_version=&#8221;4.24.3&#8243; _module_preset=&#8221;default&#8221; global_colors_info=&#8221;{}&#8221;][et_pb_row _builder_version=&#8221;4.24.3&#8243; _module_preset=&#8221;default&#8221; global_colors_info=&#8221;{}&#8221;][et_pb_column type=&#8221;4_4&#8243; _builder_version=&#8221;4.24.3&#8243; _module_preset=&#8221;default&#8221; global_colors_info=&#8221;{}&#8221;][et_pb_text _builder_version=&#8221;4.25.1&#8243; _module_preset=&#8221;default&#8221; global_colors_info=&#8221;{}&#8221;]<\/p>\n<h2>Was ist ein Reifenlabel?<\/h2>\n<p><span>Seit dem 01. Mai 2021 hat sich die europ\u00e4ische Reifenkennzeichnung auf Basis einer aktualisierten und strikteren EU-Regelung (<\/span><a href=\"https:\/\/eur-lex.europa.eu\/legal-content\/EN\/ALL\/?uri=CELEX%3A32020R0740\">Verordnung (EU) 2020\/740<\/a><span>) deutlich ver\u00e4ndert. Diese neue europ\u00e4ische Reifenkennzeichnung in Form eines Labels oder Aufklebers gilt f\u00fcr Pkw-Reifen (C1), Leicht-Lkw-Reifen (C2) und Schwer-Lkw-Reifen (C3).<\/span><\/p>\n<p>[\/et_pb_text][\/et_pb_column][\/et_pb_row][et_pb_row column_structure=&#8221;1_4,3_4&#8243; _builder_version=&#8221;4.24.3&#8243; _module_preset=&#8221;default&#8221; global_colors_info=&#8221;{}&#8221;][et_pb_column type=&#8221;1_4&#8243; _builder_version=&#8221;4.24.3&#8243; _module_preset=&#8221;default&#8221; global_colors_info=&#8221;{}&#8221;][et_pb_image src=&#8221;https:\/\/sentury-tyres.com\/wp-content\/uploads\/2024\/04\/Label_Qirin990.png&#8221; title_text=&#8221;Label_Qirin990&#8243; _builder_version=&#8221;4.24.3&#8243; _module_preset=&#8221;default&#8221; global_colors_info=&#8221;{}&#8221;][\/et_pb_image][\/et_pb_column][et_pb_column type=&#8221;3_4&#8243; _builder_version=&#8221;4.24.3&#8243; _module_preset=&#8221;default&#8221; global_colors_info=&#8221;{}&#8221;][et_pb_text _builder_version=&#8221;4.25.1&#8243; _module_preset=&#8221;default&#8221; global_colors_info=&#8221;{}&#8221;]<\/p>\n<p>Das neue, vorgeschriebene europ\u00e4ische Reifenlabel muss auf dem Reifen oder am Verkaufsort aller C1-, C2- und C3-Reifen, die ab dem 1. Mai 2021 produziert werden, gezeigt werden. Diese neue Kennzeichnung gew\u00e4hrt Aufschluss \u00fcber die Kraftstoffeffizienz, Umweltfreundlichkeit und Sicherheit des Reifens. Sie gibt auch die Leistungsf\u00e4higkeit von Reifen an, die speziell f\u00fcr den Einsatz unter schweren Schnee- und Eisbedingungen entwickelt wurden. Diese Reifenkennzeichnung erm\u00f6glicht den Vergleich von Reifen und soll die Verwendung von sichereren, effizienteren und leiseren Reifen f\u00f6rdern.<\/p>\n<p>Auf dem Label mit der Reifenkennzeichnung sind jedoch nur 5 Leistungskriterien aufgef\u00fchrt, obwohl eigentlich 50 Leistungskriterien zur Beurteilung der Qualit\u00e4t eines Reifens herangezogen werden. Beispiel: Verschlei\u00dffestigkeit (Laufleistung), Trockenbremsleistung, Traktion auf Schnee, Seitenhaftung auf Eis, Fahrzeugger\u00e4usch, Handling und Aquaplaning.<\/p>\n<p>[\/et_pb_text][\/et_pb_column][\/et_pb_row][et_pb_row _builder_version=&#8221;4.24.3&#8243; _module_preset=&#8221;default&#8221; global_colors_info=&#8221;{}&#8221;][et_pb_column type=&#8221;4_4&#8243; _builder_version=&#8221;4.24.3&#8243; _module_preset=&#8221;default&#8221; global_colors_info=&#8221;{}&#8221;][et_pb_text _builder_version=&#8221;4.25.1&#8243; _module_preset=&#8221;default&#8221; global_colors_info=&#8221;{}&#8221;]<\/p>\n<h3>Die f\u00fcnf Leistungskriterien der Reifenkennzeichnung<\/h3>\n<p><span>Die Reifenkennzeichnung bzw. das -label gibt jeweils einen Wert (Klasse) f\u00fcr die folgenden f\u00fcnf Kriterien an:<\/span><\/p>\n<p>[\/et_pb_text][et_pb_tabs active_tab_background_color=&#8221;#E09900&#8243; inactive_tab_background_color=&#8221;#004472&#8243; active_tab_text_color=&#8221;#FFFFFF&#8221; disabled_on=&#8221;off|on|on&#8221; _builder_version=&#8221;4.26.0&#8243; _module_preset=&#8221;default&#8221; tab_text_color=&#8221;#FFFFFF&#8221; global_colors_info=&#8221;{}&#8221;][et_pb_tab title=&#8221;Kraftstoffefizienz&#8221; _builder_version=&#8221;4.26.0&#8243; _module_preset=&#8221;default&#8221; global_colors_info=&#8221;{}&#8221;]<\/p>\n<p style=\"text-align: center;\"><img loading=\"lazy\" decoding=\"async\" src=\"https:\/\/sentury-tyres.com\/wp-content\/uploads\/2024\/04\/fuel-efficiency.png\" width=\"142\" height=\"142\" alt=\"\" class=\"wp-image-199 alignnone size-full\" style=\"font-family: inherit; font-size: inherit;\" \/><\/p>\n<p><em>5 Klasse<\/em><em style=\"font-family: inherit; font-size: inherit;\">n von A (am effizientesten) bis E (am wenigsten effizient).<\/em><\/p>\n<p>Der Kraftstoffverbrauch eines Fahrzeugs h\u00e4ngt von Faktoren wie dem Motortyp, der Geschwindigkeit, dem Stra\u00dfenbelag, den Wetterbedingungen usw. ab. Der Rollwiderstand der Reifen ist f\u00fcr etwa 20% des Kraftstoffverbrauchs verantwortlich. Weniger Kraftstoffverbrauch bedeutet geringere Kraftstoffkosten und weniger CO<sub>2<\/sub>-Emissionen.<\/p>\n<p>[\/et_pb_tab][et_pb_tab title=&#8221;Nasshaftung&#8221; _builder_version=&#8221;4.26.0&#8243; _module_preset=&#8221;default&#8221; global_colors_info=&#8221;{}&#8221;]<\/p>\n<p style=\"text-align: center;\"><img loading=\"lazy\" decoding=\"async\" src=\"https:\/\/sentury-tyres.com\/wp-content\/uploads\/2024\/04\/wet-grip.png\" width=\"142\" height=\"142\" alt=\"\" class=\"wp-image-206 alignnone size-full\" style=\"font-family: inherit; font-size: inherit;\" \/><\/p>\n<p><em>5 Klassen v<\/em><em style=\"font-family: inherit; font-size: inherit;\">on A (k\u00fcrzester Bremsweg) bis E (l\u00e4ngster Bremsweg).<\/em><\/p>\n<p>Die Nasshaftungseigenschaften eines Reifens k\u00f6nnen unter anderem vom Fahrzeugtyp, den Wetterbedingungen und dem Reifenprofil abh\u00e4ngen. Ein guter \u201eGrip\u201c, also die Reifenhaftung ist wichtig f\u00fcr die Sicherheit.<\/p>\n<p>[\/et_pb_tab][et_pb_tab title=&#8221;Externe Rollger\u00e4usch&#8221; _builder_version=&#8221;4.26.0&#8243; _module_preset=&#8221;default&#8221; global_colors_info=&#8221;{}&#8221;]<\/p>\n<p><img loading=\"lazy\" decoding=\"async\" src=\"https:\/\/sentury-tyres.com\/wp-content\/uploads\/2024\/04\/rolling-noise.png\" width=\"142\" height=\"142\" alt=\"\" class=\"wp-image-207 alignnone size-full\" style=\"font-family: inherit; font-size: inherit; display: block; margin-left: auto; margin-right: auto;\" \/><\/p>\n<p><em>3 Klassen von <\/em><em style=\"font-family: inherit; font-size: inherit;\">externen Rollger\u00e4uschen \u2013 mit Messwert in dB.<\/em><\/p>\n<p>Unter externem Rollger\u00e4usch versteht man das durch den Reifen verursachte Betriebsger\u00e4usch im Verkehr. Das Piktogramm zeigt neben dem Ger\u00e4uschpegel in Dezibel (dB) auch die Rollger\u00e4uschklasse A, B oder C an.<\/p>\n<p>Hinweis:\u00a0 Es gibt keinen direkten Zusammenhang zwischen externen (au\u00dferhalb des Fahrzeugs) und internen (innerhalb des Fahrzeugs) Reifenger\u00e4uschen.<\/p>\n<p>[\/et_pb_tab][et_pb_tab title=&#8221;Schneegriffigkeit&#8221; _builder_version=&#8221;4.26.0&#8243; _module_preset=&#8221;default&#8221; global_colors_info=&#8221;{}&#8221;]<\/p>\n<p style=\"text-align: center;\"><img loading=\"lazy\" decoding=\"async\" src=\"https:\/\/sentury-tyres.com\/wp-content\/uploads\/2024\/04\/snow-grip.png\" width=\"142\" height=\"142\" alt=\"\" class=\"wp-image-209 alignnone size-full\" \/><\/p>\n<p><span>Bei Reifen,<\/span>\u00a0die mit dem Schneeflocken-Piktogramm gekennzeichnet sind, wird davon ausgegangen, dass sie die in der UNECE-Regelung Nr. 117 festgelegten Mindestkennwerte f\u00fcr Schneegriffigkeit erf\u00fcllen und f\u00fcr den Einsatz bei extremen Schneeverh\u00e4ltnissen geeignet sind. Das Schneeflockensymbol ist auf Winterreifen und vielen Ganzjahresreifen zu finden.<\/p>\n<p>[\/et_pb_tab][et_pb_tab title=&#8221;Eisgriffigkeit&#8221; _builder_version=&#8221;4.26.0&#8243; _module_preset=&#8221;default&#8221; global_colors_info=&#8221;{}&#8221;]<\/p>\n<p style=\"text-align: center;\"><img loading=\"lazy\" decoding=\"async\" src=\"https:\/\/sentury-tyres.com\/wp-content\/uploads\/2024\/04\/ice-grip.png\" width=\"142\" height=\"142\" alt=\"\" class=\"wp-image-208 alignnone size-full\" style=\"font-family: inherit; font-size: inherit;\" \/><\/p>\n<p>Reifen mit dem Ei<span style=\"font-family: inherit; font-size: inherit;\">s-Symbol erf\u00fcllen die entsprechenden Mindestkennwerte f\u00fcr Eisgriffigkeit und sind f\u00fcr den Einsatz unter stark verschneiten und vereisten Bedingungen geeignet.<\/span><\/p>\n<p>Das Eis-Symbol ist derzeit nur auf Kennzeichnungen bzw. Labeln von Pkw-Reifen zu finden.<\/p>\n<p>[\/et_pb_tab][\/et_pb_tabs][et_pb_tabs active_tab_background_color=&#8221;#E09900&#8243; inactive_tab_background_color=&#8221;#004472&#8243; active_tab_text_color=&#8221;#FFFFFF&#8221; disabled_on=&#8221;on|off|off&#8221; _builder_version=&#8221;4.26.0&#8243; _module_preset=&#8221;default&#8221; tab_text_color=&#8221;#FFFFFF&#8221; global_colors_info=&#8221;{}&#8221;][et_pb_tab title=&#8221;Kraftstoffefizienz&#8221; _builder_version=&#8221;4.25.1&#8243; _module_preset=&#8221;default&#8221; global_colors_info=&#8221;{}&#8221;]<\/p>\n<table border=\"0\" style=\"border-collapse: collapse; width: 100%; border: transparent!important;\">\n<tbody>\n<tr>\n<td style=\"width: 15%; border: transparent !important;\"><img loading=\"lazy\" decoding=\"async\" src=\"https:\/\/sentury-tyres.com\/wp-content\/uploads\/2024\/04\/fuel-efficiency.png\" width=\"142\" height=\"142\" alt=\"\" class=\"wp-image-199 alignnone size-full\" \/><\/td>\n<td style=\"width: 85%; border: transparent !important;\">\n<p><em>5 Klassen von A (am effizientesten) bis E (am wenigsten effizient).<\/em><\/p>\n<p>Der Kraftstoffverbrauch eines Fahrzeugs h\u00e4ngt von Faktoren wie dem Motortyp, der Geschwindigkeit, dem Stra\u00dfenbelag, den Wetterbedingungen usw. ab. Der Rollwiderstand der Reifen ist f\u00fcr etwa 20% des Kraftstoffverbrauchs verantwortlich. Weniger Kraftstoffverbrauch bedeutet geringere Kraftstoffkosten und weniger CO<sub>2<\/sub>-Emissionen.<\/p>\n<\/td>\n<\/tr>\n<\/tbody>\n<\/table>\n<p>[\/et_pb_tab][et_pb_tab title=&#8221;Nasshaftung&#8221; _builder_version=&#8221;4.25.1&#8243; _module_preset=&#8221;default&#8221; global_colors_info=&#8221;{}&#8221;]<\/p>\n<table border=\"0\" style=\"border-collapse: collapse; width: 100%; border: transparent!important;\">\n<tbody>\n<tr>\n<td style=\"width: 15%; border: transparent !important;\"><img loading=\"lazy\" decoding=\"async\" src=\"https:\/\/sentury-tyres.com\/wp-content\/uploads\/2024\/04\/wet-grip.png\" width=\"142\" height=\"142\" alt=\"\" class=\"wp-image-206 alignnone size-full\" \/><\/td>\n<td style=\"width: 85%; border: transparent !important;\">\n<p><em>5 Klassen von A (k\u00fcrzester Bremsweg) bis E (l\u00e4ngster Bremsweg).<\/em><\/p>\n<p>Die Nasshaftungseigenschaften eines Reifens k\u00f6nnen unter anderem vom Fahrzeugtyp, den Wetterbedingungen und dem Reifenprofil abh\u00e4ngen. Ein guter \u201eGrip\u201c, also die Reifenhaftung ist wichtig f\u00fcr die Sicherheit<\/p>\n<\/td>\n<\/tr>\n<\/tbody>\n<\/table>\n<p>[\/et_pb_tab][et_pb_tab title=&#8221;Externe Rollger\u00e4usch&#8221; _builder_version=&#8221;4.25.1&#8243; _module_preset=&#8221;default&#8221; global_colors_info=&#8221;{}&#8221;]<\/p>\n<table border=\"0\" style=\"border-collapse: collapse; width: 100%; border: transparent!important;\">\n<tbody>\n<tr>\n<td style=\"width: 15%; border: transparent !important;\"><img loading=\"lazy\" decoding=\"async\" src=\"https:\/\/sentury-tyres.com\/wp-content\/uploads\/2024\/04\/rolling-noise.png\" width=\"142\" height=\"142\" alt=\"\" class=\"wp-image-207 alignnone size-full\" \/><\/td>\n<td style=\"width: 85%; border: transparent !important;\">\n<p><em>3 Klassen von externen Rollger\u00e4uschen \u2013 mit Messwert in dB.<\/em><\/p>\n<p>Unter externem Rollger\u00e4usch versteht man das durch den Reifen verursachte Betriebsger\u00e4usch im Verkehr. Das Piktogramm zeigt neben dem Ger\u00e4uschpegel in Dezibel (dB) auch die Rollger\u00e4uschklasse A, B oder C an.<\/p>\n<p>Hinweis:\u00a0 Es gibt keinen direkten Zusammenhang zwischen externen (au\u00dferhalb des Fahrzeugs) und internen (innerhalb des Fahrzeugs) Reifenger\u00e4uschen.<\/p>\n<\/td>\n<\/tr>\n<\/tbody>\n<\/table>\n<p>[\/et_pb_tab][et_pb_tab title=&#8221;Schneegriffigkeit&#8221; _builder_version=&#8221;4.25.1&#8243; _module_preset=&#8221;default&#8221; global_colors_info=&#8221;{}&#8221;]<\/p>\n<table border=\"0\" style=\"border-collapse: collapse; width: 100%; border: transparent!important;\">\n<tbody>\n<tr>\n<td style=\"width: 15%; border: transparent !important;\"><img loading=\"lazy\" decoding=\"async\" src=\"https:\/\/sentury-tyres.com\/wp-content\/uploads\/2024\/04\/snow-grip.png\" width=\"142\" height=\"142\" alt=\"\" class=\"wp-image-209 alignnone size-full\" \/><\/td>\n<td style=\"width: 85%; border: transparent !important;\"><span>Bei Reifen, die mit dem Schneeflocken-Piktogramm gekennzeichnet sind, wird davon ausgegangen, dass sie die in der UNECE-Regelung Nr. 117 festgelegten Mindestkennwerte f\u00fcr Schneegriffigkeit erf\u00fcllen und f\u00fcr den Einsatz bei extremen Schneeverh\u00e4ltnissen geeignet sind. Das Schneeflockensymbol ist auf Winterreifen und vielen Ganzjahresreifen zu finden.<\/span><\/td>\n<\/tr>\n<\/tbody>\n<\/table>\n<p>[\/et_pb_tab][et_pb_tab title=&#8221;Eisgriffigkeit&#8221; _builder_version=&#8221;4.25.1&#8243; _module_preset=&#8221;default&#8221; global_colors_info=&#8221;{}&#8221;]<\/p>\n<table border=\"0\" style=\"border-collapse: collapse; width: 100%; border: transparent!important;\">\n<tbody>\n<tr>\n<td style=\"width: 15%; border: transparent !important;\"><img loading=\"lazy\" decoding=\"async\" src=\"https:\/\/sentury-tyres.com\/wp-content\/uploads\/2024\/04\/ice-grip.png\" width=\"142\" height=\"142\" alt=\"\" class=\"wp-image-208 alignnone size-full\" \/><\/td>\n<td style=\"width: 85%; border: transparent !important;\">\n<p>Reifen mit dem Eis-Symbol erf\u00fcllen die entsprechenden Mindestkennwerte f\u00fcr Eisgriffigkeit und sind f\u00fcr den Einsatz unter stark verschneiten und vereisten Bedingungen geeignet.<\/p>\n<p>Das Eis-Symbol ist derzeit nur auf Kennzeichnungen bzw. Labeln von Pkw-Reifen zu finden.<\/p>\n<\/td>\n<\/tr>\n<\/tbody>\n<\/table>\n<p>[\/et_pb_tab][\/et_pb_tabs][et_pb_text _builder_version=&#8221;4.25.1&#8243; _module_preset=&#8221;default&#8221; global_colors_info=&#8221;{}&#8221;]<\/p>\n<p><strong>Reifen mit dem<\/strong><span>\u00a0<\/span>Piktogramm f\u00fcr<span>\u00a0<\/span><strong>Eisgriffigkeit<\/strong><span>\u00a0<\/span>sind speziell f\u00fcr eine mit Eis und kompaktem Schnee bedeckte Fahrbahnoberfl\u00e4che ausgelegt. Diese Reifen sollten nur unter sehr strengen Klimabedingungen (z. B. sehr niedrigen Temperaturen) verwendet werden. Die Verwendung von Reifen mit Eisgriffigkeit unter weniger strengen Klimabedingungen (z. B. bei N\u00e4sse oder w\u00e4rmeren Temperaturen) k\u00f6nnte zu einer suboptimalen Leistung f\u00fchren, insbesondere in Bezug auf Nasshaftung, Handling und Verschlei\u00df.<\/p>\n<p>Die EU hat eine Europ\u00e4ische Produktdatenbank f\u00fcr die Energiekennzeichnung (EPREL). Die Reifendaten (Kennzeichnung) in der Datenbank k\u00f6nnen ab dem 1. Mai 2021 abgefragt werden.\u00a0 Die neue Reifenkennzeichnung enth\u00e4lt auch einen QR-Code, wodurch die Daten aus dem Produktdatenblatt, wie in Anhang III der<span>\u00a0<\/span><a href=\"https:\/\/eur-lex.europa.eu\/legal-content\/EN\/ALL\/?uri=CELEX%3A32020R0740\">Verordnung (EU) 2020\/740<\/a><span>\u00a0<\/span>genannt, f\u00fcr jedermann zug\u00e4nglich werden.<\/p>\n<p>Unter Bezugnahme auf die oben genannte<span>\u00a0<\/span><a href=\"https:\/\/eur-lex.europa.eu\/legal-content\/EN\/ALL\/?uri=CELEX%3A32020R0740\">Europ\u00e4ische Verordnung (EU) 2020\/740<\/a><span>\u00a0<\/span>m\u00f6chten wir betonen, dass das Verhalten des Fahrers der entscheidende Faktor f\u00fcr Kraftstoffverbrauch und Verkehrssicherheit ist, und insbesondere:<\/p>\n<ul>\n<li>Dass eine umweltbewusste Fahrweise bzw. Eco-Driving den Kraftstoffverbrauch deutlich reduzieren kann;<\/li>\n<li>Dass der Reifendruck regelm\u00e4\u00dfig \u00fcberpr\u00fcft werden muss, um die Kraftstoffeffizienz und die Nasshaftung zu optimieren;<\/li>\n<li>Dass der Sicherheitsabstand zum vorausfahrenden Verkehr stets einzuhalten ist<\/li>\n<\/ul>\n<p>Diese Verordnung gilt nicht f\u00fcr:<\/p>\n<ul>\n<li>Reifen f\u00fcr den harten Gel\u00e4ndeeinsatz;<\/li>\n<li>Reifen, die ausschlie\u00dflich f\u00fcr die Montage an Fahrzeugen ausgelegt sind, deren Erstzulassung vor dem 1. Oktober 1990 erfolgte;<\/li>\n<li>T-Notradreifen;<\/li>\n<li>Reifen mit einer zul\u00e4ssigen Geschwindigkeit von weniger als 80 km\/h;<\/li>\n<li>Reifen f\u00fcr Felgen mit einem Nenndurchmesser \u2264 254 mm oder \u2265 635 mm;<\/li>\n<li>Reifen mit Zusatzvorrichtungen zur Verbesserung der Traktion, z. B. Spikereifen;<\/li>\n<li>Reifen, die ausschlie\u00dflich f\u00fcr die Montage an Fahrzeugen ausgelegt sind, die ausschlie\u00dflich f\u00fcr Rennen bestimmt sind;<\/li>\n<li>Gebrauchte Reifen, sofern solche Reifen nicht aus einem Drittland importiert werden.<\/li>\n<\/ul>\n<p><strong>Quelle:\u00a0<\/strong><a href=\"https:\/\/eur-lex.europa.eu\/legal-content\/EN\/ALL\/?uri=CELEX%3A32020R0740\">Verordnung (EU) Nr. 2020\/740 der Europ\u00e4ischen Parlaments und des Rates<\/a><\/p>\n<p>[\/et_pb_text][\/et_pb_column][\/et_pb_row][\/et_pb_section]<\/p>\n","protected":false},"excerpt":{"rendered":"<p>Was ist ein Reifenlabel? Seit dem 01. Mai 2021 hat sich die europ\u00e4ische Reifenkennzeichnung auf Basis einer aktualisierten und strikteren EU-Regelung (Verordnung (EU) 2020\/740) deutlich ver\u00e4ndert. Diese neue europ\u00e4ische Reifenkennzeichnung in Form eines Labels oder Aufklebers gilt f\u00fcr Pkw-Reifen (C1), Leicht-Lkw-Reifen (C2) und Schwer-Lkw-Reifen (C3).Das neue, vorgeschriebene europ\u00e4ische Reifenlabel muss auf dem Reifen oder am [&hellip;]<\/p>\n","protected":false},"author":1,"featured_media":0,"parent":0,"menu_order":0,"comment_status":"closed","ping_status":"closed","template":"","meta":{"_et_pb_use_builder":"on","_et_pb_old_content":"<!-- wp:divi\/placeholder \/-->","_et_gb_content_width":"","footnotes":""},"class_list":["post-661","page","type-page","status-publish","hentry"],"yoast_head":"<!-- This site is optimized with the Yoast SEO plugin v27.3 - https:\/\/yoast.com\/product\/yoast-seo-wordpress\/ -->\n<title>Reifenlabel | Sentury tyres<\/title>\n<meta name=\"description\" content=\"Die Reifen von Sentury Tyres haben gute Labelwerte. Auf dieser Seite erkl\u00e4ren wir, was das europ\u00e4ische Reifenlabel bedeutet.\" \/>\n<meta name=\"robots\" content=\"index, follow, max-snippet:-1, max-image-preview:large, max-video-preview:-1\" \/>\n<link rel=\"canonical\" href=\"https:\/\/sentury-tyres.com\/bandenlabel\/\" \/>\n<meta property=\"og:locale\" content=\"de_DE\" \/>\n<meta property=\"og:type\" content=\"article\" \/>\n<meta property=\"og:title\" content=\"Reifenlabel | Sentury tyres\" \/>\n<meta property=\"og:description\" content=\"Die Reifen von Sentury Tyres haben gute Labelwerte. Auf dieser Seite erkl\u00e4ren wir, was das europ\u00e4ische Reifenlabel bedeutet.\" \/>\n<meta property=\"og:url\" content=\"https:\/\/sentury-tyres.com\/bandenlabel\/\" \/>\n<meta property=\"og:site_name\" content=\"Sentury tyres\" \/>\n<meta property=\"article:modified_time\" content=\"2026-03-26T15:45:49+00:00\" \/>\n<meta property=\"og:image\" content=\"https:\/\/sentury-tyres.com\/wp-content\/uploads\/2024\/04\/fuel-efficiency.png\" \/>\n<meta name=\"twitter:card\" content=\"summary_large_image\" \/>\n<meta name=\"twitter:label1\" content=\"Gesch\u00e4tzte Lesezeit\" \/>\n\t<meta name=\"twitter:data1\" content=\"8 minutes\" \/>\n<script type=\"application\/ld+json\" class=\"yoast-schema-graph\">{\"@context\":\"https:\\\/\\\/schema.org\",\"@graph\":[{\"@type\":\"WebPage\",\"@id\":\"https:\\\/\\\/sentury-tyres.com\\\/bandenlabel\\\/\",\"url\":\"https:\\\/\\\/sentury-tyres.com\\\/bandenlabel\\\/\",\"name\":\"Reifenlabel | Sentury tyres\",\"isPartOf\":{\"@id\":\"https:\\\/\\\/sentury-tyres.com\\\/#website\"},\"primaryImageOfPage\":{\"@id\":\"https:\\\/\\\/sentury-tyres.com\\\/bandenlabel\\\/#primaryimage\"},\"image\":{\"@id\":\"https:\\\/\\\/sentury-tyres.com\\\/bandenlabel\\\/#primaryimage\"},\"thumbnailUrl\":\"https:\\\/\\\/sentury-tyres.com\\\/wp-content\\\/uploads\\\/2024\\\/04\\\/fuel-efficiency.png\",\"datePublished\":\"2024-04-05T12:28:15+00:00\",\"dateModified\":\"2026-03-26T15:45:49+00:00\",\"description\":\"Die Reifen von Sentury Tyres haben gute Labelwerte. Auf dieser Seite erkl\u00e4ren wir, was das europ\u00e4ische Reifenlabel bedeutet.\",\"breadcrumb\":{\"@id\":\"https:\\\/\\\/sentury-tyres.com\\\/bandenlabel\\\/#breadcrumb\"},\"inLanguage\":\"de-DE\",\"potentialAction\":[{\"@type\":\"ReadAction\",\"target\":[\"https:\\\/\\\/sentury-tyres.com\\\/bandenlabel\\\/\"]}]},{\"@type\":\"ImageObject\",\"inLanguage\":\"de-DE\",\"@id\":\"https:\\\/\\\/sentury-tyres.com\\\/bandenlabel\\\/#primaryimage\",\"url\":\"https:\\\/\\\/sentury-tyres.com\\\/wp-content\\\/uploads\\\/2024\\\/04\\\/fuel-efficiency.png\",\"contentUrl\":\"https:\\\/\\\/sentury-tyres.com\\\/wp-content\\\/uploads\\\/2024\\\/04\\\/fuel-efficiency.png\"},{\"@type\":\"BreadcrumbList\",\"@id\":\"https:\\\/\\\/sentury-tyres.com\\\/bandenlabel\\\/#breadcrumb\",\"itemListElement\":[{\"@type\":\"ListItem\",\"position\":1,\"name\":\"Home\",\"item\":\"https:\\\/\\\/sentury-tyres.com\\\/\"},{\"@type\":\"ListItem\",\"position\":2,\"name\":\"Reifenlabel\"}]},{\"@type\":\"WebSite\",\"@id\":\"https:\\\/\\\/sentury-tyres.com\\\/#website\",\"url\":\"https:\\\/\\\/sentury-tyres.com\\\/\",\"name\":\"Sentury tyres\",\"description\":\"Drive with confidence\",\"potentialAction\":[{\"@type\":\"SearchAction\",\"target\":{\"@type\":\"EntryPoint\",\"urlTemplate\":\"https:\\\/\\\/sentury-tyres.com\\\/?s={search_term_string}\"},\"query-input\":{\"@type\":\"PropertyValueSpecification\",\"valueRequired\":true,\"valueName\":\"search_term_string\"}}],\"inLanguage\":\"de-DE\"}]}<\/script>\n<!-- \/ Yoast SEO plugin. -->","yoast_head_json":{"title":"Reifenlabel | Sentury tyres","description":"Die Reifen von Sentury Tyres haben gute Labelwerte. Auf dieser Seite erkl\u00e4ren wir, was das europ\u00e4ische Reifenlabel bedeutet.","robots":{"index":"index","follow":"follow","max-snippet":"max-snippet:-1","max-image-preview":"max-image-preview:large","max-video-preview":"max-video-preview:-1"},"canonical":"https:\/\/sentury-tyres.com\/bandenlabel\/","og_locale":"de_DE","og_type":"article","og_title":"Reifenlabel | Sentury tyres","og_description":"Die Reifen von Sentury Tyres haben gute Labelwerte. Auf dieser Seite erkl\u00e4ren wir, was das europ\u00e4ische Reifenlabel bedeutet.","og_url":"https:\/\/sentury-tyres.com\/bandenlabel\/","og_site_name":"Sentury tyres","article_modified_time":"2026-03-26T15:45:49+00:00","og_image":[{"url":"https:\/\/sentury-tyres.com\/wp-content\/uploads\/2024\/04\/fuel-efficiency.png","type":"","width":"","height":""}],"twitter_card":"summary_large_image","twitter_misc":{"Gesch\u00e4tzte Lesezeit":"8 minutes"},"schema":{"@context":"https:\/\/schema.org","@graph":[{"@type":"WebPage","@id":"https:\/\/sentury-tyres.com\/bandenlabel\/","url":"https:\/\/sentury-tyres.com\/bandenlabel\/","name":"Reifenlabel | Sentury tyres","isPartOf":{"@id":"https:\/\/sentury-tyres.com\/#website"},"primaryImageOfPage":{"@id":"https:\/\/sentury-tyres.com\/bandenlabel\/#primaryimage"},"image":{"@id":"https:\/\/sentury-tyres.com\/bandenlabel\/#primaryimage"},"thumbnailUrl":"https:\/\/sentury-tyres.com\/wp-content\/uploads\/2024\/04\/fuel-efficiency.png","datePublished":"2024-04-05T12:28:15+00:00","dateModified":"2026-03-26T15:45:49+00:00","description":"Die Reifen von Sentury Tyres haben gute Labelwerte. Auf dieser Seite erkl\u00e4ren wir, was das europ\u00e4ische Reifenlabel bedeutet.","breadcrumb":{"@id":"https:\/\/sentury-tyres.com\/bandenlabel\/#breadcrumb"},"inLanguage":"de-DE","potentialAction":[{"@type":"ReadAction","target":["https:\/\/sentury-tyres.com\/bandenlabel\/"]}]},{"@type":"ImageObject","inLanguage":"de-DE","@id":"https:\/\/sentury-tyres.com\/bandenlabel\/#primaryimage","url":"https:\/\/sentury-tyres.com\/wp-content\/uploads\/2024\/04\/fuel-efficiency.png","contentUrl":"https:\/\/sentury-tyres.com\/wp-content\/uploads\/2024\/04\/fuel-efficiency.png"},{"@type":"BreadcrumbList","@id":"https:\/\/sentury-tyres.com\/bandenlabel\/#breadcrumb","itemListElement":[{"@type":"ListItem","position":1,"name":"Home","item":"https:\/\/sentury-tyres.com\/"},{"@type":"ListItem","position":2,"name":"Reifenlabel"}]},{"@type":"WebSite","@id":"https:\/\/sentury-tyres.com\/#website","url":"https:\/\/sentury-tyres.com\/","name":"Sentury tyres","description":"Drive with confidence","potentialAction":[{"@type":"SearchAction","target":{"@type":"EntryPoint","urlTemplate":"https:\/\/sentury-tyres.com\/?s={search_term_string}"},"query-input":{"@type":"PropertyValueSpecification","valueRequired":true,"valueName":"search_term_string"}}],"inLanguage":"de-DE"}]}},"_links":{"self":[{"href":"https:\/\/sentury-tyres.com\/de\/wp-json\/wp\/v2\/pages\/661","targetHints":{"allow":["GET"]}}],"collection":[{"href":"https:\/\/sentury-tyres.com\/de\/wp-json\/wp\/v2\/pages"}],"about":[{"href":"https:\/\/sentury-tyres.com\/de\/wp-json\/wp\/v2\/types\/page"}],"author":[{"embeddable":true,"href":"https:\/\/sentury-tyres.com\/de\/wp-json\/wp\/v2\/users\/1"}],"replies":[{"embeddable":true,"href":"https:\/\/sentury-tyres.com\/de\/wp-json\/wp\/v2\/comments?post=661"}],"version-history":[{"count":9,"href":"https:\/\/sentury-tyres.com\/de\/wp-json\/wp\/v2\/pages\/661\/revisions"}],"predecessor-version":[{"id":4871,"href":"https:\/\/sentury-tyres.com\/de\/wp-json\/wp\/v2\/pages\/661\/revisions\/4871"}],"wp:attachment":[{"href":"https:\/\/sentury-tyres.com\/de\/wp-json\/wp\/v2\/media?parent=661"}],"curies":[{"name":"wp","href":"https:\/\/api.w.org\/{rel}","templated":true}]}}