{"id":655,"date":"2024-04-05T12:28:02","date_gmt":"2024-04-05T12:28:02","guid":{"rendered":"https:\/\/sentury-tyres.com\/bandeninformatie\/"},"modified":"2026-03-26T15:45:42","modified_gmt":"2026-03-26T15:45:42","slug":"reifeninformationen","status":"publish","type":"page","link":"https:\/\/sentury-tyres.com\/de\/reifeninformationen\/","title":{"rendered":"Reifeninformationen"},"content":{"rendered":"<p>[et_pb_section fb_built=&#8221;1&#8243; _builder_version=&#8221;4.24.3&#8243; _module_preset=&#8221;default&#8221; global_colors_info=&#8221;{}&#8221;][et_pb_row _builder_version=&#8221;4.24.3&#8243; _module_preset=&#8221;default&#8221; global_colors_info=&#8221;{}&#8221;][et_pb_column type=&#8221;4_4&#8243; _builder_version=&#8221;4.24.3&#8243; _module_preset=&#8221;default&#8221; global_colors_info=&#8221;{}&#8221;][et_pb_text _builder_version=&#8221;4.25.1&#8243; _module_preset=&#8221;default&#8221; global_colors_info=&#8221;{}&#8221;]<\/p>\n<h2>Sicher unterwegs mit Sentury-Reifen<\/h2>\n<p>Ein Reifen umfasst eine F\u00fclle von Informationen. Von der Reifengr\u00f6\u00dfe \u00fcber den Reifentyp und das Produktionsdatum bis hin zur Angabe, ob der Reifen der Winter- oder M+S-Norm entspricht, sowie der maximalen Tragf\u00e4higkeit und Geschwindigkeit. Zu den gesetzlichen Vorschriften in Bezug auf Reifen geh\u00f6rt auch die vorgeschriebene Mindestprofiltiefe. Da kommen wir zu den allgemeinem Informationen zu Reifen.<\/p>\n<p>[\/et_pb_text][\/et_pb_column][\/et_pb_row][et_pb_row column_structure=&#8221;1_3,2_3&#8243; _builder_version=&#8221;4.24.3&#8243; _module_preset=&#8221;default&#8221; global_colors_info=&#8221;{}&#8221;][et_pb_column type=&#8221;1_3&#8243; _builder_version=&#8221;4.24.3&#8243; _module_preset=&#8221;default&#8221; global_colors_info=&#8221;{}&#8221;][et_pb_image src=&#8221;https:\/\/sentury-tyres.com\/wp-content\/uploads\/2024\/04\/bandenvervanger.png&#8221; title_text=&#8221;bandenvervanger&#8221; _builder_version=&#8221;4.24.3&#8243; _module_preset=&#8221;default&#8221; global_colors_info=&#8221;{}&#8221;][\/et_pb_image][\/et_pb_column][et_pb_column type=&#8221;2_3&#8243; _builder_version=&#8221;4.24.3&#8243; _module_preset=&#8221;default&#8221; global_colors_info=&#8221;{}&#8221;][et_pb_text _builder_version=&#8221;4.25.1&#8243; _module_preset=&#8221;default&#8221; global_colors_info=&#8221;{}&#8221;]<\/p>\n<h3>Wann sollte ich meine Reifen ersetzen?<\/h3>\n<p>Es ist ratsam, Ihre Reifen regelm\u00e4\u00dfig von Fachleuten inspizieren zu lassen. Dies hilft, m\u00f6gliche Probleme fr\u00fchzeitig zu erkennen, die Lebensdauer der Reifen zu verl\u00e4ngern und gef\u00e4hrliche Situationen zu vermeiden.<\/p>\n<p>1. Moderne Autoreifen sind in der Regel gut gegen Punktierungen gesch\u00fctzt. Sollten Sie dennoch eine platten Reifen haben, halten Sie sofort an und wechseln Sie den Reifen. Lassen Sie einen platten Reifen immer von der Felge entfernen, um ihn auf weitere Sch\u00e4den zu untersuchen. Wenn eine Reparatur erforderlich ist, sollten Sie diese so schnell wie m\u00f6glich durchf\u00fchren, um weitere interne Sch\u00e4den zu vermeiden.<\/p>\n<p>2. W\u00e4hrend die gesetzliche Mindestprofiltiefe in Europa 1,6 mm betr\u00e4gt (4 mm bei Winterreifen), wird empfohlen, die Reifen zu ersetzen, wenn die Profiltiefe 2 mm erreicht. Die Verschlei\u00dfindikatoren, auch TWI genannt, befinden sich in den Profilrillen. Wenn die Lauffl\u00e4che bis zu diesen Indikatoren abgenutzt ist, ist die gesetzliche Mindestprofiltiefe erreicht.<\/p>\n<p>3. Bestimmte \u00e4u\u00dfere Faktoren k\u00f6nnen Sch\u00e4den am Reifen verursachen. Dazu geh\u00f6ren scharfe Gegenst\u00e4nde wie N\u00e4gel und Schrauben, aber auch Bordsteine oder andere Hindernisse. Wenn der Schaden so schwerwiegend ist, dass er die Karkasse des Reifens beeintr\u00e4chtigt oder sichtbar ist, sollte der Reifen ersetzt werden. Im Zweifelsfall ist es ratsam, den Reifen von Fachleuten begutachten zu lassen.<\/p>\n<p>[\/et_pb_text][\/et_pb_column][\/et_pb_row][et_pb_row _builder_version=&#8221;4.24.3&#8243; _module_preset=&#8221;default&#8221; custom_padding=&#8221;||0px|||&#8221; global_colors_info=&#8221;{}&#8221;][et_pb_column type=&#8221;4_4&#8243; _builder_version=&#8221;4.24.3&#8243; _module_preset=&#8221;default&#8221; global_colors_info=&#8221;{}&#8221;][et_pb_divider color=&#8221;#004472&#8243; _builder_version=&#8221;4.24.3&#8243; _module_preset=&#8221;default&#8221; global_colors_info=&#8221;{}&#8221;][\/et_pb_divider][\/et_pb_column][\/et_pb_row][et_pb_row column_structure=&#8221;2_3,1_3&#8243; _builder_version=&#8221;4.24.3&#8243; _module_preset=&#8221;default&#8221; global_colors_info=&#8221;{}&#8221;][et_pb_column type=&#8221;2_3&#8243; _builder_version=&#8221;4.24.3&#8243; _module_preset=&#8221;default&#8221; global_colors_info=&#8221;{}&#8221;][et_pb_text _builder_version=&#8221;4.25.1&#8243; _module_preset=&#8221;default&#8221; global_colors_info=&#8221;{}&#8221;]<\/p>\n<h3>Die Profiltiefe eines Reifens<\/h3>\n<p>Neue Reifen haben in der Regel eine Profiltiefe zwischen 7 und 9,5 Millimetern, je nach Typ. Das Profil bietet optimale Leistung bei unterschiedlichen Wetterbedingungen. Die gesetzliche Mindestprofiltiefe f\u00fcr alle Pkw-Reifen in Europa betr\u00e4gt 1,6 Millimeter. Es ist jedoch sicherer, die Reifen zu ersetzen, wenn sie eine Profiltiefe von 2 Millimetern erreicht haben. Winterreifen sind eine Ausnahme von der Regel. Es wird empfohlen, sie bei 4 Millimetern zu ersetzen.<\/p>\n<p>In der Lauffl\u00e4che des Reifens befinden sich Verschlei\u00dfindikatoren, die TWI (Tread Wear Indicators) genannt werden und das Erreichen der Verschlei\u00dfgrenze signalisieren.<\/p>\n<p>[\/et_pb_text][\/et_pb_column][et_pb_column type=&#8221;1_3&#8243; _builder_version=&#8221;4.24.3&#8243; _module_preset=&#8221;default&#8221; global_colors_info=&#8221;{}&#8221;][et_pb_image src=&#8221;https:\/\/sentury-tyres.com\/wp-content\/uploads\/2024\/04\/profieldieptemeter.png&#8221; title_text=&#8221;profieldieptemeter&#8221; _builder_version=&#8221;4.24.3&#8243; _module_preset=&#8221;default&#8221; global_colors_info=&#8221;{}&#8221;][\/et_pb_image][\/et_pb_column][\/et_pb_row][et_pb_row _builder_version=&#8221;4.24.3&#8243; _module_preset=&#8221;default&#8221; custom_padding=&#8221;||0px|||&#8221; global_colors_info=&#8221;{}&#8221;][et_pb_column type=&#8221;4_4&#8243; _builder_version=&#8221;4.24.3&#8243; _module_preset=&#8221;default&#8221; global_colors_info=&#8221;{}&#8221;][et_pb_divider color=&#8221;#004472&#8243; _builder_version=&#8221;4.24.3&#8243; _module_preset=&#8221;default&#8221; global_colors_info=&#8221;{}&#8221;][\/et_pb_divider][\/et_pb_column][\/et_pb_row][et_pb_row column_structure=&#8221;1_3,2_3&#8243; _builder_version=&#8221;4.24.3&#8243; _module_preset=&#8221;default&#8221; global_colors_info=&#8221;{}&#8221;][et_pb_column type=&#8221;1_3&#8243; _builder_version=&#8221;4.24.3&#8243; _module_preset=&#8221;default&#8221; global_colors_info=&#8221;{}&#8221;][et_pb_image src=&#8221;https:\/\/sentury-tyres.com\/wp-content\/uploads\/2024\/04\/bandenspanning.png&#8221; title_text=&#8221;bandenspanning&#8221; _builder_version=&#8221;4.24.3&#8243; _module_preset=&#8221;default&#8221; global_colors_info=&#8221;{}&#8221;][\/et_pb_image][\/et_pb_column][et_pb_column type=&#8221;2_3&#8243; _builder_version=&#8221;4.24.3&#8243; _module_preset=&#8221;default&#8221; global_colors_info=&#8221;{}&#8221;][et_pb_text _builder_version=&#8221;4.25.1&#8243; _module_preset=&#8221;default&#8221; global_colors_info=&#8221;{}&#8221;]<\/p>\n<h3>Was ist der richtige Reifendruck?<\/h3>\n<p>Die regelm\u00e4\u00dfige Kontrolle Ihres Reifendrucks ist entscheidend. Das hilft, unn\u00f6tigen Verschlei\u00df zu vermeiden und eine optimale Fahr- und Bremsleistung zu erhalten. Der richtige Reifendruck verringert das Risiko von Aquaplaning und minimiert den Rollwiderstand, wodurch sich die Lebensdauer der Reifen verl\u00e4ngert. Pr\u00fcfen Sie den Reifendruck mindestens einmal alle zwei Monate, auch den Ihres Reserverads.<\/p>\n<p>Den empfohlenen Reifendruck f\u00fcr Ihr Fahrzeug finden Sie in der Betriebsanleitung oder auf einem vom Hersteller angebrachten Aufkleber, der sich in der Regel an den S\u00e4ulen der Vordert\u00fcren, auf der R\u00fcckseite der Sonnenblende oder auf der Innenseite der Tankklappe befindet.<\/p>\n<p>[\/et_pb_text][\/et_pb_column][\/et_pb_row][\/et_pb_section]<\/p>\n","protected":false},"excerpt":{"rendered":"<p>Sicher unterwegs mit Sentury-Reifen Ein Reifen umfasst eine F\u00fclle von Informationen. Von der Reifengr\u00f6\u00dfe \u00fcber den Reifentyp und das Produktionsdatum bis hin zur Angabe, ob der Reifen der Winter- oder M+S-Norm entspricht, sowie der maximalen Tragf\u00e4higkeit und Geschwindigkeit. Zu den gesetzlichen Vorschriften in Bezug auf Reifen geh\u00f6rt auch die vorgeschriebene Mindestprofiltiefe. Da kommen wir zu [&hellip;]<\/p>\n","protected":false},"author":1,"featured_media":0,"parent":0,"menu_order":0,"comment_status":"closed","ping_status":"closed","template":"","meta":{"_et_pb_use_builder":"on","_et_pb_old_content":"","_et_gb_content_width":"","footnotes":""},"class_list":["post-655","page","type-page","status-publish","hentry"],"yoast_head":"<!-- This site is optimized with the Yoast SEO plugin v27.3 - https:\/\/yoast.com\/product\/yoast-seo-wordpress\/ -->\n<title>Reifeninformationen | Sentury tyres<\/title>\n<meta name=\"description\" content=\"Ein Reifen enth\u00e4lt eine Vielzahl von Informationen. Auf dieser Seite stellen wir Ihnen allgemeine Informationen \u00fcber Reifen vor.\" \/>\n<meta name=\"robots\" content=\"index, follow, max-snippet:-1, max-image-preview:large, max-video-preview:-1\" \/>\n<link rel=\"canonical\" href=\"https:\/\/sentury-tyres.com\/bandeninformatie\/\" \/>\n<meta property=\"og:locale\" content=\"de_DE\" \/>\n<meta property=\"og:type\" content=\"article\" \/>\n<meta property=\"og:title\" content=\"Reifeninformationen | Sentury tyres\" \/>\n<meta property=\"og:description\" content=\"Ein Reifen enth\u00e4lt eine Vielzahl von Informationen. Auf dieser Seite stellen wir Ihnen allgemeine Informationen \u00fcber Reifen vor.\" \/>\n<meta property=\"og:url\" content=\"https:\/\/sentury-tyres.com\/bandeninformatie\/\" \/>\n<meta property=\"og:site_name\" content=\"Sentury tyres\" \/>\n<meta property=\"article:modified_time\" content=\"2026-03-26T15:45:42+00:00\" \/>\n<meta name=\"twitter:card\" content=\"summary_large_image\" \/>\n<meta name=\"twitter:label1\" content=\"Gesch\u00e4tzte Lesezeit\" \/>\n\t<meta name=\"twitter:data1\" content=\"4 minutes\" \/>\n<script type=\"application\/ld+json\" class=\"yoast-schema-graph\">{\"@context\":\"https:\\\/\\\/schema.org\",\"@graph\":[{\"@type\":\"WebPage\",\"@id\":\"https:\\\/\\\/sentury-tyres.com\\\/bandeninformatie\\\/\",\"url\":\"https:\\\/\\\/sentury-tyres.com\\\/bandeninformatie\\\/\",\"name\":\"Reifeninformationen | Sentury tyres\",\"isPartOf\":{\"@id\":\"https:\\\/\\\/sentury-tyres.com\\\/#website\"},\"datePublished\":\"2024-04-05T12:28:02+00:00\",\"dateModified\":\"2026-03-26T15:45:42+00:00\",\"description\":\"Ein Reifen enth\u00e4lt eine Vielzahl von Informationen. Auf dieser Seite stellen wir Ihnen allgemeine Informationen \u00fcber Reifen vor.\",\"breadcrumb\":{\"@id\":\"https:\\\/\\\/sentury-tyres.com\\\/bandeninformatie\\\/#breadcrumb\"},\"inLanguage\":\"de-DE\",\"potentialAction\":[{\"@type\":\"ReadAction\",\"target\":[\"https:\\\/\\\/sentury-tyres.com\\\/bandeninformatie\\\/\"]}]},{\"@type\":\"BreadcrumbList\",\"@id\":\"https:\\\/\\\/sentury-tyres.com\\\/bandeninformatie\\\/#breadcrumb\",\"itemListElement\":[{\"@type\":\"ListItem\",\"position\":1,\"name\":\"Home\",\"item\":\"https:\\\/\\\/sentury-tyres.com\\\/\"},{\"@type\":\"ListItem\",\"position\":2,\"name\":\"Reifeninformationen\"}]},{\"@type\":\"WebSite\",\"@id\":\"https:\\\/\\\/sentury-tyres.com\\\/#website\",\"url\":\"https:\\\/\\\/sentury-tyres.com\\\/\",\"name\":\"Sentury tyres\",\"description\":\"Drive with confidence\",\"potentialAction\":[{\"@type\":\"SearchAction\",\"target\":{\"@type\":\"EntryPoint\",\"urlTemplate\":\"https:\\\/\\\/sentury-tyres.com\\\/?s={search_term_string}\"},\"query-input\":{\"@type\":\"PropertyValueSpecification\",\"valueRequired\":true,\"valueName\":\"search_term_string\"}}],\"inLanguage\":\"de-DE\"}]}<\/script>\n<!-- \/ Yoast SEO plugin. -->","yoast_head_json":{"title":"Reifeninformationen | Sentury tyres","description":"Ein Reifen enth\u00e4lt eine Vielzahl von Informationen. Auf dieser Seite stellen wir Ihnen allgemeine Informationen \u00fcber Reifen vor.","robots":{"index":"index","follow":"follow","max-snippet":"max-snippet:-1","max-image-preview":"max-image-preview:large","max-video-preview":"max-video-preview:-1"},"canonical":"https:\/\/sentury-tyres.com\/bandeninformatie\/","og_locale":"de_DE","og_type":"article","og_title":"Reifeninformationen | Sentury tyres","og_description":"Ein Reifen enth\u00e4lt eine Vielzahl von Informationen. Auf dieser Seite stellen wir Ihnen allgemeine Informationen \u00fcber Reifen vor.","og_url":"https:\/\/sentury-tyres.com\/bandeninformatie\/","og_site_name":"Sentury tyres","article_modified_time":"2026-03-26T15:45:42+00:00","twitter_card":"summary_large_image","twitter_misc":{"Gesch\u00e4tzte Lesezeit":"4 minutes"},"schema":{"@context":"https:\/\/schema.org","@graph":[{"@type":"WebPage","@id":"https:\/\/sentury-tyres.com\/bandeninformatie\/","url":"https:\/\/sentury-tyres.com\/bandeninformatie\/","name":"Reifeninformationen | Sentury tyres","isPartOf":{"@id":"https:\/\/sentury-tyres.com\/#website"},"datePublished":"2024-04-05T12:28:02+00:00","dateModified":"2026-03-26T15:45:42+00:00","description":"Ein Reifen enth\u00e4lt eine Vielzahl von Informationen. Auf dieser Seite stellen wir Ihnen allgemeine Informationen \u00fcber Reifen vor.","breadcrumb":{"@id":"https:\/\/sentury-tyres.com\/bandeninformatie\/#breadcrumb"},"inLanguage":"de-DE","potentialAction":[{"@type":"ReadAction","target":["https:\/\/sentury-tyres.com\/bandeninformatie\/"]}]},{"@type":"BreadcrumbList","@id":"https:\/\/sentury-tyres.com\/bandeninformatie\/#breadcrumb","itemListElement":[{"@type":"ListItem","position":1,"name":"Home","item":"https:\/\/sentury-tyres.com\/"},{"@type":"ListItem","position":2,"name":"Reifeninformationen"}]},{"@type":"WebSite","@id":"https:\/\/sentury-tyres.com\/#website","url":"https:\/\/sentury-tyres.com\/","name":"Sentury tyres","description":"Drive with confidence","potentialAction":[{"@type":"SearchAction","target":{"@type":"EntryPoint","urlTemplate":"https:\/\/sentury-tyres.com\/?s={search_term_string}"},"query-input":{"@type":"PropertyValueSpecification","valueRequired":true,"valueName":"search_term_string"}}],"inLanguage":"de-DE"}]}},"_links":{"self":[{"href":"https:\/\/sentury-tyres.com\/de\/wp-json\/wp\/v2\/pages\/655","targetHints":{"allow":["GET"]}}],"collection":[{"href":"https:\/\/sentury-tyres.com\/de\/wp-json\/wp\/v2\/pages"}],"about":[{"href":"https:\/\/sentury-tyres.com\/de\/wp-json\/wp\/v2\/types\/page"}],"author":[{"embeddable":true,"href":"https:\/\/sentury-tyres.com\/de\/wp-json\/wp\/v2\/users\/1"}],"replies":[{"embeddable":true,"href":"https:\/\/sentury-tyres.com\/de\/wp-json\/wp\/v2\/comments?post=655"}],"version-history":[{"count":10,"href":"https:\/\/sentury-tyres.com\/de\/wp-json\/wp\/v2\/pages\/655\/revisions"}],"predecessor-version":[{"id":4869,"href":"https:\/\/sentury-tyres.com\/de\/wp-json\/wp\/v2\/pages\/655\/revisions\/4869"}],"wp:attachment":[{"href":"https:\/\/sentury-tyres.com\/de\/wp-json\/wp\/v2\/media?parent=655"}],"curies":[{"name":"wp","href":"https:\/\/api.w.org\/{rel}","templated":true}]}}