{"id":649,"date":"2024-04-05T12:27:50","date_gmt":"2024-04-05T12:27:50","guid":{"rendered":"https:\/\/sentury-tyres.com\/assortiment\/"},"modified":"2026-03-26T15:44:05","modified_gmt":"2026-03-26T15:44:05","slug":"sortiment","status":"publish","type":"page","link":"https:\/\/sentury-tyres.com\/de\/sortiment\/","title":{"rendered":"Sortiment"},"content":{"rendered":"<p>[et_pb_section fb_built=&#8221;1&#8243; _builder_version=&#8221;4.24.3&#8243; _module_preset=&#8221;default&#8221; global_colors_info=&#8221;{}&#8221;][et_pb_row _builder_version=&#8221;4.24.3&#8243; _module_preset=&#8221;default&#8221; global_colors_info=&#8221;{}&#8221;][et_pb_column type=&#8221;4_4&#8243; _builder_version=&#8221;4.24.3&#8243; _module_preset=&#8221;default&#8221; global_colors_info=&#8221;{}&#8221;][et_pb_text _builder_version=&#8221;4.25.1&#8243; _module_preset=&#8221;default&#8221; text_text_color=&#8221;#004472&#8243; header_text_align=&#8221;center&#8221; header_2_font=&#8221;|600|||||||&#8221; header_2_text_align=&#8221;left&#8221; header_2_text_color=&#8221;#004472&#8243; global_colors_info=&#8221;{}&#8221;]<\/p>\n<h2>Eine Auswahl aus unserer Produktpalette<\/h2>\n<p>Sentury Tyres liefert hochwertige Reifen f\u00fcr verschiedene Fahrzeuge, darunter Pkw, SUVs und Transporter. Mit fortschrittlichen Fertigungstechnologien und sorgf\u00e4ltig ausgew\u00e4hlten Gummimischungen bieten sie optimale Haftung und Sicherheit bei allen Wetterbedingungen. Entdecken Sie das umfangreiche Angebot an Sommer- und Ganzjahresreifen.<\/p>\n<p>[\/et_pb_text][\/et_pb_column][\/et_pb_row][et_pb_row column_structure=&#8221;1_3,1_3,1_3&#8243; _builder_version=&#8221;4.27.2&#8243; _module_preset=&#8221;default&#8221; custom_margin=&#8221;30px||||false|false&#8221; global_colors_info=&#8221;{}&#8221;][et_pb_column type=&#8221;1_3&#8243; _builder_version=&#8221;4.24.3&#8243; _module_preset=&#8221;default&#8221; global_colors_info=&#8221;{}&#8221;][et_pb_text _builder_version=&#8221;4.26.1&#8243; _module_preset=&#8221;default&#8221; text_font=&#8221;|700|||||||&#8221; header_2_font=&#8221;|700|||||||&#8221; header_2_font_size=&#8221;30px&#8221; text_orientation=&#8221;center&#8221; custom_margin=&#8221;||1px|||&#8221; global_colors_info=&#8221;{}&#8221;]<\/p>\n<h2>Qirin 990<\/h2>\n<p>Erh\u00e4ltlich in 15&#8243; bis 20&#8243;<\/p>\n<p>[\/et_pb_text][et_pb_image src=&#8221;https:\/\/sentury-tyres.com\/wp-content\/uploads\/2024\/04\/Qirin990.png&#8221; title_text=&#8221;Qirin990&#8243; url=&#8221;\/de\/sommerreifen\/qirin-990\/&#8221; _builder_version=&#8221;4.27.5&#8243; _module_preset=&#8221;default&#8221; global_colors_info=&#8221;{}&#8221;][\/et_pb_image][et_pb_button button_url=&#8221;\/de\/sommerreifen\/qirin-990\/&#8221; button_text=&#8221;Diesen Reifen ansehen&#8221; button_alignment=&#8221;left&#8221; _builder_version=&#8221;4.27.5&#8243; custom_button=&#8221;on&#8221; button_text_color=&#8221;#004472&#8243; button_bg_color=&#8221;#ffffff&#8221; button_bg_use_color_gradient=&#8221;on&#8221; button_bg_color_gradient_type=&#8221;elliptical&#8221; button_bg_color_gradient_direction_radial=&#8221;top right&#8221; button_bg_color_gradient_stops=&#8221;#f8ac00 0%|#ffd100 100%&#8221; button_border_width=&#8221;0px&#8221; button_border_color=&#8221;RGBA(255,255,255,0)&#8221; button_border_radius=&#8221;0px&#8221; button_letter_spacing=&#8221;0px&#8221; button_font=&#8221;Barlow|700|||||||&#8221; button_icon=&#8221;&#x24;||divi||400&#8243; button_on_hover=&#8221;off&#8221; transform_scale_linked=&#8221;off&#8221; transform_skew_linked=&#8221;off&#8221; custom_margin=&#8221;-15px||||false|false&#8221; custom_padding=&#8221;15px|50px|15px|30px|true|false&#8221; custom_css_main_element=&#8221;width:100%;||-webkit-clip-path: polygon(0 0, 100% 0%, calc(100% &#8211; 60px) 100%, 0% 100%);||  clip-path: polygon(0 0, 100% 0%, calc(100% &#8211; 60px) 100%, 0% 100%);&#8221; global_colors_info=&#8221;{}&#8221; button_bg_color__hover_enabled=&#8221;on&#8221; button_bg_color__hover=&#8221;rgba(0,0,0,0.06)&#8221;][\/et_pb_button][\/et_pb_column][et_pb_column type=&#8221;1_3&#8243; _builder_version=&#8221;4.24.3&#8243; _module_preset=&#8221;default&#8221; global_colors_info=&#8221;{}&#8221;][et_pb_text _builder_version=&#8221;4.25.1&#8243; _module_preset=&#8221;default&#8221; text_font=&#8221;|700|||||||&#8221; header_2_font=&#8221;|700|||||||&#8221; header_2_font_size=&#8221;30px&#8221; text_orientation=&#8221;center&#8221; custom_margin=&#8221;||1px|||&#8221; global_colors_info=&#8221;{}&#8221;]<\/p>\n<h2>Qirin 990 EV<\/h2>\n<p>Erh\u00e4ltlich in 16&#8243; bis 20&#8243;<\/p>\n<p>[\/et_pb_text][et_pb_image src=&#8221;https:\/\/sentury-tyres.com\/wp-content\/uploads\/2024\/04\/Qirin990-EV.png&#8221; title_text=&#8221;Qirin990-EV&#8221; url=&#8221;\/de\/sommerreifen\/qirin-990-ev\/&#8221; _builder_version=&#8221;4.27.5&#8243; _module_preset=&#8221;default&#8221; global_colors_info=&#8221;{}&#8221;][\/et_pb_image][et_pb_button button_url=&#8221;\/de\/sommerreifen\/qirin-990-ev\/&#8221; button_text=&#8221;Diesen Reifen ansehen&#8221; button_alignment=&#8221;left&#8221; _builder_version=&#8221;4.27.5&#8243; custom_button=&#8221;on&#8221; button_text_color=&#8221;#004472&#8243; button_bg_color=&#8221;#ffffff&#8221; button_bg_use_color_gradient=&#8221;on&#8221; button_bg_color_gradient_type=&#8221;elliptical&#8221; button_bg_color_gradient_direction_radial=&#8221;top right&#8221; button_bg_color_gradient_stops=&#8221;#f8ac00 0%|#ffd100 100%&#8221; button_border_width=&#8221;0px&#8221; button_border_color=&#8221;RGBA(255,255,255,0)&#8221; button_border_radius=&#8221;0px&#8221; button_letter_spacing=&#8221;0px&#8221; button_font=&#8221;Barlow|700|||||||&#8221; button_icon=&#8221;&#x24;||divi||400&#8243; button_on_hover=&#8221;off&#8221; transform_scale_linked=&#8221;off&#8221; transform_skew_linked=&#8221;off&#8221; custom_margin=&#8221;-15px||||false|false&#8221; custom_padding=&#8221;15px|50px|15px|30px|true|false&#8221; custom_css_main_element=&#8221;width:100%;||-webkit-clip-path: polygon(0 0, 100% 0%, calc(100% &#8211; 60px) 100%, 0% 100%);||  clip-path: polygon(0 0, 100% 0%, calc(100% &#8211; 60px) 100%, 0% 100%);&#8221; global_colors_info=&#8221;{}&#8221; button_bg_color__hover_enabled=&#8221;on&#8221; button_bg_color__hover=&#8221;rgba(0,0,0,0.06)&#8221;][\/et_pb_button][\/et_pb_column][et_pb_column type=&#8221;1_3&#8243; _builder_version=&#8221;4.24.3&#8243; _module_preset=&#8221;default&#8221; global_colors_info=&#8221;{}&#8221;][et_pb_text _builder_version=&#8221;4.27.2&#8243; _module_preset=&#8221;default&#8221; text_font=&#8221;|700|||||||&#8221; header_2_font=&#8221;|700|||||||&#8221; header_2_font_size=&#8221;30px&#8221; text_orientation=&#8221;center&#8221; custom_margin=&#8221;||1px|||&#8221; global_colors_info=&#8221;{}&#8221;]<\/p>\n<h2>Qirin 990 SUV<\/h2>\n<p>Erh\u00e4ltlich in 15&#8243; bis 20&#8243;<\/p>\n<p>[\/et_pb_text][et_pb_image src=&#8221;https:\/\/sentury-tyres.com\/wp-content\/uploads\/2024\/07\/Qirin990SUV.png&#8221; title_text=&#8221;Qirin990SUV&#8221; url=&#8221;\/de\/sommerreifen\/qirin-990-suv\/&#8221; _builder_version=&#8221;4.27.5&#8243; _module_preset=&#8221;default&#8221; global_colors_info=&#8221;{}&#8221;][\/et_pb_image][et_pb_button button_url=&#8221;\/de\/sommerreifen\/qirin-990-suv\/&#8221; button_text=&#8221;Diesen Reifen ansehen&#8221; button_alignment=&#8221;left&#8221; _builder_version=&#8221;4.27.5&#8243; custom_button=&#8221;on&#8221; button_text_color=&#8221;#004472&#8243; button_bg_color=&#8221;#ffffff&#8221; button_bg_use_color_gradient=&#8221;on&#8221; button_bg_color_gradient_type=&#8221;elliptical&#8221; button_bg_color_gradient_direction_radial=&#8221;top right&#8221; button_bg_color_gradient_stops=&#8221;#f8ac00 0%|#ffd100 100%&#8221; button_border_width=&#8221;0px&#8221; button_border_color=&#8221;RGBA(255,255,255,0)&#8221; button_border_radius=&#8221;0px&#8221; button_letter_spacing=&#8221;0px&#8221; button_font=&#8221;Barlow|700|||||||&#8221; button_icon=&#8221;&#x24;||divi||400&#8243; button_on_hover=&#8221;off&#8221; transform_scale_linked=&#8221;off&#8221; transform_skew_linked=&#8221;off&#8221; custom_margin=&#8221;-15px||||false|false&#8221; custom_padding=&#8221;15px|50px|15px|30px|true|false&#8221; custom_css_main_element=&#8221;width:100%;||-webkit-clip-path: polygon(0 0, 100% 0%, calc(100% &#8211; 60px) 100%, 0% 100%);||  clip-path: polygon(0 0, 100% 0%, calc(100% &#8211; 60px) 100%, 0% 100%);&#8221; global_colors_info=&#8221;{}&#8221; button_bg_color__hover_enabled=&#8221;on&#8221; button_bg_color__hover=&#8221;rgba(0,0,0,0.06)&#8221;][\/et_pb_button][\/et_pb_column][\/et_pb_row][et_pb_row column_structure=&#8221;1_3,1_3,1_3&#8243; _builder_version=&#8221;4.27.2&#8243; _module_preset=&#8221;default&#8221; custom_margin=&#8221;30px||||false|false&#8221; global_colors_info=&#8221;{}&#8221;][et_pb_column type=&#8221;1_3&#8243; _builder_version=&#8221;4.24.3&#8243; _module_preset=&#8221;default&#8221; global_colors_info=&#8221;{}&#8221;][et_pb_text _builder_version=&#8221;4.27.4&#8243; _module_preset=&#8221;default&#8221; text_font=&#8221;|700|||||||&#8221; header_2_font=&#8221;|700|||||||&#8221; header_2_font_size=&#8221;30px&#8221; text_orientation=&#8221;center&#8221; custom_margin=&#8221;||1px|||&#8221; global_colors_info=&#8221;{}&#8221;]<\/p>\n<h2>Qirin V88+<\/h2>\n<p>Erh\u00e4ltlich in 14&#8243; bis 16&#8243;<\/p>\n<p>[\/et_pb_text][et_pb_image src=&#8221;https:\/\/sentury-tyres.com\/wp-content\/uploads\/2024\/05\/Qirin-v88-1.png&#8221; title_text=&#8221;Qirin-v88+&#8221; url=&#8221;\/de\/sommerreifen\/qirin-v88\/&#8221; _builder_version=&#8221;4.27.5&#8243; _module_preset=&#8221;default&#8221; global_colors_info=&#8221;{}&#8221;][\/et_pb_image][et_pb_button button_url=&#8221;\/de\/sommerreifen\/qirin-v88\/&#8221; button_text=&#8221;Diesen Reifen ansehen&#8221; button_alignment=&#8221;left&#8221; _builder_version=&#8221;4.27.5&#8243; custom_button=&#8221;on&#8221; button_text_color=&#8221;#004472&#8243; button_bg_color=&#8221;#ffffff&#8221; button_bg_use_color_gradient=&#8221;on&#8221; button_bg_color_gradient_type=&#8221;elliptical&#8221; button_bg_color_gradient_direction_radial=&#8221;top right&#8221; button_bg_color_gradient_stops=&#8221;#f8ac00 0%|#ffd100 100%&#8221; button_border_width=&#8221;0px&#8221; button_border_color=&#8221;RGBA(255,255,255,0)&#8221; button_border_radius=&#8221;0px&#8221; button_letter_spacing=&#8221;0px&#8221; button_font=&#8221;Barlow|700|||||||&#8221; button_icon=&#8221;&#x24;||divi||400&#8243; button_on_hover=&#8221;off&#8221; transform_scale_linked=&#8221;off&#8221; transform_skew_linked=&#8221;off&#8221; custom_margin=&#8221;-15px||||false|false&#8221; custom_padding=&#8221;15px|50px|15px|30px|true|false&#8221; custom_css_main_element=&#8221;width:100%;||-webkit-clip-path: polygon(0 0, 100% 0%, calc(100% &#8211; 60px) 100%, 0% 100%);||  clip-path: polygon(0 0, 100% 0%, calc(100% &#8211; 60px) 100%, 0% 100%);&#8221; global_colors_info=&#8221;{}&#8221; button_bg_color__hover_enabled=&#8221;on&#8221; button_bg_color__hover=&#8221;rgba(0,0,0,0.06)&#8221;][\/et_pb_button][\/et_pb_column][et_pb_column type=&#8221;1_3&#8243; _builder_version=&#8221;4.24.3&#8243; _module_preset=&#8221;default&#8221; global_colors_info=&#8221;{}&#8221;][et_pb_text _builder_version=&#8221;4.27.4&#8243; _module_preset=&#8221;default&#8221; text_font=&#8221;|700|||||||&#8221; header_2_font=&#8221;|700|||||||&#8221; header_2_font_size=&#8221;30px&#8221; text_orientation=&#8221;center&#8221; custom_margin=&#8221;||1px|||&#8221; global_colors_info=&#8221;{}&#8221;]<\/p>\n<h2>Seasonsdragon 2<\/h2>\n<p>Erh\u00e4ltlich in 14&#8243; bis 21&#8243;<\/p>\n<p>[\/et_pb_text][et_pb_image src=&#8221;https:\/\/sentury-tyres.com\/wp-content\/uploads\/2024\/05\/Seasonsdragon2.png&#8221; title_text=&#8221;Seasonsdragon2&#8243; url=&#8221;\/de\/ganzjahresreifen\/seasonsdragon-2\/&#8221; _builder_version=&#8221;4.27.5&#8243; _module_preset=&#8221;default&#8221; global_colors_info=&#8221;{}&#8221;][\/et_pb_image][et_pb_button button_url=&#8221;\/de\/ganzjahresreifen\/seasonsdragon-2\/&#8221; button_text=&#8221;Diesen Reifen ansehen&#8221; button_alignment=&#8221;left&#8221; _builder_version=&#8221;4.27.5&#8243; custom_button=&#8221;on&#8221; button_text_color=&#8221;#004472&#8243; button_bg_color=&#8221;#ffffff&#8221; button_bg_use_color_gradient=&#8221;on&#8221; button_bg_color_gradient_type=&#8221;elliptical&#8221; button_bg_color_gradient_direction_radial=&#8221;top right&#8221; button_bg_color_gradient_stops=&#8221;#f8ac00 0%|#ffd100 100%&#8221; button_border_width=&#8221;0px&#8221; button_border_color=&#8221;RGBA(255,255,255,0)&#8221; button_border_radius=&#8221;0px&#8221; button_letter_spacing=&#8221;0px&#8221; button_font=&#8221;Barlow|700|||||||&#8221; button_icon=&#8221;&#x24;||divi||400&#8243; button_on_hover=&#8221;off&#8221; transform_scale_linked=&#8221;off&#8221; transform_skew_linked=&#8221;off&#8221; custom_margin=&#8221;-15px||||false|false&#8221; custom_padding=&#8221;15px|50px|15px|30px|true|false&#8221; custom_css_main_element=&#8221;width:100%;||-webkit-clip-path: polygon(0 0, 100% 0%, calc(100% &#8211; 60px) 100%, 0% 100%);||  clip-path: polygon(0 0, 100% 0%, calc(100% &#8211; 60px) 100%, 0% 100%);&#8221; global_colors_info=&#8221;{}&#8221; button_bg_color__hover_enabled=&#8221;on&#8221; button_bg_color__hover=&#8221;rgba(0,0,0,0.06)&#8221;][\/et_pb_button][\/et_pb_column][et_pb_column type=&#8221;1_3&#8243; _builder_version=&#8221;4.24.3&#8243; _module_preset=&#8221;default&#8221; global_colors_info=&#8221;{}&#8221;][et_pb_text _builder_version=&#8221;4.25.1&#8243; _module_preset=&#8221;default&#8221; text_font=&#8221;|700|||||||&#8221; header_2_font=&#8221;|700|||||||&#8221; header_2_font_size=&#8221;30px&#8221; text_orientation=&#8221;center&#8221; custom_margin=&#8221;||1px|||&#8221; global_colors_info=&#8221;{}&#8221;]<\/p>\n<h2>Seasonsdragon VAN 2<\/h2>\n<p>Erh\u00e4ltlich in 15&#8243; bis 17&#8243;<\/p>\n<p>[\/et_pb_text][et_pb_image src=&#8221;https:\/\/sentury-tyres.com\/wp-content\/uploads\/2024\/04\/Seasonsdragon-VAN-2.png&#8221; title_text=&#8221;Seasonsdragon-VAN-2&#8243; url=&#8221;\/de\/ganzjahresreifen\/seasonsdragon-van-2\/&#8221; _builder_version=&#8221;4.27.5&#8243; _module_preset=&#8221;default&#8221; global_colors_info=&#8221;{}&#8221;][\/et_pb_image][et_pb_button button_url=&#8221;\/de\/ganzjahresreifen\/seasonsdragon-van-2\/&#8221; button_text=&#8221;Diesen Reifen ansehen&#8221; button_alignment=&#8221;left&#8221; _builder_version=&#8221;4.27.5&#8243; custom_button=&#8221;on&#8221; button_text_color=&#8221;#004472&#8243; button_bg_color=&#8221;#ffffff&#8221; button_bg_use_color_gradient=&#8221;on&#8221; button_bg_color_gradient_type=&#8221;elliptical&#8221; button_bg_color_gradient_direction_radial=&#8221;top right&#8221; button_bg_color_gradient_stops=&#8221;#f8ac00 0%|#ffd100 100%&#8221; button_border_width=&#8221;0px&#8221; button_border_color=&#8221;RGBA(255,255,255,0)&#8221; button_border_radius=&#8221;0px&#8221; button_letter_spacing=&#8221;0px&#8221; button_font=&#8221;Barlow|700|||||||&#8221; button_icon=&#8221;&#x24;||divi||400&#8243; button_on_hover=&#8221;off&#8221; transform_scale_linked=&#8221;off&#8221; transform_skew_linked=&#8221;off&#8221; custom_margin=&#8221;-15px||||false|false&#8221; custom_padding=&#8221;15px|50px|15px|30px|true|false&#8221; custom_css_main_element=&#8221;width:100%;||-webkit-clip-path: polygon(0 0, 100% 0%, calc(100% &#8211; 60px) 100%, 0% 100%);||  clip-path: polygon(0 0, 100% 0%, calc(100% &#8211; 60px) 100%, 0% 100%);&#8221; global_colors_info=&#8221;{}&#8221; button_bg_color__hover_enabled=&#8221;on&#8221; button_bg_color__hover=&#8221;rgba(0,0,0,0.06)&#8221;][\/et_pb_button][\/et_pb_column][\/et_pb_row][et_pb_row column_structure=&#8221;1_3,1_3,1_3&#8243; _builder_version=&#8221;4.27.2&#8243; _module_preset=&#8221;default&#8221; custom_margin=&#8221;30px||||false|false&#8221; global_colors_info=&#8221;{}&#8221;][et_pb_column type=&#8221;1_3&#8243; _builder_version=&#8221;4.24.3&#8243; _module_preset=&#8221;default&#8221; global_colors_info=&#8221;{}&#8221;][et_pb_text _builder_version=&#8221;4.27.4&#8243; _module_preset=&#8221;default&#8221; text_font=&#8221;|700|||||||&#8221; header_2_font=&#8221;|700|||||||&#8221; header_2_font_size=&#8221;30px&#8221; text_orientation=&#8221;center&#8221; custom_margin=&#8221;||1px|||&#8221; global_colors_info=&#8221;{}&#8221;]<\/p>\n<h2>Winterdragon<\/h2>\n<p>Erh\u00e4ltlich in 13&#8243; bis 19&#8243;<\/p>\n<p>[\/et_pb_text][et_pb_image src=&#8221;https:\/\/sentury-tyres.com\/wp-content\/uploads\/2025\/07\/Sentury-tyres-Winterdragon.png&#8221; title_text=&#8221;Sentury-tyres-Winterdragon&#8221; url=&#8221;\/de\/winterreifen\/winterdragon\/&#8221; _builder_version=&#8221;4.27.5&#8243; _module_preset=&#8221;default&#8221; global_colors_info=&#8221;{}&#8221;][\/et_pb_image][et_pb_button button_url=&#8221;\/de\/winterreifen\/qirin-v88\/&#8221; button_text=&#8221;Diesen Reifen ansehen&#8221; button_alignment=&#8221;left&#8221; _builder_version=&#8221;4.27.5&#8243; custom_button=&#8221;on&#8221; button_text_color=&#8221;#004472&#8243; button_bg_color=&#8221;#ffffff&#8221; button_bg_use_color_gradient=&#8221;on&#8221; button_bg_color_gradient_type=&#8221;elliptical&#8221; button_bg_color_gradient_direction_radial=&#8221;top right&#8221; button_bg_color_gradient_stops=&#8221;#f8ac00 0%|#ffd100 100%&#8221; button_border_width=&#8221;0px&#8221; button_border_color=&#8221;RGBA(255,255,255,0)&#8221; button_border_radius=&#8221;0px&#8221; button_letter_spacing=&#8221;0px&#8221; button_font=&#8221;Barlow|700|||||||&#8221; button_icon=&#8221;&#x24;||divi||400&#8243; button_on_hover=&#8221;off&#8221; transform_scale_linked=&#8221;off&#8221; transform_skew_linked=&#8221;off&#8221; custom_margin=&#8221;-15px||||false|false&#8221; custom_padding=&#8221;15px|50px|15px|30px|true|false&#8221; custom_css_main_element=&#8221;width:100%;||-webkit-clip-path: polygon(0 0, 100% 0%, calc(100% &#8211; 60px) 100%, 0% 100%);||  clip-path: polygon(0 0, 100% 0%, calc(100% &#8211; 60px) 100%, 0% 100%);&#8221; global_colors_info=&#8221;{}&#8221; button_bg_color__hover_enabled=&#8221;on&#8221; button_bg_color__hover=&#8221;rgba(0,0,0,0.06)&#8221;][\/et_pb_button][\/et_pb_column][et_pb_column type=&#8221;1_3&#8243; _builder_version=&#8221;4.24.3&#8243; _module_preset=&#8221;default&#8221; global_colors_info=&#8221;{}&#8221;][et_pb_text _builder_version=&#8221;4.27.4&#8243; _module_preset=&#8221;default&#8221; text_font=&#8221;|700|||||||&#8221; header_2_font=&#8221;|700|||||||&#8221; header_2_font_size=&#8221;30px&#8221; text_orientation=&#8221;center&#8221; custom_margin=&#8221;||1px|||&#8221; global_colors_info=&#8221;{}&#8221;]<\/p>\n<h2>Snow Star<\/h2>\n<p>Erh\u00e4ltlich in 15&#8243; &amp; 16&#8243;<\/p>\n<p>[\/et_pb_text][et_pb_image src=&#8221;https:\/\/sentury-tyres.com\/wp-content\/uploads\/2024\/07\/Sentury-tyres-Snow-Star.png&#8221; title_text=&#8221;Sentury-tyres-Snow-Star&#8221; url=&#8221;\/de\/winterreifen\/snow-star\/&#8221; _builder_version=&#8221;4.27.5&#8243; _module_preset=&#8221;default&#8221; global_colors_info=&#8221;{}&#8221;][\/et_pb_image][et_pb_button button_url=&#8221;\/de\/winterreifen\/snow-star\/&#8221; button_text=&#8221;Diesen Reifen ansehen&#8221; button_alignment=&#8221;left&#8221; _builder_version=&#8221;4.27.5&#8243; custom_button=&#8221;on&#8221; button_text_color=&#8221;#004472&#8243; button_bg_color=&#8221;#ffffff&#8221; button_bg_use_color_gradient=&#8221;on&#8221; button_bg_color_gradient_type=&#8221;elliptical&#8221; button_bg_color_gradient_direction_radial=&#8221;top right&#8221; button_bg_color_gradient_stops=&#8221;#f8ac00 0%|#ffd100 100%&#8221; button_border_width=&#8221;0px&#8221; button_border_color=&#8221;RGBA(255,255,255,0)&#8221; button_border_radius=&#8221;0px&#8221; button_letter_spacing=&#8221;0px&#8221; button_font=&#8221;Barlow|700|||||||&#8221; button_icon=&#8221;&#x24;||divi||400&#8243; button_on_hover=&#8221;off&#8221; transform_scale_linked=&#8221;off&#8221; transform_skew_linked=&#8221;off&#8221; custom_margin=&#8221;-15px||||false|false&#8221; custom_padding=&#8221;15px|50px|15px|30px|true|false&#8221; custom_css_main_element=&#8221;width:100%;||-webkit-clip-path: polygon(0 0, 100% 0%, calc(100% &#8211; 60px) 100%, 0% 100%);||  clip-path: polygon(0 0, 100% 0%, calc(100% &#8211; 60px) 100%, 0% 100%);&#8221; global_colors_info=&#8221;{}&#8221; button_bg_color__hover_enabled=&#8221;on&#8221; button_bg_color__hover=&#8221;rgba(0,0,0,0.06)&#8221;][\/et_pb_button][\/et_pb_column][et_pb_column type=&#8221;1_3&#8243; _builder_version=&#8221;4.24.3&#8243; _module_preset=&#8221;default&#8221; global_colors_info=&#8221;{}&#8221;][\/et_pb_column][\/et_pb_row][\/et_pb_section]<\/p>\n","protected":false},"excerpt":{"rendered":"<p>Eine Auswahl aus unserer Produktpalette Sentury Tyres liefert hochwertige Reifen f\u00fcr verschiedene Fahrzeuge, darunter Pkw, SUVs und Transporter. Mit fortschrittlichen Fertigungstechnologien und sorgf\u00e4ltig ausgew\u00e4hlten Gummimischungen bieten sie optimale Haftung und Sicherheit bei allen Wetterbedingungen. Entdecken Sie das umfangreiche Angebot an Sommer- und Ganzjahresreifen.Qirin 990 Erh\u00e4ltlich in 15&#8243; bis 20&#8243;Qirin 990 EV Erh\u00e4ltlich in 16&#8243; bis [&hellip;]<\/p>\n","protected":false},"author":1,"featured_media":0,"parent":0,"menu_order":0,"comment_status":"closed","ping_status":"closed","template":"","meta":{"_et_pb_use_builder":"on","_et_pb_old_content":"","_et_gb_content_width":"","footnotes":""},"class_list":["post-649","page","type-page","status-publish","hentry"],"yoast_head":"<!-- This site is optimized with the Yoast SEO plugin v27.3 - https:\/\/yoast.com\/product\/yoast-seo-wordpress\/ -->\n<title>Sortiment | Sentury tyres<\/title>\n<meta name=\"description\" content=\"Sentury Tyres liefert hochwertige Reifen f\u00fcr verschiedene Fahrzeuge, darunter Pkw, SUVs und Transporter. Sehen Sie sich unser Sortiment an.\" \/>\n<meta name=\"robots\" content=\"index, follow, max-snippet:-1, max-image-preview:large, max-video-preview:-1\" \/>\n<link rel=\"canonical\" href=\"https:\/\/sentury-tyres.com\/assortiment\/\" \/>\n<meta property=\"og:locale\" content=\"de_DE\" \/>\n<meta property=\"og:type\" content=\"article\" \/>\n<meta property=\"og:title\" content=\"Sortiment | Sentury tyres\" \/>\n<meta property=\"og:description\" content=\"Sentury Tyres liefert hochwertige Reifen f\u00fcr verschiedene Fahrzeuge, darunter Pkw, SUVs und Transporter. Sehen Sie sich unser Sortiment an.\" \/>\n<meta property=\"og:url\" content=\"https:\/\/sentury-tyres.com\/assortiment\/\" \/>\n<meta property=\"og:site_name\" content=\"Sentury tyres\" \/>\n<meta property=\"article:modified_time\" content=\"2026-03-26T15:44:05+00:00\" \/>\n<meta name=\"twitter:card\" content=\"summary_large_image\" \/>\n<meta name=\"twitter:label1\" content=\"Gesch\u00e4tzte Lesezeit\" \/>\n\t<meta name=\"twitter:data1\" content=\"2 minutes\" \/>\n<script type=\"application\/ld+json\" class=\"yoast-schema-graph\">{\"@context\":\"https:\\\/\\\/schema.org\",\"@graph\":[{\"@type\":\"WebPage\",\"@id\":\"https:\\\/\\\/sentury-tyres.com\\\/assortiment\\\/\",\"url\":\"https:\\\/\\\/sentury-tyres.com\\\/assortiment\\\/\",\"name\":\"Sortiment | Sentury tyres\",\"isPartOf\":{\"@id\":\"https:\\\/\\\/sentury-tyres.com\\\/#website\"},\"datePublished\":\"2024-04-05T12:27:50+00:00\",\"dateModified\":\"2026-03-26T15:44:05+00:00\",\"description\":\"Sentury Tyres liefert hochwertige Reifen f\u00fcr verschiedene Fahrzeuge, darunter Pkw, SUVs und Transporter. Sehen Sie sich unser Sortiment an.\",\"breadcrumb\":{\"@id\":\"https:\\\/\\\/sentury-tyres.com\\\/assortiment\\\/#breadcrumb\"},\"inLanguage\":\"de-DE\",\"potentialAction\":[{\"@type\":\"ReadAction\",\"target\":[\"https:\\\/\\\/sentury-tyres.com\\\/assortiment\\\/\"]}]},{\"@type\":\"BreadcrumbList\",\"@id\":\"https:\\\/\\\/sentury-tyres.com\\\/assortiment\\\/#breadcrumb\",\"itemListElement\":[{\"@type\":\"ListItem\",\"position\":1,\"name\":\"Home\",\"item\":\"https:\\\/\\\/sentury-tyres.com\\\/\"},{\"@type\":\"ListItem\",\"position\":2,\"name\":\"Sortiment\"}]},{\"@type\":\"WebSite\",\"@id\":\"https:\\\/\\\/sentury-tyres.com\\\/#website\",\"url\":\"https:\\\/\\\/sentury-tyres.com\\\/\",\"name\":\"Sentury tyres\",\"description\":\"Drive with confidence\",\"potentialAction\":[{\"@type\":\"SearchAction\",\"target\":{\"@type\":\"EntryPoint\",\"urlTemplate\":\"https:\\\/\\\/sentury-tyres.com\\\/?s={search_term_string}\"},\"query-input\":{\"@type\":\"PropertyValueSpecification\",\"valueRequired\":true,\"valueName\":\"search_term_string\"}}],\"inLanguage\":\"de-DE\"}]}<\/script>\n<!-- \/ Yoast SEO plugin. -->","yoast_head_json":{"title":"Sortiment | Sentury tyres","description":"Sentury Tyres liefert hochwertige Reifen f\u00fcr verschiedene Fahrzeuge, darunter Pkw, SUVs und Transporter. Sehen Sie sich unser Sortiment an.","robots":{"index":"index","follow":"follow","max-snippet":"max-snippet:-1","max-image-preview":"max-image-preview:large","max-video-preview":"max-video-preview:-1"},"canonical":"https:\/\/sentury-tyres.com\/assortiment\/","og_locale":"de_DE","og_type":"article","og_title":"Sortiment | Sentury tyres","og_description":"Sentury Tyres liefert hochwertige Reifen f\u00fcr verschiedene Fahrzeuge, darunter Pkw, SUVs und Transporter. Sehen Sie sich unser Sortiment an.","og_url":"https:\/\/sentury-tyres.com\/assortiment\/","og_site_name":"Sentury tyres","article_modified_time":"2026-03-26T15:44:05+00:00","twitter_card":"summary_large_image","twitter_misc":{"Gesch\u00e4tzte Lesezeit":"2 minutes"},"schema":{"@context":"https:\/\/schema.org","@graph":[{"@type":"WebPage","@id":"https:\/\/sentury-tyres.com\/assortiment\/","url":"https:\/\/sentury-tyres.com\/assortiment\/","name":"Sortiment | Sentury tyres","isPartOf":{"@id":"https:\/\/sentury-tyres.com\/#website"},"datePublished":"2024-04-05T12:27:50+00:00","dateModified":"2026-03-26T15:44:05+00:00","description":"Sentury Tyres liefert hochwertige Reifen f\u00fcr verschiedene Fahrzeuge, darunter Pkw, SUVs und Transporter. Sehen Sie sich unser Sortiment an.","breadcrumb":{"@id":"https:\/\/sentury-tyres.com\/assortiment\/#breadcrumb"},"inLanguage":"de-DE","potentialAction":[{"@type":"ReadAction","target":["https:\/\/sentury-tyres.com\/assortiment\/"]}]},{"@type":"BreadcrumbList","@id":"https:\/\/sentury-tyres.com\/assortiment\/#breadcrumb","itemListElement":[{"@type":"ListItem","position":1,"name":"Home","item":"https:\/\/sentury-tyres.com\/"},{"@type":"ListItem","position":2,"name":"Sortiment"}]},{"@type":"WebSite","@id":"https:\/\/sentury-tyres.com\/#website","url":"https:\/\/sentury-tyres.com\/","name":"Sentury tyres","description":"Drive with confidence","potentialAction":[{"@type":"SearchAction","target":{"@type":"EntryPoint","urlTemplate":"https:\/\/sentury-tyres.com\/?s={search_term_string}"},"query-input":{"@type":"PropertyValueSpecification","valueRequired":true,"valueName":"search_term_string"}}],"inLanguage":"de-DE"}]}},"_links":{"self":[{"href":"https:\/\/sentury-tyres.com\/de\/wp-json\/wp\/v2\/pages\/649","targetHints":{"allow":["GET"]}}],"collection":[{"href":"https:\/\/sentury-tyres.com\/de\/wp-json\/wp\/v2\/pages"}],"about":[{"href":"https:\/\/sentury-tyres.com\/de\/wp-json\/wp\/v2\/types\/page"}],"author":[{"embeddable":true,"href":"https:\/\/sentury-tyres.com\/de\/wp-json\/wp\/v2\/users\/1"}],"replies":[{"embeddable":true,"href":"https:\/\/sentury-tyres.com\/de\/wp-json\/wp\/v2\/comments?post=649"}],"version-history":[{"count":19,"href":"https:\/\/sentury-tyres.com\/de\/wp-json\/wp\/v2\/pages\/649\/revisions"}],"predecessor-version":[{"id":4852,"href":"https:\/\/sentury-tyres.com\/de\/wp-json\/wp\/v2\/pages\/649\/revisions\/4852"}],"wp:attachment":[{"href":"https:\/\/sentury-tyres.com\/de\/wp-json\/wp\/v2\/media?parent=649"}],"curies":[{"name":"wp","href":"https:\/\/api.w.org\/{rel}","templated":true}]}}