{"id":1837,"date":"2024-04-23T07:42:43","date_gmt":"2024-04-23T07:42:43","guid":{"rendered":"https:\/\/sentury-tyres.com\/disclaimer\/"},"modified":"2026-03-26T14:15:42","modified_gmt":"2026-03-26T14:15:42","slug":"disclaimer","status":"publish","type":"page","link":"https:\/\/sentury-tyres.com\/de\/disclaimer\/","title":{"rendered":"Disclaimer"},"content":{"rendered":"<p>[et_pb_section fb_built=&#8221;1&#8243; _builder_version=&#8221;4.25.0&#8243; _module_preset=&#8221;default&#8221; global_colors_info=&#8221;{}&#8221;][et_pb_row _builder_version=&#8221;4.25.0&#8243; _module_preset=&#8221;default&#8221; global_colors_info=&#8221;{}&#8221;][et_pb_column type=&#8221;4_4&#8243; _builder_version=&#8221;4.25.0&#8243; _module_preset=&#8221;default&#8221; global_colors_info=&#8221;{}&#8221;][et_pb_text _builder_version=&#8221;4.27.6&#8243; _module_preset=&#8221;default&#8221; hover_enabled=&#8221;0&#8243; global_colors_info=&#8221;{}&#8221; sticky_enabled=&#8221;0&#8243;]<\/p>\n<h2>Disclaimer<\/h2>\n<p>Obwohl diese Website mit gr\u00f6\u00dftm\u00f6glicher Sorgfalt erstellt wurde, haften Tyre Team B.V. oder verbundene Unternehmen in keinem Fall f\u00fcr direkte oder indirekte Sch\u00e4den, die durch die Nutzung der hier angebotenen Informationen entstehen k\u00f6nnten. Aus dem Inhalt dieser Website k\u00f6nnen in keiner Weise Rechte abgeleitet oder Anspr\u00fcche geltend gemacht werden. Bilder, Bildmarken, Produktnamen und Markennamen sind und bleiben Eigentum der Hersteller und\/oder Lieferanten. Ihre Verwendung dient ausschlie\u00dflich der Verdeutlichung der Produktbeschreibung mit dem Ziel, den potenziellen K\u00e4ufer korrekt zu informieren. \u00c4nderungen an der Website k\u00f6nnen ohne vorherige Ank\u00fcndigung vorgenommen werden. Text- und Druckfehler sowie \u00c4nderungen der Spezifikationen vorbehalten.<\/p>\n<p>[\/et_pb_text][\/et_pb_column][\/et_pb_row][\/et_pb_section][et_pb_section fb_built=&#8221;1&#8243; _builder_version=&#8221;4.24.3&#8243; _module_preset=&#8221;default&#8221; background_color=&#8221;#004472&#8243; custom_margin=&#8221;50px||||false|false&#8221; custom_padding=&#8221;0px||0px||false|false&#8221; custom_css_main_element=&#8221;height:20px !important;||transform:none !important;&#8221; global_colors_info=&#8221;{}&#8221;][et_pb_row column_structure=&#8221;1_2,1_2&#8243; _builder_version=&#8221;4.24.3&#8243; _module_preset=&#8221;default&#8221; custom_margin=&#8221;||||false|false&#8221; custom_padding=&#8221;0px||0px||false|false&#8221; global_colors_info=&#8221;{}&#8221;][et_pb_column type=&#8221;1_2&#8243; _builder_version=&#8221;4.24.3&#8243; _module_preset=&#8221;default&#8221; global_colors_info=&#8221;{}&#8221;][et_pb_image src=&#8221;https:\/\/sentury-tyres.com\/wp-content\/uploads\/2024\/04\/iconen-autos-footer.png&#8221; title_text=&#8221;iconen-auto&#8217;s-footer&#8221; _builder_version=&#8221;4.24.3&#8243; _module_preset=&#8221;default&#8221; custom_margin=&#8221;-35px||||false|false&#8221; global_colors_info=&#8221;{}&#8221;][\/et_pb_image][\/et_pb_column][et_pb_column type=&#8221;1_2&#8243; _builder_version=&#8221;4.24.3&#8243; _module_preset=&#8221;default&#8221; global_colors_info=&#8221;{}&#8221;][\/et_pb_column][\/et_pb_row][\/et_pb_section]<\/p>\n","protected":false},"excerpt":{"rendered":"<p>Disclaimer Obwohl diese Website mit gr\u00f6\u00dftm\u00f6glicher Sorgfalt erstellt wurde, haften Tyre Team B.V. oder verbundene Unternehmen in keinem Fall f\u00fcr direkte oder indirekte Sch\u00e4den, die durch die Nutzung der hier angebotenen Informationen entstehen k\u00f6nnten. Aus dem Inhalt dieser Website k\u00f6nnen in keiner Weise Rechte abgeleitet oder Anspr\u00fcche geltend gemacht werden. Bilder, Bildmarken, Produktnamen und Markennamen [&hellip;]<\/p>\n","protected":false},"author":1,"featured_media":0,"parent":0,"menu_order":0,"comment_status":"closed","ping_status":"closed","template":"","meta":{"_et_pb_use_builder":"on","_et_pb_old_content":"","_et_gb_content_width":"","footnotes":""},"class_list":["post-1837","page","type-page","status-publish","hentry"],"yoast_head":"<!-- This site is optimized with the Yoast SEO plugin v27.3 - https:\/\/yoast.com\/product\/yoast-seo-wordpress\/ -->\n<title>Disclaimer | Sentury tyres<\/title>\n<meta name=\"robots\" content=\"index, follow, max-snippet:-1, max-image-preview:large, max-video-preview:-1\" \/>\n<link rel=\"canonical\" href=\"https:\/\/sentury-tyres.com\/de\/disclaimer\/\" \/>\n<meta property=\"og:locale\" content=\"de_DE\" \/>\n<meta property=\"og:type\" content=\"article\" \/>\n<meta property=\"og:title\" content=\"Disclaimer | Sentury tyres\" \/>\n<meta property=\"og:description\" content=\"Disclaimer Obwohl diese Website mit gr\u00f6\u00dftm\u00f6glicher Sorgfalt erstellt wurde, haften Tyre Team B.V. oder verbundene Unternehmen in keinem Fall f\u00fcr direkte oder indirekte Sch\u00e4den, die durch die Nutzung der hier angebotenen Informationen entstehen k\u00f6nnten. Aus dem Inhalt dieser Website k\u00f6nnen in keiner Weise Rechte abgeleitet oder Anspr\u00fcche geltend gemacht werden. Bilder, Bildmarken, Produktnamen und Markennamen [&hellip;]\" \/>\n<meta property=\"og:url\" content=\"https:\/\/sentury-tyres.com\/de\/disclaimer\/\" \/>\n<meta property=\"og:site_name\" content=\"Sentury tyres\" \/>\n<meta property=\"article:modified_time\" content=\"2026-03-26T14:15:42+00:00\" \/>\n<meta name=\"twitter:card\" content=\"summary_large_image\" \/>\n<meta name=\"twitter:label1\" content=\"Gesch\u00e4tzte Lesezeit\" \/>\n\t<meta name=\"twitter:data1\" content=\"2 minutes\" \/>\n<script type=\"application\/ld+json\" class=\"yoast-schema-graph\">{\"@context\":\"https:\\\/\\\/schema.org\",\"@graph\":[{\"@type\":\"WebPage\",\"@id\":\"https:\\\/\\\/sentury-tyres.com\\\/de\\\/disclaimer\\\/\",\"url\":\"https:\\\/\\\/sentury-tyres.com\\\/de\\\/disclaimer\\\/\",\"name\":\"Disclaimer | Sentury tyres\",\"isPartOf\":{\"@id\":\"https:\\\/\\\/sentury-tyres.com\\\/#website\"},\"datePublished\":\"2024-04-23T07:42:43+00:00\",\"dateModified\":\"2026-03-26T14:15:42+00:00\",\"breadcrumb\":{\"@id\":\"https:\\\/\\\/sentury-tyres.com\\\/de\\\/disclaimer\\\/#breadcrumb\"},\"inLanguage\":\"de-DE\",\"potentialAction\":[{\"@type\":\"ReadAction\",\"target\":[\"https:\\\/\\\/sentury-tyres.com\\\/de\\\/disclaimer\\\/\"]}]},{\"@type\":\"BreadcrumbList\",\"@id\":\"https:\\\/\\\/sentury-tyres.com\\\/de\\\/disclaimer\\\/#breadcrumb\",\"itemListElement\":[{\"@type\":\"ListItem\",\"position\":1,\"name\":\"Home\",\"item\":\"https:\\\/\\\/sentury-tyres.com\\\/\"},{\"@type\":\"ListItem\",\"position\":2,\"name\":\"Disclaimer\"}]},{\"@type\":\"WebSite\",\"@id\":\"https:\\\/\\\/sentury-tyres.com\\\/#website\",\"url\":\"https:\\\/\\\/sentury-tyres.com\\\/\",\"name\":\"Sentury tyres\",\"description\":\"Drive with confidence\",\"potentialAction\":[{\"@type\":\"SearchAction\",\"target\":{\"@type\":\"EntryPoint\",\"urlTemplate\":\"https:\\\/\\\/sentury-tyres.com\\\/?s={search_term_string}\"},\"query-input\":{\"@type\":\"PropertyValueSpecification\",\"valueRequired\":true,\"valueName\":\"search_term_string\"}}],\"inLanguage\":\"de-DE\"}]}<\/script>\n<!-- \/ Yoast SEO plugin. -->","yoast_head_json":{"title":"Disclaimer | Sentury tyres","robots":{"index":"index","follow":"follow","max-snippet":"max-snippet:-1","max-image-preview":"max-image-preview:large","max-video-preview":"max-video-preview:-1"},"canonical":"https:\/\/sentury-tyres.com\/de\/disclaimer\/","og_locale":"de_DE","og_type":"article","og_title":"Disclaimer | Sentury tyres","og_description":"Disclaimer Obwohl diese Website mit gr\u00f6\u00dftm\u00f6glicher Sorgfalt erstellt wurde, haften Tyre Team B.V. oder verbundene Unternehmen in keinem Fall f\u00fcr direkte oder indirekte Sch\u00e4den, die durch die Nutzung der hier angebotenen Informationen entstehen k\u00f6nnten. Aus dem Inhalt dieser Website k\u00f6nnen in keiner Weise Rechte abgeleitet oder Anspr\u00fcche geltend gemacht werden. Bilder, Bildmarken, Produktnamen und Markennamen [&hellip;]","og_url":"https:\/\/sentury-tyres.com\/de\/disclaimer\/","og_site_name":"Sentury tyres","article_modified_time":"2026-03-26T14:15:42+00:00","twitter_card":"summary_large_image","twitter_misc":{"Gesch\u00e4tzte Lesezeit":"2 minutes"},"schema":{"@context":"https:\/\/schema.org","@graph":[{"@type":"WebPage","@id":"https:\/\/sentury-tyres.com\/de\/disclaimer\/","url":"https:\/\/sentury-tyres.com\/de\/disclaimer\/","name":"Disclaimer | Sentury tyres","isPartOf":{"@id":"https:\/\/sentury-tyres.com\/#website"},"datePublished":"2024-04-23T07:42:43+00:00","dateModified":"2026-03-26T14:15:42+00:00","breadcrumb":{"@id":"https:\/\/sentury-tyres.com\/de\/disclaimer\/#breadcrumb"},"inLanguage":"de-DE","potentialAction":[{"@type":"ReadAction","target":["https:\/\/sentury-tyres.com\/de\/disclaimer\/"]}]},{"@type":"BreadcrumbList","@id":"https:\/\/sentury-tyres.com\/de\/disclaimer\/#breadcrumb","itemListElement":[{"@type":"ListItem","position":1,"name":"Home","item":"https:\/\/sentury-tyres.com\/"},{"@type":"ListItem","position":2,"name":"Disclaimer"}]},{"@type":"WebSite","@id":"https:\/\/sentury-tyres.com\/#website","url":"https:\/\/sentury-tyres.com\/","name":"Sentury tyres","description":"Drive with confidence","potentialAction":[{"@type":"SearchAction","target":{"@type":"EntryPoint","urlTemplate":"https:\/\/sentury-tyres.com\/?s={search_term_string}"},"query-input":{"@type":"PropertyValueSpecification","valueRequired":true,"valueName":"search_term_string"}}],"inLanguage":"de-DE"}]}},"_links":{"self":[{"href":"https:\/\/sentury-tyres.com\/de\/wp-json\/wp\/v2\/pages\/1837","targetHints":{"allow":["GET"]}}],"collection":[{"href":"https:\/\/sentury-tyres.com\/de\/wp-json\/wp\/v2\/pages"}],"about":[{"href":"https:\/\/sentury-tyres.com\/de\/wp-json\/wp\/v2\/types\/page"}],"author":[{"embeddable":true,"href":"https:\/\/sentury-tyres.com\/de\/wp-json\/wp\/v2\/users\/1"}],"replies":[{"embeddable":true,"href":"https:\/\/sentury-tyres.com\/de\/wp-json\/wp\/v2\/comments?post=1837"}],"version-history":[{"count":3,"href":"https:\/\/sentury-tyres.com\/de\/wp-json\/wp\/v2\/pages\/1837\/revisions"}],"predecessor-version":[{"id":4619,"href":"https:\/\/sentury-tyres.com\/de\/wp-json\/wp\/v2\/pages\/1837\/revisions\/4619"}],"wp:attachment":[{"href":"https:\/\/sentury-tyres.com\/de\/wp-json\/wp\/v2\/media?parent=1837"}],"curies":[{"name":"wp","href":"https:\/\/api.w.org\/{rel}","templated":true}]}}